{"id":1443,"date":"2023-06-27T19:19:16","date_gmt":"2023-06-27T18:19:16","guid":{"rendered":"https:\/\/kokaindrogekaufen.com\/?post_type=product&#038;p=1443"},"modified":"2026-01-27T00:55:36","modified_gmt":"2026-01-27T00:55:36","slug":"2c-pink-kokain-zu-verkaufen","status":"publish","type":"product","link":"https:\/\/kokaindrogekaufen.com\/en\/product\/2c-pink-kokain-zu-verkaufen\/","title":{"rendered":"2C-SELLING PINK COCAINE"},"content":{"rendered":"<p>In summary, we can say that we offer 2C-pink powder Cocaine in the world for sale. 2C-Pink-powder Cocaine is usually a pink envelope or a powder taken orally or intranasally, is a grunt. It should not be used with 2C-pink powder Cocaine hydrochloride confused, the herbal Energizer that looks like the great white powder. 2K-Pink-powder Cocaine is a type of 2K-medications that are professionally prescribed and as phenyl ethyl amine plan medicine are known. 2C-pink cocaine powder for sale<\/p>\n<p>The effects of 2K-pink powder Cocaine are generally determined by the kinds of prescriptions or additional substances that are already in place to buy the drug in a particular group. Phenethylamines are a class of drugs with stimulant and psychoactive effects. These include the doctor recommended sedatives and Amphetamine, Methamphetamine and MDMA. In the last ten years, phenyl ethyl amine 2C-Pink-powder Cocaine has experienced a boom as a sport of the drug began in the club scene in the South and in the middle of the United States, where it was known as the Pink Cocaine or Bromo known. 2C-Pink-cocaine powder for sale<\/p>\n<p>2C-Pink-powder Cocaine is a drug of the Central nervous system, dopamine receptors are altered in the brain. Although pink cocaine can affect the dopamine receptors, has resulted in the largest study that it influences the serotonin receptors. 2C-Pink-powder Cocaine is a stimulant of the Central nervous system, dopamine receptors are affected in the brain. While 2K can also be influenced by Pink-powder Cocaine dopamine receptors, suggest that most of the investigations to the fact that it affects serotonin receptors. Overdose with 2C-Pink-powder Cocaine. To sell 2C-pink powder Cocaine<\/p>\n<h3>2C-PINK COCAINE ONLINE BUY:<\/h3>\n<p>Beide Salzarten sollten in ihrem nat\u00fcrlichen Zustand wei\u00df sein, aber die Schattierungen k\u00f6nnen von wei\u00df bis braun reichen. Wei\u00dfes 2K-Rosa-Kokainpulver zeigt nicht sofort, dass es sich um ein reines Produkt handelt, w\u00e4hrend es von braunem 2K-Rosa-Kokainpulver nicht zu unterscheiden ist und sehr beeindruckend sein kann. W\u00e4hlen Sie das Pulver fast nie nach seiner Farbe aus. Bei einem \u201eSlam Pack\u201c oder \u201eBanana Separate\u201c wird 2C-pink Kokainpulver mit Bliss oder LSD kombiniert, um die Wirkung zu verst\u00e4rken. 2C-rosa Kokainpulver zu verkaufen<\/p>\n<p>\u201c The combination of these drugs increases the risk of antagonistic effects, and an Overdose. 2C-Pink-powder Cocaine is the common Slang term for the technically produced from the phenethylamine 2C-B. It is a popular architect drug due to its stimulant and psychoactive is used-active properties frequently in Clubs and events. 2C-pink cocaine powder for sale<\/p>\n<p>The results are combined with the help of a technology that specifies the quantity of your Portion. In smaller doses, the drug can also cause an increase in heart rate, an increase in the excitatory sharpness, and an experience of sensual intoxication. The effects of 2C-Pink-powder Cocaine longer than in the case of other drugs, including the euphoria. 2C-sell-Pink-powder Cocaine<\/p>\n<h4>2C-ROSA KOKAIN ZU VERKAUFEN:<\/h4>\n<p>It usually takes one to two hours, until the drug after taking it reaches the brain. Its effect lasts between four and eight hours. Pink powder Cocaine 2C In cold air hydrolyzed HCl and splits off from his Tropanskelett to form the above-mentioned compound, methyl benzoate,. In addition, the researchers combined NATO have supported legislative procedure, in order to explain the currently most encouraging analogues and to mix them to the Utmost, to explore novel and workable mixtures, in order to improve your use of contrasting specific to certain reasons. 2C-pink cocaine powder for sale<\/p>\n<p>This is a forbidden powder, which is used throughout the world for the well-being. It is only an individual drug, which comes in a few forms such as pill, Container, or powdered Form. We provide you with tablets, which represent the usual and proven method of administration of this drug. 2C-Pink-powder Cocaine is not the same as 2C-B and 2C-Pink-powder Cocaine hydrochloride to. 2C-Pink-cocaine powder for sale<br \/>\nTen artyku\u0142 oferuje bezp\u0142atn\u0105 wysy\u0142k\u0119 w przypadku kwalifikuj\u0105cych si\u0119 produkt\u00f3w <a href=\"https:\/\/www.high-endrolex.com\/\" target=\"_blank\" rel=\"noopener\">Face mask<\/a> produkty lub kup online i odbierz dzisiaj w sklepie w dziale medycznym<br \/>\nIn South America, 2C-Pink-powder Cocaine, and other manufactured drugs-to-date, professionally prescribed medications were planned. The stimulating effect is insignificant, while psychedelic occur effects after the consumption of large amounts of the substance. The time until the Occurrence of these effects is between 4 and 8 hours. In view of this, it is fascinating that it takes on the character of 2C-Pink Cocaine Powder, because the consequences of taking this drug are compared to 2C-Pink Cocaine Powder hydrochloride is negligible. 2C-Pink-cocaine powder for sale<\/p>\n<h4>2C-PINK COCAINE<\/h4>\n<p>2C-pink powder Cocaine can be purchased on the Internet at reasonable prices. We understand that many have to understand you, how practical it is to sell 2C-pink powder Cocaine in the Free how to do this on the search. We want you to understand that we have taken all the security measures in relation to the data and realities, as well as the safety of our customers. 2C-pink cocaine powder for sale<\/p>\n<p>2C-pink powder Cocaine is a type of 2C-pill, which is known as phenylethylamine-like cutter pills. Phenethylamines are a class of drugs, the stimulating and psycho-active effects. Amphetamine, Methamphetamine and MDMA are also part of these stimulants. In relation to the sedative effects of Dimethicone is the cocaine equivalent. The Intralipid-&#034;the rescue&#034; will continue to blockers to reverse the cardiotoxic effects of sodium channel and obviously, these results are used. 2C-pink cocaine powder for sale<\/p>\n<p>Hallucinogenics Items ist ein weltweiter Pionier auf dem Web-Lieferant von komplettem Wohlbefinden und Wellness und Standard Heilung halluzinogenen und Cannabis Arrangements. Wir haben diesen Artikel geschrieben, um Ihnen die besten Qualit\u00e4tsprodukte anzubieten. 2C-Pnk C\u043e\u0441\u0430n\u0435 P\u043ewd\u0435r ist ein rosafarbener Beh\u00e4lter mit mehr Informationen oder Pulver, das absolut oral oder intranasal verwendet wird. Es sollte nicht mit 2C-Pink Cocaine Powder <a href=\"https:\/\/ketaminkaufenn.com\/\" target=\"_blank\" rel=\"noopener\">Hydrochloride<\/a> kombiniert werden, einem Medikament auf pflanzlicher Basis, das das Aussehen eines modischen, wei\u00dfen Pulvers hat. 2C-Pink-Kokainpulver zum Verkauf<\/p>\n<h4>TO SELL COCAINE:<\/h4>\n<p>Der Anstieg der gef\u00e4lschten Medikamente in Argentinien und Uruguay ist ein Beispiel daf\u00fcr, wie sich kriminelle Organisationen auf die wachsende Nachfrage nach diesen Medikamenten einstellen. 2C-Pink-Kokainpulver ist ein Medikament, das erst vor kurzem an Popularit\u00e4t gewonnen hat. Der Drogenkonsum ist jedoch kein neues Ph\u00e4nomen, sondern hat eine lange Geschichte. So konsumierten die Eingeborenenst\u00e4mme zu dieser Zeit Kokabl\u00e4tter oder Peyote als Teil ihrer Br\u00e4uche. 2C-rosa Kokainpulver zum Verkauf<\/p>\n<p>Obwohl Argentinien kein Hotspot f\u00fcr den Konsum von Kokain ist, liegt das kommerzielle Zentrum f\u00fcr Medikamente in der Provinz in der N\u00e4he des lokalen bewegenden Elements. Wenn es in extrem niedrigen Dosen eingenommen wird, kann es zerbrechliche belebende Resultate produzieren; jedoch, wenn es in den gro\u00dfen Quantit\u00e4ten genommen wird, kann es sehr gro\u00dfe Antworten sowie verbl\u00fcffende Fantasien produzieren. 2C-Pink-Kokainpulver zum Verkauf<\/p>\n<p>Die Wirkung von 2C-Pink-Kokainpulver erreicht ihren H\u00f6hepunkt in der Regel innerhalb von zwei Stunden, kann aber bis zu acht Stunden anhalten. 2C-pink Kokainpulver ist eine prim\u00e4re Interaktionsdroge, die die Dopaminrezeptoren als Teil Ihrer Wahrnehmung ver\u00e4ndert. Obwohl pinkes <a href=\"https:\/\/kokaindrogekaufen.com\/en\/kokain-preis\/\">Cocaine<\/a> Dopaminrezeptoren beeinflussen kann, hat die Mehrheit der Forschung herausgefunden, dass es Serotoninrezeptoren beeinflusst. 2C-rosa Kokainpulver zum Verkauf<\/p>\n<h4>In ADDITION:<\/h4>\n<p>Dies ist eine Warnung an die gro\u00dfe Zahl von Menschen, die dieses Zeug konsumieren. Behalten Sie die Dinge im Auge und kontrollieren Sie Ihre Medikamente! Lassen Sie zu Ihrer eigenen Sicherheit Ihre Substanzen von einer Pr\u00fcfstelle testen oder testen Sie zumindest Ihr 2C-pink Kokainpulver mit den wichtigen Reagenzien, die das Marquis-Reagenz und das Mecke-Reagenz sein k\u00f6nnten. 2C-rosa Kokainpulver zum Verkauf<\/p>\n<p>Die einzige \u00c4hnlichkeit zwischen den beiden Medikamenten ist ihr physisches Erscheinungsbild, insbesondere die Darstellung in Pulverform. Unabh\u00e4ngig davon enth\u00e4lt das 2C-Pink-Kokainpulver eine h\u00f6here gewohnheitsbildende elektrische Kraft, die der anderer psychoaktiver Substanzen wie Methamphetamin \u00e4hnlich ist. Dennoch gibt es keine ausreichenden Untersuchungen zu den Sp\u00e4tfolgen. Langfristiger Konsum hingegen wurde mit echten Angstgef\u00fchlen, Verzweiflung und Schlafst\u00f6rungen in Verbindung gebracht. Es ist schwer zu sagen, inwieweit dieses Medikament gewohnheitsbildend ist. 2C-sell a pink powder Cocaine<\/p>","protected":false},"excerpt":{"rendered":"<h3 style=\"text-align: center;\">PINK KOKAIN ZU VERKAUFEN<\/h3>","protected":false},"featured_media":1473,"comment_status":"open","ping_status":"closed","template":"","meta":{"content-type":""},"product_brand":[],"product_cat":[26],"product_tag":[],"class_list":{"0":"post-1443","1":"product","2":"type-product","3":"status-publish","4":"has-post-thumbnail","6":"product_cat-kokain","8":"first","9":"instock","10":"shipping-taxable","11":"purchasable","12":"product-type-variable"},"_links":{"self":[{"href":"https:\/\/kokaindrogekaufen.com\/en\/wp-json\/wp\/v2\/product\/1443"}],"collection":[{"href":"https:\/\/kokaindrogekaufen.com\/en\/wp-json\/wp\/v2\/product"}],"about":[{"href":"https:\/\/kokaindrogekaufen.com\/en\/wp-json\/wp\/v2\/types\/product"}],"replies":[{"embeddable":true,"href":"https:\/\/kokaindrogekaufen.com\/en\/wp-json\/wp\/v2\/comments?post=1443"}],"wp:featuredmedia":[{"embeddable":true,"href":"https:\/\/kokaindrogekaufen.com\/en\/wp-json\/wp\/v2\/media\/1473"}],"wp:attachment":[{"href":"https:\/\/kokaindrogekaufen.com\/en\/wp-json\/wp\/v2\/media?parent=1443"}],"wp:term":[{"taxonomy":"product_brand","embeddable":true,"href":"https:\/\/kokaindrogekaufen.com\/en\/wp-json\/wp\/v2\/product_brand?post=1443"},{"taxonomy":"product_cat","embeddable":true,"href":"https:\/\/kokaindrogekaufen.com\/en\/wp-json\/wp\/v2\/product_cat?post=1443"},{"taxonomy":"product_tag","embeddable":true,"href":"https:\/\/kokaindrogekaufen.com\/en\/wp-json\/wp\/v2\/product_tag?post=1443"}],"curies":[{"name":"wp","href":"https:\/\/api.w.org\/{rel}","templated":true}]}}