{"id":1506,"date":"2023-06-27T19:19:31","date_gmt":"2023-06-27T18:19:31","guid":{"rendered":"https:\/\/kokaindrogekaufen.com\/?post_type=product&#038;p=1506"},"modified":"2024-12-06T05:59:25","modified_gmt":"2024-12-06T05:59:25","slug":"kokainflocken-zu-verkaufen","status":"publish","type":"product","link":"https:\/\/kokaindrogekaufen.com\/en\/product\/kokainflocken-zu-verkaufen\/","title":{"rendered":"TO SELL COCAINE FLAKES"},"content":{"rendered":"<h2>COCAINE FLAKES TO SELL:<\/h2>\n<p>mdmakaufen.com sold mainly Flake-cocaine of the highest quality. This is a highly addictive energizing drug which is obtained from the leaves of the South American Coca plant. Cocaine is an illegal drug flakes are, even if they can be used for legitimate medical purposes, such as for sedation during certain medical procedures. In Peru, is trying to destroy Flake-cocaine, while at the same time, alternative ways for Peruvian breeders are developed.<\/p>\n<p>Cocaine is classified flakes now as a drug of category II, which means that you have the potential to have a high Abuse, but by a doctor for legitimate medical purposes as may be prescribed, such as for sedation in some eyes, ears, and neck operations. Countries around the world work together, to the training of law enforcement to further develop the authorities and own packages to the limitation of drugs. Cocaine flakes for sale<\/p>\n<p>It is ordinary Rock Baggies sold by street vendors. The stones are lined up and smoked. Stones, such as powdered Flake-cocaine, can be reduced with various substances such as Alkali or Heizungspop or weakened. The cognitive effects of cocaine are often divided into many parts, which increase in proportion to the measured values dynamically. Cocaine flakes for sale<\/p>\n<h3>FLAKE COCAINE:<\/h3>\n<p>The overall impression of Flake-cocaine is described by many as one of extreme mental stimulation, improved concentration, and a strong feeling. It contains a Wealth of regular Energizer intellectual results. Flake-cocaine is considered to be much riskier than other CNS-Energizer, such as, for example, the whole of the amphetamine drug class. Cocaine flakes for sale<\/p>\n<p>The frequent consumption has been associated with the development of chronic cardiac problems in connection, and in some cases, it may lead to an unexpected cardiovascular death. Therefore, it is strongly recommended that when working with this material methods of damage control to be applied. Flake-cocaine is, in most cases, a white powder. Cocaine flakes for sale<\/p>\n<p>It can be inserted in the nose or mixed with water, and with a needle wound. Flake-cocaine is processed to small white stones, which are used as Breaks are known. The Break is smoked through a glass pipe. Peruvian Flake cocaine, also known as Peruvian Flake or Peruvian Nuevo glue, alludes to the significant, amazing Flake-cocaine is manufactured to 96 % or even more of Peruvian Medication cartels, since Peru is probably the biggest Flake-cocaine producer in the world. Flake-cocaine for sale<\/p>\n<h3>COCAINE FLAKES TO BUY ONLINE:<\/h3>\n<p>Flake Cocaine, or coke, as it is commonly called, is an Energizer and has a comparable effect to that of amphetamines, such as Speed and Ice, but delivers an undeniably impressive effect and a more limited &#034;High&#034;, depending on the measurement. Flake-cocaine is a white, translucent powder with a strong desensitizing effect. Peru is a province in the Western part of the southern United States. Cocaine flakes for sale<\/p>\n<p>When the Spanish arrived in South America, forbidden first Coca as a &#034;despicable specialists of Satan&#034;. After they had recognised, however, that the Locals may not work without Coca, approved, and the conqueror taxed the leaf, and withdrew 10% of the value of each crop. Cocaine flakes for sale<\/p>\n<p>Since there is no way for the humans to determine the proportion and the virtue of the material, the use of any of the aggregate of the scheduled glut result. Excessive character limit. Almost everyone on this list has heard the term &#034;Pieces&#034; or &#034;Drop Flake Cocaine&#034;, but apart from that I don&#039;t know much about Flake Cocaine, I have no idea what is the exact meaning of these Flakes; what are Flakes and what makes you different from Standard hydro-chloride Flake Cocaine. Flake to sell cocaine<\/p>\n<h4>TO SELL FLAKE-COCAINE ONLINE:<\/h4>\n<p>The most dangerous of the actual physical effects of Flake-cocaine seem to be more of CV as a neurological nature. Due to the impairment of the sodium channels of the heart by Flake-cocaine basic cardiovascular antagonist turn of events, and in particular of unexpected cardiac arrest in a real risk in all Parts. Flake-cocaine for sale<\/p>\n<p>Unabh\u00e4ngig davon, ob Flake Cocaine derzeit gegrunzt oder infundiert wird, ist es potent, und sowohl die begrenztere Artikulation als auch die ausgedehnten gesundheitlichen Folgen sind gef\u00e4hrlich f\u00fcr Ihr tats\u00e4chliches k\u00f6rperliches und geistiges Wohlbefinden. Peruanisches Flake-Kokain kann sowohl in Pulver- als auch in Gesteinsform vorkommen, je nachdem, wie es zusammengesetzt wird, oder je nach Strategie. Flake-Kokain zum Verkauf<\/p>\n<p>Es handelt sich um eine reichhaltige wei\u00dfe Substanz, die au\u00dfergew\u00f6hnlich gut und auff\u00e4llig ist. Flake Cocaine Abh\u00e4ngigkeit entwickelt sich vor langen oder schnellen L\u00e4ngen der \u00fcblichen Kokainkonsum und verursacht einen Entzug Zustand mit der geistig \u00fcberzeugenden endlosen Versorgung der Kokainkonsum. In den 1980er und 1990er Jahren wurde das Medikament als Flake Cocaine bekannt. wegen seiner weit verbreiteten Akzeptanz und Verwendung w\u00e4hrend dieser Zeit Flake Kokain zum Verkauf<\/p>\n<h5>MORE:<\/h5>\n<p>\u00dcbrigens ist Flake-Kokain kein neues Medikament. Alles in allem ist es das bekannteste Medikament geworden. Kokainflocken wurden auch in einer Reihe von delikaten Getr\u00e4nken gefunden. Coca-Cola ist das bekannteste unter ihnen. Jeder Liter des zugrundeliegenden Getr\u00e4nks enthielt etwa acht Milligramm Flake-Kokain. Flake-Kokain zu verkaufen<\/p>","protected":false},"excerpt":{"rendered":"<p>KOKAINFLOCKEN ZU VERKAUFEN: mdmakaufen.com verkauft vor allem Flake-Kokain von h\u00f6chster Qualit\u00e4t. Dabei handelt es sich um eine hochgradig s\u00fcchtig machende Energetisierungsdroge, die aus den Bl\u00e4ttern der s\u00fcdamerikanischen Kokapflanze gewonnen wird. Kokainflocken sind ein illegales Medikament, auch wenn sie f\u00fcr legitime medizinische Zwecke verwendet werden k\u00f6nnen, z. B. zur Sedierung bei bestimmten medizinischen Eingriffen. In Peru wird versucht, Flake-Kokain zu vernichten, w\u00e4hrend gleichzeitig alternative Wege f\u00fcr peruanische Viehz\u00fcchter entwickelt werden. Kokainflocken sind jetzt als Medikament der Kategorie II eingestuft, was bedeutet, dass sie ein hohes Missbrauchspotenzial haben, aber von einem Arzt f\u00fcr legitime medizinische Zwecke verschrieben werden k\u00f6nnen, z. B. zur\u2026<\/p>","protected":false},"featured_media":1510,"comment_status":"open","ping_status":"closed","template":"","meta":{"content-type":""},"product_brand":[],"product_cat":[26],"product_tag":[],"class_list":{"0":"post-1506","1":"product","2":"type-product","3":"status-publish","4":"has-post-thumbnail","6":"product_cat-kokain","8":"first","9":"instock","10":"shipping-taxable","11":"purchasable","12":"product-type-variable"},"_links":{"self":[{"href":"https:\/\/kokaindrogekaufen.com\/en\/wp-json\/wp\/v2\/product\/1506"}],"collection":[{"href":"https:\/\/kokaindrogekaufen.com\/en\/wp-json\/wp\/v2\/product"}],"about":[{"href":"https:\/\/kokaindrogekaufen.com\/en\/wp-json\/wp\/v2\/types\/product"}],"replies":[{"embeddable":true,"href":"https:\/\/kokaindrogekaufen.com\/en\/wp-json\/wp\/v2\/comments?post=1506"}],"wp:featuredmedia":[{"embeddable":true,"href":"https:\/\/kokaindrogekaufen.com\/en\/wp-json\/wp\/v2\/media\/1510"}],"wp:attachment":[{"href":"https:\/\/kokaindrogekaufen.com\/en\/wp-json\/wp\/v2\/media?parent=1506"}],"wp:term":[{"taxonomy":"product_brand","embeddable":true,"href":"https:\/\/kokaindrogekaufen.com\/en\/wp-json\/wp\/v2\/product_brand?post=1506"},{"taxonomy":"product_cat","embeddable":true,"href":"https:\/\/kokaindrogekaufen.com\/en\/wp-json\/wp\/v2\/product_cat?post=1506"},{"taxonomy":"product_tag","embeddable":true,"href":"https:\/\/kokaindrogekaufen.com\/en\/wp-json\/wp\/v2\/product_tag?post=1506"}],"curies":[{"name":"wp","href":"https:\/\/api.w.org\/{rel}","templated":true}]}}