{"id":1671,"date":"2023-06-27T19:20:24","date_gmt":"2023-06-27T18:20:24","guid":{"rendered":"https:\/\/kokaindrogekaufen.com\/?post_type=product&#038;p=1671"},"modified":"2023-08-07T08:26:22","modified_gmt":"2023-08-07T07:26:22","slug":"thc-vape-saft-online-kaufen","status":"publish","type":"product","link":"https:\/\/kokaindrogekaufen.com\/en\/product\/thc-vape-saft-online-kaufen\/","title":{"rendered":"THC VAPE JUICE-BUY ONLINE"},"content":{"rendered":"<h2>THC VAPE JUICE-BUY ONLINE<\/h2>\n<p>Immediately, Buy Thc Vape juice online within 24 hours. THC Vape juice could have a long rack of regular life, when the way of a viable set. The least difficult approach to the retail location of your THC Vape juice is in a glass, if conceivable cloudy hide in. Openness can to corrupt sensitive or decompose the support blends into THC vape juice is located. Vape Squeeze previously flew onto the scene when E-cigarettes wound up known as a replacement with continuous cigarettes.<\/p>\n<p>To save this purpose, the people who know, usually the term &#034;Vape juice&#034;. It&#039;s not just THC Vape Juice, but, as we have seen, a wide range of possible results that can be of interest to you. THC Vape Juice in the Internet of retail facades and in legal dispensaries across the country. Of good stock has been tested for some time, of two individual, fairly well-established laboratories independently to confirm its excellent quality, accuracy, pesticide data, important metallic elements and solvents.<\/p>\n<p>You will be happy to realize that relief dissolvable, pesticides and critical steel without the cost. Simplicity remains among the best, and we are to meet, as a rule, Top-off bearing routinely needs. Keep this in mind: Add terpenes, or the Rest of the beats are significantly less, on the Whole, energy. We are inclined to go for their most grounded, but some may, perhaps, require significantly more character.<\/p>\n<h3>THC VAPE JUICE FOR SALE:<\/h3>\n<p>Liqudizer are in addition to how brilliant Were for people who do not approach normal distillate. For the people who have, will be improved normal distillate regularly strong. In any case, we will be going over the basic making of an E juice at home, without preparation in front of us and in the Imbuing frame \u2013 for good measure-for the Little ones among them. Thc Vape Juice online buy<\/p>\n<p>Come to enjoy the Vaping, you should find a web shop, or even a business in your area that will give you a prudent carriage offers. Careful delivery to your door can be guaranteed with a couple of Online-Vape Outlets; you don&#039;t have to minimize your vaping, since you skip THC vape juice. So you might need some empty glass Dropper Container or plastic unicorn thought bottles with child-safe covers in place. Thc Vape Juice online buy<\/p>\n<p>You will probably need some latex gloves to protect your palms. You will also be rough thoughts are in need of needles for accurate estimation, even if you can use the count drops of approach, if you want to. An incredible combination of all normal Parts and concentrates, mix, in order to support your Vaping working experience for all. It contains any amount of propylene glycol, liqueur, artificial flavors, Diacetyl or acetyl propanol, and has no type of diluents of any kind. Thc Vape Juice online<\/p>\n<h4>THC VAPE JUICE ONLINE BUY EUROPE:<\/h4>\n<p>The legality of THC E-Squeeze is mostly controlled by their place of residence. In the event that you live in the condition that the place of relaxation Maryjane such as Colorado, California, Washington or Oregon is approved, you will have no problems, the legal THC Vape juice in your nearby pharmacy track. THC Vape Oil can be a liquid focal point of Cannabis composed of flavonoids, terpenes and cannabinoids, which are removed at the end of contemporary Maryjane-buds. Thc Vape Juice online buy<\/p>\n<p>The extraction plan includes the use of alcohol or carbon dioxide, resulting in a solid product is formed, the man in the evaporator can give. There are even Cannabis-enriched Vape juices that contain no THC or CBD, you can gain to help in the production of THC Vape Oil, which could then, at this point, hypothetically, really, really like the Grass look, if you vaporize it. Otherwise, you can choose another flavor of e-liquid such as a vanilla or cinnamon Cup, or blueberry to create your e-liquid, you will discover a Gazillion taste decisions for vape juices, how to, pretty much every flavor possible. Thc Vape juice online buy<\/p>\n<p>THC Vape Juice is typically concentrate way, a liquid Cannabis, the cannabinoids, terpenes, and flavonoids it contains, which were far from today&#039;s cannabis flower bundles. THC-free Vape juices are regularly on the Internet or in specialized Vaping stores available. THC Vape juice or THC Vape Oil are fluids that are kept in Vape Pens that produce the smoke without the help of someone else. Thc Vape Juice online buy<\/p>\n<h5>In ADDITION:<\/h5>\n<p>It depends on the Desire of the Person. Real THC Vape juice is made up of water, spices in supper quality, an Alternative to nicotine or without nicotine, and propylene glycol PG or vegetable glycerin VG. You want to vaporize your Weed as an Alternative to cigarette Smoking? You need to have at least two things: a Vape Pen in addition to some THC Vape juice. Thc Vape Juice online buy<\/p>\n<p>The distillate is often thin a considerable amount, which could very well be evaporated explicitly from a legitimate cartridge. You will have the opportunity to consolidate terpenes into your distillate to merge the taste. In the event that you as of now, distillate, which is not overly thick, you avoid this data, and to win, topping off. You only need to buy disposable THC Vape Pen or a digital cigarette to pay little attention to, what to juice you need. Thc Vape juice online buy<\/p>\n<p>When you buy a refillable Vape Pen, you need to buy a THC-juice for E-cigarette; everything is located in the Interior of the device: you can VAPE easily and throw it away when it is empty. On the other hand, refillable Vape should be filled Pens (as their Name suggests) with the digital cigarette liquid. Thc Vape Juice online buy<\/p>","protected":false},"excerpt":{"rendered":"<p>THC VAPE SAFT ONLINE KAUFEN Sofort, Kaufen Thc Vape Saft online innerhalb von 24 Stunden. THC Vape Saft k\u00f6nnte ein langes Gestell des regelm\u00e4\u00dfigen Lebens haben, wenn weg lebensf\u00e4hig gesetzt. Die am wenigsten schwierige Ansatz zu Einzelhandel Lage Ihre THC Vape Saft ist in einem Glasfach, wenn denkbar tr\u00fcb in verbergen. Offenheit zu empfindlich kann korrumpieren oder zersetzen die unterst\u00fctzenden Mischungen in THC vape Saft gelegen. Vape Squeeze zuvor flog auf die Szene, wenn E-Zigaretten gewickelt bis bekannt als Ersatz mit kontinuierlichen Zigaretten. Zu diesem Zweck speichern die Personen, die sich auskennen, normalerweise den Begriff &#8222;Vape-Saft&#8220;. Es gibt nicht nur\u2026<\/p>","protected":false},"featured_media":1680,"comment_status":"open","ping_status":"closed","template":"","meta":{"content-type":""},"product_brand":[],"product_cat":[163],"product_tag":[],"class_list":{"0":"post-1671","1":"product","2":"type-product","3":"status-publish","4":"has-post-thumbnail","6":"product_cat-forschung-chemikalien","8":"first","9":"instock","10":"shipping-taxable","11":"purchasable","12":"product-type-variable"},"_links":{"self":[{"href":"https:\/\/kokaindrogekaufen.com\/en\/wp-json\/wp\/v2\/product\/1671"}],"collection":[{"href":"https:\/\/kokaindrogekaufen.com\/en\/wp-json\/wp\/v2\/product"}],"about":[{"href":"https:\/\/kokaindrogekaufen.com\/en\/wp-json\/wp\/v2\/types\/product"}],"replies":[{"embeddable":true,"href":"https:\/\/kokaindrogekaufen.com\/en\/wp-json\/wp\/v2\/comments?post=1671"}],"wp:featuredmedia":[{"embeddable":true,"href":"https:\/\/kokaindrogekaufen.com\/en\/wp-json\/wp\/v2\/media\/1680"}],"wp:attachment":[{"href":"https:\/\/kokaindrogekaufen.com\/en\/wp-json\/wp\/v2\/media?parent=1671"}],"wp:term":[{"taxonomy":"product_brand","embeddable":true,"href":"https:\/\/kokaindrogekaufen.com\/en\/wp-json\/wp\/v2\/product_brand?post=1671"},{"taxonomy":"product_cat","embeddable":true,"href":"https:\/\/kokaindrogekaufen.com\/en\/wp-json\/wp\/v2\/product_cat?post=1671"},{"taxonomy":"product_tag","embeddable":true,"href":"https:\/\/kokaindrogekaufen.com\/en\/wp-json\/wp\/v2\/product_tag?post=1671"}],"curies":[{"name":"wp","href":"https:\/\/api.w.org\/{rel}","templated":true}]}}