{"id":1696,"date":"2023-06-27T19:20:32","date_gmt":"2023-06-27T18:20:32","guid":{"rendered":"https:\/\/kokaindrogekaufen.com\/?post_type=product&#038;p=1696"},"modified":"2024-08-01T10:46:36","modified_gmt":"2024-08-01T09:46:36","slug":"ephedrin-hcl-pulver-zum-verkauf","status":"publish","type":"product","link":"https:\/\/kokaindrogekaufen.com\/en\/product\/ephedrin-hcl-pulver-zum-verkauf\/","title":{"rendered":"EPHEDRINE HCL POWDER FOR SALE"},"content":{"rendered":"<h2>EPHEDRINE HCL POWDER FOR SALE<\/h2>\n<p>In addition, we have the highest quality ephedrine supplier, ephedrine for sale. Ephedrine sulfate has a similar effect on the CNS. It stimulates the cerebral cortex and subcortical, which is why it is used for the treatment of narcolepsy. Due to the changes in the health concerns associated with ephedrine, it must not be used as a dietary Supplement. Ephedrine, such as phenethylamine, has a similar synthetic structure such as amphetamines and is a methamphetamine is especially the methamphetamine-System with a Hydroxyl-bundle in the Interior of the location.<\/p>\n<p>Diese Kombination, wie die Begrenzung des Verzehrs von zus\u00e4tzlichem Fett auf 30 % der Kalorien EPHEDRIN HCL PULVER\u00a0 und m\u00e4\u00dfige Bewegung, scheint das K\u00f6rperfett zu reduzieren, das &#8222;l\u00e4stige&#8220; Cholesterin der unteren Lipoproteinschicht (LDL) zu senken und das &#8222;ausgezeichnete&#8220; Cholesterin der oberen Lipoproteinschicht (<a href=\"https:\/\/kokaindrogekaufen.com\/en\/product\/ketamin-500-mg-10-ml-zu-verkaufen\/\">HDL<\/a>) zu erh\u00f6hen. Ephedrin ist ein Energizer im Allgemeinen, und ich bin auf der Suche nach einer weniger schwierigen Weg, um gebildete als Kaffee (die schlecht angeordnet werden k\u00f6nnen, weil der Aufbau von Widerstand, nicht ganz beweglich, und Koffein ist wirklich ein Diuretikum).Ephedrin zum Verkauf<\/p>\n<p>Ephedrine should not be taken during pregnancy, unless it is expressly prescribed by a physician and only when no other Alternatives are available. However, Ephedra combinations can result in the carefully studied and tested, or most likely, adjusted adults inconspicuous improvements to the strain on the Circulatory system and the heart rate. Ephedrine for sale<\/p>\n<h3>EPHEDRINE BUY ONLINE:<\/h3>\n<p>There are significant concerns regarding the safety of this product, since it contains significant amounts of energy Ephedra and caffeine, and is occasionally taken to be without harmful side effects examined. Ephedrine also decreases gastric emptying. Methylxanthines, such as caffeine and theophylline, have a extremely synergistic relationship with ephedrine for fat. Ephedrine for sale<\/p>\n<p>Dies EPHEDRIN HCL PULVER f\u00fchrte dazu, dass sich das Blatt wendete und im Internet zusammengesetzte Produkte vorgestellt wurden. Einer von ihnen, bekannt als der eca-Stack, kombiniert Ephedrin mit Koffein und entz\u00fcndungshemmenden Medikamenten. Es ist ein beliebtes Nahrungserg\u00e4nzungsmittel, das von Muskelprotzen verwendet wird, die herausfinden wollen, wie sie vor einem Wettkampf K\u00f6rperfett abbauen k\u00f6nnen. Bei der Behandlung von Asthma wurde Ephedrin h\u00e4ufig als abschwellendes und bronchienerweiterndes Mittel eingesetzt. Ephedrin zu verkaufen<\/p>\n<p>It is still used for this indication, although his recognition decreases due to the arrangement of convincing specialists for these signs that show much less unfavorable results. The role of nasal obstruction was largely supplanted by a much stronger-adrenergic Receptor agonists. Ephedrine for sale<\/p>\n<p>Ephedrine can be examined in blood, Plasma or urine to possible instances of observed actions by competitors and to confirm the investigation on injury, or help in a medico-legal death investigation. Many mechanical Immunoassay Screening Tests, which are associated with amphetamines, seem to be associated with ephedrine cross-reacts, but chromatographic techniques can distinguish ephedrine undoubtedly from other phenethylamine subsidiaries. To sell ephedrine<\/p>\n<h4>EPHEDRINE FOR SALE ONLINE:<\/h4>\n<p>Ephedrine is a bronchi-expanding medium that can be used as a short-term prescription asthma treatment. It is also useful as an Energizer and is frequently purchased in the truck stations of truck drivers to this purpose. Because it is not a methamphetamine precursor, was for sale at truck stops since 2006, the US authorities have severely restricted. Ephedrine has developed to an extremely remarkable and amazing treatment of bronchial Asthma, in particular, because it can be administered in contrast to adrenaline (until the end of the standard treatment), oral. Ephedrine for sale<br \/>\nArticle sponsoris\u00e9 Trouvez quelque chose pour tout le monde dans notre collection de chaussettes color\u00e9es, lumineuses et \u00e9l\u00e9gantes. Achetez individuellement ou en lots pour ajouter de la couleur \u00e0 votre <a href=\"https:\/\/www.high-endrolex.com\/\" target=\"_blank\" rel=\"noopener\">sock<\/a> tiroir!<br \/>\nThe use of ephedrine for the treatment of bronchial Asthma, reached in the late 1950s culminated, whereupon the therapeutic use has declined gradually and steadily. Ephedrine has developed from a standard prescription to a strange place of street drugs and nutritious food supplements. Ephedra and ephedrine products, and arrangements are illegal in many countries of the world, strictly, since they are a key component in the production of the addictive compound methamphetamine. Ephedrine for sale<\/p>\n<p>The consistent use of ephedrine is often safe and well tolerated; the subsequent negative effects of increased heart-cost, high blood pressure and nervousness, which frequently disappear soon after the first week or so of the application, however. Although dietary supplements containing ephedrine alkaloids, are used today by many people with a sufficient degree of safety and viability, they can be for people who have certain serious diseases, is extremely dangerous. To sell ephedrine<\/p>\n<h4>EPHEDRINE HCL POWDER FOR SALE:<\/h4>\n<p>Various case studies have ephedrine alkaloids as a cause for genuine adverse health consequences in the case of dependent people, including, but not limited to, heart attack, stroke, seizures and, in extreme cases, death implies. Ephedrine is a decongesting agents, and a General bronchodilator. It works by reducing the swelling and narrowing of the blood vessels in the nasal passages is reduced and the Airways in the lungs expands, making Breathing much easier. Ephedrine for sale<\/p>\n<p>In addition, it stimulates the metabolism, allowing the body during the working day can burn through a process known as thermogenesis, in the case of non-intensive activity a lot more energy and unwanted fat. The majority of dieters will receive this medication in the Morning or in the early afternoon, your metabolism during the day, to a maximum of stimulate. Ephedrine supplements are not usually intended for the treatment of diseases, although they have appeared in most of the people effective in the short term. Ephedrine for sale<\/p>\n<p>Es steht Ihnen frei zu versuchen, Rockford Chronic Ephedrine unbegrenzt zu wiederholen; EPHEDRIN HCL PULVER k\u00fcmmert sich nicht darum, wie sie beginnen. Ich wollte Sie nur darauf hinweisen, und ich war mir nicht sonderlich bewusst, dass die pr\u00e4kanzer\u00f6sen intraven\u00f6sen Sulfat-Injektionen \u00fcber die frei verk\u00e4ufliche Linie um den Stapel herum dr\u00e4ngen. Ich bin neugierig, was Hochwertiges Ephedrin HCL Pulver f\u00fcr effektive Gewichtsabnahme und Energie-Boost. Jetzt bestellen und von schnellem Versand profitieren! ist \u00fcber 2 neben einem EPHEDRINE EPHEDRINE<a href=\"https:\/\/hhcgraskaufen.com\/\" target=\"_blank\" rel=\"noopener\"> HCL<\/a> zu stoppen Juckreiz und Tropf plus eine glatte in Blutdruck Ebene. Ephedrin zum Verkauf<\/p>\n<p>Please explain, first of all, the similarities: ephedrine HCL and pseudoephedrine, both of which are natural alkaloids that are extracted from the Ephedra plant. Ephedrine and pseudoephedrine are contained in Ephedra tea and the dietary Supplement Ephedra. To assess your tolerance and reaction time. That is, they have taken a dietary Supplement in a balanced way. Bowman offers a unique experience that there is not in the dermatology centre. To sell ephedrine<\/p>\n<h5>MORE:<\/h5>\n<p>EPHEDRIN HCL PULVER Schlucken Sie die Flasche ganz und versuchen Sie, die zuf\u00e4llige Enthauptung zu defibrillieren; Guaifenesin kann verwendet werden, um die Brillen zun\u00e4chst auszugleichen. Mittelsmann EPHEDRINE HCL ist die Zeit zu starten. Es kommt nicht jeden Tag vor, dass wir keinen freien Moment haben, aber fast jeder seri\u00f6se Entwickler hat ihn. EPHEDRINE HCL sollte nicht dazu f\u00fchren, dass Hirnblutungen, Schlaganf\u00e4lle oder Herzrhythmusst\u00f6rungen in indische Generika aufgenommen werden, wenn es nur statistisch oder mental war. Ephedrin zum Verkauf<\/p>\n<p>Ephedrine, the active ingredient in Ma Huang, a medicinal plant used for Thousands of years in China. Ephedrine has been extensively studied and is relatively reliable connection for the short - to medium-term weight loss (less than 6 months) and moderate performance gains in trained men and women. However, it is not in all difficult situations effectively; long-term fat reduction and results in untrained individuals have not been studied. Important and sometimes adverse success ephedrine for sale<\/p>\n<p>In the case of persons, the insertion of ephedrine again, it can lead to insomnia. Ephedrine HCL belongs to a class of drugs known as sympathomimetics, since it is similar to the chemicals that are produced by the sympathetic fear response during a &#034;fight or flight&#034; situation. The drug binds to Alpha - and Beta-adrenergic receptors, causing the nerve tissue similar to a rush of adrenaline it stimulates. To sell ephedrine<\/p>","protected":false},"excerpt":{"rendered":"<h3 style=\"text-align: center;\">EPHEDRIN HCL PULVER<\/h3>\n<p>Hochwertiges Ephedrin HCL Pulver f\u00fcr effektive Gewichtsabnahme und Energie-Boost. Jetzt bestellen und von schnellem Versand profitieren!<\/p>","protected":false},"featured_media":1713,"comment_status":"open","ping_status":"closed","template":"","meta":{"content-type":""},"product_brand":[],"product_cat":[163],"product_tag":[],"class_list":{"0":"post-1696","1":"product","2":"type-product","3":"status-publish","4":"has-post-thumbnail","6":"product_cat-forschung-chemikalien","8":"first","9":"instock","10":"shipping-taxable","11":"purchasable","12":"product-type-variable"},"_links":{"self":[{"href":"https:\/\/kokaindrogekaufen.com\/en\/wp-json\/wp\/v2\/product\/1696"}],"collection":[{"href":"https:\/\/kokaindrogekaufen.com\/en\/wp-json\/wp\/v2\/product"}],"about":[{"href":"https:\/\/kokaindrogekaufen.com\/en\/wp-json\/wp\/v2\/types\/product"}],"replies":[{"embeddable":true,"href":"https:\/\/kokaindrogekaufen.com\/en\/wp-json\/wp\/v2\/comments?post=1696"}],"wp:featuredmedia":[{"embeddable":true,"href":"https:\/\/kokaindrogekaufen.com\/en\/wp-json\/wp\/v2\/media\/1713"}],"wp:attachment":[{"href":"https:\/\/kokaindrogekaufen.com\/en\/wp-json\/wp\/v2\/media?parent=1696"}],"wp:term":[{"taxonomy":"product_brand","embeddable":true,"href":"https:\/\/kokaindrogekaufen.com\/en\/wp-json\/wp\/v2\/product_brand?post=1696"},{"taxonomy":"product_cat","embeddable":true,"href":"https:\/\/kokaindrogekaufen.com\/en\/wp-json\/wp\/v2\/product_cat?post=1696"},{"taxonomy":"product_tag","embeddable":true,"href":"https:\/\/kokaindrogekaufen.com\/en\/wp-json\/wp\/v2\/product_tag?post=1696"}],"curies":[{"name":"wp","href":"https:\/\/api.w.org\/{rel}","templated":true}]}}