{"id":1703,"date":"2023-06-27T19:20:33","date_gmt":"2023-06-27T18:20:33","guid":{"rendered":"https:\/\/kokaindrogekaufen.com\/?post_type=product&#038;p=1703"},"modified":"2024-08-01T10:15:12","modified_gmt":"2024-08-01T09:15:12","slug":"etizolam-pulver-zum-verkauf","status":"publish","type":"product","link":"https:\/\/kokaindrogekaufen.com\/en\/product\/etizolam-pulver-zum-verkauf\/","title":{"rendered":"ETIZOLAM POWDER FOR SALE"},"content":{"rendered":"<h2>ETIZOLAM POWDER FOR SALE<\/h2>\n<p>Von Nord- bis S\u00fcdamerika, Europa bis Asien, haben wir wirklich hochwertige, reine <a href=\"https:\/\/kokaindrogekaufen.com\/en\/kokain-preis\/\">Etizolam<\/a> zum Verkauf. Etizolam ist gedacht, um Antidepressiva, gegen Stress und Angst, und insgesamt Gleichgewicht Ergebnisse in der Organisation zu erreichen und wurde f\u00fcr den medizinischen Einsatz in dieser Situation auch genehmigt. Obgleich die Medikation craving Verbesserung verursachen kann, erscheint dieser Effekt nicht in allen K\u00e4ufern.<\/p>\n<p>When people announce the decay of Etizolam, it should be no Problem to heat it up, to help, to break up, and to bring the powder in a perceived quantity of liquid, and shake it vigorously should be incredible to work after some time. One milligram of Etizolam has a similar effect as ten milligrams of Valium (Diazepam). Etizolam can not be used as a benzodiazepine, has been seen as a substance in the system, which is characterized by a thiophene ring, and not by a benzene ring. To sell Etizolam<\/p>\n<p>Since most of the countries in the world benzodiazepine-not to ban analogues of this drug in almost all countries of the world, it&#039;s legal. It is legal all over the world! It is anxiolytic, sedative, hypnotic, amnesic and relaxing properties, similar to its sister compound Alprazolam and other benzodiazepines has. A study of Etizolam was used, showed that it eliminated audible musings in Schizophrenic complete. To sell Etizolam<\/p>\n<h4>ETIZOLAM BUY ONLINE:<\/h4>\n<p>Von Etizolam Pulver den \u00dcberlegungen, Etizolam ist k\u00fcnstlich mit Benzodiazepinen wahrgenommen und Kapazit\u00e4ten durch eine Beh\u00f6rde GABA-Rezeptor. Etizolam-Pulver wird in der Regel nicht verwendet. Stress und Nervosit\u00e4t sind normalerweise nicht unangenehm, aber es gibt eine Vielzahl von Angsterkrankungen. Nervosit\u00e4t Fragen sind eine Gruppe von psychischen Erkrankungen, die verwirrend und erstaunlich Druck, Spannung und Angst verursachen. Etizolam zum Verkauf<\/p>\n<p>Etizolam ist das gef\u00e4hrlichste Stressmedikament, das sich in Etizolam Pulver verwandeln kann. Es ist das beste System f\u00fcr Anf\u00e4lle und Hoffnungslosigkeit, und es wird sofort beginnen, um Ihnen ein Gef\u00fchl der Ruhe und Gelassenheit. Es kann auch zur Behandlung von Schlaflosigkeit und anderen Schlafst\u00f6rungen eingesetzt werden. Wenn Sie mit einer schwierigen Situation bei der Arbeit konfrontiert sind, vor einer Pr\u00fcfung stehen oder eine kritische Entscheidung treffen m\u00fcssen, erlebt jeder Mensch irgendwann Stress, und genau da k\u00f6nnen Etizolam Tabletten helfen. Etizolam zum Verkauf<\/p>\n<p>Mixtures are a selection of some of the better perceived investigation of synthetic mixtures, its been around for a few years. Because it has been around for a long time, they are often associated with &#034;Old School&#034; RCs in connection. It is also said that people should use the drug for recreational purposes, because it has effects such as inner self-expansion, energetic camouflage and a sense of restraint. To sell Etizolam<\/p>\n<h4>ETIZOLAM FOR SALE ONLINE:<\/h4>\n<p>Menschen ETIZOLAM PULVER haben es auch f\u00fcr Freizeitbesch\u00e4ftigungen verwendet. Dieser Artikel ist f\u00fcr Mess- und Testprogramme bestimmt. Es ist als Thieno-Diazepin klassifiziert und wurde speziell entwickelt, um die Benzodiazepin-Gesetzgebung zu umgehen. Etizolam hat die gleiche Wirkung wie Alprazolam. Der erweiterte Teil kann eine breite Palette von Ergebnissen verursachen, aber es kann auch ung\u00fcnstige Nebeneffekte haben, die Dinge wie extremen Unfug oder Tod in echten Bedingungen einschlie\u00dfen. Etizolam zum Verkauf<\/p>\n<p>Etizolam powder, also known as Etilaam, or Etizest is made simple thieno benzodiazepine and is a depressive connection, the Anti-Stretch, Anti-Stress and Bulk caused loosening of the effects with those of benzodiazepine comparable. It is a well-known research of substance, which comes in the Form of pills, powders, or options. Etizolam for sale<\/p>\n<p>Etizolam powder is made with 99.8% pure Etizolam. It is an odorless glass-like compound which is insoluble in water but not in Ethanol slightly soluble. In the meantime, it serves as a solvent of Chloroform and methanol treatments. Despite the fact that it is still considered as a prescription-only, will not control or endorse the legality of Etizolam in the United States, or limited, as it must be prescribed by a licensed specialist. To sell Etizolam<\/p>\n<h5>In ADDITION :<\/h5>\n<p>Die pulverisierte Etizolam Portion wird h\u00e4ufig empfohlen, nicht mehr als 1mg pro Portion zu sein. Es wirkt, indem es den Geist des Individuums beruhigt, indem es auf die Benzodiazepin-Seite der GABA-Rezeptoren des Gro\u00dfhirns wirkt. Etizolam wurde mit <a href=\"https:\/\/kaufenxanax.com\/\" target=\"_blank\" rel=\"noopener\">Alprazolam<\/a> und Bromazepam bei der Behandlung der generalisierten Angstst\u00f6rung verglichen. Etizolam zu verkaufen<\/p>\n<p>Etizolam the other two Doctors recommended drugs exceeded in the preliminary study, in relation to the stimulatory effect. If the blue community is dissolved in clear liquids, the colour turns to blue. The blue color, however, can become blurred when taking in liquids with a darker color. The blue color is not going to be in a non-exclusive Rohypnol variants. Etizolam for sale<\/p>\n<p>It generally refers to the total length of which is contributed by the effect of the substance, as well as on the total amount that is burned in a given period of time. This drug is generally thought to be for stress reduction and memory of movement are used. People use generally the medication for the purpose of Relaxation, because they can cause side effects such as some swelling. Etizolam for sale<\/p>","protected":false},"excerpt":{"rendered":"<h4 style=\"text-align: center;\">ETIZOLAM PULVER<\/h4>\n<h4 style=\"text-align: center;\"><\/h4>\n<p>&nbsp;<\/p>","protected":false},"featured_media":1714,"comment_status":"open","ping_status":"closed","template":"","meta":{"content-type":""},"product_brand":[],"product_cat":[163],"product_tag":[],"class_list":{"0":"post-1703","1":"product","2":"type-product","3":"status-publish","4":"has-post-thumbnail","6":"product_cat-forschung-chemikalien","8":"first","9":"instock","10":"shipping-taxable","11":"purchasable","12":"product-type-variable"},"_links":{"self":[{"href":"https:\/\/kokaindrogekaufen.com\/en\/wp-json\/wp\/v2\/product\/1703"}],"collection":[{"href":"https:\/\/kokaindrogekaufen.com\/en\/wp-json\/wp\/v2\/product"}],"about":[{"href":"https:\/\/kokaindrogekaufen.com\/en\/wp-json\/wp\/v2\/types\/product"}],"replies":[{"embeddable":true,"href":"https:\/\/kokaindrogekaufen.com\/en\/wp-json\/wp\/v2\/comments?post=1703"}],"wp:featuredmedia":[{"embeddable":true,"href":"https:\/\/kokaindrogekaufen.com\/en\/wp-json\/wp\/v2\/media\/1714"}],"wp:attachment":[{"href":"https:\/\/kokaindrogekaufen.com\/en\/wp-json\/wp\/v2\/media?parent=1703"}],"wp:term":[{"taxonomy":"product_brand","embeddable":true,"href":"https:\/\/kokaindrogekaufen.com\/en\/wp-json\/wp\/v2\/product_brand?post=1703"},{"taxonomy":"product_cat","embeddable":true,"href":"https:\/\/kokaindrogekaufen.com\/en\/wp-json\/wp\/v2\/product_cat?post=1703"},{"taxonomy":"product_tag","embeddable":true,"href":"https:\/\/kokaindrogekaufen.com\/en\/wp-json\/wp\/v2\/product_tag?post=1703"}],"curies":[{"name":"wp","href":"https:\/\/api.w.org\/{rel}","templated":true}]}}