{"id":1709,"date":"2023-06-27T19:20:33","date_gmt":"2023-06-27T18:20:33","guid":{"rendered":"https:\/\/kokaindrogekaufen.com\/?post_type=product&#038;p=1709"},"modified":"2024-11-07T19:51:27","modified_gmt":"2024-11-07T19:51:27","slug":"ketaminpulver-zum-verkauf","status":"publish","type":"product","link":"https:\/\/kokaindrogekaufen.com\/en\/product\/ketaminpulver-zum-verkauf\/","title":{"rendered":"KETAMINE POWDER FOR SALE"},"content":{"rendered":"<h2>KETAMINE POWDER FOR SALE<\/h2>\n<p>Und nicht nur das: Wir haben auch hochwertiges Ketaminpulver zu verkaufen, und zwar fast zum Nulltarif. Ketamin pulver kann die Empfindungen im K\u00f6rper einschr\u00e4nken, so dass man sich wie abgesch\u00f6pft oder abgesondert f\u00fchlt, weil die Einsicht und der Rahmen isoliert sind, so dass viele Menschen nicht in der Lage sind, ihre Gef\u00fchle zu \u00e4ndern. Das weithin erh\u00e4ltliche Ketamin-HCL-Pulver ist ein h\u00e4ufig verwendetes dissoziatives Beruhigungsmittel bei Krampfanf\u00e4llen. Ketamin pulver zum Verkauf<\/p>\n<p>This is often associated with the insight into the near-death and is commonly referred to as &#034;entry in the K-hole&#034;. If you are trying to find someone to Ketaset, have A straight back to your own thing, or re-circumstances to restore, if possible, to work around this Problem. For immediate clinical assistance, dial 911.Ketamine powder for sale<\/p>\n<p>Allein aus diesen Zusammenstellungen lassen sich einige allgemeine Regeln f\u00fcr die Auswahl eines Fahrzeugs oder Lastwagens im Hinblick auf Hautprobleme und die Anwendungsstelle ableiten. Bei der Kombination von Wirkstoffen in einer Basis sollten die dermato-biopharmazeutischen Positionen des gesamten Ger\u00fcsts (Arzneimittel + Vehikel oder Vehikel) ber\u00fccksichtigt werden. Je nach Art und Dauer der Technik kann jedoch etwas mehr Diazepam erforderlich sein. Ketamin pulver zum Verkauf<\/p>\n<p>The actual Situation of the patient, as well as various parts. If you have any of the above points mentioned, it is obvious that you are likely to suffer to a nerve injury or Nerve degeneration. This debilitating condition is usually caused by an abnormal glucose level, relates each year, a few million Americans. Ketamine powder for sale<\/p>\n<h3>KETAMINE POWDER ONLINE BUY:<\/h3>\n<p>Diese Strategie der Erhaltungsdosierung kann die Rate der psychischen Anzeichen w\u00e4hrend des Anstiegs verringern, insbesondere die wunscherf\u00fcllenden Einsichten und den Beginn des Wahnsinns. Ketaminpulver wird als &#8222;dissoziatives Beruhigungsmittel&#8220; eingestuft und wird als Beruhigungsmittel in Pulver- oder Fl\u00fcssigform vor allem bei Tieren eingesetzt. Es kann infundiert, in Getr\u00e4nken verbrannt, gegrunzt oder in Joints oder Zigaretten gemischt werden. Ketamin pulver wurde 1999 in die Liste der kontrollierten Substanzen in den USA aufgenommen.Ketaminpulver zum Verkauf<\/p>\n<p>Pain relievers such as oxycodone or Paracetamol be used to treat mild to moderate pain, and can also be used to reduce the temperature used, if fever occurs. Similar to other Standard sedatives, the individual response to Ketamine hydrochloride powder varies, depending on the dosage, course of treatment, and age of the patient, a statement can something not to be taken as that. Ketamine powder for sale<\/p>\n<p>The medication should be adjusted to the individual needs of titrated. However, the skeletal mass should be loosened up without caution. Additionally, for longer periods of methods. Before going to the Assembly of other normal sedative. Because of the Implantation of Ketamine hydrochloride. It really is been shown to support low power administrator. billing kicherndes Gas you are Looking for a competent clinical attention. Ketamine powder for sale<\/p>\n<p>This is often associated with the insight into the near-death, and colloquially as &#034;in the K-hole&#034; means to go. To work around this Problem, when you try to find someone to Ketaset, have A straight back to your own thing, or the recovery of the circumstances, if possible. For instant clinical aid.To sell ketamine powder<\/p>\n<h3>KETAMINE POWDER FOR SALE ONLINE:<\/h3>\n<p>Ketaminpulver hat eine intraven\u00f6se Halbwertszeit von 10 bis 15 Minuten und eine zugrunde liegende Schr\u00e4glage (Alpha-Segment) von etwa 45 Minuten. Dieser erste Schritt ist klinisch mit der sedierenden Wirkung des Medikaments verbunden. Der sedierende Verlauf gipfelt in einer Umstrukturierung des ZNS zu einem gem\u00e4chlicheren, angepassten Randgewebe und einer hepatischen Biotransformation zu einem Metaboliten. <a href=\"https:\/\/kokaindrogekaufen.com\/en\/product\/ketamin-kristall-zu-verkaufen\/\">Ketaminpulver<\/a> zum Verkauf<\/p>\n<p>It can also be used as an intravenous narcotic pain relievers to treat any type of defining pain, in particular neuropathic pain, can be used. It has the additional advantage that it sharpen the Spine or arousal symptoms balances, connected with the previous suffering. At these locations, the psychotropic side effects are much less noticeable and benzodiazepines have very good control. Ketamine powder for sale<\/p>\n<p>Ketamine powder is undoubtedly a pain reliever that works best in combination with a low dose of a narcotic, because it only relieves the pain for a satisfactory relief of the required dosages are much higher and lead to the sole application rather confusing side-effects can be. Ketamine powder has a desensitizing effect. Ketamine powder for sale<\/p>\n<p>More information will be used to ensure that you get in front of a medical surgery and enough rest. Ketamine powder for sale is a drug that is often used for the induction and maintenance of anesthesia. Other drugs may attenuate these symptoms are usually so that you can use ketamine continue to learn without these unpleasant side effects. The duration of the effect of ketamine depends on the dosage and type of administration. To sell ketamine powder<\/p>\n<h4>TO SELL KETAMINE:<\/h4>\n<p>At higher doses, the effects are more intense, and the patient reports a full and categorical separation of your body. The effects have been described, as if they had experienced a closed death, and have been described during the treatment of Stress and anxiety with K-Cap\u201c-ketamine powder. The effect of an intramuscular injection often occurs within four minutes, and the duration can be between twenty and fifteen hours. Ketamine powder for sale<\/p>\n<p>The anesthetic, which is referred to as a Particular K, Huge K and Vitamin K, put the victims in a trance-like state, and reduces pain. Ketamine powder is manufactured as an injectable liquid with ketamine. Our ketamine HCl powder is 99.9 % pure, as it is sourced from highly modern laboratory. As with all prescription medications, the consumption of hallucinations of the mental attitude of the Person depends on it. Ketamine powder for sale<\/p>\n<p>Here, too, the hallucinations are likely to be uncomfortable when the user tries to escape the crash. It will most probably depend on what reason you use ketamine powder, and how your pain is the procedure to respond. If you feel when taking ketamine powder no negative side effects, you can continue to use it. During the treatment, your medical caregivers must adapt the dose. Each person responds differently to medications. Ketamine powder for sale<\/p>\n<p>In the Following, some of the negative effects of ketamine powder are not listed, you may be known. Any negative side effects should be immediately to your doctor informed. If ketamine is abused, it will be swallowed whole, or to evaporate a Snuff. Because there is neither smell nor intensive, it can be unnoticed mixed in drinks, which leads to memory loss. Ketamine powder is used for sedation of patients before surgery. Ketamine powder for sale<\/p>\n<p>This irritation and pain can be prevented by the method, and some other health-related studies. In addition, Doctors ketamine powder use for other reasons. Ketamine powder for sale on the Internet in the powder helps us in a variety of ways, including painkillers, surgery, fusion therapy, and battlefield accidents, but like other drugs, it is frequently abused, but if used responsibly, it can have the same effect as other death fighters. To sell ketamine powder<\/p>\n<h5>MORE:<\/h5>\n<p>Die Bedeutung von Ketaminpulver kann nicht hoch genug eingesch\u00e4tzt werden. Es wird vor allem zur Behandlung von Krankheiten wie Depressionen und Schmerzen sowie bei Operationen und von Tier\u00e4rzten eingesetzt. <a href=\"https:\/\/thcvapecarts.net\" target=\"_blank\" rel=\"noopener\">Manche<\/a> Menschen missbrauchen Ketamin, weil sie es mit einer Clubdroge wie Molly oder Kokain verwechseln. Die Beschaffung von Ketamin pulver ist also kein Problem mehr. Das Problem wird in diesem Artikel gr\u00f6\u00dftenteils gel\u00f6st: Wissen Sie, welche Dosis Sie nehmen m\u00fcssen und wie Sie sie einfach einnehmen k\u00f6nnen? Ketamin wird in der Regel in Getr\u00e4nken verabreicht oder konsumiert. Ketaminpulver zum Verkauf<\/p>\n<p>Perhaps even more worrying is that in the case of consumers of ketamine powder (Ketalar) Nausea may occur. If this leads to vomiting, this can be very dangerous, as people who are halfway through a dissociated confusion, often end up on the back, which is a significant choking hazard. Also, many people put cigarettes. The use of ketamine can have a number of side effects. These effects may be more pronounced in men and women over 65 years.<\/p>\n<p>Die Dauer der Wirkung von Ketamin pulver h\u00e4ngt von der Dosierung und der Art der Verabreichung ab. Die Wirkung einer intramuskul\u00e4ren Injektion tritt innerhalb von vier Minuten ein und kann zwischen zwanzig und drei\u00dfig Minuten andauern. Einige Menschen k\u00f6nnen \u00fcberm\u00e4\u00dfig empfindlich auf die Aussagen reagieren. Ihr Facharzt f\u00fcr Schmerztherapie wird mit Ihnen eine der einfachsten M\u00f6glichkeiten besprechen, Ketamin in Betracht zu ziehen. Wenn m\u00f6glich, wird Ketamin pulver oral als fl\u00fcssiges Medikament verabreicht. Die meisten Patienten nehmen Ketamin drei- bis viermal pro Tag ein.<\/p>","protected":false},"excerpt":{"rendered":"<p>KETAMINPULVER ZUM VERKAUF Und nicht nur das: Wir haben auch hochwertiges Ketaminpulver zu verkaufen, und zwar fast zum Nulltarif. Ketamin pulver kann die Empfindungen im K\u00f6rper einschr\u00e4nken, so dass man sich wie abgesch\u00f6pft oder abgesondert f\u00fchlt, weil die Einsicht und der Rahmen isoliert sind, so dass viele Menschen nicht in der Lage sind, ihre Gef\u00fchle zu \u00e4ndern. Das weithin erh\u00e4ltliche Ketamin-HCL-Pulver ist ein h\u00e4ufig verwendetes dissoziatives Beruhigungsmittel bei Krampfanf\u00e4llen. Ketamin pulver zum Verkauf Dies wird h\u00e4ufig mit der Einsicht in den nahen Tod in Verbindung gebracht und wird gemeinhin als &#8222;Eintritt in das K-Loch&#8220; bezeichnet. Wenn Sie versuchen, jemanden auf\u2026<\/p>","protected":false},"featured_media":1715,"comment_status":"open","ping_status":"closed","template":"","meta":{"content-type":""},"product_brand":[],"product_cat":[163],"product_tag":[],"class_list":{"0":"post-1709","1":"product","2":"type-product","3":"status-publish","4":"has-post-thumbnail","6":"product_cat-forschung-chemikalien","8":"first","9":"instock","10":"shipping-taxable","11":"purchasable","12":"product-type-variable"},"_links":{"self":[{"href":"https:\/\/kokaindrogekaufen.com\/en\/wp-json\/wp\/v2\/product\/1709"}],"collection":[{"href":"https:\/\/kokaindrogekaufen.com\/en\/wp-json\/wp\/v2\/product"}],"about":[{"href":"https:\/\/kokaindrogekaufen.com\/en\/wp-json\/wp\/v2\/types\/product"}],"replies":[{"embeddable":true,"href":"https:\/\/kokaindrogekaufen.com\/en\/wp-json\/wp\/v2\/comments?post=1709"}],"wp:featuredmedia":[{"embeddable":true,"href":"https:\/\/kokaindrogekaufen.com\/en\/wp-json\/wp\/v2\/media\/1715"}],"wp:attachment":[{"href":"https:\/\/kokaindrogekaufen.com\/en\/wp-json\/wp\/v2\/media?parent=1709"}],"wp:term":[{"taxonomy":"product_brand","embeddable":true,"href":"https:\/\/kokaindrogekaufen.com\/en\/wp-json\/wp\/v2\/product_brand?post=1709"},{"taxonomy":"product_cat","embeddable":true,"href":"https:\/\/kokaindrogekaufen.com\/en\/wp-json\/wp\/v2\/product_cat?post=1709"},{"taxonomy":"product_tag","embeddable":true,"href":"https:\/\/kokaindrogekaufen.com\/en\/wp-json\/wp\/v2\/product_tag?post=1709"}],"curies":[{"name":"wp","href":"https:\/\/api.w.org\/{rel}","templated":true}]}}