{"id":1722,"date":"2023-06-27T19:20:42","date_gmt":"2023-06-27T18:20:42","guid":{"rendered":"https:\/\/kokaindrogekaufen.com\/?post_type=product&#038;p=1722"},"modified":"2024-08-01T10:55:00","modified_gmt":"2024-08-01T09:55:00","slug":"meskalin-zu-verkaufen","status":"publish","type":"product","link":"https:\/\/kokaindrogekaufen.com\/en\/product\/meskalin-zu-verkaufen\/","title":{"rendered":"TO SELL MESCALINE"},"content":{"rendered":"<h2>TO SELL MESCALINE<\/h2>\n<p>Trotzdem k\u00f6nnen Sie bei uns Meskalin kaufen, denn wir haben hochwertiges Mes-kalin im Angebot. Die Wirkung von Mes-kalin h\u00e4lt zehn bis zw\u00f6lf Stunden an, aber die Verwendung von Meskalin in einer Zeremonie kann bis zu zwei Tage dauern. Es handelt sich um ein Stimulans oder Halluzinogen. Mes-kalin hat eine Affinit\u00e4t zu Leberproteinen, aber nicht zu Plasmaproteinen. Es ist in den Randgeweben weit verbreitet. Es wird nicht nur wahrgenommen, sondern auch angenommen, dass die F\u00f6rdermenge bei mehreren L\/kg liegt.<\/p>\n<p>Meskalin l\u00f6st einen ver\u00e4nderten Bewusstseinszustand aus, in dem die Menschen auf n\u00fctzliche Weise eine ver\u00e4nderte Kontemplation und Gedanken erleben. Dieser Zustand wird h\u00e4ufig als befriedigend, euphorisch und lustvoll beschrieben. Die Droge scheint die normale Zusammenarbeit der Nervenzellen und Synapsen im Gehirn zu st\u00f6ren. Mes-kalin war das erste Halluzinogen, bei dem die Verbindung unterbrochen wurde. Arthur Heffter extrahierte Meskalin aus Peyote und testete es 1896 an sich selbst.<\/p>\n<p>Dies f\u00fchrt dazu, dass der Anblick, der Geruch, das Aussehen und die Erfahrung von <a href=\"https:\/\/kokaindrogekaufen.com\/en\/product\/kaufen-kaliumzyanid-zum-verkauf\/\">Dingen<\/a> in der realen Welt seltsam verdreht werden. Gef\u00fchle k\u00f6nnen auch \u00fcbertrieben oder fehl am Platze sein, da der Verstand durch den Stoff angeregt wird. Die l\u00e4ngere Einnahmedauer k\u00f6nnte ein gr\u00f6\u00dferes Zeitfenster f\u00fcr die Erholung und die M\u00f6glichkeit bieten, sich in mentalen Pl\u00e4nen f\u00fcr einige mentale Zust\u00e4nde zurechtzufinden, die zus\u00e4tzlich unbeherrschbar sein k\u00f6nnen, und f\u00fcr Personen, die zus\u00e4tzliche unerh\u00f6rte Anzeichen oder Nebenwirkungen zeigen. Meskalin zu verkaufen<\/p>\n<h3>MESCALINE BUY ONLINE:<\/h3>\n<p>You can find a variety of psychoactive desert plants. In addition to the 70 species today, about 300 desert plants can be considered as a psycho-active substances. In addition, it does not have to always be mescaline. Resistances can occur with repeated intake of a few Times to several times. Cross-resistance with other prescription substances, such as LSD and Psilocybin, is also possible. To sell mescaline<\/p>\n<p>Auf den ersten Blick k\u00f6nnte man meinen, dass Echinopsis amnesia genauso aussieht wie andere Sorten der Meskalin-Stachelblume. Er hat eine \u00e4hnliche Form wie Echinopsis pachanoi und Echinopsis lageniform, und es gibt kleine Ausl\u00e4ufer von Stacheln, die sich \u00fcber die gesamte L\u00e4nge des Kaktus erstrecken. Stimulanzien im Allgemeinen und Meskalin im Besonderen werden nur selten ber\u00fccksichtigt. Der Gro\u00dfteil der Forschung hat sich auf die nahe gelegene Bindung an Serotonin konzentriert. Mes-kalin zu verkaufen<\/p>\n<p>Viele andere sind derzeit unter Ber\u00fccksichtigung der \u00c4hnlichkeiten zwischen Mes-kalin und Amphetamin, die es teilt eine fast identische Synthese. San Pedro verst\u00e4rkt visuelle Vorstellungen und geistige Bewegungen. Die tats\u00e4chliche Belastung ist nicht so emp\u00f6rend wie Peyote oder Peruvian Torch, und trotz der Tatsache, dass es eine sch\u00f6ne au\u00dfergew\u00f6hnliche in der Natur ist, ist es nicht so r\u00fcttelnd, zus\u00e4tzlich zu wirklich einladend. Meskalin zu verkaufen<\/p>\n<h3>MESCALINE FOR SALE ONLINE:<\/h3>\n<p>This strength transmits more than a hallucinogenic drug on a replacement. In other words: A strong individual who consumed mescaline, would also have a significant resistance to LSD. The degree of resistance of the body to the substance returns to a normal level, but the consumer is exposed to. A certain abuse of mescaline as a recreational drug in the last half of the twentieth century, even if only rarely. Mescaline for sale<\/p>\n<p>Sportliche Kunden sind Menschen, die Medikamente eher wegen des Geldes kaufen, das sie damit verdienen, als aus medizinischen Gr\u00fcnden. Diese Substanzen k\u00f6nnen einen negativen Einfluss auf Ihre unbesiegbare Strategie haben. Sie k\u00f6nnen auch die meisten Krankheiten (z. B. k\u00f6nnen die krebserregenden Wirkungen in Mes-kalin-Pulver-Benzodiazepin-Mischungen Ihr Krebsrisiko erh\u00f6hen), Krampfanf\u00e4lle und andere anfallsbezogene Indikatoren verursachen. Mes-kalin zu verkaufen<\/p>\n<p>For almost all benzodiazepines, there is no approved medical treatment. Some research suggests that some people with extreme constraints, and dependencies of various drugs can use a large amount of benzodiazepines for your specific use. The amount of Benzodiazepine in your blood is proportional to the amount of medication you are taking. Measurement of the medication. To sell mescaline<\/p>\n<h3>TO SELL MESCALINE POWDER:<\/h3>\n<p>Other physical and psychological factors can contribute to a benzodiazepine dependence. Benzodiazepines and similar substances. The legal legacy of mescaline and its most important component, Peyote, is extensive and a bit of a problem. Mescaline acts by binding to the various kinds of receptors in the human brain, in order to unfold its effect. The largest part of its psychoactive effect is due to its ability to activate the serotonin receptors 5-HT2A and 5-HT2C. The restriction of its use for sports purposes is obvious. To sell mescaline<\/p>\n<p>Meskalin ist als Plan-I-Droge eingestuft, was bedeutet, dass es keinen medizinischen Grund gibt, warum es verlegt oder verwendet werden sollte. Dies kann schwere Strafen nach sich ziehen, z. B. Inhaftierung und hohe Geldstrafen. Peyote, alles in allem, ist ein erweiterter Teil der strengen Zeremonien der indigenen Amerikaner. Die Menschen haben Halluzinogene Hunderte von Malen verwendet, haupts\u00e4chlich f\u00fcr Rituale oder religi\u00f6se Zeremonien. Mes-kalin zu verkaufen<\/p>\n<p>Peyote wurde erstmals von den indigenen V\u00f6lkern Nordmexikos und des S\u00fcdwestens der Vereinigten Staaten als Teil der \u00fcblichen religi\u00f6sen Riten verwendet. Obwohl Meskalin keine bekannte Stra\u00dfendroge ist, nimmt es in der Drogenszene einen besonderen Platz ein, insbesondere bei den K\u00e4ufern psychedelischer Drogen, die glauben, dass psychedelische Kakteen, wie Zauberpilze und Marihuana, heilige Pflanzen sind, die aufgrund ihrer nat\u00fcrlichen Herkunft verehrt werden sollten. Mes-kalin zu verkaufen<\/p>\n<h4>MESCALINE TO SELL PILLS:<\/h4>\n<p>Meskalin wird in erster Linie zu Erholungszwecken verwendet, kann aber auch als Hilfsmittel bei verschiedenen Arten von Meditation und psychedelischer Therapie eingesetzt werden. In den Vereinigten Staaten ist es als Schedule I-Droge eingestuft, was es in allen Formen (einschlie\u00dflich Peyote) illegal macht; es ist jedoch in einigen von der Kirche der amerikanischen Ureinwohner registrierten religi\u00f6sen Zeremonien legal. Die in den Listen 1, 2 und 3 aufgef\u00fchrten Drogen haben ein h\u00f6heres Missbrauchspotenzial, werden in den Vereinigten Staaten derzeit nicht f\u00fcr Behandlungsmethoden im Gesundheitswesen eingesetzt und sind nachweislich nicht sicher genug f\u00fcr die Verwendung im Gesundheitswesen. Mes-kalin zu verkaufen<\/p>\n<p>Meskalin ist eine psychedelische Verbindung, die in einer Vielzahl von Kakteen vorkommt. Meskalin, auch bekannt als 3, 4, 5,<a href=\"https:\/\/thcvapecarts.net\" target=\"_blank\" rel=\"noopener\"> Trimethoxyphenethylamin<\/a>, ist ein Alkaloid, das sich nat\u00fcrlich in seinen Phenethylamin-Eltern entwickelt. Die halluzinogenen und kognitiven Wirkungen sind mit denen von LSD, Psilocybin und DMT vergleichbar.Mes-kalin zu verkaufen<\/p>\n<p>W\u00e4hrend Halluzinationen eine vorhersehbare oder vielleicht sogar erw\u00fcnschte Nebenwirkung halluzinogener Drogen sind, k\u00f6nnen sie in manchen F\u00e4llen viel beunruhigender oder erschreckender sein als erwartet. Mes-kalin erzeugt lebhafte visuelle Halluzinationen, die f\u00fcr den Peyote-Kult der Ureinwohner notwendig waren. Es hat eine \u00e4hnliche Wirkung wie LSD oder Psilocybin (Pilze), die beide verschreibungspflichtige halluzinogene Drogen sind. Mes-kalin zu verkaufen<\/p>\n<p>Da es sich bei diesen Erkrankungen um eine Einbahnstra\u00dfe mit Serotoninmangel handelt, umfasst Mes-kalin viele vermutete Gesundheitsprobleme, einschlie\u00dflich Alkoholismus und aussichtslose Behandlungsmethoden. Jemand mag eines Tages auf Mes-kalin umsteigen und den Erfolg seines (oder ihres) ver\u00e4nderten Bewusstseins genie\u00dfen. Dann kann man am n\u00e4chsten Tag schreckliche Erkenntnisse haben. Mes-kalin zu verkaufen<\/p>\n<h5>MORE:<\/h5>\n<p>Mes-kalin aktiviert auch Serotonin- und Dopaminrezeptoren, was die Stimmung verbessern und Hoffnungslosigkeit verursachen kann. Mes-kalin ist im Allgemeinen ein nat\u00fcrlich vorkommendes psychedelisches Alkaloid aus der Klasse der Phenethylamine, das f\u00fcr seine halluzinogenen Wirkungen \u00e4hnlich denen von LSD und Psilocybin bekannt ist. Wie die meisten psychedelischen Halluzinogene macht Mes-kalin physisch nicht s\u00fcchtig; es kann jedoch eine Toleranz hervorrufen, was bedeutet, dass h\u00f6here Dosen erforderlich sind, um genau die gleiche halluzinogene Wirkung zu erzielen. Mes-kalin, das Kakteen enth\u00e4lt, kann zu starkem Erbrechen und \u00dcbelkeit f\u00fchren, was bei den amerikanischen Ureinwohnern ein Grundnahrungsmittel ist. Mes-kalin zu verkaufen<\/p>","protected":false},"excerpt":{"rendered":"<h3 style=\"text-align: center;\">MESKALIN<\/h3>\n<hr \/>\n<p>Tauchen Sie ein in die vielf\u00e4ltige Auswahl von Meskalin &#8211; Ihrem Onlineshop f\u00fcr besondere Produkte und Geschenkideen. Jetzt entdecken und begeistern lassen!<\/p>","protected":false},"featured_media":1746,"comment_status":"open","ping_status":"closed","template":"","meta":{"content-type":""},"product_brand":[],"product_cat":[163],"product_tag":[],"class_list":{"0":"post-1722","1":"product","2":"type-product","3":"status-publish","4":"has-post-thumbnail","6":"product_cat-forschung-chemikalien","8":"first","9":"instock","10":"shipping-taxable","11":"purchasable","12":"product-type-variable"},"_links":{"self":[{"href":"https:\/\/kokaindrogekaufen.com\/en\/wp-json\/wp\/v2\/product\/1722"}],"collection":[{"href":"https:\/\/kokaindrogekaufen.com\/en\/wp-json\/wp\/v2\/product"}],"about":[{"href":"https:\/\/kokaindrogekaufen.com\/en\/wp-json\/wp\/v2\/types\/product"}],"replies":[{"embeddable":true,"href":"https:\/\/kokaindrogekaufen.com\/en\/wp-json\/wp\/v2\/comments?post=1722"}],"wp:featuredmedia":[{"embeddable":true,"href":"https:\/\/kokaindrogekaufen.com\/en\/wp-json\/wp\/v2\/media\/1746"}],"wp:attachment":[{"href":"https:\/\/kokaindrogekaufen.com\/en\/wp-json\/wp\/v2\/media?parent=1722"}],"wp:term":[{"taxonomy":"product_brand","embeddable":true,"href":"https:\/\/kokaindrogekaufen.com\/en\/wp-json\/wp\/v2\/product_brand?post=1722"},{"taxonomy":"product_cat","embeddable":true,"href":"https:\/\/kokaindrogekaufen.com\/en\/wp-json\/wp\/v2\/product_cat?post=1722"},{"taxonomy":"product_tag","embeddable":true,"href":"https:\/\/kokaindrogekaufen.com\/en\/wp-json\/wp\/v2\/product_tag?post=1722"}],"curies":[{"name":"wp","href":"https:\/\/api.w.org\/{rel}","templated":true}]}}