{"id":1729,"date":"2023-06-27T19:20:43","date_gmt":"2023-06-27T18:20:43","guid":{"rendered":"https:\/\/kokaindrogekaufen.com\/?post_type=product&#038;p=1729"},"modified":"2024-07-31T09:14:08","modified_gmt":"2024-07-31T08:14:08","slug":"kaufen-kaliumzyanid-zum-verkauf","status":"publish","type":"product","link":"https:\/\/kokaindrogekaufen.com\/en\/product\/kaufen-kaliumzyanid-zum-verkauf\/","title":{"rendered":"POTASSIUM CYANIDE FOR SALE"},"content":{"rendered":"<h3>POTASSIUM CYANIDE FOR SALE<\/h3>\n<p>However, we offer high-quality, pure potassium cyanide at very affordable prices for sale. Potassium cyanide is often used in conjunction with the strategy of KCN. This cloudy, glass-like salt that is similar in appearance to sugar, is a powerful solvent in the drinking water. Potassium cyanide is a powerful portable respiratory inhibitors, acting on mitochondrial cytochrome-c-Oxidase and oxidative phosphorylation inhibits. As a result of anaerobic digestion, it then comes to a lactic acid poisoning.<\/p>\n<p>Severe cyanide injury leads first to a dark red or reddish coloring in the victim because the tissues are not able to utilize the oxygen in the blood. The effects of potassium and sodium cyanide are the same, and the symptoms of the injury usually occur within a few minutes after the intake of the substance: The Person is blacked out, and the death of the cerebrum follows eventually. Tobacco smoke contains cyanide, as well as the combustion results of counterfeit products, such as plastics. Potassium cyanide for sale<\/p>\n<p>KALIUMZYANID ZUM VERKAUF Zyanid ist bei der Herstellung von Papier, Stoffen und Kunststoffen sehr beliebt. Es ist derzeit in der Substanz, die intensiviert und wird verwendet, um Fotos zu erstellen. In der Metallurgie werden Zyanidsalze zur Galvanisierung, Metallreinigung und zur Entfernung von Gold aus dem Metall verwendet. W\u00e4hrend dieser Zeit kann der Verunfallte Kr\u00e4mpfe erleiden. Die Zahl der Todesopfer ist auf eine zerebrale Hypoxie zur\u00fcckzuf\u00fchren. Die Beschaffung von Kaliumcyanid ist nahezu unm\u00f6glich, auch wenn es einen Bericht \u00fcber den Verkauf von Kaliumcyanid aus China im Diskussionsforum des Tranquil Tablet Handbook gab. Kaliumcyanid zu verkaufen<\/p>\n<h4>POTASSIUM CYANIDE BUY ONLINE:<\/h4>\n<p>Significantly, potassium cyanide is extremely toxic. By hydrolysis acid, which has an unpleasant taste of almonds is produced in the wet Stall blue. Overall, not everyone has the opportunity to make this experience. People who are exposed to a small amount of hydrocyanic acid by inhalation, in to the skin to keep or eating food, the hydrocyanic acid contained can learn in General, and within a few minutes, some of the following symptoms: dizziness, headaches, vomiting and Nausea, quick Inhalation, rapid heartbeat, restlessness, feeling of weakness. Potassium cyanide for sale<\/p>\n<p>Intensive cyanide consumption is probably a fantastic, fast Start-up, which has an impact immediately on the entrails, and an unexpected collapse, a seizure, or extreme lethargy caused. Lasting damage caused by the ingestion or the biological System have a gradual beginning of heren. Potassium cyanide pills a lethal dose (human) of 200 to 300 mg. Its toxicity if swallowed, is determined by the sharpness of the stomach, such as a corrosive to hydrogen cyanide, the deadly strategy for cyanide should respond. Potassium cyanide for sale<\/p>\n<p>We must not confuse our packaging with a significant bundling by making it a particularly charming or time-consuming. We know that most customers simply need high-quality pills, and our packaging is designed in a way that protects your investment. Potassium cyanide can be prepared in projects depending on the purpose of use in different ways. As a trusted organizations and suppliers of potassium cyanide, we offer to 99.8 % pure KCN (potassium cyanide), which is known for its high viability known. Potassium cyanide for sale<\/p>\n<h4>POTASSIUM CYANIDE FOR SALE ONLINE:<\/h4>\n<p>Wir verf\u00fcgen derzeit \u00fcber ein unbegrenztes Angebot an qualitativ hochwertigem KALIUMZYANID ZUM VERKAUF\u00a0 Kaliumcyanid zum g\u00fcnstigsten Preis. Kaliumcyanid ist wie Natriumcyanid extrem zerst\u00f6rerisch, unbestreitbar giftig und wirkt selbst in kleinsten Mengen schnell. Die Exposition gegen\u00fcber Kaliumcyanid in fester Form kann extrem gef\u00e4hrlich sein, da es langsam giftige Gase in die Luft abgibt, die dann durch Einatmen abget\u00f6tet werden. Kaliumcyanid zum Verkauf<\/p>\n<p>Potassium cyanide is commercially prepared by the reaction of hydrogen cyanide with a Fl\u00fcssigkur, when the water is removed, so that healthy potassium cyanide is formed. Cyanide is frequently a lethal substance, which can be for human consumption fatal. If you search the Internet for cyanide, you can learn a lot. It is important that all the Parties are agreed that their strategy is working smoothly. Potassium cyanide for sale<\/p>\n<p>Potassium cyanide pills is a massively damaging compound which is an inhibitor of many metabolic strategies and, in particular, as the evaluation of the reagent used for the representation of chemoreceptors is used. Due to its extremely dissolving property, it is used in electroplating and in the gold mining industry. In addition, we provide to our generous donors potassium cyanide at a low price. The possibilities of our product, are listed below. It is a white or steamy, transparent fabric with a slight almond scent (a consequence of the Cyanide particles). Potassium cyanide for sale<\/p>\n<h4>POTASSIUM CYANIDE POWDER FOR SALE:<\/h4>\n<p>It has a thickness of 1. 52 g\/ml, in spite of a condensing temperature of 634. 5 \u00b0C. cyanide is extremely toxic and should only be used for a single, fast, effective, simple, and peaceful killing used. Cyanide is also as deadly container or die tablet known. Potassium cyanide is a highly toxic compound, which is used for fast and efficient execution. It was also used in the fisheries, in order to kill the fish and to get out of the water, a method that is today because of recognizable constituents illegal. Potassium cyanide for sale<\/p>\n<p>A further explanation for potassium cyanide, the re-use of Gold. As a scientific expert, I see myself forced to the fact that the first strategy proposed will not lead to any pure potassium cyanide. Depending on the number of reagents used, you will still have a significant potassium hydroxide staining. Another goal of potassium cyanide, the Recycling of Gold and silver from scrap steel, a topic that will be discussed on the basis of the already mentioned toxicity of cyanides fierce. Its main applications are in the regular and natural mixture, as well as in the production of many important substances, plastics and approved drugs. Potassium cyanide for sale<\/p>\n<p>There are also various studies on cyanide-induced death are available. This can be made from a stable connection (KOH) and a weak Etchant (HCN). It is actually used for the extraction of Gold, silver and other metals. It is one of the cyanide places connected with the decay of Potassium ferrocyanide in front of the Castner-technology. Sell potassium cyanide<\/p>\n<h4>SELL POTASSIUM CYANIDE PILLS:<\/h4>\n<p>Unstimmigkeiten im Herzen sind h\u00e4ufig. Der fokal beginnende Atemstillstand f\u00fchrt zum Tod. KALIUMZYANID ZUM VERKAUF Blaue Lippen, verminderter Bluthochdruck und<a href=\"https:\/\/lsdkaufen.store\/\" target=\"_blank\" rel=\"noopener\"> Krampfanf\u00e4lle<\/a> sind Anzeichen daf\u00fcr. F\u00fcr den Kunden\/die Zielperson, der\/die keine tats\u00e4chlichen Folgen einer Zyanidvergiftung zeigt, k\u00f6nnen extrem vorsichtige Wahrnehmung, zus\u00e4tzlicher Sauerstoff und starke R\u00fccksichtnahme eine ausreichende Behandlung sein.<\/p>\n<p>The original treatment for the Person concerned, which shows the physical effects of cyanide poisoning, which includes the organization of treatments under the supervision of a clinical expert, breathing and circulation (oxygen and intravenous fluids), the setting of synthetic uneven characters in the blood and the Monitoring of seizures. In addition, it finds application in the case of the combination of Hydantoins, the significant fake can be between products when it reacts with a carbonyl compound such as an Aldehyde or ketone in the presence of ammonium carbonate. Potassium cyanide for sale<\/p>\n<p>The yeast-mediated conversion of benzaldehyde into acetaldehyde is quite convincing, because it is one of the first mechanically significant microbial changes, synthesized wherein the resulting Acyloin now d-ephedrine is. Potassium cyanide is an excellent Inhibitor of cellular respiration, acting on mitochondrial cytochrome-c-Oxidase and oxidative phosphorylation inhibits. Potassium cyanide for sale<\/p>\n<p>As a result of anaerobic metabolism is lactic acid poisoning. Since the fabric can not utilize the oxygen in the blood, leads to a severe cyanide damage, first to a dark red or rosy look on the Inside of the victim. Cyanide is a case, a sleeve, an ampoule, or tablet containing a fatally dangerous compound which, when consumed, are extremely toxic hydrocyanic acid-free sets. Sell potassium cyanide<\/p>\n<h5>In ADDITION :<\/h5>\n<p>KALIUMZYANID ZUM VERKAUF Und reagiert, indem es den gesamten K\u00f6rper und seine Sinnesorgane wie den Verstand, das Herz und das fokale Angstprogramm erfasst. Infolgedessen ist die Sauerstoffaufnahme in den Venen des Opfers begrenzt, was zu einem lockeren und ruhigen Tod f\u00fchrt. 27 Weitere Hinweise auf den Herstellungswert sind die hefebedingte Anreicherung von Aldehyd (4a,b) mit fermentativ abgegebenem Acetaldehyd. Kaliumcyanid zum <a href=\"https:\/\/kokaindrogekaufen.com\/en\/product\/ketamin-500-mg-10-ml-zu-verkaufen\/\">Verkauf<\/a><\/p>\n<p>Zusammen mit der Gleichung KCN ist Kaliumcyanid eine Verbindung. Dieses trockene, glasartige Salz, das im Aussehen dem Zucker \u00e4hnelt, l\u00f6st sich schnell in Trinkwasser. Der gr\u00f6\u00dfte Teil von KCN wird im Goldbergbau, bei der normalen Amalgamierung und in der Galvanotechnik verwendet. Zu den kleineren Anwendungen geh\u00f6ren Verzierungen zum \u00dcberziehen und Polieren von Verbindungen. Dadurch wird das Bild freigelegt und verfestigt, so dass es weniger anf\u00e4llig f\u00fcr eine sanfte Behandlung ist. Kaliumcyanid zum Verkauf<\/p>\n<p>Heutige Fotografen, die Platten mit Wasser \u00fcbergie\u00dfen, bevorzugen vielleicht weniger giftige Fixiermittel wie Natriumthiosulfat, aber KCN bleibt beliebt. Kaliumcyanidprodukte Kaliumcyanid hat eine t\u00f6dliche Dosis von 100-300 mg. Seine Toxizit\u00e4t bei der Einnahme wird durch den S\u00e4uregehalt des Magens bestimmt, vor allem weil es mit \u00e4tzenden Stoffen reagieren muss, um Blaus\u00e4ure, die gef\u00e4hrlichste Art von Zyanid, zu bilden. Kaliumcyanid zu verkaufen<\/p>","protected":false},"excerpt":{"rendered":"<p style=\"text-align: center;\">POTASSIUM CYANIDE FOR SALE<\/p>\n<hr \/>\n<p>Kaufen Sie hochwertiges Kaliumzyanid online. Wir bieten sicheren und diskreten Versand weltweit. Bestellen Sie jetzt und erhalten Sie Ihre Lieferung schnell.<\/p>","protected":false},"featured_media":1747,"comment_status":"open","ping_status":"closed","template":"","meta":{"content-type":""},"product_brand":[],"product_cat":[163],"product_tag":[200,201],"class_list":{"0":"post-1729","1":"product","2":"type-product","3":"status-publish","4":"has-post-thumbnail","6":"product_cat-forschung-chemikalien","7":"product_tag-kaufen-kaliumzyanid","8":"product_tag-kaufen-kaliumzyanid-online","10":"first","11":"instock","12":"shipping-taxable","13":"purchasable","14":"product-type-variable"},"_links":{"self":[{"href":"https:\/\/kokaindrogekaufen.com\/en\/wp-json\/wp\/v2\/product\/1729"}],"collection":[{"href":"https:\/\/kokaindrogekaufen.com\/en\/wp-json\/wp\/v2\/product"}],"about":[{"href":"https:\/\/kokaindrogekaufen.com\/en\/wp-json\/wp\/v2\/types\/product"}],"replies":[{"embeddable":true,"href":"https:\/\/kokaindrogekaufen.com\/en\/wp-json\/wp\/v2\/comments?post=1729"}],"wp:featuredmedia":[{"embeddable":true,"href":"https:\/\/kokaindrogekaufen.com\/en\/wp-json\/wp\/v2\/media\/1747"}],"wp:attachment":[{"href":"https:\/\/kokaindrogekaufen.com\/en\/wp-json\/wp\/v2\/media?parent=1729"}],"wp:term":[{"taxonomy":"product_brand","embeddable":true,"href":"https:\/\/kokaindrogekaufen.com\/en\/wp-json\/wp\/v2\/product_brand?post=1729"},{"taxonomy":"product_cat","embeddable":true,"href":"https:\/\/kokaindrogekaufen.com\/en\/wp-json\/wp\/v2\/product_cat?post=1729"},{"taxonomy":"product_tag","embeddable":true,"href":"https:\/\/kokaindrogekaufen.com\/en\/wp-json\/wp\/v2\/product_tag?post=1729"}],"curies":[{"name":"wp","href":"https:\/\/api.w.org\/{rel}","templated":true}]}}