{"id":1735,"date":"2023-06-27T19:20:43","date_gmt":"2023-06-27T18:20:43","guid":{"rendered":"https:\/\/kokaindrogekaufen.com\/?post_type=product&#038;p=1735"},"modified":"2024-07-31T09:08:57","modified_gmt":"2024-07-31T08:08:57","slug":"ketamin-500-mg-10-ml-zu-verkaufen","status":"publish","type":"product","link":"https:\/\/kokaindrogekaufen.com\/en\/product\/ketamin-500-mg-10-ml-zu-verkaufen\/","title":{"rendered":"KETAMINE 500 MG\/ SELLING 10 ML"},"content":{"rendered":"<h2>KETAMINE 500 MG\/ SELLING 10 ML<\/h2>\n<p>Nevertheless, Aaronay the main provider of ketamine, i.e., purchasable, ketamine is, around the globe. The administration of the primary sedative may be delayed up to 15 minutes after the Infusion of ketamine, when the drug was administered intramuscularly as soon as it begins to take effect. Ketamine has proven to be effective to eliminate the enticing side effects of Thiopental. The strong Upper is also included in our selection of ketamine infusions.<\/p>\n<p>It is almost always a good idea to start small and to the entertainment element approach to work. The two substances can lead to a striking loss of consciousness in all areas, by increasing the reverse effects caused ataxia and drowsiness. If you are not placed in the recovery state, is a Regurgitation in ignorance possible. Remember, you can think of the rule, what is undeniable is more when it comes to the medications that you have taken, perhaps, rather than simply take less. Ketamine for sale<\/p>\n<p>Ein KETAMIN 500 MG\u00a0 Kommentar \u00fcber die &#8222;K-\u00d6ffnung.&#8220; ist bekannt f\u00fcr die Herstellung von mehr magere Ergebnisse, die Menschen helfen, sich auf die Therapie Obstruktion Melancholie. Ketamin reduziert Stress, der durch k\u00f6rperliche oder emotionale Traumata verursacht wird, unabh\u00e4ngig davon, ob er dumpf oder intensiv ist. Menschen, die Schilddr\u00fcsenhormone einnehmen, haben bei der Verabreichung von Ketamin ein h\u00f6heres Risiko, Bluthochdruck und Tachykardie zu entwickeln. Ketamin scheint f\u00fcr gelegentliche Anwender relativ sicher zu sein. Bei h\u00e4ufigem Konsum besteht jedoch das potenzielle Langzeitrisiko einer Neurodegeneration. Ketamin zu verkaufen<\/p>\n<h4>LEGAL KETAMINE ONLINE BUY:<\/h4>\n<p>In rhesus monkeys in a delayed intravenous access to the drug has passed (about nine or 24 hours) to a mentally flexible Die. Effects can be faster with a grunt as on some other significant streets are seen. The rapid absorption of a drug directly into the blood, made possible by the nasal mucosa through the wheezing. Due to the rapid increase in the serum concentration, which is caused by the grunts, can ketamine, the blood-brain overcome the barrier quickly. ketamine for sale<\/p>\n<p>Der Zweck der Momentum-Pr\u00fcfung war es, die Substanzbilanz und die k\u00f6rperliche \u00c4hnlichkeit von Ketamin zu bestimmen, nachdem eine 50 mg\/mL-Option mit sterilem Wasser f\u00fcr Infusionen auf 10 mg\/mL abgeschw\u00e4cht, in Glasfl\u00e4schchen geb\u00fcndelt und bei Raumtemperatur mit Offenheit f\u00fcr Sanftheit gelagert wurde. Dieses Medikament wird direkt vom Hersteller zu Ihnen nach Hause geliefert. Wir garantieren die Quantit\u00e4t, KETAMIN 500 MG\u00a0 die hohe Qualit\u00e4t und die Lebensf\u00e4higkeit unserer vom Arzt empfohlenen Medikamente. Ketamin zum Verkauf<\/p>\n<p>Ketamine is offered to the sporty customers, usually in one of two forms. Of the missing salts, referred to as a powder or precious stones (typically as cullet), regardless of multi dose vials are presented for use in the veterinary and human&#039;s prescription. The resistance to the main effects of ketamine was developed for prolonged and repeated use. Individuals expect that these articles overlook dynamically significant doses to achieve comparable results. To sell ketamine<\/p>\n<h4>TO SELL KETAMINE LIQUID:<\/h4>\n<p>After that, it takes about three several times, so that the capacity is, on the Whole, to 50 per cent and 1 \u2013 2 months of the initial value (without even a trace of consumption). These bottles could be focused by 5mg\/mL to 100mg\/mL by the manufacturer to be achieved. Ketamine for sale<\/p>\n<p>Parke-Davis focuses on cases of inadvertent ketamine excesses, which are about ten times higher than for an Operation required amount (i.e., forty to 100 times a sporty Serving) &#034;without self-evident, long-lasting consequences&#034;. If, after the administration of Ketamine hydrochloride, a gag reflex is observed, can be managed, some of the flight route of insurance as a result of the lively laryngeal-pharyngeal reflexes. To sell ketamine<\/p>\n<p>Since Ketamine hydrochloride, however, can trigger the desire to, and securing the reflections can be reduced by reinforcing sedatives and muscle relaxants, should be considered the possibility of a goal into consideration. Doses of 1 to 2 milligrams per kilogram of situation grease generate intense stimulating and dissociative effects for about an hour. To sell ketamine<\/p>\n<p>To the sensations of things like Drifting, excitement and visible results. Larger estimated doses can reach the &#034;K-hole&#034;, where individuals of deep sedation and as an &#034;out-of-body&#034; or &#034;near death&#034; experience, are referred to. When an adequate respiratory exchange is maintained, is a vial of ketamine with the commonly used ordinary and nearby sedatives clinically viable. To sell ketamine<\/p>\n<h4>KETAMINE FOR SALE ONLINE:<\/h4>\n<p>This medication may impair your intellectual Thinking and the ability of a Person concerned, to affect, to push for sure. This class of drugs is included in the list of drugs. In accordance with section 5a of the road traffic act 1988 Directive. The patients should be informed while this medicine is not recommended. Doses greater than 1 mg\/litre in General lead to a full anesthesia, with a small increase in the specialist skills and may require a longer recovery time. Ketamine for sale<\/p>\n<p>Memory loss can occur at higher doses, with a shorter duration of action. As already mentioned, is venous, the induction of Anaesthesia by the administration of a full intravenous or intramuscular ketamine dose is reached. In humans, the anesthetic effects of ketamine HCL significantly from those of other substances differ. Since this drug does not cause low blood pressure, or a suppressed breathing, it is very suitable for the anesthesia in small children, and people with respiratory obstruction. To sell ketamine<\/p>\n<p>Je nach Art und Zeitpunkt des Eingriffs, der tats\u00e4chlichen k\u00f6rperlichen Lage des Betroffenen und anderen Faktoren kann jedoch etwas mehr Diazepam erforderlich sein. Das Auftreten von psychischen Erscheinungen w\u00e4hrend der Dauer des Auftauchens, insbesondere wunsch\u00e4hnliche Beobachtungen und Aufstiegsdelirium. Wenn das Ketamin tats\u00e4chlich intraven\u00f6s verabreicht wurde und die Hauptan\u00e4sthesie allm\u00e4hlich wirkt, kann die zweite Ketamindosis 5 bis 8 Minuten nach der ersten Dosis erforderlich sein. <a href=\"https:\/\/ketaminkaufenn.com\/\" target=\"_blank\" rel=\"noopener\">Ketamin<\/a> zum Verkauf<\/p>\n<p>The snoring of ketamine leads to faster results than the Swallow. Different absorption methods have different prices, to penetrate you in mind, to bring Benefit, and the snoring is, in terms of the speed of the receipt of the benefit, not nearly with Smoking or injection comparable. the psychoactive substance of the patients in whom no Toxicological investigation or documentation of a substance poisoning existed or were tested after sedation in the emergency Department in a positive, were excluded from the analyses. Ketamine for sale<\/p>\n<h4>KETAMINE POWDER FOR SALE:<\/h4>\n<p>Das KETAMIN 500 MG wichtigste vordefinierte Ergebnis war die Intubation auf der Krisenstation. Die Eigenschaften von Ketamin werden durch seinen Einsatz in der An\u00e4sthesie belegt. Es ist eine brauchbare Option f\u00fcr kurzfristige Verfahren, bei denen keine Muskelentspannung erforderlich ist. Ketamin hat eine andere Wirkung auf das Atmungs- und Kreislaufsystem als andere An\u00e4sthetika. Es hat eine wesentlich geringere Wirkung auf die Atmung als die meisten anderen Narkosemittel. Ketamin zum Verkauf<\/p>\n<p>Machen Sie sich jedoch bewusst, dass es keinen best\u00e4tigten Mechanismus f\u00fcr das &#8222;Erreichen der \u00d6ffnung&#8220; gibt und dass dieser nicht anwendbar sein wird. Entwickeln Sie Ihr Verst\u00e4ndnis f\u00fcr die Droge, bevor Sie beispielsweise gro\u00dfe Dosen erhalten. Diese Menschen mussten den &#8222;Graben&#8220; erreichen. Finden Sie eine Dosis, die f\u00fcr Sie gut funktioniert. KETAMIN 500 MG Bei kleinen Kindern kann Ketamin als alleiniges Narkosemittel f\u00fcr kleinere Behandlungen oder als Einleitungsmedikament in Verbindung mit einem neuromuskul\u00e4ren Blocker und einer trachealen Intubation verwendet werden. Ketamin zum Verkauf<\/p>\n<p>Kleine KETAMIN 500 MG\u00a0 Kinder mit zyanotischen Herzproblemen und neuromuskul\u00e4ren St\u00f6rungen sind besonders geeignete Kandidaten f\u00fcr eine Ketaminan\u00e4sthesie. Obwohl die H\u00e4ufigkeit der Ketaminabh\u00e4ngigkeit nicht bekannt ist, entwickeln viele Menschen, die regelm\u00e4\u00dfig Ketamin konsumieren, eine Ketaminabh\u00e4ngigkeit. Anhand von Tierversuchen l\u00e4sst sich auch das Risiko eines Missbrauchs \u00fcberpr\u00fcfen. Ketamin zu verkaufen<\/p>\n<h5>In ADDITION :<\/h5>\n<p>Der KETAMIN 500 MG\u00a0 unmittelbare Eintritt der Folgen der Insufflationsadh\u00e4renz kann au\u00dferdem das Potenzial f\u00fcr den Freizeitdrogenkonsum erh\u00f6hen. Die kurze Dauer der Folgen beg\u00fcnstigt Essanf\u00e4lle. F\u00fcr das Fr\u00fchjahr 1999 sind auf dem Orange Exhibit Fairgrounds in San Bernardino Rave-Konzerte geplant. Ketamin zum Verkauf<\/p>\n<p>Am ersten Wochenende der Demonstrationen erschoss die Polizei einen <a href=\"https:\/\/kokaindrogekaufen.com\/en\/product\/lsd-kaufen\/\">LSD-abh\u00e4ngigen<\/a> US-Marine. Einige Wochen sp\u00e4ter, Mitte April, unterst\u00fctzte er die Polizei von San Bernardino, indem er die 20 mit der Leitung der Rave-Party betrauten Beamten kurz schulte. Wenn die Ketamin-Fl\u00e4schchendosis mit Diazepam erh\u00f6ht wird, sollten die beiden Medikamente getrennt verabreicht werden. In der Spritze oder Infusionsflasche d\u00fcrfen Ketaminhydrochlorid und Diazepam nicht kombiniert werden. Ketamin zu verkaufen<\/p>","protected":false},"excerpt":{"rendered":"<p style=\"text-align: center;\">KETAMINE 500 MG<\/p>\n<p>Entdecken Sie die Vorteile von KETAMIN 500 MG. Erfahren Sie mehr \u00fcber Anwendung, Dosierung und m\u00f6gliche Nebenwirkungen. Ihre Gesundheit ist wichtig!<\/p>","protected":false},"featured_media":1748,"comment_status":"open","ping_status":"closed","template":"","meta":{"content-type":""},"product_brand":[],"product_cat":[188],"product_tag":[199,198],"class_list":{"0":"post-1735","1":"product","2":"type-product","3":"status-publish","4":"has-post-thumbnail","6":"product_cat-ketamine","7":"product_tag-kaufen-ketamin","8":"product_tag-ketamin-500-mg","10":"first","11":"instock","12":"shipping-taxable","13":"purchasable","14":"product-type-variable"},"_links":{"self":[{"href":"https:\/\/kokaindrogekaufen.com\/en\/wp-json\/wp\/v2\/product\/1735"}],"collection":[{"href":"https:\/\/kokaindrogekaufen.com\/en\/wp-json\/wp\/v2\/product"}],"about":[{"href":"https:\/\/kokaindrogekaufen.com\/en\/wp-json\/wp\/v2\/types\/product"}],"replies":[{"embeddable":true,"href":"https:\/\/kokaindrogekaufen.com\/en\/wp-json\/wp\/v2\/comments?post=1735"}],"wp:featuredmedia":[{"embeddable":true,"href":"https:\/\/kokaindrogekaufen.com\/en\/wp-json\/wp\/v2\/media\/1748"}],"wp:attachment":[{"href":"https:\/\/kokaindrogekaufen.com\/en\/wp-json\/wp\/v2\/media?parent=1735"}],"wp:term":[{"taxonomy":"product_brand","embeddable":true,"href":"https:\/\/kokaindrogekaufen.com\/en\/wp-json\/wp\/v2\/product_brand?post=1735"},{"taxonomy":"product_cat","embeddable":true,"href":"https:\/\/kokaindrogekaufen.com\/en\/wp-json\/wp\/v2\/product_cat?post=1735"},{"taxonomy":"product_tag","embeddable":true,"href":"https:\/\/kokaindrogekaufen.com\/en\/wp-json\/wp\/v2\/product_tag?post=1735"}],"curies":[{"name":"wp","href":"https:\/\/api.w.org\/{rel}","templated":true}]}}