{"id":1785,"date":"2023-08-07T08:57:00","date_gmt":"2023-08-07T07:57:00","guid":{"rendered":"https:\/\/kokaindrogekaufen.com\/?page_id=1785"},"modified":"2023-08-07T09:27:53","modified_gmt":"2023-08-07T08:27:53","slug":"drogen-bestellen-im-internet","status":"publish","type":"page","link":"https:\/\/kokaindrogekaufen.com\/fr\/drogen-bestellen-im-internet\/","title":{"rendered":"Livraison"},"content":{"rendered":"<style>\/*! elementor - v3.14.0 - 18-06-2023 *\/\n.elementor-image-gallery .gallery-item{display:inline-block;text-align:center;vertical-align:top;width:100%;max-width:100%;margin:0 auto}.elementor-image-gallery .gallery-item img{margin:0 auto}.elementor-image-gallery .gallery-item .gallery-caption{margin:0}.elementor-image-gallery figure img{display:block}.elementor-image-gallery figure figcaption{width:100%}.gallery-spacing-custom .elementor-image-gallery .gallery-icon{padding:0}@media (min-width:768px){.elementor-image-gallery .gallery-columns-2 .gallery-item{max-width:50%}.elementor-image-gallery .gallery-columns-3 .gallery-item{max-width:33.33%}.elementor-image-gallery .gallery-columns-4 .gallery-item{max-width:25%}.elementor-image-gallery .gallery-columns-5 .gallery-item{max-width:20%}.elementor-image-gallery .gallery-columns-6 .gallery-item{max-width:16.666%}.elementor-image-gallery .gallery-columns-7 .gallery-item{max-width:14.28%}.elementor-image-gallery .gallery-columns-8 .gallery-item{max-width:12.5%}.elementor-image-gallery .gallery-columns-9 .gallery-item{max-width:11.11%}.elementor-image-gallery .gallery-columns-10 .gallery-item{max-width:10%}}@media (min-width:480px) and (max-width:767px){.elementor-image-gallery .gallery.gallery-columns-2 .gallery-item,.elementor-image-gallery .gallery.gallery-columns-3 .gallery-item,.elementor-image-gallery .gallery.gallery-columns-4 .gallery-item,.elementor-image-gallery .gallery.gallery-columns-5 .gallery-item,.elementor-image-gallery .gallery.gallery-columns-6 .gallery-item,.elementor-image-gallery .gallery.gallery-columns-7 .gallery-item,.elementor-image-gallery .gallery.gallery-columns-8 .gallery-item,.elementor-image-gallery .gallery.gallery-columns-9 .gallery-item,.elementor-image-gallery .gallery.gallery-columns-10 .gallery-item{max-width:50%}}@media (max-width:479px){.elementor-image-gallery .gallery.gallery-columns-2 .gallery-item,.elementor-image-gallery .gallery.gallery-columns-3 .gallery-item,.elementor-image-gallery .gallery.gallery-columns-4 .gallery-item,.elementor-image-gallery .gallery.gallery-columns-5 .gallery-item,.elementor-image-gallery .gallery.gallery-columns-6 .gallery-item,.elementor-image-gallery .gallery.gallery-columns-7 .gallery-item,.elementor-image-gallery .gallery.gallery-columns-8 .gallery-item,.elementor-image-gallery .gallery.gallery-columns-9 .gallery-item,.elementor-image-gallery .gallery.gallery-columns-10 .gallery-item{max-width:100%}}<\/style>\n<figure class='gallery-item'>\n\t\t\t\t<a data-elementor-open-lightbox=\"yes\" data-elementor-lightbox-slideshow=\"cdf8b80\" data-elementor-lightbox-title=\"Ecstasy kAUFEN\" data-e-action-hash=\"#elementor-action%3Aaction%3Dlightbox%26settings%3DeyJpZCI6MTc5MywidXJsIjoiaHR0cDpcL1wva29rYWluZHJvZ2VrYXVmZW4uY29tXC93cC1jb250ZW50XC91cGxvYWRzXC8yMDIzXC8wOFwvRWNzdGFzeS1rQVVGRU4uanBnIiwic2xpZGVzaG93IjoiY2RmOGI4MCJ9\" href='http:\/\/kokaindrogekaufen.com\/wp-content\/uploads\/2023\/08\/Ecstasy-kAUFEN.jpg'><img width=\"225\" height=\"300\" src=\"http:\/\/kokaindrogekaufen.com\/wp-content\/uploads\/2023\/08\/Ecstasy-kAUFEN-225x300.jpg\" alt=\"\" decoding=\"async\" loading=\"lazy\" srcset=\"https:\/\/kokaindrogekaufen.com\/wp-content\/uploads\/2023\/08\/Ecstasy-kAUFEN-225x300.jpg 225w, https:\/\/kokaindrogekaufen.com\/wp-content\/uploads\/2023\/08\/Ecstasy-kAUFEN-300x400.jpg 300w, https:\/\/kokaindrogekaufen.com\/wp-content\/uploads\/2023\/08\/Ecstasy-kAUFEN-600x800.jpg 600w, https:\/\/kokaindrogekaufen.com\/wp-content\/uploads\/2023\/08\/Ecstasy-kAUFEN.jpg 720w\" sizes=\"(max-width: 225px) 100vw, 225px\" \/><\/a><br \/>\n\t\t\t<\/figure>\n<figure class='gallery-item'>\n\t\t\t\t<a data-elementor-open-lightbox=\"yes\" data-elementor-lightbox-slideshow=\"cdf8b80\" data-elementor-lightbox-title=\"cali weed online\" data-e-action-hash=\"#elementor-action%3Aaction%3Dlightbox%26settings%3DeyJpZCI6MTc5NSwidXJsIjoiaHR0cDpcL1wva29rYWluZHJvZ2VrYXVmZW4uY29tXC93cC1jb250ZW50XC91cGxvYWRzXC8yMDIzXC8wOFwvY2FsaS13ZWVkLW9ubGluZS5qcGciLCJzbGlkZXNob3ciOiJjZGY4YjgwIn0%3D\" href='http:\/\/kokaindrogekaufen.com\/wp-content\/uploads\/2023\/08\/cali-weed-online.jpg'><img width=\"169\" height=\"300\" src=\"http:\/\/kokaindrogekaufen.com\/wp-content\/uploads\/2023\/08\/cali-weed-online-169x300.jpg\" alt=\"\" decoding=\"async\" loading=\"lazy\" srcset=\"https:\/\/kokaindrogekaufen.com\/wp-content\/uploads\/2023\/08\/cali-weed-online-169x300.jpg 169w, https:\/\/kokaindrogekaufen.com\/wp-content\/uploads\/2023\/08\/cali-weed-online-576x1024.jpg 576w, https:\/\/kokaindrogekaufen.com\/wp-content\/uploads\/2023\/08\/cali-weed-online-300x533.jpg 300w, https:\/\/kokaindrogekaufen.com\/wp-content\/uploads\/2023\/08\/cali-weed-online-600x1067.jpg 600w, https:\/\/kokaindrogekaufen.com\/wp-content\/uploads\/2023\/08\/cali-weed-online.jpg 720w\" sizes=\"(max-width: 169px) 100vw, 169px\" \/><\/a><br \/>\n\t\t\t<\/figure>\n<figure class='gallery-item'>\n\t\t\t\t<a data-elementor-open-lightbox=\"yes\" data-elementor-lightbox-slideshow=\"cdf8b80\" data-elementor-lightbox-title=\"Cali weed delivery\" data-e-action-hash=\"#elementor-action%3Aaction%3Dlightbox%26settings%3DeyJpZCI6MTc5NiwidXJsIjoiaHR0cDpcL1wva29rYWluZHJvZ2VrYXVmZW4uY29tXC93cC1jb250ZW50XC91cGxvYWRzXC8yMDIzXC8wOFwvQ2FsaS13ZWVkLWRlbGl2ZXJ5LmpwZyIsInNsaWRlc2hvdyI6ImNkZjhiODAifQ%3D%3D\" href='http:\/\/kokaindrogekaufen.com\/wp-content\/uploads\/2023\/08\/Cali-weed-delivery.jpg'><img width=\"225\" height=\"300\" src=\"http:\/\/kokaindrogekaufen.com\/wp-content\/uploads\/2023\/08\/Cali-weed-delivery-225x300.jpg\" alt=\"\" decoding=\"async\" loading=\"lazy\" srcset=\"https:\/\/kokaindrogekaufen.com\/wp-content\/uploads\/2023\/08\/Cali-weed-delivery-225x300.jpg 225w, https:\/\/kokaindrogekaufen.com\/wp-content\/uploads\/2023\/08\/Cali-weed-delivery-768x1024.jpg 768w, https:\/\/kokaindrogekaufen.com\/wp-content\/uploads\/2023\/08\/Cali-weed-delivery-300x400.jpg 300w, https:\/\/kokaindrogekaufen.com\/wp-content\/uploads\/2023\/08\/Cali-weed-delivery-600x800.jpg 600w, https:\/\/kokaindrogekaufen.com\/wp-content\/uploads\/2023\/08\/Cali-weed-delivery.jpg 960w\" sizes=\"(max-width: 225px) 100vw, 225px\" \/><\/a><br \/>\n\t\t\t<\/figure>\n<figure class='gallery-item'>\n\t\t\t\t<a data-elementor-open-lightbox=\"yes\" data-elementor-lightbox-slideshow=\"cdf8b80\" data-elementor-lightbox-title=\"cali weed UK\" data-e-action-hash=\"#elementor-action%3Aaction%3Dlightbox%26settings%3DeyJpZCI6MTc5NywidXJsIjoiaHR0cDpcL1wva29rYWluZHJvZ2VrYXVmZW4uY29tXC93cC1jb250ZW50XC91cGxvYWRzXC8yMDIzXC8wOFwvY2FsaS13ZWVkLVVLLmpwZyIsInNsaWRlc2hvdyI6ImNkZjhiODAifQ%3D%3D\" href='http:\/\/kokaindrogekaufen.com\/wp-content\/uploads\/2023\/08\/cali-weed-UK.jpg'><img width=\"184\" height=\"300\" src=\"http:\/\/kokaindrogekaufen.com\/wp-content\/uploads\/2023\/08\/cali-weed-UK-184x300.jpg\" alt=\"\" decoding=\"async\" loading=\"lazy\" srcset=\"https:\/\/kokaindrogekaufen.com\/wp-content\/uploads\/2023\/08\/cali-weed-UK-184x300.jpg 184w, https:\/\/kokaindrogekaufen.com\/wp-content\/uploads\/2023\/08\/cali-weed-UK-627x1024.jpg 627w, https:\/\/kokaindrogekaufen.com\/wp-content\/uploads\/2023\/08\/cali-weed-UK-768x1254.jpg 768w, https:\/\/kokaindrogekaufen.com\/wp-content\/uploads\/2023\/08\/cali-weed-UK-300x490.jpg 300w, https:\/\/kokaindrogekaufen.com\/wp-content\/uploads\/2023\/08\/cali-weed-UK-600x980.jpg 600w, https:\/\/kokaindrogekaufen.com\/wp-content\/uploads\/2023\/08\/cali-weed-UK.jpg 784w\" sizes=\"(max-width: 184px) 100vw, 184px\" \/><\/a><br \/>\n\t\t\t<\/figure>\n<figure class='gallery-item'>\n\t\t\t\t<a data-elementor-open-lightbox=\"yes\" data-elementor-lightbox-slideshow=\"cdf8b80\" data-elementor-lightbox-title=\"buy weed online reivews\" data-e-action-hash=\"#elementor-action%3Aaction%3Dlightbox%26settings%3DeyJpZCI6MTc5OCwidXJsIjoiaHR0cDpcL1wva29rYWluZHJvZ2VrYXVmZW4uY29tXC93cC1jb250ZW50XC91cGxvYWRzXC8yMDIzXC8wOFwvYnV5LXdlZWQtb25saW5lLXJlaXZld3MuanBnIiwic2xpZGVzaG93IjoiY2RmOGI4MCJ9\" href='http:\/\/kokaindrogekaufen.com\/wp-content\/uploads\/2023\/08\/buy-weed-online-reivews.jpg'><img width=\"225\" height=\"300\" src=\"http:\/\/kokaindrogekaufen.com\/wp-content\/uploads\/2023\/08\/buy-weed-online-reivews-225x300.jpg\" alt=\"\" decoding=\"async\" loading=\"lazy\" srcset=\"https:\/\/kokaindrogekaufen.com\/wp-content\/uploads\/2023\/08\/buy-weed-online-reivews-225x300.jpg 225w, https:\/\/kokaindrogekaufen.com\/wp-content\/uploads\/2023\/08\/buy-weed-online-reivews-768x1024.jpg 768w, https:\/\/kokaindrogekaufen.com\/wp-content\/uploads\/2023\/08\/buy-weed-online-reivews-300x400.jpg 300w, https:\/\/kokaindrogekaufen.com\/wp-content\/uploads\/2023\/08\/buy-weed-online-reivews-600x800.jpg 600w, https:\/\/kokaindrogekaufen.com\/wp-content\/uploads\/2023\/08\/buy-weed-online-reivews.jpg 960w\" sizes=\"(max-width: 225px) 100vw, 225px\" \/><\/a><br \/>\n\t\t\t<\/figure>\n<figure class='gallery-item'>\n\t\t\t\t<a data-elementor-open-lightbox=\"yes\" data-elementor-lightbox-slideshow=\"cdf8b80\" data-elementor-lightbox-title=\"Kokain bestellen\" data-e-action-hash=\"#elementor-action%3Aaction%3Dlightbox%26settings%3DeyJpZCI6MTgwMCwidXJsIjoiaHR0cDpcL1wva29rYWluZHJvZ2VrYXVmZW4uY29tXC93cC1jb250ZW50XC91cGxvYWRzXC8yMDIzXC8wOFwvS29rYWluLWJlc3RlbGxlbi5qcGciLCJzbGlkZXNob3ciOiJjZGY4YjgwIn0%3D\" href='http:\/\/kokaindrogekaufen.com\/wp-content\/uploads\/2023\/08\/Kokain-bestellen.jpg'><img width=\"225\" height=\"300\" src=\"http:\/\/kokaindrogekaufen.com\/wp-content\/uploads\/2023\/08\/Kokain-bestellen-225x300.jpg\" alt=\"\" decoding=\"async\" loading=\"lazy\" srcset=\"https:\/\/kokaindrogekaufen.com\/wp-content\/uploads\/2023\/08\/Kokain-bestellen-225x300.jpg 225w, https:\/\/kokaindrogekaufen.com\/wp-content\/uploads\/2023\/08\/Kokain-bestellen-768x1024.jpg 768w, https:\/\/kokaindrogekaufen.com\/wp-content\/uploads\/2023\/08\/Kokain-bestellen-300x400.jpg 300w, https:\/\/kokaindrogekaufen.com\/wp-content\/uploads\/2023\/08\/Kokain-bestellen-600x800.jpg 600w, https:\/\/kokaindrogekaufen.com\/wp-content\/uploads\/2023\/08\/Kokain-bestellen.jpg 960w\" sizes=\"(max-width: 225px) 100vw, 225px\" \/><\/a><br \/>\n\t\t\t<\/figure>\n<h1>Le N \u00b0 1 de Boutique en ligne Drogues commander sur internet<\/h1>\n<p>Drogues acheter en ligne. La meilleure Adresse pour s\u00fbr et facile Marijuana, Haschisch, Coca\u00efne, MDMA, Amph\u00e9tamines et de commander. Sans frais d&#039;Exp\u00e9dition en Allemagne. Paneurop\u00e9ens les Cargaisons sans frais suppl\u00e9mentaires lors de l&#039;Exp\u00e9dition. Plus Zustellquote gr\u00e2ce discr\u00e8te et herm\u00e9tique de l&#039;Emballage en Carton et des Sacs de Feuilles \u00e0 l&#039;int\u00e9rieur. Avec DHL num\u00e9ro de suivi pour le Suivi de la Drogue Diffusion.<\/p>\n<h2>Bitcoin \u2013 Paiement S\u00e9curis\u00e9 lors de vos Achats<\/h2>\n<p>Pour des raisons de S\u00e9curit\u00e9, nous acceptons dans notre Boutique seulement les Kryptow\u00e4hrung de Bitcoin. Pourquoi? Tout simplement. Nous voulons tous lors de la commande de Substances illicites rester anonyme et de ne pas saluer des Risques. En outre, un Paiement par Bitcoin d&#039;autres Avantages. Le Paiement en quelques secondes r\u00e9gl\u00e9e. Une fois que vous tes Drogenbestellung dans notre Boutique en avez faites, et nous le Montant d\u00fb sur notre Portefeuille a envoy\u00e9, votre Commande sera automatiquement par notre Syst\u00e8me accept\u00e9es et trait\u00e9es. Le Paiement reste compl\u00e8tement transparent. Les deux Parties peuvent, sur la Blockchain Explorer l&#039;\u00c9tat de la BTC \u00c9mission consulter. Sur l&#039;ID de la Transaction, tout le monde peut voir o\u00f9 la Somme est. Il ne peut donc rien de mal. Le Paiement par Bitcoin est aussi tr\u00e8s difficile \u00e0 cerner.\u00a0<\/p>\n<h2>VPN T\u00e9l\u00e9chargement \u2013 Plus de S\u00e9curit\u00e9 lors de la Navigation<\/h2>\n<p>Bien que nous extr\u00eamement toute S\u00e9curit\u00e9 et les donn\u00e9es automatiquement apr\u00e8s un court laps de Temps \u00e0 partir de notre Syst\u00e8me de suppression, nous recommandons \u00e0 nos Clients tout de m\u00eame un VPN \u00e0 utiliser avant de Vous une Drogenbestellung abandonner. Il y a beaucoup de Solutions VPN. Personnellement, nous avons une bonne Exp\u00e9rience avec le Nord VPG et de la Porte de Navigateur. VPN Services, de changer Votre Adresse IP et de dissimuler Leur Identit\u00e9 sur Internet. Il reste donc aucune Informations \u00e0 propos de Votre Achat dans notre Syst\u00e8me. Le Torbrowser pouvez-vous gratuitement pour Windows ou Mac, t\u00e9l\u00e9charger et l&#039;installer. Si tu de ton Smartphone souhaitez commander, vous pourrez ensuite\u00a0<a href=\"https:\/\/nordvpn.com\/de\/download\/windows\/\" target=\"_blank\" rel=\"noopener\">Nord-VPN installer l&#039;Application<\/a>. Le Service co\u00fbte environ 35 \u20ac par An. Cela devrait te ta S\u00e9curit\u00e9 en valeur.<\/p>\n<h2>Les Informations De Livraison, \u2013 Les Drogues De Livraison<\/h2>\n<p>Bien s\u00fbr, nous tenons aussi \u00e0 l&#039;Exp\u00e9dition des produits achet\u00e9s Drogues strictement sur la S\u00e9curit\u00e9. Nous exp\u00e9dions les Drogues tr\u00e8s discr\u00e8tement et sans odeur. Les Drogues, le Colis et l&#039;Enveloppe de nous qu&#039;avec des Gants touch\u00e9. Tout d&#039;abord, les Drogues avec une Machine sp\u00e9ciale, nous vakuumiert, en nous appuyant sur l&#039;Air du Sachet de se soustraire. Ensuite, nous vos Drogues, encore une fois, le soudage et avec un sp\u00e9cial Anti-Dog-Spray traiter afin de la Police, des Chiens renifleurs rien sentir. Ton Enveloppe est d\u00e9guis\u00e9 et il est constamment \u00e0 la Strat\u00e9gie modifi\u00e9.<\/p>\n<p>Donc, ne t&#039;\u00e9tonne pas, par exemple, si un Nom d&#039;une Soci\u00e9t\u00e9 de Cosm\u00e9tiques sur l&#039;Enveloppe disponible. Pour plus d&#039;Informations sur l&#039;Enveloppe et l&#039;Emballage de la Drogue, nous pouvons ici pour des raisons de S\u00e9curit\u00e9, mais vous pouvez \u00eatre s\u00fbr que nous allons tout faire pour ne pas \u00eatre pris. Gr\u00e2ce \u00e0 nos ann\u00e9es d&#039;Exp\u00e9rience dans le Commerce en Ligne de M\u00e9dicaments et de Stup\u00e9fiants est notre quota de Livraison de plus de 96 %. Toutefois, si un Paquet de fois de ne pas arriver, tu peux nous contacter via notre Syst\u00e8me de Ticket lettre de motivation et nous serons \u00e0 votre Cas, de consid\u00e9rer attentivement. Si l&#039;Erreur chez nous, vous recevrez 100% de votre Argent. Vous pouvez donc sans soucis ton\u00a0<a href=\"https:\/\/kokaindrogekaufen.com\/fr\/\">DROGUES, ACHETER<\/a>\u00a0ou ton\u00a0<a href=\"https:\/\/kokaindrogekaufen.com\/fr\/product-category\/kokain\/\">La coca\u00efne commander<\/a>.<\/p>","protected":false},"excerpt":{"rendered":"<p>Der Nr. 1 Onlineshop \u2013 Drogen bestellen im internet Drogen online kaufen. Die beste Adresse, um sicher und einfach Weed, Hasch, Kokain, MDMA und Amphetamin zu bestellen. Ohne Versandkosten innerhalb Deutschlands. Europaweite\u00a0Drogenlieferungen\u00a0ohne Aufpreis beim Versand. H\u00f6chste Zustellquote dank diskreter und luftdichter Verpackung aus Karton und Beutel aus Aluminiumverbundfolie innen. Mit DHL Trackingnummer zur Verfolgung der Drogen-Sendung. Bitcoin \u2013 Sichere Zahlung beim Einkaufen Aus Sicherheitsgr\u00fcnden akzeptieren wir in unserem Shop nur die Kryptow\u00e4hrung Bitcoin. Warum? Ganz einfach. Wir m\u00f6chten alle beim Bestellen von illegalen Substanzen anonym bleiben und keine gr\u00fc\u00dfen Risiken eingehen. Zudem hat eine Zahlung per Bitcoin auch andere gute\u2026<\/p>","protected":false},"author":1,"featured_media":0,"parent":0,"menu_order":0,"comment_status":"closed","ping_status":"closed","template":"","meta":{"content-type":"","footnotes":""},"class_list":["post-1785","page","type-page","status-publish","hentry"],"blocksy_meta":"","_links":{"self":[{"href":"https:\/\/kokaindrogekaufen.com\/fr\/wp-json\/wp\/v2\/pages\/1785"}],"collection":[{"href":"https:\/\/kokaindrogekaufen.com\/fr\/wp-json\/wp\/v2\/pages"}],"about":[{"href":"https:\/\/kokaindrogekaufen.com\/fr\/wp-json\/wp\/v2\/types\/page"}],"author":[{"embeddable":true,"href":"https:\/\/kokaindrogekaufen.com\/fr\/wp-json\/wp\/v2\/users\/1"}],"replies":[{"embeddable":true,"href":"https:\/\/kokaindrogekaufen.com\/fr\/wp-json\/wp\/v2\/comments?post=1785"}],"version-history":[{"count":9,"href":"https:\/\/kokaindrogekaufen.com\/fr\/wp-json\/wp\/v2\/pages\/1785\/revisions"}],"predecessor-version":[{"id":1803,"href":"https:\/\/kokaindrogekaufen.com\/fr\/wp-json\/wp\/v2\/pages\/1785\/revisions\/1803"}],"wp:attachment":[{"href":"https:\/\/kokaindrogekaufen.com\/fr\/wp-json\/wp\/v2\/media?parent=1785"}],"curies":[{"name":"wp","href":"https:\/\/api.w.org\/{rel}","templated":true}]}}