{"id":1443,"date":"2023-06-27T19:19:16","date_gmt":"2023-06-27T18:19:16","guid":{"rendered":"https:\/\/kokaindrogekaufen.com\/?post_type=product&#038;p=1443"},"modified":"2026-01-27T00:55:36","modified_gmt":"2026-01-27T00:55:36","slug":"2c-pink-kokain-zu-verkaufen","status":"publish","type":"product","link":"https:\/\/kokaindrogekaufen.com\/fr\/product\/2c-pink-kokain-zu-verkaufen\/","title":{"rendered":"2C-ROSE DE LA COCA\u00cfNE \u00c0 VENDRE"},"content":{"rendered":"<p>En r\u00e9sum\u00e9, on peut dire que nous 2C-rose Poudre \u00e0 travers le Monde \u00e0 proposer \u00e0 la Vente. 2C-Rose-Poudre de coca\u00efne est G\u00e9n\u00e9ralement une rose \u00c9tui ou d&#039;une Poudre qui est pris par voie orale ou par voie intranasale grogn est. Il ne devrait pas \u00eatre avec le 2C-rose Kokainpulverhydrochlorid \u00eatre confondu avec le v\u00e9g\u00e9tal Energizer, comme le grand, Poudre blanche qui ressemble \u00e0 de l&#039;. 2K-Rose-Poudre est un Type de 2K, les M\u00e9dicaments, les professionnels peuvent \u00eatre prescrits et que la Ph\u00e9nyl\u00e9thylamine-Planermedizin sont connus. 2C-rose Poudre pour la Vente<\/p>\n<p>Les Effets de 2K rose Poudre sont, en G\u00e9n\u00e9ral, par les Types de Prescriptions ou des Substances suppl\u00e9mentaires d\u00e9j\u00e0 mis en place pour le M\u00e9dicament dans un Groupe sp\u00e9cifique \u00e0 l&#039;acheter. Phenylethylamine, sont une Classe de M\u00e9dicaments stimulants et Effets psychoactifs. Ces recommand\u00e9es par le M\u00e9decin de Tranquillisants comprennent \u00e9galement les Amph\u00e9tamines, la M\u00e9thamph\u00e9tamine et de la MDMA. Au cours des dix derni\u00e8res Ann\u00e9es, la Ph\u00e9nyl\u00e9thylamine 2C-Rose-Poudre de coca\u00efne d&#039;une Reprise Sportdroge v\u00e9cu dans des Clubs, dans le Sud et dans le Centre des \u00e9tats-UNIS a commenc\u00e9, o\u00f9 il est Rose Cocaine ou Bromo a \u00e9t\u00e9 connu. 2C-Rose-Poudre pour la Vente<\/p>\n<p>2C-Rose-Poudre de coca\u00efne est une Drogue du syst\u00e8me Nerveux central, les r\u00e9cepteurs de la dopamine dans le Cerveau \u00e9volue. Bien que rose, la Coca\u00efne, les r\u00e9cepteurs de la dopamine peut influer sur, la plus grande \u00c9tude montre que les r\u00e9cepteurs de la s\u00e9rotonine influence. 2C-Rose-Poudre de coca\u00efne est un Stimulant du syst\u00e8me Nerveux central, le r\u00e9cepteurs de la dopamine dans le Cerveau influence. Alors que 2K-Rose-Poudre r\u00e9cepteurs de la dopamine peut affecter \u00e0 penser que la plupart des \u00c9tudes indiquent qu&#039;il r\u00e9cepteurs de la s\u00e9rotonine influence. Surdosage avec le 2C-Rose-Poudre de coca\u00efne. 2C-rose Poudre \u00e0 vendre<\/p>\n<h3>2C-ROSE COCA\u00cfNE ACHETER EN LIGNE:<\/h3>\n<p>Les deux types de sel doivent \u00eatre dans leur \u00c9tat naturel, blanc, mais les Nuances de blanc et de brun riche. Blanc 2K-Rose-Poudre de coca\u00efne n&#039;affiche pas imm\u00e9diatement qu&#039;il s&#039;agit d&#039;un pur Produit de, et de brun 2K-Rose-Poudre, la finition est tr\u00e8s impressionnant, peut-\u00eatre. S\u00e9lectionnez la Poudre presque jamais de sa Couleur. Lors d&#039;un &#034;Slam Pack&#034; ou &#034;Banana S\u00e9par\u00e9e&#034; est le 2C-rose Poudre avec Bliss ou LSD combine, pour renforcer l&#039;Effet. 2C-rose Poudre \u00e0 vendre<\/p>\n<p>\u201c La Combinaison de ces M\u00e9dicaments augmente le Risque antagonistischer Effets d&#039;un Surdosage. 2C-Rose-Poudre de coca\u00efne est g\u00e9n\u00e9ralement de l&#039;Argot Terme pour le produit techniquement Ph\u00e9nyl\u00e9thylamine 2C-B. Il s&#039;agit d&#039;une populaire Architektendroge, en raison de leur aufputschenden et Propri\u00e9t\u00e9s psychoactives, souvent dans de nombreux Clubs et \u00c9v\u00e9nements est utilis\u00e9. 2C-rose Poudre pour la Vente<\/p>\n<p>Les R\u00e9sultats sont obtenus avec l&#039;Aide d&#039;une Technique combin\u00e9e, qui est la Quantit\u00e9 de Votre Portion indique. Dans les petites Doses, le M\u00e9dicament peut \u00e9galement une Augmentation du rythme Cardiaque, une Augmentation de la provocation d&#039;une Nettet\u00e9 et d&#039;une Exp\u00e9rience du sensible Ivresse provoquer. Les Effets du 2C-Rose-Poudre de laisser plus de temps \u00e0 attendre que d&#039;autres M\u00e9dicaments, y compris l&#039;Euphorie. 2C-Rose-Poudre \u00e0 vendre<\/p>\n<h4>2C-ROSE COCA\u00cfNE \u00c0 VENDRE:<\/h4>\n<p>Il dure G\u00e9n\u00e9ralement de une \u00e0 deux Heures, jusqu&#039;\u00e0 ce que le M\u00e9dicament apr\u00e8s la Prise d&#039;atteindre le Cerveau. Ses Effets durent entre quatre et huit Heures. Rose Poudre 2C Dans l&#039;Air froid hydrolys\u00e9 HCl et se divise \u00e0 son Tropanskelett \u00e0 partir du Lien ci-dessus, Methylbenzoat \u00e0 former. En outre, les Scientifiques ont combinatoire de Proc\u00e9dures pour les cours ermutigendsten Analogues \u00e0 expliquer et \u00e0 vous, jusqu&#039;\u00e0 l&#039;Extr\u00e9mit\u00e9 de m\u00e9langer de nouveau et pratique des M\u00e9langes \u00e0 explorer, pour leur Utilisation pour contrastante sp\u00e9cifiques des Raisons particuli\u00e8res de les am\u00e9liorer. 2C-rose Poudre pour la Vente<\/p>\n<p>Il s&#039;agit d&#039;un interdit de la Poudre dans le Monde entier pour le Bien-\u00eatre utilis\u00e9e. C&#039;est seulement individuel de la M\u00e9decine, dans quelques Formes, comme la Pilule, le Conteneur ou de poudre de Forme. Nous Vous pr\u00e9sentons des Comprim\u00e9s \u00e0 la Disposition de la commune et de M\u00e9thode \u00e9prouv\u00e9e pour l&#039;Administration de ce M\u00e9dicament pour le repr\u00e9senter. 2C-Rose-Poudre de coca\u00efne n&#039;est pas la m\u00eame chose que le 2C-B et n&#039;a rien \u00e0 voir avec le 2C-Rose-Poudre de coca\u00efne Chlorhydrate de faire. 2C-Rose-Poudre pour la Vente<br \/>\nTen artyku\u0142 oferuje bezp\u0142atn\u0105 wysy\u0142k\u0119 w przypadku kwalifikuj\u0105cych si\u0119 produkt\u00f3w <a href=\"https:\/\/www.high-endrolex.com\/\" target=\"_blank\" rel=\"noopener\">Face mask<\/a> produkty lub kup online i odbierz dzisiaj w sklepie w dziale medycznym<br \/>\nEn Am\u00e9rique du sud, le 2C-Rose-Poudre de coca\u00efne et d&#039;autres M\u00e9dicaments fabriqu\u00e9s actuelle, professionnellement M\u00e9dicaments prescrits pr\u00e9vu. L&#039;Effet stimulant est insignifiant, alors que des Effets psych\u00e9d\u00e9liques qu&#039;apr\u00e8s la Consommation de grandes Quantit\u00e9s de la Substance se produire. Le Temps jusqu&#039;\u00e0 la survenue de ces Effets se situe entre 4 et 8 Heures. Compte Tenu de cela, il est fascinant que le Caract\u00e8re de 2C-Rose Coca\u00efne Poudre accepte, car les Cons\u00e9quences de la Prise de ce M\u00e9dicament par Rapport \u00e0 2C-Rose Coca\u00efne Poudre de Chlorhydrate sont n\u00e9gligeables. 2C-Rose-Poudre pour la Vente<\/p>\n<h4>2C-ROSE COCA\u00cfNE<\/h4>\n<p>2C-rose Poudre est accessible sur Internet \u00e0 des Prix raisonnables, d&#039;\u00eatre acquis. Nous comprenons que beaucoup d&#039;entre Vous devez comprendre combien il est pratique, 2C-rose Poudre Libre, \u00e0 vendre, \u00e0 de la Recherche. Nous voulons que Vous compreniez que nous sommes en premi\u00e8re Ligne de toutes les mesures de S\u00e9curit\u00e9 \u00e0 l&#039;\u00c9gard des Donn\u00e9es et des R\u00e9alit\u00e9s, ainsi que la S\u00e9curit\u00e9 de nos Clients ont pris. 2C-rose Poudre pour la Vente<\/p>\n<p>2C-rose Poudre est un Type de 2C, la Pilule comme la Ph\u00e9nyl\u00e9thylamine-similaires Schneiderpillen est connu. Phenylethylamine sont une Classe de M\u00e9dicaments stimulant et des Effets psychoactifs ont. Les amph\u00e9tamines, la M\u00e9thamph\u00e9tamine et de la MDMA sont \u00e9galement \u00e0 ces produits Stimulants. En ce qui concerne l&#039;Effet s\u00e9datif est Dim\u00e9thicone \u00e0 la Coca\u00efne \u00e9quivalent. L&#039;Intralipid-&#034;Sauvetage&#034; est toujours d&#039;Inverser la moins cardiotoxique Effets de Natriumkanalblockern et aussi, probablement, ces R\u00e9sultats utilis\u00e9s. 2C-rose Poudre pour la Vente<\/p>\n<p>Hallucinogenics Items ist ein weltweiter Pionier auf dem Web-Lieferant von komplettem Wohlbefinden und Wellness und Standard Heilung halluzinogenen und Cannabis Arrangements. Wir haben diesen Artikel geschrieben, um Ihnen die besten Qualit\u00e4tsprodukte anzubieten. 2C-Pnk C\u043e\u0441\u0430n\u0435 P\u043ewd\u0435r ist ein rosafarbener Beh\u00e4lter mit mehr Informationen oder Pulver, das absolut oral oder intranasal verwendet wird. Es sollte nicht mit 2C-Pink Cocaine Powder <a href=\"https:\/\/ketaminkaufenn.com\/\" target=\"_blank\" rel=\"noopener\">Hydrochloride<\/a> kombiniert werden, einem Medikament auf pflanzlicher Basis, das das Aussehen eines modischen, wei\u00dfen Pulvers hat. 2C-Pink-Kokainpulver zum Verkauf<\/p>\n<h4>LA COCA\u00cfNE \u00c0 VENDRE:<\/h4>\n<p>La Hausse des faux M\u00e9dicaments en Argentine et en Uruguay, est un Exemple de la fa\u00e7on dont les Organisations criminelles \u00e0 la Demande croissante de ces M\u00e9dicaments r\u00e9gler. 2C-Rose-Poudre est un M\u00e9dicament qui, tout r\u00e9cemment, a gagn\u00e9 en Popularit\u00e9. La consommation de Drogues n&#039;est cependant pas un Ph\u00e9nom\u00e8ne nouveau, mais a une longue Histoire. Ainsi consomm\u00e9 des Indig\u00e8nes, \u00e0 cette \u00c9poque, les feuilles de coca ou Peyote en tant que Partie de leurs Coutumes. 2C-rose Poudre pour la Vente<\/p>\n<p>Bien que l&#039;Argentine aucun Hotspot de la Consommation de Coca\u00efne est, se trouve le Centre commercial de M\u00e9dicaments dans la Province, \u00e0 Proximit\u00e9 du local, en mouvement de l&#039;\u00c9l\u00e9ment. Si c&#039;est dans de tr\u00e8s faibles Doses \u00e9lev\u00e9es, il peut fragile vivifiant \u00e0 produire des R\u00e9sultats; toutefois, s&#039;il est en grande Quantit\u00e9 est pris, il peut tr\u00e8s grandes R\u00e9ponses et \u00e9tonnante de Fantasmes, de produire. 2C-Rose-Poudre pour la Vente<\/p>\n<p>Die Wirkung von 2C-Pink-Kokainpulver erreicht ihren H\u00f6hepunkt in der Regel innerhalb von zwei Stunden, kann aber bis zu acht Stunden anhalten. 2C-pink Kokainpulver ist eine prim\u00e4re Interaktionsdroge, die die Dopaminrezeptoren als Teil Ihrer Wahrnehmung ver\u00e4ndert. Obwohl pinkes <a href=\"https:\/\/kokaindrogekaufen.com\/fr\/kokain-preis\/\">La coca\u00efne<\/a> Dopaminrezeptoren beeinflussen kann, hat die Mehrheit der Forschung herausgefunden, dass es Serotoninrezeptoren beeinflusst. 2C-rosa Kokainpulver zum Verkauf<\/p>\n<h4>En OUTRE:<\/h4>\n<p>Ceci est un Avertissement \u00e0 un grand Nombre de Personnes, ce genre de Choses consommer. Gardez les Choses dans l&#039;\u0152il et de contr\u00f4ler Vos M\u00e9dicaments! Laissez-Vous pour Votre propre S\u00e9curit\u00e9, Leurs Substances de Laboratoire de test ou de tester au moins Votre 2C-rose Poudre avec les principaux R\u00e9actifs, le Marquis de R\u00e9actif et le Mecke R\u00e9actif de l&#039;\u00eatre. 2C-rose Poudre pour la Vente<\/p>\n<p>La seule Similitude entre les deux M\u00e9dicaments, votre Apparence physique, en particulier la Pr\u00e9sentation sous forme de Poudre. Ind\u00e9pendamment contient le 2C-Rose-Poudre plus gewohnheitsbildende Force \u00e9lectrique, les autres Substances psychoactives, comme la M\u00e9thamph\u00e9tamine est similaire. N\u00e9anmoins, il n&#039;existe pas suffisamment d&#039;\u00c9tudes sur les Complications. \u00c0 long terme, de la Consommation, en revanche, avec une v\u00e9ritable Angoisse, le D\u00e9sespoir et les troubles du Sommeil associ\u00e9s. Il est difficile de dire dans quelle mesure ce M\u00e9dicament gewohnheitsbildend est. 2C-rose Poudre \u00e0 vendre<\/p>","protected":false},"excerpt":{"rendered":"<h3 style=\"text-align: center;\">PINK KOKAIN ZU VERKAUFEN<\/h3>","protected":false},"featured_media":1473,"comment_status":"open","ping_status":"closed","template":"","meta":{"content-type":""},"product_brand":[],"product_cat":[26],"product_tag":[],"class_list":{"0":"post-1443","1":"product","2":"type-product","3":"status-publish","4":"has-post-thumbnail","6":"product_cat-kokain","8":"first","9":"instock","10":"shipping-taxable","11":"purchasable","12":"product-type-variable"},"_links":{"self":[{"href":"https:\/\/kokaindrogekaufen.com\/fr\/wp-json\/wp\/v2\/product\/1443"}],"collection":[{"href":"https:\/\/kokaindrogekaufen.com\/fr\/wp-json\/wp\/v2\/product"}],"about":[{"href":"https:\/\/kokaindrogekaufen.com\/fr\/wp-json\/wp\/v2\/types\/product"}],"replies":[{"embeddable":true,"href":"https:\/\/kokaindrogekaufen.com\/fr\/wp-json\/wp\/v2\/comments?post=1443"}],"wp:featuredmedia":[{"embeddable":true,"href":"https:\/\/kokaindrogekaufen.com\/fr\/wp-json\/wp\/v2\/media\/1473"}],"wp:attachment":[{"href":"https:\/\/kokaindrogekaufen.com\/fr\/wp-json\/wp\/v2\/media?parent=1443"}],"wp:term":[{"taxonomy":"product_brand","embeddable":true,"href":"https:\/\/kokaindrogekaufen.com\/fr\/wp-json\/wp\/v2\/product_brand?post=1443"},{"taxonomy":"product_cat","embeddable":true,"href":"https:\/\/kokaindrogekaufen.com\/fr\/wp-json\/wp\/v2\/product_cat?post=1443"},{"taxonomy":"product_tag","embeddable":true,"href":"https:\/\/kokaindrogekaufen.com\/fr\/wp-json\/wp\/v2\/product_tag?post=1443"}],"curies":[{"name":"wp","href":"https:\/\/api.w.org\/{rel}","templated":true}]}}