{"id":1452,"date":"2023-06-27T19:19:16","date_gmt":"2023-06-27T18:19:16","guid":{"rendered":"https:\/\/kokaindrogekaufen.com\/?post_type=product&#038;p=1452"},"modified":"2026-01-27T00:59:24","modified_gmt":"2026-01-27T00:59:24","slug":"bolivianisches-kokain-zu-verkaufen","status":"publish","type":"product","link":"https:\/\/kokaindrogekaufen.com\/fr\/product\/bolivianisches-kokain-zu-verkaufen\/","title":{"rendered":"NATUREL BOLIVIEN DE LA COCA\u00cfNE \u00c0 VENDRE"},"content":{"rendered":"<h2>LA COCA\u00cfNE POUR LA VENTE EN LIGNE:<\/h2>\n<p>Sans Retard, nous avons de la Coca\u00efne pour la Vente en ligne. Un critique de la boliviano Partenaire lors de la Prise de M\u00e9dicaments, a annonc\u00e9 que les derni\u00e8res Modifications possibles de la Mesure \u00e0 licite de Coca dans le nouveau D\u00e9cret frais de la Caisse d&#039;augmenter, dire que la Coalition de leurs Entreprises de &#034;r\u00e9orienter&#034; la dignit\u00e9, tout en continuant avec la Bolivie pour travailler. Pour le Cas que Vous \u00eates un Client qui tente de Top-of-the-line de Produits de grandes dimensions, pour d\u00e9couvrir Leurs absolue de premier Ordre devrait certainement pas de rappeler certains bolivien de la Coca\u00efne sur la aaronay \u00eatre.<\/p>\n<p>Avez-Vous une Tonne de Qualit\u00e9s de base. De l&#039;aide. Naturel bolivien de la Coca\u00efne serait le plus parfait Type de bolivien de la Coca\u00efne et de la Plan\u00e8te \u00e0 d\u00e9couvrir. Les Gens l&#039;utilisent pour un Energizer pour la Cr\u00e9ation explicite de produits Chimiques du Cerveau, en plus de travailler pour obtenir de l&#039;Aide de l&#039;n\u00e9cessaires \u00c9tat. Avec l&#039;Ouverture d&#039;esprit que nous offrons, Vous ne devez pas les bras crois\u00e9s et de r\u00e9fl\u00e9chir \u00e0 l&#039;endroit o\u00f9 Vous naturel bolivien de la Coca\u00efne \u00e0 acheter. La coca\u00efne pour la Vente en ligne<\/p>\n<p>C&#039;est \u00e0 titre exceptionnel, de Personnes, qui a un long Chemin de r\u00e9els Drogueries vie de r\u00e9f\u00e9rence. Le boliviano Coca\u00efne Datenvertrieb Informandote a imprim\u00e9 aussi les Photos de l&#039;ancien Drogenbosses, des Locaux pour travailler, il le Dimanche, pour le D\u00e9jeuner, les a invit\u00e9s. Naturel bolivien de la Coca\u00efne a de nombreux aspects du Monde de la sant\u00e9. Pour cette Raison, il est de nombreux M\u00e9dicaments, \u00e0 c\u00f4t\u00e9 de recommandation d&#039;un Sp\u00e9cialiste est utilis\u00e9e pour diverses Maladies \u00e0 g\u00e9rer. La coca\u00efne pour la Vente en ligne<\/p>\n<p>J&#039;ai eu Bolivian Coca\u00efne genre de Choses, et si c&#039;\u00e9tait \u00c9l\u00e9ment de teint et une belle lisse consid\u00e9rablement Contrairement \u00e0 ce que j&#039;ai, dans l&#039;Ensemble, ce que je pense est colombien. Naturel bolivien de la Coca\u00efne contient de nombreuses Qualit\u00e9s \u00e0 l&#039;int\u00e9rieur de la clinique Climat. Coming il vraiment des diff\u00e9rents M\u00e9dicaments, et, dans la Lumi\u00e8re de Sp\u00e9cialistes m\u00e9dicaux recommand\u00e9s pour les diff\u00e9rents Probl\u00e8mes \u00e0 traiter. La coca\u00efne pour la Vente en ligne<\/p>\n<h3>LA COCA\u00cfNE \u00c0 VENDRE:<\/h3>\n<p>Clinique de Sp\u00e9cialistes de l&#039;utilisation de ce M\u00e9dicament ou \u00e0 l&#039;un de ces M\u00e9dicaments, si les Gens vous traitent avec D\u00e9sespoir, et d&#039;autres probl\u00e8mes \u00e0 affronter. Il n&#039;est pas le Moins du monde que par les professionnels de la sant\u00e9, mais \u00e9galement de Personnes vivant dans des clubs de danse et des Bars de la f\u00eate. Les Indiens de Bolivie grignoter depuis toujours, les feuilles de coca, avec Kalksteink\u00fcgelchen ou Pflanzenru\u00df m\u00e9lang\u00e9es, pour le Plaisir ou pour les Maladies, le D\u00e9sir et la Soif de survivre. La coca\u00efne pour la Vente en ligne<\/p>\n<p>Dans les diff\u00e9rents r\u00e9gimes sociaux est l&#039;unique Alcalo\u00efde artificiellement \u00e0 partir de la feuille de coca ville et, en plus, le Sel de la Coca\u00efne converti. Les Professionnels de la sant\u00e9 d&#039;utiliser ce M\u00e9dicament ou \u00e0 l&#039;un de ces M\u00e9dicaments, si vous \u00eates Victimes de prendre soin de la Mis\u00e8re et de diff\u00e9rents Types de Peurs \u00e0 affronter. Il n&#039;est pas seulement des Professionnels, mais aussi des Gens ordinaires dans des clubs de danse et des Bars sont consomm\u00e9s. La coca\u00efne en ligne \u00e0 vendre<\/p>\n<p>Un Lien avec le trafic de Drogue peut \u00e9galement avoir des Cons\u00e9quences importantes sur la Substance. Naturel bolivien de la Coca\u00efne est un puissant focal-effray\u00e9 de Strat\u00e9gie ressources par le Niveau de la Synapse de la Dopamine dans les Verstandschaltungen fond\u00e9 sur la Joie et le Mouvement s&#039;est impos\u00e9e. Qu&#039;un Club Pionnier pr\u00e9sent\u00e9e comme la Coca-Cultivateur-gouvern\u00e9s Stadtverwaltungsorganisation est de renforcer les Capacit\u00e9s locales des Engagements financiers \u00e0 chaque voisin local, avec toujours avec de la Coca\u00efne Colle Rendement emploie connect\u00e9 \u00e0 suspendre. La coca\u00efne pour la Vente en ligne<\/p>\n<h4>LA COCA\u00cfNE POUR VENDRE DES \u00c9TATS-UNIS:<\/h4>\n<p>Naturel bolivien de la Coca\u00efne est Affinit\u00e4tsformung et est, en outre, \u00eatre \u00e9crasante. Boliviano la Coca\u00efne est \u00e9galement dans le Plan, implant\u00e9 ou fum\u00e9 dans une artificiellement entretenu Am\u00e9liorer appel\u00e9 freebase; les deux analogues de ces Strat\u00e9gies provoque une remarquable augmentation du Nombre de Routine Utilisation par la M\u00e9decine. Mettre des Ressources dans Bolivian Cocaine en Ligne avec nous exceptionnel, pour un Co\u00fbt mod\u00e9r\u00e9. La coca\u00efne pour la Vente en ligne<\/p>\n<p>Boliviano la Coca\u00efne est parmi les meilleurs Types de la Coca\u00efne, de l&#039;incontestable \u00e0 travers le monde peut \u00eatre vu. Il est des Individus utilis\u00e9s aujourd&#039;hui pour la plus grande Partie d&#039;un Energizer pour le D\u00e9veloppement de l&#039;incroyable Substances synth\u00e9tiques \u00e0 l&#039;int\u00e9rieur de la Pens\u00e9e et de la prise en charge \u00e0 l&#039;int\u00e9rieur de la difficult\u00e9 de la Charge de trouver. Naturel bolivien de la Coca\u00efne a des Capacit\u00e9s diff\u00e9rentes dans le Monde du bien-\u00eatre. Naturel bolivien Kokainst\u00fcck, en raison de sa Maison, pour le Reste humaine le Cadre de transporter, est vraiment des Jeunes sur un gigantesque Volume pour Obtenir la R\u00e9cup\u00e9ration. La coca\u00efne pour la Vente en ligne<\/p>\n<p>Comme R\u00e9sultat de la bolivie, de la Coca\u00efne est en quelques M\u00e9dicaments ainsi que recommand\u00e9 par des Experts m\u00e9dicaux pour certaines Maladies de g\u00e9rer utilis\u00e9. Les Professionnels m\u00e9dicaux ont utilis\u00e9 ce M\u00e9dicament ou M\u00e9dicament si vous \u00eates avec des Patients travaux, le D\u00e9sespoir et les diff\u00e9rents Types de Sensibilit\u00e9 de la combattre. La coca\u00efne pour la Vente en ligne<\/p>\n<p>Naturel bolivien de la Coca\u00efne n&#039;est pas seulement par des Experts m\u00e9dicaux, mais aussi d&#039;un certain Nombre de Personnes dans les clubs de danse et des Bars sont consomm\u00e9s. Naturel bolivien de la Coca\u00efne fait partie des plus beaux \u00e9difices Types de Coca\u00efne, qui existe au Monde. Il est utilis\u00e9 par les Gens comme Energizer utilis\u00e9 pour la Cr\u00e9ation des incomparables substances Chimiques dans l&#039;en-T\u00eate de d\u00e9velopper et de demander de l&#039;Aide dans des Conditions stressantes pour l&#039;obtenir. La coca\u00efne pour la Vente en ligne<\/p>\n<h4>LA COCA\u00cfNE, ACHETER EN LIGNE:<\/h4>\n<p>Cette fabuleuse Poudre blanche avec une Chambre vide geschn\u00fcffelt, les vite dans Votre Kurszyklus \u00e0 tous \u00e0 travers la muqueuse Nasale Films de vue. Boliviano la Coca\u00efne est l&#039;une Aggravation, ind\u00e9pendamment, et les Capacit\u00e9s de fixer les Veines, ce qui est toujours le Nez qui coule ou, en fait, de v\u00e9ritables Situations d&#039;Ulc\u00e9rations alors que dans le Nasengrube. Les Effets euphorisants du Coryza bolivien de la Coca\u00efne est souvent de courte Dur\u00e9e et peut \u00eatre apr\u00e8s environ une demi-Heure apr\u00e8s. La coca\u00efne pour la Vente en ligne<\/p>\n<p>La Prise de Energizern est risqu\u00e9, car les Effets apaisants de liquide c\u00e9phalo-rachidien \u00eatre diminu\u00e9e. C&#039;est ce que le Corps humain utilise pour le &#034;Bruit&#034; de la mesurer. Cela conduit G\u00e9n\u00e9ralement \u00e0 un niveau \u00e9lev\u00e9 de Consommation, avec des Possibilit\u00e9s tr\u00e8s limit\u00e9es, un grand Risque de dommages au Foie, et plus avanc\u00e9es Parchedi\u00e4t. Cela signifie que lors de l&#039;affichage des Mesures, de la bolivie, de la Coca\u00efne se transforme en intense ou tr\u00e8s difficile d&#039;aider, de toute fa\u00e7on Pin maintenir automatiquement d&#039;importantes secousses et les Vibrations de la Fin sont en cours, ce qui est grave, en Secouant le Corps humain, des Tremblements avec les Pauvres, et, au total, de l&#039;insuffisance de Moteur incroyable pour r\u00e9guler. La coca\u00efne pour la Vente en ligne<\/p>\n<p>Cet Effet est mod\u00e9r\u00e9 la Somnolence et de la moyenne de la Fatigue par le D\u00e9calage de Leur intelligence, ils \u00e9vinc\u00e9. Naturel bolivien de la Coca\u00efne n&#039;est pas n\u00e9gligeable Inclinaison, une persistance de la Psychose et de les d\u00e9clencher beaucoup plus de 50% de la bolivie Kokainopfer Essentiellement certains fous, des Signes montrent. Les Signes les plus courants de Victimes comprennent des Choses comme erratiques de R\u00eaves, pour les obtenir, suivi de leur consommation de M\u00e9dicaments, actuellement observ\u00e9e, associ\u00e9e \u00e0 Gedankenfl\u00fcgen, la halluzinierenden Croyances aider. La coca\u00efne pour la Vente en ligne<\/p>\n<p>Bizarre Parasitose avec des Fourmillements (&#034;boliviano Kokainwanzen&#034;) est plus vraiment une dominante effet Secondaire. Naturel bolivien de la Coca\u00efne, se d\u00e9sint\u00e8gre, si c&#039;est clairement de la temp\u00e9rature. Par cons\u00e9quent, les Freebase et de carbonate d&#039;hydrog\u00e8ne de Sels de la bolivie, Coca\u00efne, qui, Contrairement au Chlorhydrate de Sel nettement moins de Limites, d&#039;habitude une fois que le Mat\u00e9riau se d\u00e9compose, et donc de plus naturel bolivien de la Coca\u00efne connu, individuellement na\u00eet et se d\u00e9sint\u00e8gre. La coca\u00efne en ligne \u00e0 vendre<\/p>\n<h5>LA COCA\u00cfNE POUR LA VENTE EN AUSTRALIE:<\/h5>\n<p>Essaie de les Kokafelder gr\u00e2ce \u00e0 l&#039;Utilisation de Entlaubungsmitteln \u00e0 d\u00e9truire, dans certains Kokaanbaugebieten de la Colombie Composants mon\u00e9taire, Culture d\u00e9truite, et il semble que les Souches ont \u00e9t\u00e9 fabriqu\u00e9s pour \u00eatre plus ou moins contre leur Utilisation. Si ces Vari\u00e9t\u00e9s r\u00e9guliers Changements ou le R\u00e9sultat d&#039;une Intervention humaine est incertaine. Mis \u00e0 part les Effets destructeurs de la Coca\u00efne bolivienne. La coca\u00efne pour la Vente en ligne<\/p>\n<p>Les Substances insolubles, visant \u00e0 Minimiser le M\u00e9dicament peut \u00eatre utilis\u00e9, en outre le Risque de Kreislaufembolien. Comme pour toutes les Substances illicites, les infus\u00e9, il est possible que le Client transmises par le Sang de Contamination re\u00e7oit, si st\u00e9rile Infusionsger\u00e4te ne sont pas r\u00e9alistes ou utilis\u00e9s. La coca\u00efne pour la Vente en ligne<\/p>\n<p>Car naturel bolivien de la Coca\u00efne, en G\u00e9n\u00e9ral, un Vasoconstricteur et que les Clients habituellement de nombreuses Perfusions \u00e0 l&#039;int\u00e9rieur de quelques Heures ou moins, sont la r\u00e9sultante de Perfusions de plus en plus difficile \u00e0 contr\u00f4ler ce que suppl\u00e9mentaires Infusionsversuchen et beaucoup plus d&#039;Effets secondaires par mal men\u00e9e Perfusions peut entra\u00eener. La coca\u00efne pour la Vente en ligne<\/p>\n<p>L&#039;obstruction nasale Insufflation (de mani\u00e8re informelle &#034;Grognement&#034;, &#034;Sniff&#034; ou &#034;Bulles&#034;) est la M\u00e9thode la plus connue de la Prise de bolivien, la Coca\u00efne en Poudre dans le Monde occidental. Le M\u00e9dicament est couvert avec les Schleimschichten, les Sinus de rev\u00eatement, est captur\u00e9. Lors de la Insufflationierung de la Coca\u00efne est l&#039;Absorption par les muqueuses nasales \u00e0 environ trente \u00e0 soixante pour Cent, tandis que de grandes Doses, l&#039;augmentation de la Assimilationsleistung la diff\u00e9rence. La coca\u00efne pour la Vente en ligne<\/p>\n<h5>En OUTRE:<\/h5>\n<p>Toute Substance qui, arbitrairement, par les Muqueuses inclus, dans le Liquide recueilli et aval\u00e9 (ce &#034;Ruissellement&#034; est consid\u00e9r\u00e9 par certains comme agr\u00e9able et d&#039;autres d\u00e9sagr\u00e9ables). Cela signifie que, dans certaines Doses p\u00e9nible, voire impossible, dans tous les Cas, car la M\u00e2choire est maintenu automatiquement de v\u00e9ritables Chocs et aux Vibrations, l&#039;exc\u00e8s des Tremblements de tout le Corps, et l&#039;Incertitude de la Paume des mains provoquer, en plus de typique de l&#039;Insuffisance de la ph\u00e9nom\u00e9nale de la Distribution. Ce R\u00e9sultat est en l\u00e9g\u00e8re Fatigue et Fatigue normale pendant toute la P\u00e9riode au cours de laquelle vous vos Exp\u00e9riences avec la Consommation fais remplace. La coca\u00efne en ligne \u00e0 vendre<\/p>\n<p>&nbsp;<\/p>","protected":false},"excerpt":{"rendered":"<p>KOKAIN ZUM ONLINE-VERKAUF: Ohne Verz\u00f6gerung haben wir Kokain zum Verkauf online. Ein kritischer bolivianischer Partner bei der Einnahme von Medikamenten verk\u00fcndete, dass die letzten m\u00f6glichen \u00c4nderungen, die das Ma\u00df an erlaubtem Koka in dem neuen Erlass frisch aus der Kiste erh\u00f6hen, bedeuten, dass die Koalition ihre Unternehmungen &#8222;neu ausrichten&#8220; w\u00fcrde, w\u00e4hrend sie weiterhin mit Bolivien zusammenarbeiten wird. F\u00fcr den Fall, dass Sie ein Kunde, der versucht, Top-of-the-line gro\u00dfe Produkte zu entdecken, Ihre absolute erste Anordnung sollte definitiv nicht zu erinnern, einige bolivianische Kokain auf der aaronay sein. Haben Sie eine Tonne von grundlegenden Qualit\u00e4ten. Hilfe. Bolivianisches Kokain w\u00e4re die perfekteste\u2026<\/p>","protected":false},"featured_media":1474,"comment_status":"open","ping_status":"closed","template":"","meta":{"content-type":""},"product_brand":[],"product_cat":[26],"product_tag":[27,28,29,30,31,32,33,34,35,36,37,38,39,40,41,42,43,44,45,46,47,48,49,50,51,52,53,54,55,56,57,58,59,60,61,62,63,64,65,66,67,68,69,70,71,72,73,74,75,76,77,78,79,80,81,82,83],"class_list":{"0":"post-1452","1":"product","2":"type-product","3":"status-publish","4":"has-post-thumbnail","6":"product_cat-kokain","7":"product_tag-besitz-von-kokain-zum-verkauf-hs","8":"product_tag-cocaine-hydrochloride-sale","9":"product_tag-cocaine-leaves-for-sale","10":"product_tag-cocaine-lockup-sale","11":"product_tag-cocaine-mirror-for-sale","12":"product_tag-cocaine-origins","13":"product_tag-cocaine-pipes-for-sale","14":"product_tag-cocaine-plant-for-sale","15":"product_tag-cocaine-purity-test-for-sale","16":"product_tag-cocaine-sale-gta","17":"product_tag-cocaine-sale-reddit","18":"product_tag-cocaine-seed-sale","19":"product_tag-cocaine-seeds-for-sale","20":"product_tag-cocaine-seeds-for-sale-online","21":"product_tag-cocaine-spoons-for-sale","22":"product_tag-cocaine-tea-for-sale","23":"product_tag-cocaine-tooters-for-sale","24":"product_tag-cocaine-vials-for-sale","25":"product_tag-colombian-cocaine-for-sale","26":"product_tag-crack-cocaine-for-sale-online","27":"product_tag-fake-cocaine-for-sale","28":"product_tag-groshandel-kokain-zum-verkauf","29":"product_tag-gta-online-cocaine-lockup-buying-supplies","30":"product_tag-kilo-of-cocaine-for-sale","31":"product_tag-kokain","32":"product_tag-kokain-bullet-for-sale","33":"product_tag-kokain-cowboys","34":"product_tag-kokain-for-sale","35":"product_tag-kokain-for-sale-australia","36":"product_tag-kokain-for-sale-craigslist","37":"product_tag-kokain-for-sale-near-me","38":"product_tag-kokain-for-sale-online-usa","39":"product_tag-kokain-for-sale-usa","40":"product_tag-kokain-for-sale-websites","41":"product_tag-kokain-for-sales","42":"product_tag-kokain-for-sell","43":"product_tag-kokain-grinders-for-sale","44":"product_tag-kokain-history","45":"product_tag-kokain-hydrochloride-for-sale","46":"product_tag-kokain-online-kaufen","47":"product_tag-legal-cocaine-for-sale","48":"product_tag-legal-synthetic-cocaine-for-sale","49":"product_tag-online-cocaine-anonymous-meetings","50":"product_tag-online-cocaine-for-sale","51":"product_tag-online-cocaine-meetings","52":"product_tag-online-cocaine-purchase","53":"product_tag-online-kokain-verkauf","54":"product_tag-peruanisches-kokain-zum-verkauf","55":"product_tag-pharmazeutisches-kokain-zum-verkauf","56":"product_tag-reines-kokain-zum-verkauf","57":"product_tag-reines-kokain-zum-verkauf-online","58":"product_tag-synthetisches-crack-kokain-zum-verkauf","59":"product_tag-synthetisches-kokain-zum-verkauf","60":"product_tag-synthetisches-kokain-zum-verkauf-online","61":"product_tag-verkauf-von-kokain","62":"product_tag-verkauf-von-kokain-florida","63":"product_tag-verkauf-von-kokain-georgia","65":"first","66":"instock","67":"shipping-taxable","68":"purchasable","69":"product-type-variable"},"_links":{"self":[{"href":"https:\/\/kokaindrogekaufen.com\/fr\/wp-json\/wp\/v2\/product\/1452"}],"collection":[{"href":"https:\/\/kokaindrogekaufen.com\/fr\/wp-json\/wp\/v2\/product"}],"about":[{"href":"https:\/\/kokaindrogekaufen.com\/fr\/wp-json\/wp\/v2\/types\/product"}],"replies":[{"embeddable":true,"href":"https:\/\/kokaindrogekaufen.com\/fr\/wp-json\/wp\/v2\/comments?post=1452"}],"wp:featuredmedia":[{"embeddable":true,"href":"https:\/\/kokaindrogekaufen.com\/fr\/wp-json\/wp\/v2\/media\/1474"}],"wp:attachment":[{"href":"https:\/\/kokaindrogekaufen.com\/fr\/wp-json\/wp\/v2\/media?parent=1452"}],"wp:term":[{"taxonomy":"product_brand","embeddable":true,"href":"https:\/\/kokaindrogekaufen.com\/fr\/wp-json\/wp\/v2\/product_brand?post=1452"},{"taxonomy":"product_cat","embeddable":true,"href":"https:\/\/kokaindrogekaufen.com\/fr\/wp-json\/wp\/v2\/product_cat?post=1452"},{"taxonomy":"product_tag","embeddable":true,"href":"https:\/\/kokaindrogekaufen.com\/fr\/wp-json\/wp\/v2\/product_tag?post=1452"}],"curies":[{"name":"wp","href":"https:\/\/api.w.org\/{rel}","templated":true}]}}