{"id":1460,"date":"2023-06-27T19:19:17","date_gmt":"2023-06-27T18:19:17","guid":{"rendered":"https:\/\/kokaindrogekaufen.com\/?post_type=product&#038;p=1460"},"modified":"2026-01-27T00:57:42","modified_gmt":"2026-01-27T00:57:42","slug":"kaufen-peruanischen-kokain-online","status":"publish","type":"product","link":"https:\/\/kokaindrogekaufen.com\/fr\/product\/kaufen-peruanischen-kokain-online\/","title":{"rendered":"ACHETER P\u00c9RUVIENNE DE LA COCA\u00cfNE EN LIGNE"},"content":{"rendered":"<p>ACHETER P\u00c9RUVIENNE DE LA COCA\u00cfNE EN LIGNE<\/p>\n<p>Ind\u00e9pendamment de cela, acheter de la Coca\u00efne en Ligne avec un Rabais de 5% de la Politique. Sol\u00e9no\u00efde p\u00e9ruvien de la Coca\u00efne bloque \u00e9galement la S\u00e9rotonine et de la Noradr\u00e9naline Institution et emp\u00eache la Recapture de la S\u00e9rotonine et de la Noradr\u00e9naline par la Fente synaptique dans pr\u00e9synaptique Axon-Terminal et augmente l&#039;Activation de la S\u00e9rotonine et de la Noradr\u00e9naline R\u00e9cepteurs post-synaptiques des Neurones, ce Changement de Conscience, des Sentiments et de la Coca\u00efne Activit\u00e9s li\u00e9es \u00e0 la biodiversit\u00e9.<\/p>\n<p>Notre sol\u00e9no\u00efde p\u00e9ruvien de la Coca\u00efne est une Poudre blanche, le Kokablatt est gagn\u00e9, d&#039;une Plante (Coca), principalement en Am\u00e9rique du sud. &#034;Split&#034; n&#039;est pas seulement un autre M\u00e9dicament, mais plut\u00f4t gewohnheitsbildendes Moyens, \u00e9galement impr\u00e9gn\u00e9 et peut \u00eatre mang\u00e9. Le Nom de &#034;Casser&#034; le rem\u00e8de semble \u00eatre le produit, lorsqu&#039;il est chauff\u00e9, pour la Fum\u00e9e. La coca\u00efne acheter France<\/p>\n<p>Sol\u00e9no\u00efde p\u00e9ruvien de la Coca\u00efne, en revanche, est dans la Forme d&#039;une grande Quantit\u00e9 de blanc, de magnifiques Poudre disponible, et Contrairement \u00e0 peruanischem la Coca\u00efne, le Break n&#039;est pas vraiment soluble dans l&#039;eau Potable. O\u00f9 puis-je sol\u00e9no\u00efde p\u00e9ruvien de Paillettes de la Coca\u00efne \u00e0 un Prix raisonnable \u00e0 obtenir? La Possession de Coca\u00efne et de la Renonciation \u00e0 une clinique de Traitement est interdit. De faibles Quantit\u00e9s pour Usage priv\u00e9 peuvent, lors de la premi\u00e8re ou Actes restent impunis; toutefois, cela diff\u00e8re selon les l\u00e4nder. La coca\u00efne acheter en Allemagne<\/p>\n<p>Le rose, la Coca\u00efne a \u00e9t\u00e9 d&#039;abord de la Feuille du Erythroxylon-Kokastrauchs extrait principalement du p\u00e9rou et de la Coca\u00efne en ligne, comme la Coca\u00efne, a \u00e9t\u00e9 utilis\u00e9. Actuellement, le Groupe a tout, mais sur mao\u00efste Transformation s&#039;affiche comme une Alternative de Frais de S\u00e9curit\u00e9 pour le Voisinage, des trafiquants de drogue, malgr\u00e9 le D\u00e9but des Embuscades sur les Militaires Pied Gardes et dans tous les Cas, attraper un intermittent \u00e9quip\u00e9 Aide d&#039;un H\u00e9licopt\u00e8re. La Coca\u00efne, Acheter En Ligne Europe<\/p>\n<h3>LA COCA\u00cfNE \u00c0 VENDRE:<\/h3>\n<p>Purchase Video Peruvian Pure Coca\u00efne est probablement la plus large Gamme de soutien de Produits dans le territoire p\u00e9ruvien Kokainliste. 1g ensemble sol\u00e9no\u00efde p\u00e9ruvien de 89% pur des \u00c9cailles de poisson, la Coca\u00efne est hautement addictif Opiatmaterial, \u00e0 partir des Feuilles du Coca-Arbre est fabriqu\u00e9, trouve son Origine en Am\u00e9rique du sud, et il est g\u00e9n\u00e9ralement utilis\u00e9 dans le Nez grogn ou m\u00e9lang\u00e9 avec de l&#039;Eau et avec une Aiguille infus\u00e9. La coca\u00efne acheter France<\/p>\n<p>Sol\u00e9no\u00efde p\u00e9ruvien de la Coca\u00efne peut \u00e9galement \u00eatre une Poudre blanche \u00e0 traiter. Il est tr\u00e8s addictif, stimulant la Drogue, les Feuilles de l&#039;Am\u00e9rique du sud qui peuplent Kokapflanze est gagn\u00e9. Pendant Wohlstandsbehandler il l\u00e9gitime des Fins cliniques pouvez utiliser, par Exemple, de locaux de S\u00e9dation lors de certaines Op\u00e9rations, est sol\u00e9no\u00efde p\u00e9ruvien de la Coca\u00efne est une Substance ill\u00e9gale. La coca\u00efne acheter France<\/p>\n<p>La Pause est une petite Glaspfeife fum\u00e9. Sol\u00e9no\u00efde p\u00e9ruvien de la Coca\u00efne est disponible \u00e0 l&#039;achat et a une grande Vari\u00e9t\u00e9 d&#039;Applications dans le Monde m\u00e9dical. Pour cette Raison, il a \u00e9t\u00e9 dans de nombreux M\u00e9dicaments, et a \u00e9t\u00e9 recommand\u00e9 par les Experts pour les diff\u00e9rentes Maladies \u00e0 traiter. Quand je dis absolument tout le monde, puis je la Fondation. Le grand Public ne le comprend. C&#039;est sans aucun doute un Pays dans lequel de nombreuses Personnes, peut-\u00eatre jusqu&#039;\u00e0 2 000 000 de Personnes, de quelque Mani\u00e8re que dans le trafic de coca\u00efne sont impliqu\u00e9s. La coca\u00efne acheter France<\/p>\n<p>Sol\u00e9no\u00efde p\u00e9ruvien de la Coca\u00efne est un puissant, fokaler, agit\u00e9 Energizer, le taux de Dopamine dans le Circuit de l&#039;Esprit se soul\u00e8ve, l&#039;Accomplissement et le D\u00e9veloppement de la contr\u00f4ler. Sol\u00e9no\u00efde p\u00e9ruvien de la Coca\u00efne, de surmonter les Sang-Zerebrum Barri\u00e8re sur un protonengekoppelten naturelles de Cations Antiporter et (dans une moindre Mesure) par inactifs Diffusion. La coca\u00efne acheter Europe<\/p>\n<h4>LA COCA\u00cfNE EN LIGNE EN CANADA ACHETER:<\/h4>\n<p>Sol\u00e9no\u00efde p\u00e9ruvien de la Coca\u00efne agit en tant qu&#039;action de longue dur\u00e9e, en Dopamintr\u00e4ger entrave et ainsi de la Recapture de la Dopamine de la Fente synaptique dans la pr\u00e4synaptische Axonendigung emp\u00eache; augmentation des taux de Dopamine dans la Fente synaptique augmenter la Dopaminrezeptoraktivierung du \u00e9tablies synaptiques des Neurones, ce qui est des Effets de Bruit et d&#039;Excitation provoque. La coca\u00efne acheter France<\/p>\n<p>Puis-je quelque part au royaume-Uni sol\u00e9no\u00efde p\u00e9ruvien de Paillettes de Coca\u00efne acheter? Dans une autre victime d&#039;Enregistrement, qui est cens\u00e9 partir d&#039;un T\u00e9l\u00e9phone cellulaire provient il de la Prison a pris, est Oropeza, pr\u00e9tendument, \u00e0 \u00e9couter, comme il le dit, que &#034;l&#039;Oncle d&#039;Alan&#034;, lors de son Sauvetage allait appara\u00eetre. Le p\u00e9ruvien est de la Coca\u00efne dans le Monde m\u00e9dical et la diversit\u00e9 de Profil. Pour cette Raison, il est utilis\u00e9 dans de nombreuses Recettes et d&#039;Experts pour le Traitement de diverses Maladies recommand\u00e9. La coca\u00efne acheter France<\/p>\n<p>Sol\u00e9no\u00efde p\u00e9ruvien de la Coca\u00efne est fortement addictif Stimulant, \u00e0 partir des Feuilles de l&#039;Am\u00e9rique du sud qui peuplent Kokapflanze est gagn\u00e9. Alors qu&#039;il est l\u00e9gitime pour un usage clinique peut \u00eatre utilis\u00e9, par Exemple, pour la S\u00e9dation lors de certaines Op\u00e9rations, est sol\u00e9no\u00efde p\u00e9ruvien de la Coca\u00efne ill\u00e9gal de drogue. Beaucoup de Stra\u00dfenapotheker m\u00e9langer la Coca\u00efne p\u00e9ruvienne diff\u00e9rentes Substances, pour augmenter le revenu ou pour veiller \u00e0 ce que sol\u00e9no\u00efde p\u00e9ruvien de la Coca\u00efne est nettement meilleure que les autres Kokainarten. La coca\u00efne acheter France<\/p>\n<p>Dans tous les Cas, Vous pouvez nous sol\u00e9no\u00efde p\u00e9ruvien de la Coca\u00efne en ligne avec plus de Prudence et de Pr\u00e9cision de l&#039;acqu\u00e9rir. Il est souvent en Relation avec une Vari\u00e9t\u00e9 d&#039;autres Substances mal g\u00e9r\u00e9, que les Risques pour la Sant\u00e9 publique encore augment\u00e9. La Combinaison de M\u00e9dicaments d&#039;ordonnance tels que la Coca\u00efne et l&#039;Alcool est souvent extr\u00eamement dangereux. Une Personne de peruanischem d\u00e9pendant de la Coca\u00efne, en particulier si vous sol\u00e9no\u00efde p\u00e9ruvien de la Coca\u00efne inject\u00e9e, est probablement une Exp\u00e9rience de travail, pour Abus de peruanischem \u00e0 la Coca\u00efne ou de l&#039;emp\u00eacher. La coca\u00efne acheter France<\/p>\n<h4>BUY COCAINE EN LIGNE USA \u00c0 DES PRIX TR\u00c8S MOD\u00c9R\u00c9S:<\/h4>\n<p>Ces Sympt\u00f4mes sont extr\u00eamement mal \u00e0 l&#039;aise et doivent notamment. Par Rapport au Rhume et \u00e0 la voie orale permet d&#039;injecter de la Coca\u00efne \u00e0 100% Absorption dans la Circulation sanguine et est le Moyen le plus rapide pour un &#034;Plan&#034; pour les atteindre. Sol\u00e9no\u00efde p\u00e9ruvien de la Coca\u00efne agit en ce Belohnungsvorgang exploiter et de la Lib\u00e9ration de Dopamine provoque. La coca\u00efne fait donc pas seulement psychologique, mais aussi neurochemisch extr\u00eamement addictif.<br \/>\nAccident vasculaire c\u00e9r\u00e9bral dans la Pr\u00e9histoire ou de Risque d&#039;accident vasculaire c\u00e9r\u00e9bral: Si Vous avez un accident vasculaire C\u00e9r\u00e9bral ou un haut risque d&#039;Avc, Vous devez Cola ne pas boire. Le Coca inclus la Coca\u00efne augmente le Risque de Mort par un autre Vaisseau sanguin, tandis que de l&#039;Esprit. Ces derni\u00e8res Ann\u00e9es, en Australie diff\u00e9rents Produits synth\u00e9tiques avec kokain\u00e4hnlichen Effets largement devenu disponible. L&#039;Ingr\u00e9dient de Lively dans ces Solutions, un certain Nombre de produits Chimiques, y compris Methylenedioxypyrovalerone (MDPV), mais il est difficile de savoir exactement ce qui leur est.<\/p>\n<p>Par cons\u00e9quent, vous pouvez unvorhersehbarere des Effets n\u00e9fastes et dangereuses que sol\u00e9no\u00efde p\u00e9ruvien de la Coca\u00efne. Le Tabagisme ou la Vaporisation de la Coca\u00efne et de l&#039;Inhalation dans les Poumons provoque une quasi-instantan\u00e9s &#034;Upper&#034; qui est extr\u00eamement efficace et peut \u00eatre addictif. Cette initiale Stimulationsschub \u00e0 la &#034;Fr\u00e9n\u00e9sie&#034; d\u00e9signe. Alors que l&#039;Effet stimulant de plusieurs Heures de pause, l&#039;Euphorie est tr\u00e8s volatile, ce que le Consommateur conduit plus rapidement \u00e0 fumer.<\/p>\n<p>Parmi les autres Risques li\u00e9s \u00e0 la Consommation de peruanischem la Coca\u00efne est ins\u00e9parable d&#039;un Risque accru de malformations cardiaques, l&#039;Hypertension et l&#039;Infarctus du myocarde. Consommateur final, avec une longue histoire de peruanischem l&#039;abus de coca\u00efne permanents peuvent subir des Dommages. Les clients, les fumer le Crack, \u00e0 long terme, des poumons ou du Larynx, des Poumons et de Atemwegskrebs de la souffrance. Les gens qui sol\u00e9no\u00efde p\u00e9ruvien de la Coca\u00efne rhume\u201c, en le faisant r\u00e9guli\u00e8rement par le Nez inhaler, de courir le Risque, les muqueuses Nasales, le Pharynx ou le Larynx de l&#039;endommager.<\/p>\n<h4>LA COCA\u00cfNE \u00c0 VENDRE EN LIGNE:<\/h4>\n<p>Le But, c&#039;est tout le Tissu, ces Institutions auskleidet, \u00e0 \u00e9liminer. La d\u00e9pendance \u00e0 la coca\u00efne, au P\u00e9rou, est un Trouble au milieu de la R\u00e9compense de l&#039;Esprit se produit. Chez les p\u00e9ruviens, les consommateurs de Coca\u00efne se d\u00e9veloppe rapidement une Tol\u00e9rance et, plus tard, une D\u00e9pendance. La Tol\u00e9rance est une Indication de ce que le Corps d\u00e9sire. Plus de Preuves contre les Effets de la Drogue \u00e0 l&#039;existence de plus en plus de Personnes s&#039;int\u00e9ressent \u00e0 vous. Ind\u00e9pendamment de savoir si la Drogue est seulement pour une courte P\u00e9riode ou sur une plus longue P\u00e9riode est consomm\u00e9, a chaque Consommation d&#039;effets Secondaires.<\/p>\n<p>M\u00eame pour les jeunes et les Personnes en bonne sant\u00e9, la Consommation \u00e0 une grave crise Cardiaque. La Consommation excessive est incalculable et potentiellement Comportements violents dans la Connexion. Des stimulants pour augmenter la Respirabilit\u00e9, ainsi que les Opiatdosis peut \u00eatre augment\u00e9. Une fois que le Stimulant diminue, le Opio\u00efdes, les Patients submerger et un arr\u00eat Respiratoire peut causer.<\/p>\n<p>L&#039;Inhalation de fum\u00e9es ou de renifler de la Coca\u00efne, la muqueuse Nasale et le Cadre qui les Narines qui s\u00e9pare les endommager. Lors de l&#039;Injection de peruanischem la Coca\u00efne, le Risque d&#039;un Empoisonnement du sang, de par les Virus transmissibles par le Sang (comme le VIH ou l&#039;H\u00e9patite) par partag\u00e9, les Outils, les Vaisseaux sanguins endommag\u00e9s et les Pores et les abc\u00e8s de peau.<\/p>\n<p>L&#039;Effet de la Coca\u00efne d\u00e9pend de la puissance de la Drogue, de la Combinaison de produits Chimiques, de la Physiologie de la Personne et de son \u00e9tat d&#039;Esprit au Moment de la Prise \u00e0 partir de. P\u00e9ruvien Kokainrausch n&#039;est que temporaire et dure environ 15 \u00e0 30 Minutes apr\u00e8s l&#039;Inhalation de. Rappelez-Vous que les Produits naturels ne sont pas toujours s\u00fbrs et que le Dosage est souvent critique.<\/p>\n<h5>M\u00c9DICAMENTS:<\/h5>\n<p>Suivez les Instructions sur l&#039;\u00c9tiquette de la Solution et de consulter Votre Pharmacien, un M\u00e9decin ou un autre professionnel de la sant\u00e9 imm\u00e9diatement avant l&#039;Application. Importante de l&#039;Hypertension art\u00e9rielle (Hypertension): le Coca ou le Coca inclus p\u00e9ruvien de la Coca\u00efne peut, chez certaines Personnes, une Augmentation de la tension Art\u00e9rielle. Les personnes qui souffrent d&#039;hypertension Art\u00e9rielle affections de Coca-Cola \u00e0 \u00e9viter. Sol\u00e9no\u00efde p\u00e9ruvien de la Coca\u00efne est souvent une forte d\u00e9pendance, stimulant M\u00e9dicament directement sur le syst\u00e8me Nerveux, y compris le Cerveau, agit. \u00c0 court terme, l&#039;Euphorie et la Force sont parmi les Effets de peruanischem de la Coca\u00efne. La coca\u00efne acheter Canada<\/p>","protected":false},"excerpt":{"rendered":"<p>KAUFEN PERUANISCHEN KOKAIN ONLINE Unabh\u00e4ngig davon, kaufen Kokain Online Deutschland mit einem 5% Rabatt Politik. Peruanisches Kokain blockiert auch die Serotonin- und Noradrenalin-Tr\u00e4ger und verhindert so die Wiederaufnahme von Serotonin und Noradrenalin durch den synaptischen Spalt im pr\u00e4synaptischen Axon-Terminal und erh\u00f6ht die Aktivierung der Serotonin- und Noradrenalin-Rezeptoren im postsynaptischen Neuron, was zur Ver\u00e4nderung des Bewusstseins, der Gef\u00fchle und der mit Kokain verbundenen Aktivit\u00e4ten beitr\u00e4gt. Unser peruanisches Kokain ist ein wei\u00dfes Pulver, das aus dem Kokablatt gewonnen wird, einer Pflanze (Coca), die haupts\u00e4chlich in S\u00fcdamerika w\u00e4chst. &#8222;Split&#8220; ist nicht nur ein weiteres Medikament, sondern ein eher gewohnheitsbildendes Mittel, das auch durchtr\u00e4nkt\u2026<\/p>","protected":false},"featured_media":1475,"comment_status":"open","ping_status":"closed","template":"","meta":{"content-type":""},"product_brand":[],"product_cat":[26],"product_tag":[27,28,29,30,31,32,33,34,35,36,37,38,39,40,41,42,43,44,45,46,47,48,49,50,51,52,53,54,55,56,57,58,59,60,61,62,63,64,65,66,67,68,69,70,71,72,73,74,75,76,77,78,79,80,81,82,83],"class_list":{"0":"post-1460","1":"product","2":"type-product","3":"status-publish","4":"has-post-thumbnail","6":"product_cat-kokain","7":"product_tag-besitz-von-kokain-zum-verkauf-hs","8":"product_tag-cocaine-hydrochloride-sale","9":"product_tag-cocaine-leaves-for-sale","10":"product_tag-cocaine-lockup-sale","11":"product_tag-cocaine-mirror-for-sale","12":"product_tag-cocaine-origins","13":"product_tag-cocaine-pipes-for-sale","14":"product_tag-cocaine-plant-for-sale","15":"product_tag-cocaine-purity-test-for-sale","16":"product_tag-cocaine-sale-gta","17":"product_tag-cocaine-sale-reddit","18":"product_tag-cocaine-seed-sale","19":"product_tag-cocaine-seeds-for-sale","20":"product_tag-cocaine-seeds-for-sale-online","21":"product_tag-cocaine-spoons-for-sale","22":"product_tag-cocaine-tea-for-sale","23":"product_tag-cocaine-tooters-for-sale","24":"product_tag-cocaine-vials-for-sale","25":"product_tag-colombian-cocaine-for-sale","26":"product_tag-crack-cocaine-for-sale-online","27":"product_tag-fake-cocaine-for-sale","28":"product_tag-groshandel-kokain-zum-verkauf","29":"product_tag-gta-online-cocaine-lockup-buying-supplies","30":"product_tag-kilo-of-cocaine-for-sale","31":"product_tag-kokain","32":"product_tag-kokain-bullet-for-sale","33":"product_tag-kokain-cowboys","34":"product_tag-kokain-for-sale","35":"product_tag-kokain-for-sale-australia","36":"product_tag-kokain-for-sale-craigslist","37":"product_tag-kokain-for-sale-near-me","38":"product_tag-kokain-for-sale-online-usa","39":"product_tag-kokain-for-sale-usa","40":"product_tag-kokain-for-sale-websites","41":"product_tag-kokain-for-sales","42":"product_tag-kokain-for-sell","43":"product_tag-kokain-grinders-for-sale","44":"product_tag-kokain-history","45":"product_tag-kokain-hydrochloride-for-sale","46":"product_tag-kokain-online-kaufen","47":"product_tag-legal-cocaine-for-sale","48":"product_tag-legal-synthetic-cocaine-for-sale","49":"product_tag-online-cocaine-anonymous-meetings","50":"product_tag-online-cocaine-for-sale","51":"product_tag-online-cocaine-meetings","52":"product_tag-online-cocaine-purchase","53":"product_tag-online-kokain-verkauf","54":"product_tag-peruanisches-kokain-zum-verkauf","55":"product_tag-pharmazeutisches-kokain-zum-verkauf","56":"product_tag-reines-kokain-zum-verkauf","57":"product_tag-reines-kokain-zum-verkauf-online","58":"product_tag-synthetisches-crack-kokain-zum-verkauf","59":"product_tag-synthetisches-kokain-zum-verkauf","60":"product_tag-synthetisches-kokain-zum-verkauf-online","61":"product_tag-verkauf-von-kokain","62":"product_tag-verkauf-von-kokain-florida","63":"product_tag-verkauf-von-kokain-georgia","65":"first","66":"instock","67":"shipping-taxable","68":"purchasable","69":"product-type-variable"},"_links":{"self":[{"href":"https:\/\/kokaindrogekaufen.com\/fr\/wp-json\/wp\/v2\/product\/1460"}],"collection":[{"href":"https:\/\/kokaindrogekaufen.com\/fr\/wp-json\/wp\/v2\/product"}],"about":[{"href":"https:\/\/kokaindrogekaufen.com\/fr\/wp-json\/wp\/v2\/types\/product"}],"replies":[{"embeddable":true,"href":"https:\/\/kokaindrogekaufen.com\/fr\/wp-json\/wp\/v2\/comments?post=1460"}],"wp:featuredmedia":[{"embeddable":true,"href":"https:\/\/kokaindrogekaufen.com\/fr\/wp-json\/wp\/v2\/media\/1475"}],"wp:attachment":[{"href":"https:\/\/kokaindrogekaufen.com\/fr\/wp-json\/wp\/v2\/media?parent=1460"}],"wp:term":[{"taxonomy":"product_brand","embeddable":true,"href":"https:\/\/kokaindrogekaufen.com\/fr\/wp-json\/wp\/v2\/product_brand?post=1460"},{"taxonomy":"product_cat","embeddable":true,"href":"https:\/\/kokaindrogekaufen.com\/fr\/wp-json\/wp\/v2\/product_cat?post=1460"},{"taxonomy":"product_tag","embeddable":true,"href":"https:\/\/kokaindrogekaufen.com\/fr\/wp-json\/wp\/v2\/product_tag?post=1460"}],"curies":[{"name":"wp","href":"https:\/\/api.w.org\/{rel}","templated":true}]}}