{"id":1469,"date":"2023-06-27T19:19:18","date_gmt":"2023-06-27T18:19:18","guid":{"rendered":"https:\/\/kokaindrogekaufen.com\/?post_type=product&#038;p=1469"},"modified":"2026-01-27T00:47:38","modified_gmt":"2026-01-27T00:47:38","slug":"cocaine-capsules-for-sale","status":"publish","type":"product","link":"https:\/\/kokaindrogekaufen.com\/fr\/product\/cocaine-capsules-for-sale\/","title":{"rendered":"COCAINE CAPSULES FOR SALE"},"content":{"rendered":"<h2>CAPSULES DE COCA\u00cfNE \u00c0 LA VENTE<\/h2>\n<p>Kokainkapseln appartiennent \u00e0 un Groupe de M\u00e9dicaments prescrits par le m\u00e9decin, comme provincial de Tranquillisants sont connus. Pour ces Raisons, l&#039;Absence de Sentiments ou de la Mort dans les Domaines dans lesquels elle est utilis\u00e9e, ainsi que la Pr\u00e9vention des Unbehaglichkeitsgef\u00fchlen par une M\u00e9thodes. Kokainkapseln \u00e0 la suite de l&#039;utilisation pr\u00e9vue de l&#039;un des plus r\u00e9pandus Energetika, puisque la Mort de conduire, par un certain Nombre de Difficult\u00e9s comme les maladies cardiovasculaires, l&#039;\u00c9chec, des Convulsions et des accidents vasculaires C\u00e9r\u00e9braux caus\u00e9s. Kokainkapseln \u00e0 la Vente<\/p>\n<p>Le Traitement est sans aucun doute un Aspect important de la Kokainkapsel-Traitement. Elle examine les D\u00e9sagr\u00e9ments de la Drogue ont influenc\u00e9, et Vous permet en m\u00eame temps \u00e0 des Situations dangereuses r\u00e9gler. Il est assez significatif que ces R\u00e9sultats ne sont pas pr\u00e9vu ou de Fa\u00e7on coh\u00e9rente se produire, alors que des Doses plus \u00e9lev\u00e9es, en G\u00e9n\u00e9ral, en plus d&#039;\u00eatre responsable de l&#039;ensemble des Effets de d\u00e9clencher. Kokainkapseln \u00e0 vendre<\/p>\n<p>De m\u00eame, les Effets inverses avec des Doses plus \u00e9lev\u00e9es raisonnable et doivent D\u00e9pendance, de base, les Dommages ou la Mort inclure. Effets dans la vraie Vie. Kokainkapseln sont hautement addictif Energiedroge, les Feuilles de l&#039;Am\u00e9rique du sud qui peuplent Kokapflanze est gagn\u00e9. Probablement potentiellement plus dangereux que les Cons\u00e9quences concr\u00e8tes de Kokainkapseln plut\u00f4t cardio-vasculaires, neurologiques comme la Nature. Kokainkapseln \u00e0 la Vente<\/p>\n<h3>KOKAINKAPSELN ACHETER EN LIGNE:<\/h3>\n<p>En raison de la bloquant l&#039;Effet de la Coca\u00efne sur le Sodium du Syst\u00e8me Cardio-Vasculaire sont \u00e0 fortes Doses, de graves probl\u00e8mes cardiaques, y compris l&#039;subite, possible. Le tabagisme provoque de graves probl\u00e8mes Pulmonaires. L&#039;Infusion de la Coca\u00efne a tous les effets Secondaires de la voie d&#039;Administration intraveineuse de M\u00e9dicaments. Transmission de maladies Infectieuses comme le VIH et l&#039;H\u00e9patite, les Abc\u00e8s, \u00e9clatement de Veines et de la Contamination. Kokainkapseln \u00e0 la Vente<\/p>\n<p>D\u00e9c\u00e8s li\u00e9s \u00e0 la coca\u00efne sont souvent la Cons\u00e9quence d&#039;une insuffisance Cardiaque ou des Convulsions. M\u00eame si s\u00e9rieuse Prestataires de soins m\u00e9dicaux de la Coca\u00efne \u00e0 des Fins m\u00e9dicales pouvez utiliser, par Exemple, de locaux de S\u00e9dation lors de certaines Interventions m\u00e9dicales, est la sportive de la consommation de Coca\u00efne mal con\u00e7u. Kokainkapseln sont G\u00e9n\u00e9ralement constitu\u00e9s d&#039;une Poudre blanche. Il est G\u00e9n\u00e9ralement fait par le Nez, sniff\u00e9 ou m\u00e9lang\u00e9 avec de l&#039;eau Potable, avant de avec une Aiguille est inject\u00e9. Kokainkapseln \u00e0 la Vente<\/p>\n<p>Kokainkapseln pouvez \u00e9galement, pour des petites Pierres blanches sont form\u00e9es, les Breaks sont connus. Jugendverletzungen et de fr\u00e9quentes situations de Stress \u00e0 la Suite d&#039;Immatures peuvent augmenter la Probabilit\u00e9 que quelqu&#039;un \u00e0 la Drogue attaque, pour s&#039;aider. L&#039;Autom\u00e9dication primaires cliniques ou des Probl\u00e8mes de sant\u00e9 mentale peut \u00eatre mauvais traitements de la D\u00e9pendance, comme la National Alliance on Mental Illness (NAMI) estime qu&#039;environ 50% de la population, qui est recommand\u00e9e par le m\u00e9decin les M\u00e9dicaments en abuser, et les Effets n\u00e9gatifs des op\u00e9rations de Maladie mentale de savoir. Kokainkapseln \u00e0 vendre<\/p>\n<h4>KOKAINKAPSELN DE VENTE EN LIGNE:<\/h4>\n<p>La colombie a Kokainkapseln peuvent mais aussi de professionnels de la sant\u00e9 sont utilis\u00e9s par certains pour la Sant\u00e9 humaine importante de Fixations sont combin\u00e9s. Les Gens utilisent cela pour une Vari\u00e9t\u00e9 de Maladies comme la Tristesse, le Stress, et ainsi de suite pour r\u00e9cup\u00e9rer. Kokainkapseln voir sur la Route comme un fantastique, blanc Edelsteinpulver de. Kokainkapseln \u00e0 la Vente<\/p>\n<p>Afin d&#039;augmenter les Recettes, m\u00e9langer Stra\u00dfendealer souvent avec la f\u00e9cule de ma\u00efs, la poudre pour b\u00e9b\u00e9 ou de la Farine. Si la relation avec le Coca mais de passer Kokainkapseln \u00e0 fournir sont les changements \u00e9nerg\u00e9tiques des Parts nettement plus impressionnant. Avec ce Changement, et de l&#039;Augmentation de la Force, les Effets sur le Mental beaucoup plus impressionnante et la Probabilit\u00e9 de la formation d&#039;habitude est \u00e9lev\u00e9. Kokainkapseln \u00e0 vendre<\/p>\n<p>Quiconque a d\u00e9j\u00e0 Kokainkapseln a abus\u00e9 ou T\u00e9moin d&#039;une d\u00e9pendance \u00e0 la Coca\u00efne \u00e9tait blanc, de la nocivit\u00e9 de ce M\u00e9dicament peut \u00eatre. L&#039;Effet de Kokainkapseln ne se limite pas seulement \u00e0 l&#039;Effet stimulant de l&#039;Organisme. Si un Client Kokainkapseln g\u00e8re mal, cela peut aussi \u00eatre une Vari\u00e9t\u00e9 de troubles conduire \u00e0 des Cons\u00e9quences. L&#039;une des incontestablement la plus fr\u00e9quente des Cons\u00e9quences psychiques du Kokainkapselkonsums est. Kokainkapseln \u00e0 vendre<\/p>\n<h4>LA COCA\u00cfNE \u00c0 VENDRE:<\/h4>\n<p>Le Rhume de Kokainkapseln peut conduire \u00e0 de graves Nasenproblemen conduire. Il provoque les Veines, dans le Nez, se r\u00e9tr\u00e9cir, ce qui Sauerstofffluss pour Nasengewebe est r\u00e9duite. D&#039;autres Substances, les Dealers avec Kokainkapseln m\u00e9langer, vous pouvez \u00e9galement le Couvercle du Bouton de d\u00e9truire. L&#039;Inhalation de Kokainkapseln les voies Nasales et la cavit\u00e9 Buccale avec les Bact\u00e9ries de contaminer. Ind\u00e9pendamment du ou la Quantit\u00e9 d&#039;Kokainkapseln \u00eatre consomm\u00e9 en cas de consommation de Coca\u00efne est souvent le Risque de crises Cardiaques, d&#039;accidents vasculaires c\u00e9r\u00e9braux, des Crises d&#039;\u00e9pilepsie et inattendu de la Mort. Kokainkapseln \u00e0 vendre<\/p>\n<p>Coca prot\u00e8ge le Corps humain, de nombreuses Plaintes, et que nos M\u00e9decins jugent \u00e0 l&#039;utiliser en Poudre, pour le Gonflement des Plaies de soulager les bless\u00e9s \u00e0 renforcer les Os, le Froid du Corps, d&#039;expulser ou de la P\u00e9n\u00e9tration de l&#039;emp\u00eacher, et aussi g\u00e2t\u00e9s de Blessures ou de Contusions, de Parasites et de les surmonter.cocaine capsules for sale<\/p>\n<h4>En OUTRE:<\/h4>\n<p>Dans de nombreux Cas, notamment lorsque la Kokainkapseln fum\u00e9 ou \u00eatre perfus\u00e9, se montrent des R\u00e9sultats tr\u00e8s rapidement, et vous pouvez \u00e9galement trouver que vous assez rapide pour se propager. La coca\u00efne Capsules R\u00e9sultats peuvent aussi courte que 5-10 Minutes parfois, oblige chaque \u00c9tablissement par un Exc\u00e8s de Sommes d&#039;utiliser, pour la Possibilit\u00e9 de plus d&#039;aller \u00e0 prot\u00e9ger. Kokainkapseln \u00e0 la Vente<\/p>","protected":false},"excerpt":{"rendered":"<p>KOKAIN KAPSELN ZUM VERKAUF Kokainkapseln geh\u00f6ren zu einer Gruppe von \u00e4rztlich verordneten Medikamenten, die als provinzielle Beruhigungsmittel bekannt sind. Zu diesen Gr\u00fcnden geh\u00f6ren das Fehlen von Gef\u00fchlen oder das Absterben in den Bereichen, in denen es verwendet wird, sowie die Verhinderung von Unbehaglichkeitsgef\u00fchlen durch vorsichtige Methoden. Kokainkapseln haben sich aufgrund ihres Verwendungszwecks zu den am meisten verbreiteten Energetika entwickelt, da sie den Tod herbeif\u00fchren k\u00f6nnen, der durch eine Reihe von Schwierigkeiten wie Herz-Kreislauf-Versagen, Krampfanf\u00e4lle und Schlaganf\u00e4lle hervorgerufen werden kann. Kokainkapseln zum Verkauf Die Behandlung ist zweifelsohne ein wichtiger Aspekt der Kokainkapsel-Behandlung. Sie untersucht die Unannehmlichkeiten, die Ihren Drogenkonsum beeinflusst haben,\u2026<\/p>","protected":false},"featured_media":1476,"comment_status":"open","ping_status":"closed","template":"","meta":{"content-type":""},"product_brand":[],"product_cat":[26],"product_tag":[27,28,29,30,31,32,33,34,35,36,37,38,39,40,41,42,43,44,45,46,47,48,49,50,51,52,53,54,55,56,57,58,59,60,61,62,63,64,65,66,67,68,69,70,71,72,73,74,75,76,77,78,79,80,81,82,83],"class_list":{"0":"post-1469","1":"product","2":"type-product","3":"status-publish","4":"has-post-thumbnail","6":"product_cat-kokain","7":"product_tag-besitz-von-kokain-zum-verkauf-hs","8":"product_tag-cocaine-hydrochloride-sale","9":"product_tag-cocaine-leaves-for-sale","10":"product_tag-cocaine-lockup-sale","11":"product_tag-cocaine-mirror-for-sale","12":"product_tag-cocaine-origins","13":"product_tag-cocaine-pipes-for-sale","14":"product_tag-cocaine-plant-for-sale","15":"product_tag-cocaine-purity-test-for-sale","16":"product_tag-cocaine-sale-gta","17":"product_tag-cocaine-sale-reddit","18":"product_tag-cocaine-seed-sale","19":"product_tag-cocaine-seeds-for-sale","20":"product_tag-cocaine-seeds-for-sale-online","21":"product_tag-cocaine-spoons-for-sale","22":"product_tag-cocaine-tea-for-sale","23":"product_tag-cocaine-tooters-for-sale","24":"product_tag-cocaine-vials-for-sale","25":"product_tag-colombian-cocaine-for-sale","26":"product_tag-crack-cocaine-for-sale-online","27":"product_tag-fake-cocaine-for-sale","28":"product_tag-groshandel-kokain-zum-verkauf","29":"product_tag-gta-online-cocaine-lockup-buying-supplies","30":"product_tag-kilo-of-cocaine-for-sale","31":"product_tag-kokain","32":"product_tag-kokain-bullet-for-sale","33":"product_tag-kokain-cowboys","34":"product_tag-kokain-for-sale","35":"product_tag-kokain-for-sale-australia","36":"product_tag-kokain-for-sale-craigslist","37":"product_tag-kokain-for-sale-near-me","38":"product_tag-kokain-for-sale-online-usa","39":"product_tag-kokain-for-sale-usa","40":"product_tag-kokain-for-sale-websites","41":"product_tag-kokain-for-sales","42":"product_tag-kokain-for-sell","43":"product_tag-kokain-grinders-for-sale","44":"product_tag-kokain-history","45":"product_tag-kokain-hydrochloride-for-sale","46":"product_tag-kokain-online-kaufen","47":"product_tag-legal-cocaine-for-sale","48":"product_tag-legal-synthetic-cocaine-for-sale","49":"product_tag-online-cocaine-anonymous-meetings","50":"product_tag-online-cocaine-for-sale","51":"product_tag-online-cocaine-meetings","52":"product_tag-online-cocaine-purchase","53":"product_tag-online-kokain-verkauf","54":"product_tag-peruanisches-kokain-zum-verkauf","55":"product_tag-pharmazeutisches-kokain-zum-verkauf","56":"product_tag-reines-kokain-zum-verkauf","57":"product_tag-reines-kokain-zum-verkauf-online","58":"product_tag-synthetisches-crack-kokain-zum-verkauf","59":"product_tag-synthetisches-kokain-zum-verkauf","60":"product_tag-synthetisches-kokain-zum-verkauf-online","61":"product_tag-verkauf-von-kokain","62":"product_tag-verkauf-von-kokain-florida","63":"product_tag-verkauf-von-kokain-georgia","65":"first","66":"instock","67":"shipping-taxable","68":"purchasable","69":"product-type-variable"},"_links":{"self":[{"href":"https:\/\/kokaindrogekaufen.com\/fr\/wp-json\/wp\/v2\/product\/1469"}],"collection":[{"href":"https:\/\/kokaindrogekaufen.com\/fr\/wp-json\/wp\/v2\/product"}],"about":[{"href":"https:\/\/kokaindrogekaufen.com\/fr\/wp-json\/wp\/v2\/types\/product"}],"replies":[{"embeddable":true,"href":"https:\/\/kokaindrogekaufen.com\/fr\/wp-json\/wp\/v2\/comments?post=1469"}],"wp:featuredmedia":[{"embeddable":true,"href":"https:\/\/kokaindrogekaufen.com\/fr\/wp-json\/wp\/v2\/media\/1476"}],"wp:attachment":[{"href":"https:\/\/kokaindrogekaufen.com\/fr\/wp-json\/wp\/v2\/media?parent=1469"}],"wp:term":[{"taxonomy":"product_brand","embeddable":true,"href":"https:\/\/kokaindrogekaufen.com\/fr\/wp-json\/wp\/v2\/product_brand?post=1469"},{"taxonomy":"product_cat","embeddable":true,"href":"https:\/\/kokaindrogekaufen.com\/fr\/wp-json\/wp\/v2\/product_cat?post=1469"},{"taxonomy":"product_tag","embeddable":true,"href":"https:\/\/kokaindrogekaufen.com\/fr\/wp-json\/wp\/v2\/product_tag?post=1469"}],"curies":[{"name":"wp","href":"https:\/\/api.w.org\/{rel}","templated":true}]}}