{"id":1480,"date":"2023-06-27T19:19:30","date_gmt":"2023-06-27T18:19:30","guid":{"rendered":"https:\/\/kokaindrogekaufen.com\/?post_type=product&#038;p=1480"},"modified":"2026-01-27T00:38:05","modified_gmt":"2026-01-27T00:38:05","slug":"kokainpulver-zu-verkaufen","status":"publish","type":"product","link":"https:\/\/kokaindrogekaufen.com\/fr\/product\/kokainpulver-zu-verkaufen\/","title":{"rendered":"LA POUDRE \u00c0 VENDRE"},"content":{"rendered":"<h2>LA POUDRE \u00c0 VENDRE:<\/h2>\n<p>Dans la plupart des Cas, nous avons un pur et de haute qualit\u00e9 de Poudre de coca\u00efne \u00e0 des prix d\u00e9fiant \u00e0 vendre. L&#039;Effet de la Poudre fixe le plus lent, si grogn, ce qui, jusqu&#039;\u00e0 20 Minutes. La poudre est particuli\u00e8rement \u00e9tonnante Energetisierungsdroge, qui, prises s\u00e9par\u00e9ment, de nombreux potentiellement des Cons\u00e9quences catastrophiques, y compris le D\u00e9veloppement d&#039;un mat\u00e9riel Konsumst\u00f6rung.<\/p>\n<p>La poudre en Combinaison avec diff\u00e9rentes Substances peut conduire \u00e0 des R\u00e9sultats impr\u00e9visibles, dont la plupart sont dangereux peuvent \u00eatre destructrices. L&#039;Effet dure environ une Heure. Si la Poudre est infus\u00e9e, atteint l&#039;Effet le Cerveau en moins d&#039;une Seconde et s&#039;arr\u00eate presque 30 Minutes. La Prise de coca\u00efne en Poudre entra\u00eene un Ralentissement dans le Cerveau du Consommateur. Il n&#039;est pas rare que la Coca\u00efne, l&#039;Internet est disponible \u00e0 l&#039;Achat.<\/p>\n<p>La coca\u00efne de la feuille de coca est gagn\u00e9, a \u00e9t\u00e9 d&#039;Analg\u00e9sique. Il est le plus souvent sniff\u00e9e, et la Poudre est dans la strat\u00e9gie de Diffusion du Nasengewebes retenu. Le Crack, la coca\u00efne en Poudre est un Fileorm ofile coca\u00efne en Poudre, le rock est similaire. Le plus souvent est le Crack cr\u00e8me, mais c&#039;est \u00e9galement une couleur rouge\u00e2tre de la pnk laisse para\u00eetre. La poudre pour la Vente<\/p>\n<p>La poudre n&#039;est pas cristallis\u00e9, comme d&#039;autres llct-Drogues. Si la Poudre provenant de Sources ill\u00e9gales per\u00e7ues, il est souvent corrompu, que ses Effets sur le Corps peut changer radicalement. Malgr\u00e9 le Fait que les produits de D\u00e9gradation pharmacologiquement inactif, leur Combinaison avec des tr\u00e8s longs et tr\u00e8s nature p\u00e9rissable de coca\u00efne en Poudre, en raison de l&#039;Humidit\u00e9 de conduire \u00e0 l&#039;apparente Puissances, y compris des Mesures de coca\u00efne en Poudre, sans limite de distinguer, ce qui rend difficile un &#034;taille de portion standard \u00e9quivaut&#034; \u00e0 d\u00e9terminer. La poudre pour la Vente<\/p>\n<h3>LA POUDRE D&#039;ACHETER EN LIGNE:<\/h3>\n<p>La Drogue offer ntene yet hort-lved pleaurable effect promptng repeated ue.M\u00eame si beaucoup de Substances psychoactives seul vraiment s\u00fbr de vous, vous pouvez en Combinaison avec d&#039;autres Substances rapidement comme dangereuse, voire mortelle \u00e0 prouver. Rocks et de la Poudre est de temps en temps du partage et de D\u00e9couverte de la Poudre avec diff\u00e9rents points de Vente associ\u00e9 \u00e0 la Coca\u00efne, en Substance, sont tr\u00e8s similaires, mais il existe une Diff\u00e9rence fondamentale entre les deux. La poudre pour la Vente<\/p>\n<p>Coca cru Implantation (aussi connu comme Coca-Th\u00e9) est dans la Coca-Feuille-Nations industrielles, mais toute personne physique r\u00e9paratrice Impr\u00e9gnation pourrait \u00eatre n&#039;importe o\u00f9 sur la Plan\u00e8te \u00e0 \u00eatre utilis\u00e9. Ce qui est totalement gratuite et l\u00e9gale de la Commercialisation de la feuille de coca s\u00e9ch\u00e9es sous Forme de Filtrationsbeuteln pour une Utilisation comme &#034;le Th\u00e9 de Coca&#034; depuis un certain Temps, par les L\u00e9gislateurs au P\u00e9rou et en Bolivie comme un stimulant, avec des Propri\u00e9t\u00e9s fortifiantes efficace de promouvoir. La poudre pour la Vente<\/p>\n<p>Ci-joint Message contient certaines sont connues pour \u00eatre dangereuses Combinaisons (m\u00eame si il n&#039;est pas certain que tous sont inclus). La poudre des Feuilles de l&#039;Erythroxylon-Plante, dans le Sud des \u00e9tats-Unis et est originaire. Selon les Donn\u00e9es du Minist\u00e8re de la justice des \u00c9tats-Unis vient le Kokainalkaloid plusieurs Formes. La poudre \u00e0 vendre<\/p>\n<h4>LA POUDRE \u00c0 VENDRE EN LIGNE:<\/h4>\n<p>Les feuilles de coca, Kokakleber, la Poudre et la de celle de coca\u00efne sont tous des Exemples de Kokainprodukte. Dans la Tentative, \u00e0 l&#039;Effet d&#039;am\u00e9liorer la Dur\u00e9e de prolonger, est pure Poudre de coca\u00efne avec des Substances comme le Parac\u00e9tamol, Glucose, poudre \u00e0 lever, poudre de Talc, de la Farine ou d&#039;autres m\u00e9dicaments d\u00e9presseurs comme Ldocane contamin\u00e9 ou consolid\u00e9 (en coupe). La poudre pour la Vente<\/p>\n<p>La poudre conf\u00e8re une r\u00e9sistance crois\u00e9e \u00e0 l&#039;\u00e9gard de tous les dopaminergiques Energetika, ce qui signifie que, apr\u00e8s la consommation de Coca\u00efne tous les Energetika une diminution de l&#039;Effet que peuvent avoir. La poudre est \u00e0 partir de la feuille de coca remport\u00e9 depuis de nombreuses Ann\u00e9es, dans une Vari\u00e9t\u00e9 de Projets sociaux utilis\u00e9s. De la pure M\u00e9dicament est \u00e0 partir de l&#039;Erythroxylon Coca-Haie gagn\u00e9, surtout dans les Pays d&#039;am\u00e9rique du sud, le P\u00e9rou, la Bolivie et la Colombie arrive. La poudre pour la Vente<\/p>\n<p>La poudre est l&#039;une des plus provoquant une d\u00e9pendance de la Drogue sur le March\u00e9. Cocane Poudre atteint un tr\u00e8s intenses D\u00e9pendance and R\u00e9silience to t uer makng habit method center incroyablement buy envronment. La poudre emp\u00eache que la Dopamine est r\u00e9utilis\u00e9e, de sorte qu&#039;un grand Nombre de Montants de l&#039;Neurotransmetteurs ou des neurones de l&#039;Interface qui peut s&#039;accumuler. La poudre pour la Vente<\/p>\n<p>Les feuilles de coca sont G\u00e9n\u00e9ralement solubles Mat\u00e9riel (par Exemple, de Chaux m\u00e9lang\u00e9 et dans la Bouche, entre les Gencives et les Joues tenue (un peu comme le Grignotage de Tabac \u00e0 sucer. Cela renforce le Dopaminsignal et perturbe de ce fait normale mentale Confrontation. La poudre \u00e0 vendre<\/p>\n<h4>LA COCA\u00cfNE \u00c0 VENDRE:<\/h4>\n<p>Cette Dopaminschub est la Cause de la Haute, de la Coca\u00efne, se d\u00e9clenche. Suppl\u00e9mentaire attrayant Poudre Effet, c&#039;est que les Acheteurs en Poudre nettement feu et l&#039;aimable sentir, ce qui est souvent ce que les Personnes attrayant, les Tensions sociales ont, sont timides ou qui manque de Vitalit\u00e9, pour d\u00e9crocher et de faire les Choses, surtout si votre Inertie, en D\u00e9sespoir de cause provient. La poudre pour la Vente<\/p>\n<p>Une autre Esp\u00e8ce, certainement carr\u00e9 dans une Pierre Type de Travail avec la Pr\u00e9paration de la Pop et un Niveau \u00e9lev\u00e9 de Contamination est de Roche briser. Acheter de la Coca\u00efne-Poudre en ligne, un Lien puissant, de l&#039;\u00c9nergie et de l&#039;\u00c9lectricit\u00e9 pour le Corps humain et est souvent que pour les Loisirs Drogue (Substances chimiques, dans le but de Satisfaire et de D\u00e9tente pris) est utilis\u00e9. Il a un Effet profond sur l&#039;Esprit et d\u00e9clenche des Sentiments intenses de l&#039;exotique, de l&#039;Excitation, de la Joie et de la Nervosit\u00e9. La poudre \u00e0 vendre<\/p>\n<p>La poudre est rapidement co\u00fbtant, o\u00f9 les diff\u00e9rents types de Clients d&#039;environ deux \u00e0 trois Grammes, un Soir de consommer de tout, le Coup est d&#039;autant plus terrible, de plus la Poudre de coca\u00efne, un Soir est pris. La coca\u00efne, en revanche, assure un Sentiment euphorique d&#039;une incroyable Fixation et dangereux du piment de Consultation pour une vingtaine de jusqu&#039;\u00e0 une Heure. La poudre \u00e0 vendre<\/p>\n<h4>En OUTRE:<\/h4>\n<p>La Pause dure moins de trois \u00e0 cinq Minutes, et donne au Client un tr\u00e8s fort Coup de pied en ce qui concerne les Sensations r\u00e9elles, en plus de l&#039;Exaltation de la toute-Puissance totale. Le Bonheur s&#039;estompe rapidement. Outre les Cons\u00e9quences n\u00e9gatives du Kokainpulvers s&#039;il existe des Substances insolubles, les Saupoudrer du M\u00e9dicament utilis\u00e9, le Risque d&#039;Embolie dans la Circulation sanguine. La poudre pour la Vente<\/p>\n<p>Comme lors de chaque perfus\u00e9 ill\u00e9gale Substance c&#039;est le cas pour la coca\u00efne en Poudre, le Risque que l&#039;Acheteur Blutkontaminationen infecte, si pas st\u00e9rile Infusionsger\u00e4te ouverts ou utilis\u00e9s. La poudre est souvent hautement addictif ill\u00e9gale de drogue r\u00e9cr\u00e9ative avec un large \u00c9ventail connu des effets Secondaires sur le Corps. La poudre pour la Vente<\/p>\n<p>Dans des essais cliniques randomis\u00e9s a montr\u00e9 qu&#039;un Traitement avec la Possibilit\u00e9, par Exemple, des Bons de r\u00e9duction pour le commerce de D\u00e9tail sur la Base d&#039;un uniforme ont confirm\u00e9 l&#039;Abstinence de Consommation de fournir de nouveaux M\u00e9dicaments, la Probabilit\u00e9 d&#039;une bonne \u00c9valuation de la Pr\u00e9sence de la Poudre de mani\u00e8re significative. La poudre pour la Vente<\/p>","protected":false},"excerpt":{"rendered":"<p>KOKAINPULVER ZU VERKAUFEN: In den meisten F\u00e4llen haben wir reines und hochwertiges Kokainpulver zu Tiefstpreisen zu verkaufen. Die Wirkung von Kokainpulver setzt am langsamsten ein, wenn es gegrunzt wird, was bis zu 20 Minuten dauern kann. Kokainpulver ist eine besonders erstaunliche Energetisierungsdroge, die f\u00fcr sich allein genommen zahlreiche potenziell katastrophale Folgen hat, darunter die Entwicklung einer materiellen Konsumst\u00f6rung. Kokainpulver in Kombination mit verschiedenen Substanzen kann zu unberechenbaren Ergebnissen f\u00fchren, von denen die meisten sowohl gef\u00e4hrlich als auch zerst\u00f6rerisch sein k\u00f6nnen. Die Wirkung h\u00e4lt etwa eine Stunde an. Wenn Kokainpulver infundiert wird, erreicht die Wirkung das Gehirn in weniger als einer\u2026<\/p>","protected":false},"featured_media":1507,"comment_status":"open","ping_status":"closed","template":"","meta":{"content-type":""},"product_brand":[],"product_cat":[26],"product_tag":[27,28,29,30,31,32,33,34,35,36,37,38,39,40,41,42,43,44,45,46,47,48,49,50,51,52,53,54,55,56,57,58,59,60,61,62,63,64,65,66,67,68,69,70,71,72,73,74,75,76,77,78,79,80,81,82,83],"class_list":{"0":"post-1480","1":"product","2":"type-product","3":"status-publish","4":"has-post-thumbnail","6":"product_cat-kokain","7":"product_tag-besitz-von-kokain-zum-verkauf-hs","8":"product_tag-cocaine-hydrochloride-sale","9":"product_tag-cocaine-leaves-for-sale","10":"product_tag-cocaine-lockup-sale","11":"product_tag-cocaine-mirror-for-sale","12":"product_tag-cocaine-origins","13":"product_tag-cocaine-pipes-for-sale","14":"product_tag-cocaine-plant-for-sale","15":"product_tag-cocaine-purity-test-for-sale","16":"product_tag-cocaine-sale-gta","17":"product_tag-cocaine-sale-reddit","18":"product_tag-cocaine-seed-sale","19":"product_tag-cocaine-seeds-for-sale","20":"product_tag-cocaine-seeds-for-sale-online","21":"product_tag-cocaine-spoons-for-sale","22":"product_tag-cocaine-tea-for-sale","23":"product_tag-cocaine-tooters-for-sale","24":"product_tag-cocaine-vials-for-sale","25":"product_tag-colombian-cocaine-for-sale","26":"product_tag-crack-cocaine-for-sale-online","27":"product_tag-fake-cocaine-for-sale","28":"product_tag-groshandel-kokain-zum-verkauf","29":"product_tag-gta-online-cocaine-lockup-buying-supplies","30":"product_tag-kilo-of-cocaine-for-sale","31":"product_tag-kokain","32":"product_tag-kokain-bullet-for-sale","33":"product_tag-kokain-cowboys","34":"product_tag-kokain-for-sale","35":"product_tag-kokain-for-sale-australia","36":"product_tag-kokain-for-sale-craigslist","37":"product_tag-kokain-for-sale-near-me","38":"product_tag-kokain-for-sale-online-usa","39":"product_tag-kokain-for-sale-usa","40":"product_tag-kokain-for-sale-websites","41":"product_tag-kokain-for-sales","42":"product_tag-kokain-for-sell","43":"product_tag-kokain-grinders-for-sale","44":"product_tag-kokain-history","45":"product_tag-kokain-hydrochloride-for-sale","46":"product_tag-kokain-online-kaufen","47":"product_tag-legal-cocaine-for-sale","48":"product_tag-legal-synthetic-cocaine-for-sale","49":"product_tag-online-cocaine-anonymous-meetings","50":"product_tag-online-cocaine-for-sale","51":"product_tag-online-cocaine-meetings","52":"product_tag-online-cocaine-purchase","53":"product_tag-online-kokain-verkauf","54":"product_tag-peruanisches-kokain-zum-verkauf","55":"product_tag-pharmazeutisches-kokain-zum-verkauf","56":"product_tag-reines-kokain-zum-verkauf","57":"product_tag-reines-kokain-zum-verkauf-online","58":"product_tag-synthetisches-crack-kokain-zum-verkauf","59":"product_tag-synthetisches-kokain-zum-verkauf","60":"product_tag-synthetisches-kokain-zum-verkauf-online","61":"product_tag-verkauf-von-kokain","62":"product_tag-verkauf-von-kokain-florida","63":"product_tag-verkauf-von-kokain-georgia","65":"first","66":"instock","67":"shipping-taxable","68":"purchasable","69":"product-type-variable"},"_links":{"self":[{"href":"https:\/\/kokaindrogekaufen.com\/fr\/wp-json\/wp\/v2\/product\/1480"}],"collection":[{"href":"https:\/\/kokaindrogekaufen.com\/fr\/wp-json\/wp\/v2\/product"}],"about":[{"href":"https:\/\/kokaindrogekaufen.com\/fr\/wp-json\/wp\/v2\/types\/product"}],"replies":[{"embeddable":true,"href":"https:\/\/kokaindrogekaufen.com\/fr\/wp-json\/wp\/v2\/comments?post=1480"}],"wp:featuredmedia":[{"embeddable":true,"href":"https:\/\/kokaindrogekaufen.com\/fr\/wp-json\/wp\/v2\/media\/1507"}],"wp:attachment":[{"href":"https:\/\/kokaindrogekaufen.com\/fr\/wp-json\/wp\/v2\/media?parent=1480"}],"wp:term":[{"taxonomy":"product_brand","embeddable":true,"href":"https:\/\/kokaindrogekaufen.com\/fr\/wp-json\/wp\/v2\/product_brand?post=1480"},{"taxonomy":"product_cat","embeddable":true,"href":"https:\/\/kokaindrogekaufen.com\/fr\/wp-json\/wp\/v2\/product_cat?post=1480"},{"taxonomy":"product_tag","embeddable":true,"href":"https:\/\/kokaindrogekaufen.com\/fr\/wp-json\/wp\/v2\/product_tag?post=1480"}],"curies":[{"name":"wp","href":"https:\/\/api.w.org\/{rel}","templated":true}]}}