{"id":1488,"date":"2023-06-27T19:19:31","date_gmt":"2023-06-27T18:19:31","guid":{"rendered":"https:\/\/kokaindrogekaufen.com\/?post_type=product&#038;p=1488"},"modified":"2024-12-06T05:52:35","modified_gmt":"2024-12-06T05:52:35","slug":"kolumbianisches-kokain-zu-verkaufen","status":"publish","type":"product","link":"https:\/\/kokaindrogekaufen.com\/fr\/product\/kolumbianisches-kokain-zu-verkaufen\/","title":{"rendered":"COLOMBIEN DE COCA\u00cfNE \u00c0 VENDRE"},"content":{"rendered":"<h2>\u00c0 LA COCA\u00cfNE OU DE VENDRE DE L&#039;EUROPE:<\/h2>\n<p>En Fait, nous avons de haute qualit\u00e9 \u00e0 la Coca\u00efne ou de vendre de l&#039;Europe. Certaines internationale des Pays comme le P\u00e9rou et la Bolivie permettre \u00e0 la Culture de la feuille de coca pour la Consommation traditionnelle par des Membres de Communaut\u00e9s indig\u00e8nes, mais interdisent la Fabrication, la Vente et la Consommation de colombien de Coca\u00efne. En outre, dans les Parties de l&#039;Europe et de l&#039;Australie, de la Consommation de prot\u00e9ines animales transform\u00e9es colombien de Coca\u00efne qu&#039;\u00e0 des Fins m\u00e9dicales autoris\u00e9s.<\/p>\n<p>Bien que les effets ind\u00e9sirables en cas de faibles \u00e0 moyennes Doses G\u00e9n\u00e9ralement faible, ils se produisent \u00e0 des Doses plus \u00e9lev\u00e9es ou prolong\u00e9e de la Consommation de plus en plus souvent d&#039;elle-m\u00eame. En raison du manque d&#039;Exp\u00e9rience dans la Pratique, cela est encore tr\u00e8s correctement. Les plus connus de ces Effets cognitifs sont des Vertiges\/la Fi\u00e8vre et d&#039;autres. Colombien de Coca\u00efne est un Stimulant pour le Traitement de l&#039;Anxi\u00e9t\u00e9 est utilis\u00e9. La coca\u00efne pour la Vente en Europe<\/p>\n<p>Ces Effets peuvent entre 15 Minutes et une Heure. Coca-Kr\u00e4uterinfusion (colombien de Coca\u00efne) est dans la Production internationale de la feuille de coca utilis\u00e9 de la m\u00eame Mani\u00e8re que toute autre Kr\u00e4uterinfusion dans d&#039;autres Parties du Monde. Ces derni\u00e8res Ann\u00e9es, les Gouvernements du P\u00e9rou et de la Bolivie libre, et en a autoris\u00e9 la Commercialisation de la feuille de coca s\u00e9ch\u00e9es sous Forme de Sacs pour Utilisation comme &#034;le Th\u00e9 de Coca comme Boisson aux Propri\u00e9t\u00e9s m\u00e9dicinales de promouvoir. La coca\u00efne pour la Vente en Allemagne<\/p>\n<p>La Dur\u00e9e de l&#039;Effet de colombien de Coca\u00efne d\u00e9pend de la Quantit\u00e9 consomm\u00e9e et de la voie \u00e0 partir de. Colombien de Coca\u00efne est un de haute qualit\u00e9 de Poudre blanche avec un Go\u00fbt amer. Colombien de Coca\u00efne est un Stimulant pour le syst\u00e8me Nerveux qui agit vite. Il est compos\u00e9 de Feuilles de Kokastrauchs extrait et est consid\u00e9r\u00e9 comme le plus puissant de tous les naturels de Stimulants. En plus de Traitement, les feuilles de coca \u00e0 colombien de Coca\u00efne et d&#039;colombien, Crack, sans doute sur la Route est vendu. La coca\u00efne \u00e0 vendre Allemagne<\/p>\n<h4>LA COCA\u00cfNE, ACHETER EN LIGNE:<\/h4>\n<p>Dans certains Cas, le r\u00e9solu, les colombiens de la Coca\u00efne dans une boule de Coton imbib\u00e9 de 10 \u00e0 15 Minutes avant la vente aux Ench\u00e8res dans la Narine est introduit, ce qui permet de kauterisierende le Domaine \u00e9tourdis et r\u00e9tr\u00e9ci. M\u00eame si il est utilis\u00e9 de cette Mani\u00e8re, une Partie de l&#039;colombiens de la Coca\u00efne par la Bouche ou de la muqueuse Nasale \u00e0 \u00eatre pris et provoquer des Effets syst\u00e9miques. La coca\u00efne pour la Vente en Europe<\/p>\n<p>La d\u00e9pendance \u00e0 la coca\u00efne colombienne se d\u00e9veloppe rapidement apr\u00e8s de courtes P\u00e9riodes de consommation r\u00e9guli\u00e8re de Coca\u00efne et conduit \u00e0 un Entzugszustand avec d\u00e9ficit de l&#039;\u00e9motionnel Motivation, si la consommation de Coca\u00efne est r\u00e9gl\u00e9. La Prise en d\u00e9pit de l&#039;Utilisation de Stimulants dangereux, car les Effets s\u00e9datifs de l&#039;Alcool est r\u00e9duit. Ils sont les Unit\u00e9s de mesure pour la &#034;Ivresse&#034; dans le Corps humain. La coca\u00efne pour la Vente<\/p>\n<p>Cela conduit G\u00e9n\u00e9ralement \u00e0 une consommation excessive d&#039;Alcool, car la Barri\u00e8re qui r\u00e9duit sensiblement, et comporte un Risque \u00e9lev\u00e9 de l\u00e9sions du Foie et une augmentation de la D\u00e9shydratation. Sur la Base de la fonction H\u00e9patique et R\u00e9nale peuvent colombien Kokainmetaboliten dans les Urines. La benzoylecgonine peut dans l&#039;Urine de colombien de Coca\u00efne dans un d\u00e9lai de 4 Heures apr\u00e8s la Prise, \u00eatre prouv\u00e9 et peut, \u00e0 des Concentrations de plus de 150 ng\/ml jusqu&#039;\u00e0 huit Fois imm\u00e9diatement apr\u00e8s la consommation de Coca\u00efne \u00e0 d\u00e9montrer. La coca\u00efne pour la Vente en Allemagne<\/p>\n<p>Le colombien de chlorhydrate de coca\u00efne, r\u00e9gional An\u00e4sthesieester, a \u00e9t\u00e9 en D\u00e9cembre 2017 pour l&#039;Utilisation m\u00e9dicale aux \u00c9tats-Unis et est de m\u00eame pour l&#039;Introduction de l&#039;Anesth\u00e9sie \u00e0 Proximit\u00e9 de la Muqueuse pour les M\u00e9thodes de diagnostic et Op\u00e9rations, ou par les voies nasales des Personnes \u00e2g\u00e9es index\u00e9s. On ne sait pas vraiment ce que la Coca\u00efne est, le d\u00e9placement ach\u00e8te, car colombien de Coca\u00efne est G\u00e9n\u00e9ralement une Vari\u00e9t\u00e9 de diff\u00e9rents Composants coup\u00e9s. La coca\u00efne pour la Vente en Europe<\/p>\n<h4>LA COCA\u00cfNE \u00c0 VENDRE PR\u00c8S DE MOI :<\/h4>\n<p>Pas envie de la remettre \u00e0 la consommation de Coca\u00efne se produit apr\u00e8s la premi\u00e8re Prise ou seulement apr\u00e8s la Prise du M\u00e9dicament. Car colombien de Coca\u00efne lors de la cuisson de clairement se d\u00e9compose, en G\u00e9n\u00e9ral, les Freebase et de carbonate d&#039;hydrog\u00e8ne de Sels de la colombiens de la Coca\u00efne utilis\u00e9e, Contrairement au Chlorhydrate de Sel de beaucoup moins d&#039;ivoire. G\u00e9n\u00e9ralement, ils sont comme des colombiens de la coca\u00efne base &#034; et de briser individuellement. La coca\u00efne pour la Vente en Allemagne<br \/>\nNotez chacun de ces pays que Vous visitez, et, peut-\u00eatre plus important encore, notez la L\u00e9gislation. Choisissez pour Vos Cas d&#039;une Couleur contrastante \u00e0 la Teinte de ce Type d&#039;Eau. Si la normale de l&#039;Eau est sombre, Ils devraient s&#039;efforcer, lumineux, ombrag\u00e9 par des Tentations \u00e0 utiliser pour les Poissons de rendre visible. Si l&#039;Eau est cependant \u00e9vident, utilisez plut\u00f4t opaques cach\u00e9es App\u00e2t.<\/p>\n<p>En raison de son Impact sur la Population humaine, le Sol local et les syst\u00e8mes d&#039;eau Potable a \u00e9t\u00e9 l&#039;injection de l&#039;Air, souvent, des militants pour les droits civiques et les d\u00e9fenseurs de l&#039;environnement condamn\u00e9. En D\u00e9cembre 2000, le n\u00e9erlandais, le Chroniqueur Marjon van Royen que la Substance \u00e0 partir d&#039;Avions sur les Territoires occup\u00e9s en Colombie, la Coca\u00efne devient rentable, ce qui permanent Wohlstandsproblemen m\u00e8ne&#034;. La coca\u00efne pour la Vente en Europe<\/p>\n<p>D\u00e9vorant des Yeux, de l&#039;Agitation et des probl\u00e8mes Respiratoires sont encore dans certaines R\u00e9gions signal\u00e9.\u201c Dans certaines Zones, un malade, une grande partie des Jeunes dans la Population locale \u00e0 des \u00c9ruptions cutan\u00e9es, de la Fi\u00e8vre, coryza aqueux et bact\u00e9riennes Augenkontaminationen. Beaucoup de Gens solidifier ces Conditions, si vous les Services \u00e0 Proximit\u00e9, ce qui conduit \u00e0 ce que plus de Visiteurs \u00e0 le capturer, comme il est G\u00e9n\u00e9ralement probablement le Cas. La coca\u00efne \u00e0 vendre Allemagne<\/p>\n<h5>LE CRACK \u00c0 VENDRE:<\/h5>\n<p>Si le Glyphosate dans l&#039;Air pulv\u00e9ris\u00e9, il existe un Risque nettement accru d&#039;erreur humaine lors de la Pulv\u00e9risation de pr\u00e9sum\u00e9es ill\u00e9gales de Coca Installations. La coca est G\u00e9n\u00e9ralement de mauvais \u00c9leveurs cultiv\u00e9; la Plante a n\u00e9anmoins jou\u00e9 un R\u00f4le important dans le Conflit, car les Farc, les R\u00e9coltes contamin\u00e9es et la Fortune dans votre zone de conflit a dirig\u00e9.<\/p>\n<p>La colombie a une extraordinaire Fa\u00e7on, comme presque tous les autres Pays sur la Plan\u00e8te agi de la Conf\u00e9rence de Vienne de 1988, Vers le trafic illicite des Visiteurs cibl\u00e9s dans les M\u00e9dicaments narcotiques et les Substances psychotropes a marqu\u00e9, \u00e0 la synth\u00e8se et Medikationvorl\u00e4ufer inclut le haut de unhibitedly le Reste du Monde ont \u00e9t\u00e9 \u00e9chang\u00e9es, alors que dans le Rundliste loin Substances contr\u00f4l\u00e9es. La coca\u00efne pour la Vente en Allemagne<\/p>\n<p>Le trafic de coca\u00efne en Colombie a de nombreuses Facettes. \u00c0 commencer par les \u00c9leveurs, la Coca de continuer \u00e0 cultiver et \u00e0 leurs Familles peuvent aider, en passant par les graisses de Poissons et de leurs Ententes, les tonnes de gagner de l&#039;Argent, d\u00e9couvrez souill\u00e9e L\u00e9gislateur, leur non-public et de l&#039;informel, Militaire, paramilitaire Groupes \u00e0 gagner de l&#039;. La coca\u00efne \u00e0 vendre Europe<\/p>\n<h5>PLUS:<\/h5>\n<p>Si vous l&#039;usage de Drogues peut Belohnungskreislauf pouvez le personnaliser, de sorte qu&#039;il est nettement moins sensible \u00e0 ce M\u00e9dicament peut cesser de r\u00e9pondre. En cons\u00e9quence, le choix des Personnes pour une mousse plus ferme et plus fermes Dosage pour la m\u00eame Importance, de sentir et de se Faciliter le Sevrage de prendre l&#039;avantage. La colombie est le premier Producteur d&#039;colombien de Coca\u00efne. La coca\u00efne pour la Vente en Europe<\/p>\n<p>La colombie produit environ les trois Quarts de la annuel Kokainmenge le Monde, \u00e0 la fois Kokainbetrieben du P\u00e9rou (principalement du Huallaga, la Vall\u00e9e et la Bolivie import\u00e9s cultiv\u00e9 localement en un Coca. En 1998, la Quantit\u00e9 de doute erntef\u00e4higen Kokapflanzen en Colombie ont augment\u00e9 de 28 %. La coca\u00efne \u00e0 Vendre Allemagne<\/p>\n<p>&nbsp;<\/p>","protected":false},"excerpt":{"rendered":"<p>KOKAIN ZU VERKAUFEN EUROPA: In der Tat haben wir qualitativ hochwertiges Kokain zu verkaufen Europa. Einige internationale L\u00e4nder wie Peru und Bolivien erlauben den Anbau von Kokabl\u00e4ttern f\u00fcr den traditionellen Konsum durch Mitglieder indigener Gemeinschaften, verbieten jedoch die Herstellung, den Verkauf und den Konsum von kolumbianischem Kokain. Dar\u00fcber hinaus ist in Teilen Europas und Australiens der Konsum von verarbeitetem kolumbianischem Kokain nur zu medizinischen Zwecken erlaubt. Obwohl die unerw\u00fcnschten Nebenwirkungen bei niedrigen bis mittleren Dosen in der Regel gering sind, treten sie bei h\u00f6heren Dosen oder l\u00e4ngerem Konsum immer h\u00e4ufiger von selbst auf. Aufgrund der mangelnden Erfahrungen in der Praxis\u2026<\/p>","protected":false},"featured_media":1508,"comment_status":"open","ping_status":"closed","template":"","meta":{"content-type":""},"product_brand":[],"product_cat":[26],"product_tag":[],"class_list":{"0":"post-1488","1":"product","2":"type-product","3":"status-publish","4":"has-post-thumbnail","6":"product_cat-kokain","8":"first","9":"instock","10":"shipping-taxable","11":"purchasable","12":"product-type-variable"},"_links":{"self":[{"href":"https:\/\/kokaindrogekaufen.com\/fr\/wp-json\/wp\/v2\/product\/1488"}],"collection":[{"href":"https:\/\/kokaindrogekaufen.com\/fr\/wp-json\/wp\/v2\/product"}],"about":[{"href":"https:\/\/kokaindrogekaufen.com\/fr\/wp-json\/wp\/v2\/types\/product"}],"replies":[{"embeddable":true,"href":"https:\/\/kokaindrogekaufen.com\/fr\/wp-json\/wp\/v2\/comments?post=1488"}],"wp:featuredmedia":[{"embeddable":true,"href":"https:\/\/kokaindrogekaufen.com\/fr\/wp-json\/wp\/v2\/media\/1508"}],"wp:attachment":[{"href":"https:\/\/kokaindrogekaufen.com\/fr\/wp-json\/wp\/v2\/media?parent=1488"}],"wp:term":[{"taxonomy":"product_brand","embeddable":true,"href":"https:\/\/kokaindrogekaufen.com\/fr\/wp-json\/wp\/v2\/product_brand?post=1488"},{"taxonomy":"product_cat","embeddable":true,"href":"https:\/\/kokaindrogekaufen.com\/fr\/wp-json\/wp\/v2\/product_cat?post=1488"},{"taxonomy":"product_tag","embeddable":true,"href":"https:\/\/kokaindrogekaufen.com\/fr\/wp-json\/wp\/v2\/product_tag?post=1488"}],"curies":[{"name":"wp","href":"https:\/\/api.w.org\/{rel}","templated":true}]}}