{"id":1497,"date":"2023-06-27T19:19:31","date_gmt":"2023-06-27T18:19:31","guid":{"rendered":"https:\/\/kokaindrogekaufen.com\/?post_type=product&#038;p=1497"},"modified":"2024-12-06T05:55:56","modified_gmt":"2024-12-06T05:55:56","slug":"crack-kokain-zu-verkaufen","status":"publish","type":"product","link":"https:\/\/kokaindrogekaufen.com\/fr\/product\/crack-kokain-zu-verkaufen\/","title":{"rendered":"LE CRACK, LA COCA\u00cfNE \u00c0 VENDRE"},"content":{"rendered":"<h2>LE CRACK, LA COCA\u00cfNE \u00c0 VENDRE:<\/h2>\n<p>Tout d&#039;abord, vendu Aaronay le plus de haute qualit\u00e9 et la plus pure de Crack dans le Monde. Physiques et psychiques, des Signes de Retrait d\u00e9pendent d&#039;une Vari\u00e9t\u00e9 de Facteurs, y compris la R\u00e9sistance individuelle, la Digestion, le Degr\u00e9 de D\u00e9pendance, la Gravit\u00e9 de la D\u00e9pendance et de la Pr\u00e9sence cach\u00e9e de la maladie mentale, ou d&#039;autres D\u00e9pendances.<\/p>\n<p>La fatigue, de grands anxieux Calme ou l&#039;Agitation, de la Faim, de la Sensibilit\u00e9, de la Tristesse, autodestructeur de Sentiments et de son d\u00e9sir d&#039;autres M\u00e9dicaments sont les Sympt\u00f4mes du Crack de Sevrage. Le Souvenir de la Kokaingl\u00fcck est fort, et il existe une forte Probabilit\u00e9, que la Rechute dans la Consommation de Tranquillisants est effectu\u00e9. Le Crack, la Coca\u00efne pour la Vente<\/p>\n<p>Bien que le Crack que Break au Canada, les m\u00eames r\u00e8gles et les Sanctions pour Possession et le Commerce sont soumis, il est possible que le Rock, les Acheteurs en raison de racisme et de kursbezogener Inclinations intense d&#039;\u00eatre contr\u00f4l\u00e9. Le Crack, la Coca\u00efne pour la Vente<\/p>\n<p>\u00c9galement \u00e0 la synth\u00e8se de la D\u00e9pendance peut \u00eatre de la Coca\u00efne, plus rapidement que chez les autres professionnels prescrit des M\u00e9dicaments. Crack et Break, les Consommateurs peuvent parfois apr\u00e8s quelques Einnahmeversuchen un Probl\u00e8me de mauvais traitements d\u00e9velopper. Le Prix de la Coca\u00efne est au Milieu des Ann\u00e9es 1990 a fortement baiss\u00e9, apr\u00e8s avoir longtemps addictif M\u00e9dicament pour le Faux et Populaire de galt. Le Crack, la Coca\u00efne \u00e0 vendre<\/p>\n<h3>LE CRACK, LA COCA\u00cfNE, ACHETER EN LIGNE:<\/h3>\n<p>La diminution des co\u00fbts est all\u00e9 avec une baisse de la S\u00e9curit\u00e9 du M\u00e9dicament dans une P\u00e9riode similaire de pair. En fonction de Vos Besoins sp\u00e9cifiques, la R\u00e9paration peut dans un h\u00f4pital ou en ambulatoire, le Cadre, le lieu. Beaucoup de Personnes b\u00e9n\u00e9ficient d&#039;un Traitement hospitalier, par des Influences n\u00e9gatives \u00e9loigne et dans un Environnement stable, apporte. Le Crack, la Coca\u00efne pour la Vente<\/p>\n<p>Assurez-Vous que Vous respectez les R\u00e8gles. Si Vous ne savez pas, si Vous ne le faites pas. C&#039;est un possible Abschreibungswert. Nous faisons la promotion de la r\u00e9duction des dommages et de lutter contre le m\u00e9decin recommand\u00e9 de r\u00e9adaptation des toxicomanes. Rappelez-Vous qu&#039;aucun M\u00e9dicament sans risque est. Il est toujours plus s\u00fbr de ne pas vous prendre. Je conc\u00e8de que jamais, la Consommation de Cigarettes, de Pierres ou de Crack et de ses D\u00e9riv\u00e9s. Cette Substance a le Potentiel de causer des Dommages. Le Crack, la Coca\u00efne \u00e0 vendre<\/p>\n<p>Il s&#039;agit simplement d&#039;une instructive Exercice sur la M\u00e9thode de Fabrication de Crack et de la Coca\u00efne. Personne ne se fait avec l&#039;Intention sur la Voie de quelque chose de d\u00e9pendance. M\u00eame quelqu&#039;un qui est conscient de la d\u00e9cide de, de Substances, d&#039;essayer, n&#039;a pas le d\u00e9sir de se soumettre \u00e0 un Retrait de relever, d&#039;une Overdose de risquer de perdre ou de mourir. Il existe de nombreuses Distinctions. Le Crack, la Coca\u00efne \u00e0 vendre<\/p>\n<p>Le Grognement \u00e0 la Pause, conduit \u00e0 un certain Nombre des plus graves et \u00e0 long terme de physique et mental de l&#039;Inconfort. Break cr\u00e9e une grande Quantit\u00e9 de Dopamine libre, d&#039;une Synapse \u00e0 la Perception de la R\u00e9compense et de Respect entra\u00eene l&#039;Habitude de remplir. S\u00e9rieux, le Crack, ou Break, les Consommateurs sont tol\u00e9rants \u00e0 l&#039;\u00e9gard de la M\u00e9decine et de se sentir finalement \u00e9puis\u00e9, prises de panique et incapable de dormir, ce qui exceptionnel, de l&#039;Enthousiasme et de la Douleur physique de conduit. Le Crack, la Coca\u00efne \u00e0 vendre<\/p>\n<h4>LE CRACK, LA COCA\u00cfNE \u00c0 VENDRE EN LIGNE:<\/h4>\n<p>S\u00e9rieuses sont les Acheteurs de ces Signes de conscience et de l&#039;h\u00e9sitation, de la Prise de ce M\u00e9dicament est de r\u00e9gler. Presque tous, le Crack, la Coca\u00efne est contamin\u00e9, Vous devriez donc le Lot \u00e0 examiner, pour voir s&#039;il ya des autres Drogues (y compris le Fentanyl), pour le Risque attendu d&#039;un Surdosage de r\u00e9duire contient. Le Crack, la Coca\u00efne pour la Vente<\/p>\n<p>Apr\u00e8s la Connexion avec le Chlorhydrate de nage Crack Alcalo\u00efde \u00e0 la Pointe de la d\u00e9sormais Liquide suppl\u00e9mentaire. Maintenant, l&#039;Huile gagn\u00e9 rapidement, G\u00e9n\u00e9ralement \u00e0 l&#039;aide d&#039;une Aiguille ou un Objet long et mince. Ainsi, l&#039;Huile est tir\u00e9 vers le haut et tourn\u00e9, de sorte que l&#039;Air, l&#039;Huile, la prise et le s\u00e9chage, et le Client et le Producteur de l&#039;Huile dans les steinartige Forme peuvent apporter. Le Crack, la Coca\u00efne pour la Vente<\/p>\n<p>Le Crack est g\u00e9n\u00e9ralement sous la Forme de Pierres disponibles. Break Rocks sont le blanc (ou gris tr\u00e8s clair) et s&#039;adaptent comme un Gant. Comment les Rocks abus\u00e9? Le Break est r\u00e9guli\u00e8rement fum\u00e9. Par le Tabagisme de Rocks acc\u00e9der \u00e0 de grandes Quantit\u00e9s de M\u00e9dicaments dans les Poumons, ce qui est imm\u00e9diat et extr\u00eames, l&#039;euphorie du Bruit conduit. Le Crack, la Coca\u00efne provoque les Veines s&#039;\u00e9paissir et se r\u00e9tr\u00e9cir, ce qui Sauerstofffluss au C\u0153ur diminue. Le Crack, la Coca\u00efne pour la Vente<\/p>\n<p>En m\u00eame temps, provoque le Crack que la Darmmuskel travaille de plus en plus forte, ce qui, m\u00eame chez les individus sains, une crise Cardiaque ou un Avc peut se produire. Break minimum one\u201c est souvent \u00e0 l&#039;Expression d&#039;un Enfant par une M\u00e8re est n\u00e9 pendant la Grossesse, le Crack a \u00e9t\u00e9 consomm\u00e9. L&#039;Id\u00e9e que l&#039;usage de Crack, pendant toute la Grossesse, un Risque pour l&#039;Enfant, est largement infirm\u00e9e \u00e9t\u00e9. Le Crack, la Coca\u00efne \u00e0 vendre<\/p>\n<h4>CRACK COCAINE FOR SALE ETATS-UNIS:<\/h4>\n<p>Logique, les \u00c9tudes montrent que la consommation de Coca\u00efne avant la Naissance, ind\u00e9pendamment des autres Cons\u00e9quences, telles que des Boissons alcoolis\u00e9es, du Tabac ou de l&#039;Environnement physique), le D\u00e9veloppement et l&#039;Insertion des Jeunes, clairement influenc\u00e9. La coca\u00efne et le Crack se distinguent sans doute en Apparence. \u00c0 la vente de Crack-Coca\u00efne<\/p>\n<p>Le Crack est G\u00e9n\u00e9ralement forme de Poudre blanche, tandis que le Crack dans la Forme de Pierres est disponible, en R\u00e8gle g\u00e9n\u00e9rale, blanc, cr\u00e8me, marron, marron clair sont. Alors que la Forme de poudre de Coca\u00efne est commun\u00e9ment consid\u00e9r\u00e9e comme la Coca\u00efne ou le Coke est la Pierre Crack connu. En raison de la baisse des Prix de Crack, c&#039;\u00e9tait pour les Personnes \u00e0 faibles revenus, beaucoup plus facile \u00e0 se procurer, ce qui conduit \u00e0 la Pr\u00e9diction a men\u00e9, que les Employ\u00e9s des groupes Marginalis\u00e9s, beaucoup plus longues que courtes Peines de prison. Le Crack, la Coca\u00efne pour la Vente<\/p>\n<p>Pour les Infractions li\u00e9es \u00e0 la coca\u00efne en Poudre. L&#039;Abus de Crack peut avoir de graves Cons\u00e9quences pour les Consommateurs. Cocky, sur la Porte ouverte \u00e0 regarder, \u00e9tait en train d&#039;analyser s&#039;il l&#039;Fente de la Sortie dans le Monde, plus pr\u00e9cis\u00e9ment inspecter d\u00fb, quels Inspection donc montrerait, s&#039;il la Fente, quelque chose a d\u00fb, comme ses Yeux, les Yeux de la prochaine Explorateur vu, qui le regardait. Le Crack, la Coca\u00efne \u00e0 vendre<\/p>\n<p>Si Vous ou l&#039;un de Leur proches de l&#039;Homme avec le Crack ou d&#039;autres Drogues est en difficult\u00e9, l&#039;Aide est si proche que d&#039;un T\u00e9l\u00e9phone \u00e9gar\u00e9. Certains \u00c9tudiants d\u00e9sign\u00e9s Crack &#034;\u00c9pid\u00e9mie&#034;, un peu comme moral, le Stress, et ont constat\u00e9 que l&#039;Augmentation de la consommation de Drogues et le trafic de Drogue a \u00e9t\u00e9 effectu\u00e9e, alors que les M\u00e9dias de Drogue \u00e0 la &#034;\u00c9pid\u00e9mie&#034;, ont expliqu\u00e9. Le Crack, la Coca\u00efne \u00e0 vendre<\/p>\n<h5>LA COCA\u00cfNE \u00c0 VENDRE:<\/h5>\n<p>En Effet, la constante de Tremblements certains Acheteurs \u00e0 convaincre votre Nervosit\u00e9 \u00e0 ma\u00eetriser si vous suppl\u00e9mentaire Crack auraient pu, ou qu&#039;ils ne traitons que de besoin. Plus Crack acheter. Comme les neurones de la Stimulation de la Fissure d&#039;une fr\u00e9n\u00e9sie de la Vitalit\u00e9 provoque, provoque la Drogue est \u00e9galement un unwillk\u00fcrliches les Tremblements, l&#039;un Tremblement de terre similaire. Le Crack, la Coca\u00efne pour la Vente<\/p>\n<p>M\u00eame sans l&#039;usage de Drogues, les Consommateurs ne sont pas en Mesure de le Tremblement de ses Membres \u00e0 contr\u00f4ler. La coca\u00efne et le Crack se pr\u00e9sentent diff\u00e9remment. Le Crack se trouve G\u00e9n\u00e9ralement sous forme de Poudre blanche, avant, pendant, Crack en R\u00e8gle g\u00e9n\u00e9rale, blanc, brun ou brun clair en Pierre existe. La premi\u00e8re \u00c9tape du Traitement consiste le d\u00e9sir physique, apr\u00e8s le Crack de les \u00e9liminer. Le Crack, la Coca\u00efne \u00e0 vendre<\/p>\n<p>Seulement la Consommation de Crack \u00e0 s&#039;arr\u00eater est irr\u00e9aliste et dangereux, par cons\u00e9quent, le Consommateur lors de l&#039;Achat d&#039;un suivi \u00e9troit. Il serait presque impossible de le d\u00e9sir de Crack sans un Soutien technique sous Contr\u00f4le, si cela Maison qui allait arriver. Le Crack, la Coca\u00efne pour la Vente<\/p>\n<p>Les Entzugstherapie devrait dans un \u00e9tablissement de Sant\u00e9 ou d&#039;Intervention o\u00f9 les M\u00e9decins le Client \u00e0 d&#039;importants Signes de surveiller, de s&#039;assurer qu&#039;aucun risque de r\u00e9cidive, et de lui administrer des M\u00e9dicaments peuvent. Drogues \u00e0 l&#039;Appui de Crack est souvent utilis\u00e9 comme Drogue dangereuse consid\u00e9r\u00e9e, mais quand il est dans l&#039;Eau et de Bicarbonate de soude dissous, cuit (pour les mati\u00e8res Solides \u00e0 s\u00e9parer), puis refroidi et secou\u00e9, est le Produit r\u00e9sultant probablement encore plus meurtri\u00e8res. Le Crack, la Coca\u00efne pour la Vente<\/p>\n<h5>En OUTRE:<\/h5>\n<p>L&#039;individu et l&#039;abus de Drogues peut par le Crack, la Coca\u00efne peut \u00eatre s\u00e9rieusement affect\u00e9e. Si Vous ou l&#039;un de Leur proches de l&#039;Homme Crack ou autres substances engendrant la d\u00e9pendance de consommer de l&#039;Aide est seulement un coup de t\u00e9l\u00e9phone. comme le Prix du Baril, Ces Personnes ont moins de Revenu disponible pour les Drogues pouvaient d\u00e9penser, mais ils ont cherch\u00e9 des solutions, votre Revenu est nettement augmenter. Cela a augment\u00e9 la Pr\u00e9valence du Crack \u00e0 faible revenu et des Minorit\u00e9s en relief les Communes. Dans les Ann\u00e9es 1980, il est venu dans ces Communaut\u00e9s un Crack de l&#039;\u00c9pid\u00e9mie. Le Crack, la Coca\u00efne \u00e0 vendre<\/p>","protected":false},"excerpt":{"rendered":"<p>CRACK-KOKAIN ZU VERKAUFEN: Zun\u00e4chst einmal verkauft Aaronay das hochwertigste und reinste Crack der Welt. Die physischen und psychischen Anzeichen des Entzugs h\u00e4ngen von einer Vielzahl von Faktoren ab, darunter die individuelle Belastbarkeit, die Verdauung, das Ausma\u00df der Abh\u00e4ngigkeit, die Schwere der Abh\u00e4ngigkeit und das Vorhandensein versteckter psychischer Erkrankungen oder anderer Abh\u00e4ngigkeiten. M\u00fcdigkeit, ausgedehnte und \u00e4ngstliche Ruhe oder Unruhe, Hunger, Empfindsamkeit, Niedergeschlagenheit, selbstzerst\u00f6rerische Gef\u00fchle und ein au\u00dfergew\u00f6hnliches Verlangen nach zus\u00e4tzlichen Medikamenten sind alles Symptome des Crack-Entzugs. Die Erinnerung an das Kokaingl\u00fcck ist stark, und es besteht eine hohe Wahrscheinlichkeit, dass ein R\u00fcckfall in den Konsum von Beruhigungsmitteln erfolgt. Crack-Kokain zum Verkauf\u2026<\/p>","protected":false},"featured_media":1509,"comment_status":"open","ping_status":"closed","template":"","meta":{"content-type":""},"product_brand":[],"product_cat":[26],"product_tag":[27,28,29,30,31,32,33,34,35,36,37,38,39,40,41,42,43,44,45,46,47,48,49,50,51,52,53,54,55,56,57,58,59,60,61,62,63,64,65,66,67,68,69,70,71,72,73,74,75,76,77,78,79,80,81,82,83],"class_list":{"0":"post-1497","1":"product","2":"type-product","3":"status-publish","4":"has-post-thumbnail","6":"product_cat-kokain","7":"product_tag-besitz-von-kokain-zum-verkauf-hs","8":"product_tag-cocaine-hydrochloride-sale","9":"product_tag-cocaine-leaves-for-sale","10":"product_tag-cocaine-lockup-sale","11":"product_tag-cocaine-mirror-for-sale","12":"product_tag-cocaine-origins","13":"product_tag-cocaine-pipes-for-sale","14":"product_tag-cocaine-plant-for-sale","15":"product_tag-cocaine-purity-test-for-sale","16":"product_tag-cocaine-sale-gta","17":"product_tag-cocaine-sale-reddit","18":"product_tag-cocaine-seed-sale","19":"product_tag-cocaine-seeds-for-sale","20":"product_tag-cocaine-seeds-for-sale-online","21":"product_tag-cocaine-spoons-for-sale","22":"product_tag-cocaine-tea-for-sale","23":"product_tag-cocaine-tooters-for-sale","24":"product_tag-cocaine-vials-for-sale","25":"product_tag-colombian-cocaine-for-sale","26":"product_tag-crack-cocaine-for-sale-online","27":"product_tag-fake-cocaine-for-sale","28":"product_tag-groshandel-kokain-zum-verkauf","29":"product_tag-gta-online-cocaine-lockup-buying-supplies","30":"product_tag-kilo-of-cocaine-for-sale","31":"product_tag-kokain","32":"product_tag-kokain-bullet-for-sale","33":"product_tag-kokain-cowboys","34":"product_tag-kokain-for-sale","35":"product_tag-kokain-for-sale-australia","36":"product_tag-kokain-for-sale-craigslist","37":"product_tag-kokain-for-sale-near-me","38":"product_tag-kokain-for-sale-online-usa","39":"product_tag-kokain-for-sale-usa","40":"product_tag-kokain-for-sale-websites","41":"product_tag-kokain-for-sales","42":"product_tag-kokain-for-sell","43":"product_tag-kokain-grinders-for-sale","44":"product_tag-kokain-history","45":"product_tag-kokain-hydrochloride-for-sale","46":"product_tag-kokain-online-kaufen","47":"product_tag-legal-cocaine-for-sale","48":"product_tag-legal-synthetic-cocaine-for-sale","49":"product_tag-online-cocaine-anonymous-meetings","50":"product_tag-online-cocaine-for-sale","51":"product_tag-online-cocaine-meetings","52":"product_tag-online-cocaine-purchase","53":"product_tag-online-kokain-verkauf","54":"product_tag-peruanisches-kokain-zum-verkauf","55":"product_tag-pharmazeutisches-kokain-zum-verkauf","56":"product_tag-reines-kokain-zum-verkauf","57":"product_tag-reines-kokain-zum-verkauf-online","58":"product_tag-synthetisches-crack-kokain-zum-verkauf","59":"product_tag-synthetisches-kokain-zum-verkauf","60":"product_tag-synthetisches-kokain-zum-verkauf-online","61":"product_tag-verkauf-von-kokain","62":"product_tag-verkauf-von-kokain-florida","63":"product_tag-verkauf-von-kokain-georgia","65":"first","66":"instock","67":"shipping-taxable","68":"purchasable","69":"product-type-variable"},"_links":{"self":[{"href":"https:\/\/kokaindrogekaufen.com\/fr\/wp-json\/wp\/v2\/product\/1497"}],"collection":[{"href":"https:\/\/kokaindrogekaufen.com\/fr\/wp-json\/wp\/v2\/product"}],"about":[{"href":"https:\/\/kokaindrogekaufen.com\/fr\/wp-json\/wp\/v2\/types\/product"}],"replies":[{"embeddable":true,"href":"https:\/\/kokaindrogekaufen.com\/fr\/wp-json\/wp\/v2\/comments?post=1497"}],"wp:featuredmedia":[{"embeddable":true,"href":"https:\/\/kokaindrogekaufen.com\/fr\/wp-json\/wp\/v2\/media\/1509"}],"wp:attachment":[{"href":"https:\/\/kokaindrogekaufen.com\/fr\/wp-json\/wp\/v2\/media?parent=1497"}],"wp:term":[{"taxonomy":"product_brand","embeddable":true,"href":"https:\/\/kokaindrogekaufen.com\/fr\/wp-json\/wp\/v2\/product_brand?post=1497"},{"taxonomy":"product_cat","embeddable":true,"href":"https:\/\/kokaindrogekaufen.com\/fr\/wp-json\/wp\/v2\/product_cat?post=1497"},{"taxonomy":"product_tag","embeddable":true,"href":"https:\/\/kokaindrogekaufen.com\/fr\/wp-json\/wp\/v2\/product_tag?post=1497"}],"curies":[{"name":"wp","href":"https:\/\/api.w.org\/{rel}","templated":true}]}}