{"id":1506,"date":"2023-06-27T19:19:31","date_gmt":"2023-06-27T18:19:31","guid":{"rendered":"https:\/\/kokaindrogekaufen.com\/?post_type=product&#038;p=1506"},"modified":"2024-12-06T05:59:25","modified_gmt":"2024-12-06T05:59:25","slug":"kokainflocken-zu-verkaufen","status":"publish","type":"product","link":"https:\/\/kokaindrogekaufen.com\/fr\/product\/kokainflocken-zu-verkaufen\/","title":{"rendered":"KOKAINFLOCKEN \u00c0 VENDRE"},"content":{"rendered":"<h2>KOKAINFLOCKEN \u00c0 VENDRE:<\/h2>\n<p>mdmakaufen.com vend surtout de Paillettes de la Coca\u00efne, de la plus haute Qualit\u00e9. Il s&#039;agit d&#039;une tr\u00e8s addictif Energetisierungsdroge \u00e0 partir de Feuilles de l&#039;am\u00e9rique du sud Kokapflanze est gagn\u00e9. Kokainflocken un M\u00e9dicament ill\u00e9gal, m\u00eame si, pour l\u00e9gitimes \u00e0 des Fins m\u00e9dicales peuvent \u00eatre utilis\u00e9es, par Exemple, pour la S\u00e9dation lors de certaines Interventions m\u00e9dicales. Au P\u00e9rou, tente de Paillettes de la Coca\u00efne, de d\u00e9truire, alors que, parall\u00e8lement, \u00e0 des Voies alternatives pour p\u00e9ruvien \u00c9leveurs sont d\u00e9velopp\u00e9s.<\/p>\n<p>Kokainflocken sont maintenant les m\u00e9dicaments de la Cat\u00e9gorie II, ce qui signifie qu&#039;ils sont \u00e0 haut risque d&#039;Abus, mais par un M\u00e9decin \u00e0 des Fins m\u00e9dicales peuvent \u00eatre prescrits, par Exemple, pour la S\u00e9dation chez certains, les Yeux, les Oreilles et Halsoperationen. Les pays du Monde entier de travailler ensemble pour la Formation des services R\u00e9pressifs et de leurs propres Paquets de Limitation de M\u00e9dicaments \u00e0 d\u00e9velopper. Kokainflocken \u00e0 la Vente<\/p>\n<p>Il s&#039;agit d&#039;ordinaire de Rock Baggies&#034;, les vendeurs ambulants sont vendus. Les Pierres sont align\u00e9es et fum\u00e9. Pierres, comme la poudre de Paillettes de Coca\u00efne, avec diff\u00e9rentes Substances telles que des piles Alcalines ou Heizungspop de r\u00e9duire ou d&#039;\u00eatre affaibli. Les Effets cognitifs de la Coca\u00efne, souvent, beaucoup de morceaux en Rapport avec les valeurs Mesur\u00e9es de fa\u00e7on dynamique, et le renforcer. Kokainflocken \u00e0 la Vente<\/p>\n<h3>FLAKE COCAINE:<\/h3>\n<p>L&#039;Impression d&#039;ensemble produite par les Paillettes de la Coca\u00efne est consid\u00e9r\u00e9e par beaucoup comme une extr\u00eame Stimulation mentale, am\u00e9lioration de la Concentration et un fort sentiment d&#039;Euphorie d\u00e9crit. Il comprend une multitude d&#039;r\u00e9gulier Energizer intellectuelle des R\u00e9sultats. Paillettes de la Coca\u00efne est consid\u00e9r\u00e9e comme beaucoup plus risqu\u00e9s que d&#039;autres troubles du syst\u00e8me NERVEUX central Energizer, comme, par Exemple, l&#039;ensemble de la consommation d&#039;Amph\u00e9tamines Drogenklasse. Kokainflocken \u00e0 la Vente<\/p>\n<p>L&#039;usage fr\u00e9quent, avec le D\u00e9veloppement chronique, de probl\u00e8mes Cardiaques associ\u00e9s, et, dans certains Cas, il peut inattendu cardiovasculaire Mort. Il est donc vivement recommand\u00e9 de Travailler avec cette Substance, M\u00e9thodes de r\u00e9duction des dommages \u00e0 l&#039;appliquer. Paillettes de la Coca\u00efne dans la plupart des Cas, une Poudre blanche. Kokainflocken \u00e0 la Vente<\/p>\n<p>Il peut \u00eatre dans le Nez bloqu\u00e9 ou m\u00e9lang\u00e9 avec de l&#039;Eau et \u00e0 l&#039;aide d&#039;une Aiguille \u00e0 \u00eatre \u00e9lev\u00e9s. Paillettes de la Coca\u00efne est \u00e9galement \u00e0 des petites Pierres blanches trait\u00e9es, les Breaks sont connus. Le Break est une petite Glaspfeife fum\u00e9. Sol\u00e9no\u00efde p\u00e9ruvien de Paillettes de la Coca\u00efne, aussi connu comme le sol\u00e9no\u00efde P\u00e9ruvien de Paillettes ou P\u00e9ruvienne Colle, joue sur l&#039;significative, \u00e9tonnante de Paillettes de Coca\u00efne \u00e0 96 % ou m\u00eame plus de la p\u00e9ruvienne Medikamentenkartellen est \u00e9tablie, car le P\u00e9rou est probablement le plus grand de Paillettes de la Coca\u00efne, le Producteur du Monde. Paillettes de la Coca\u00efne pour la Vente<\/p>\n<h3>KOKAINFLOCKEN ACHETER EN LIGNE:<\/h3>\n<p>Paillettes de Coca\u00efne, ou de Coke, comme il est commun\u00e9ment appel\u00e9, est un Energizer et a des Effets comparables \u00e0 ceux des Amph\u00e9tamines comme la Vitesse et de l&#039;Ice, mais donne une incontestable encore plus d&#039;Effet et un assortiment plus r\u00e9duit &#034;High&#034;, selon la Mesure. Paillettes de la Coca\u00efne est d&#039;un blanc, translucide Poudre avec une forte desensibilisierenden Effet. Le p\u00e9rou est une Province dans le Sud ouest des Etats-Unis. Kokainflocken \u00e0 la Vente<\/p>\n<p>Comme les Espagnols en Am\u00e9rique du sud sont arriv\u00e9s, ils ont interdit tout d&#039;abord, la Coca comme &#034;m\u00e9prisables Sp\u00e9cialistes de Satan&#034;. Cependant, apr\u00e8s avoir reconnu que les Habitants sans le Coca ne peuvent pas travailler, autoris\u00e9 et taxaient les Conqu\u00e9rants de la Feuille, et partirent de 10% de la Valeur de chaque vendange. Kokainflocken \u00e0 la Vente<\/p>\n<p>Car les Hommes n&#039;existe pas de Moyen, la Proportion et la Vertu du Mat\u00e9riau, l&#039;Utilisation de n&#039;importe quel Agr\u00e9gat le projet de Surabondance de l&#039;ordre. Excessive de Caract\u00e8res de limiter. Presque tout le monde sur cette Liste a la Notion de &#034;Pieces&#034; ou &#034;Drop Flake Cocaine&#034;, mais en dehors de cela, que j&#039;ai beaucoup plus de Paillettes de Cocaine sais, j&#039;ai aucune Id\u00e9e de ce que la Signification exacte de ces C\u00e9r\u00e9ales est ce que Flakes et ce qui le distingue de la Norme de Chlorhydrate de Paillettes de Cocaine. Paillettes de la Coca\u00efne \u00e0 vendre<\/p>\n<h4>PAILLETTES DE LA COCA\u00cfNE \u00c0 VENDRE EN LIGNE:<\/h4>\n<p>Les plus dangereux de r\u00e9els Effets physiques de Paillettes de la Coca\u00efne semblent plut\u00f4t cardio-vasculaires, neurologiques comme Nature. Suite \u00e0 la D\u00e9gradation du Sodium du C\u0153ur en Paillettes de la Coca\u00efne se transforment de base cardiovasculaire antagonistes des \u00c9v\u00e9nements, en particulier inattendue d&#039;un arr\u00eat Cardiaque, \u00e0 un Risque r\u00e9el de toutes les Parties. Paillettes de la Coca\u00efne pour la Vente<\/p>\n<p>Ind\u00e9pendamment de Paillettes de Cocaine actuellement grogn ou infus\u00e9, il est puissant, et \u00e0 la fois la plus limit\u00e9e de l&#039;Articulation, et les vastes Cons\u00e9quences sur la sant\u00e9, sont dangereux pour Votre r\u00e9el Bien-\u00eatre physique et mental. Sol\u00e9no\u00efde p\u00e9ruvien de Paillettes de la Coca\u00efne en Poudre et en Gesteinsform occurrence, selon la fa\u00e7on dont il est compos\u00e9, en fonction de la Strat\u00e9gie. Paillettes de la Coca\u00efne pour la Vente<\/p>\n<p>Il s&#039;agit d&#039;une riche Substance blanche qui est exceptionnellement bien et il est frappant de constater. Flake Cocaine D\u00e9pendance se d\u00e9veloppe longs ou rapide Longueurs habituelles de la consommation de Coca\u00efne et provoque un Retrait de l&#039;\u00c9tat avec le mental convaincante Approvisionnement sans fin de la consommation de Coca\u00efne. Dans les Ann\u00e9es 1980 et 1990, le M\u00e9dicament a \u00e9t\u00e9 comme un Flocon de Cocaine connu. en raison de sa g\u00e9n\u00e9ralis\u00e9e, de l&#039;Acceptation et de l&#039;Utilisation pendant ce Temps, des Paillettes, de la Coca\u00efne pour la Vente<\/p>\n<h5>PLUS:<\/h5>\n<p>Par ailleurs, de Paillettes, la Coca\u00efne n&#039;est pas un nouveau M\u00e9dicament. Tout d&#039;abord, il est le plus connu de la M\u00e9decine est devenue. Kokainflocken ont \u00e9t\u00e9 dans un certain Nombre de d\u00e9licieuses Boissons trouv\u00e9. Coca-Cola est le plus connu d&#039;entre eux. Chaque Litre du sous-jacent Boisson contenait environ huit Milligrammes de Paillettes de la Coca\u00efne. Paillettes de la Coca\u00efne \u00e0 vendre<\/p>","protected":false},"excerpt":{"rendered":"<p>KOKAINFLOCKEN ZU VERKAUFEN: mdmakaufen.com verkauft vor allem Flake-Kokain von h\u00f6chster Qualit\u00e4t. Dabei handelt es sich um eine hochgradig s\u00fcchtig machende Energetisierungsdroge, die aus den Bl\u00e4ttern der s\u00fcdamerikanischen Kokapflanze gewonnen wird. Kokainflocken sind ein illegales Medikament, auch wenn sie f\u00fcr legitime medizinische Zwecke verwendet werden k\u00f6nnen, z. B. zur Sedierung bei bestimmten medizinischen Eingriffen. In Peru wird versucht, Flake-Kokain zu vernichten, w\u00e4hrend gleichzeitig alternative Wege f\u00fcr peruanische Viehz\u00fcchter entwickelt werden. Kokainflocken sind jetzt als Medikament der Kategorie II eingestuft, was bedeutet, dass sie ein hohes Missbrauchspotenzial haben, aber von einem Arzt f\u00fcr legitime medizinische Zwecke verschrieben werden k\u00f6nnen, z. B. zur\u2026<\/p>","protected":false},"featured_media":1510,"comment_status":"open","ping_status":"closed","template":"","meta":{"content-type":""},"product_brand":[],"product_cat":[26],"product_tag":[],"class_list":{"0":"post-1506","1":"product","2":"type-product","3":"status-publish","4":"has-post-thumbnail","6":"product_cat-kokain","8":"first","9":"instock","10":"shipping-taxable","11":"purchasable","12":"product-type-variable"},"_links":{"self":[{"href":"https:\/\/kokaindrogekaufen.com\/fr\/wp-json\/wp\/v2\/product\/1506"}],"collection":[{"href":"https:\/\/kokaindrogekaufen.com\/fr\/wp-json\/wp\/v2\/product"}],"about":[{"href":"https:\/\/kokaindrogekaufen.com\/fr\/wp-json\/wp\/v2\/types\/product"}],"replies":[{"embeddable":true,"href":"https:\/\/kokaindrogekaufen.com\/fr\/wp-json\/wp\/v2\/comments?post=1506"}],"wp:featuredmedia":[{"embeddable":true,"href":"https:\/\/kokaindrogekaufen.com\/fr\/wp-json\/wp\/v2\/media\/1510"}],"wp:attachment":[{"href":"https:\/\/kokaindrogekaufen.com\/fr\/wp-json\/wp\/v2\/media?parent=1506"}],"wp:term":[{"taxonomy":"product_brand","embeddable":true,"href":"https:\/\/kokaindrogekaufen.com\/fr\/wp-json\/wp\/v2\/product_brand?post=1506"},{"taxonomy":"product_cat","embeddable":true,"href":"https:\/\/kokaindrogekaufen.com\/fr\/wp-json\/wp\/v2\/product_cat?post=1506"},{"taxonomy":"product_tag","embeddable":true,"href":"https:\/\/kokaindrogekaufen.com\/fr\/wp-json\/wp\/v2\/product_tag?post=1506"}],"curies":[{"name":"wp","href":"https:\/\/api.w.org\/{rel}","templated":true}]}}