{"id":1519,"date":"2023-06-27T19:19:39","date_gmt":"2023-06-27T18:19:39","guid":{"rendered":"https:\/\/kokaindrogekaufen.com\/?post_type=product&#038;p=1519"},"modified":"2024-12-06T06:19:56","modified_gmt":"2024-12-06T06:19:56","slug":"white-doc-cocaine-zu-verkaufen","status":"publish","type":"product","link":"https:\/\/kokaindrogekaufen.com\/fr\/product\/white-doc-cocaine-zu-verkaufen\/","title":{"rendered":"WHITE DOC COCAINE \u00c0 VENDRE"},"content":{"rendered":"<h2>WHITE DOC COCAINE FOR SALE:<\/h2>\n<p>Pour le Moment, notre R\u00e9seau White Doc Cocaine pour la Vente \u00e0 travers le Monde. Pour tous, la White Doc Cocaine utilis\u00e9 pour un faible Confiance. Un Probl\u00e8me avec ill\u00e9gales White Doc Cocaine Utilisation, surtout dans les Volumes Li\u00e9s \u00e0 la Lutte \u00c9puisement (au lieu de D\u00e9veloppement de l&#039;Euphorie), par de longues Articulation Clients, c&#039;est la Possibilit\u00e9 de malades, des Effets ou des Questions \u00e0 cause des M\u00e9langes de Contamination utilis\u00e9. Si quelqu&#039;un avec du White Doc Cocaine ne traite pas correctement et ne veut pas que tu l&#039;apprendras peut-\u00eatre, qu&#039;il dispara\u00eet, pour le M\u00e9dicament \u00e0 prendre, et puis, dans un tr\u00e8s discret, sur l&#039;\u00c9tat de revient.<\/p>\n<p>De v\u00e9ritables Signes d&#039;une acc\u00e9l\u00e9ration du rythme Cardiaque, des Sueurs et de l&#039;excellence des \u00c9l\u00e8ves. White Doc Coca\u00efne emp\u00eache que la Dopamine est recycl\u00e9, ce qui conduit \u00e0 de grandes Quantit\u00e9s dans l&#039;Espace entre deux cellules Nerveuses s&#039;accumulent et normale de leur interrompre les Communications. L&#039;Effet commence dans un d\u00e9lai de quelques Secondes \u00e0 quelques Minutes apr\u00e8s la Consommation et dure entre cinq et une heure et demi \u00e0.<\/p>\n<p>White Doc Cocaine a quelques m\u00e9dicalement pris en charge Utilisations, y compris la D\u00e9sensibilisation et la R\u00e9duction du Drainage lors d&#039;une minutieuse Nasenbehandlung. White Doc Cocaine avec une grande Probabilit\u00e9 pour temporaire de la Psychose d\u00e9clencher, avec plus de 51 % de la White Doc Cocaine Consommateurs Essentiellement certains fous Apparitions antan.<\/p>\n<h3>WHITE DOC COCAINE ACHETER EN LIGNE:<\/h3>\n<p>Enfin, il est habituel de la M\u00e9decine, de r\u00e9duire ou d&#039;augmenter&#034;, en l&#039;Amplificateur utilis\u00e9, les Effets de la Prise d&#039;imiter, par Exemple, Novoca\u00efne (Proca\u00efne), une temporaire provoque la S\u00e9dation, car un Nombre consid\u00e9rable de Clients qui accepte qu&#039;un fort Desensibilisierungsergebnis les Cons\u00e9quences de la forte ou potentiellement unverf\u00e4lschtem White Doc Coca\u00efne, \u00c9ph\u00e9drine ou comparables Energizern est une augmentation de la Herzsumme devront produire. White Doc Cocaine pour la Vente<\/p>\n<p>White Doc Cocaine est faite en la M\u00e9decine avec de l&#039;Alcali ou de Bicarbonate de sodium (Heizungspop) et d&#039;eau Potable, puis chauff\u00e9 pour le Chlorhydrate de supprimer et d&#039;une fumable maintenue. Les plus courantes Einkommensverf\u00e4lschungen sont endormis, de Sucre, de r\u00e9gulier, le Mannitol, la Cr\u00e9atine ou de Glucose, de sorte que la pr\u00e9sentation de l&#039;animation des Distorsions de la Tromperie, de la Vertu, de m\u00eame pour les liaisons\u2018 ou que ce soit pour un Fournisseur plus d&#039;Articles que sans les Distorsions de le pr\u00e9senter. White Doc Cocaine \u00e0 vendre<\/p>\n<p>Il ne provoque pas d&#039;une D\u00e9sensibilisation dans la Bouche, encore, il produit un High comme grunzendes White Doc Cocaine. Nos principaux Objectifs sont la meilleure Satisfaction de la client\u00e8le, la meilleure Utilisation de nos Ressources les plus utiles les Fournisseurs et les meilleurs Produits de qualit\u00e9 \u00e0 offrir. White Doc Cocaine \u00e0 vendre<\/p>\n<h4>WHITE DOC COCAINE POUR LA VENTE EN LIGNE:<\/h4>\n<p>Compte Tenu de la large Gamme de nos M\u00e9dicaments, examiner les produits Chimiques. La Composition de White Doc Cocaine se compose de trois Parties: le hydrophiles ester M\u00e9thylique-Part. Une potentiellement plus dangereux Effets de White Doc Coca\u00efne semble plut\u00f4t cardiovasculaires comme des troubles neurologiques \u00eatre. White Doc Cocaine \u00e0 vendre<\/p>\n<p>Pour la Critique, \u00e9viter de repr\u00e9senter ses Partisans \u00e0 la probl\u00e9matique de la Estime qu&#039;une grande partie de l&#039;Effet lors de la Prise de la feuille de coca de l&#039;option facultative Alcalo\u00efdes, qui, non seulement quantitativement, unverf\u00e4lschtem White Doc Cocaine distinguer, mais aussi subjective. L&#039;Importance de White Doc Cocaine est un rapide au D\u00e9but et \u00e0 la courte Dur\u00e9e, caract\u00e9ris\u00e9 en ce que un fort \u00e9logieux \u00e0 l&#039;Ivresse conduit, suivie d&#039;un contr\u00f4le de D\u00e9faite ou d&#039;un Incident. White Doc Cocaine \u00e0 vendre<\/p>\n<p>Cette Dopaminschub pendant la Preiskreislaufs du Gro\u00dfhirns prend en charge la consommation de Drogues fortes. Avec l&#039;augmentation de la consommation de Drogues peut Preiskreislauf personnaliser, de sorte qu&#039;il est moins sensible sur les M\u00e9dicaments de r\u00e9pondre. En cons\u00e9quence, sauvegarder les Gens de prendre de meilleures et, \u00e9tonnamment, la coh\u00e9rence de Doses dans la Tentative, la Valeur sup\u00e9rieure est certainement reconna\u00eetre et de Faciliter par la Privation de recevoir. White Doc Cocaine \u00e0 vendre<\/p>\n<h5>WHITE DOC DE LA COCA\u00cfNE:<\/h5>\n<p>White Doc Cocaine Assimilation dans la base Courant nasal Insufflation est presque identique \u00e0 la apr\u00e8s la Prise orale. White Doc Cocaine-induit une Vasoconstriction des Vaisseaux de la muqueuse Nasale de limiter la Vitesse de l&#039;Assimilation, avant une longue nasale d&#039;Insufflation. White Doc Cocaine pour la Vente<\/p>\n<p>White Doc Coca\u00efne augmente le rythme Cardiaque d&#039;une Personne en permanence \u00e0 un anormalement \u00e9lev\u00e9e des Valeurs, ce qui est \u00e9lev\u00e9e, ou l&#039;\u00e9tendue de Doses potentiellement peut \u00eatre dangereux. L&#039;apparition de la R\u00e9tention apr\u00e8s la Prise orale de retarder, parce que White Doc Cocaine de la faiblesse de la Base avec un pKa d&#039;une Valeur de 8, et donc ionis\u00e9 Forme de l&#039;acide de l&#039;Estomac ne sont pas correctement peut \u00eatre enregistr\u00e9. White Doc Cocaine pour la Vente<\/p>\n<p>La partie soluble du Duod\u00e9num absorbe White Doc Cocaine avec succ\u00e8s. Le taux de R\u00e9cidive lors de la White Doc Cocaine Addiction est d&#039;environ dix-huit pour Cent et 36% des Personnes, qui est une Application du syst\u00e8me \u00e0 r\u00e9aliser. La Vitesse et l&#039;Ampleur de l&#039;Absorption de White Doc Cocaine sur l&#039;Inhalation est comparable ou sup\u00e9rieure \u00e0 une Perfusion intraveineuse, car l&#039;Inhalation d&#039;un Acc\u00e8s direct \u00e0 la haarf\u00f6rmigen Matelas Respiratoires offre.<\/p>\n<h5>En OUTRE:<\/h5>\n<p>Les Effets \u00e0 court terme de White Doc Cocaine intervient rapidement et dispara\u00eet en quelques Instants, jusqu&#039;\u00e0 60 Minutes. 2 pour le trouble d\u00e9ficitaire de l&#039;Attention\/Hyperactivit\u00e9 (TDAH) signifie qu&#039;une Personne avec le TDAH sont cinq fois plus souvent que toutes les autres, une Fonction illicite de M\u00e9dicaments d\u00e9velopp\u00e9s. \u00c0 cette \u00c9poque, White Doc Cocaine dans les Pharmacies, soit seul ou en tant que partie Int\u00e9grante de nombreuses Recettes, et il a \u00e9galement \u00e9t\u00e9 longues p\u00e9riodes de Vin et un d\u00e9licieux Boissons. Mis \u00e0 part les Effets toxiques de White Doc Cocaine.<\/p>","protected":false},"excerpt":{"rendered":"<p>WHITE DOC COCAINE FOR SALE: Im Moment hat unser Netzwerk White Doc Cocaine zum Verkauf auf der ganzen Welt. F\u00fcr jeden, der White Doc Cocaine verwendet, um ein geringes Vertrauen zu haben. Ein Problem mit illegalen White Doc Cocaine Verwendung, vor allem in den h\u00f6heren Volumina im Zusammenhang mit Kampf Ersch\u00f6pfung (anstatt weitere Entwicklung Euphorie) durch lange Artikulation Kunden, ist die M\u00f6glichkeit der kranken Wirkungen oder Fragen wegen der Mischungen in Verunreinigung verwendet. Wenn jemand mit pulverisiertem White Doc Cocaine falsch umgeht und nicht will, dass du es erf\u00e4hrst, kann es sein, dass er verschwindet, um das Medikament zu nehmen,\u2026<\/p>","protected":false},"featured_media":1541,"comment_status":"open","ping_status":"closed","template":"","meta":{"content-type":""},"product_brand":[],"product_cat":[26],"product_tag":[98,29,30,31,32,33,34,35,36,37,38,39,40,41,42,43,44,45,46,47,99,49,50,51,100,101,102,66,103,104,105,106,107,108,109,110,67,68,69,70,71,72,111,112,113,114,115,116,117,118,81,82,83,119],"class_list":{"0":"post-1519","1":"product","2":"type-product","3":"status-publish","4":"has-post-thumbnail","6":"product_cat-kokain","7":"product_tag-besitz-von-kokain-zu-verkaufen-hs","8":"product_tag-cocaine-leaves-for-sale","9":"product_tag-cocaine-lockup-sale","10":"product_tag-cocaine-mirror-for-sale","11":"product_tag-cocaine-origins","12":"product_tag-cocaine-pipes-for-sale","13":"product_tag-cocaine-plant-for-sale","14":"product_tag-cocaine-purity-test-for-sale","15":"product_tag-cocaine-sale-gta","16":"product_tag-cocaine-sale-reddit","17":"product_tag-cocaine-seed-sale","18":"product_tag-cocaine-seeds-for-sale","19":"product_tag-cocaine-seeds-for-sale-online","20":"product_tag-cocaine-spoons-for-sale","21":"product_tag-cocaine-tea-for-sale","22":"product_tag-cocaine-tooters-for-sale","23":"product_tag-cocaine-vials-for-sale","24":"product_tag-colombian-cocaine-for-sale","25":"product_tag-crack-cocaine-for-sale-online","26":"product_tag-fake-cocaine-for-sale","27":"product_tag-groshandel-kokain-zu-verkaufen","28":"product_tag-gta-online-cocaine-lockup-buying-supplies","29":"product_tag-kilo-of-cocaine-for-sale","30":"product_tag-kokain","31":"product_tag-kokain-geschichte","32":"product_tag-kokain-hydrochlorid-verkauf","33":"product_tag-kokain-hydrochlorid-zum-verkauf","34":"product_tag-kokain-online-kaufen","35":"product_tag-kokain-schleifer-zum-verkauf","36":"product_tag-kokain-zum-verkauf","37":"product_tag-kokain-zum-verkauf-australien","38":"product_tag-kokain-zum-verkauf-craigslist","39":"product_tag-kokain-zum-verkauf-in-der-nahe-von-mir","40":"product_tag-kokain-zum-verkauf-online-usa","41":"product_tag-kokain-zum-verkauf-usa","42":"product_tag-kokain-zum-verkauf-websites","43":"product_tag-legal-cocaine-for-sale","44":"product_tag-legal-synthetic-cocaine-for-sale","45":"product_tag-online-cocaine-anonymous-meetings","46":"product_tag-online-cocaine-for-sale","47":"product_tag-online-cocaine-meetings","48":"product_tag-online-cocaine-purchase","49":"product_tag-online-cocaine-sales","50":"product_tag-peruanisches-kokain-zu-verkaufen","51":"product_tag-pharmazeutisches-kokain-zu-verkaufen","52":"product_tag-reines-kokain-zu-verkaufen","53":"product_tag-reines-kokain-zu-verkaufen-online","54":"product_tag-synthetisches-crack-kokain-zu-verkaufen","55":"product_tag-synthetisches-kokain-zu-verkaufen","56":"product_tag-synthetisches-kokain-zu-verkaufen-online","57":"product_tag-verkauf-von-kokain","58":"product_tag-verkauf-von-kokain-florida","59":"product_tag-verkauf-von-kokain-georgia","60":"product_tag-white-doc-kokain","62":"first","63":"instock","64":"shipping-taxable","65":"purchasable","66":"product-type-variable"},"_links":{"self":[{"href":"https:\/\/kokaindrogekaufen.com\/fr\/wp-json\/wp\/v2\/product\/1519"}],"collection":[{"href":"https:\/\/kokaindrogekaufen.com\/fr\/wp-json\/wp\/v2\/product"}],"about":[{"href":"https:\/\/kokaindrogekaufen.com\/fr\/wp-json\/wp\/v2\/types\/product"}],"replies":[{"embeddable":true,"href":"https:\/\/kokaindrogekaufen.com\/fr\/wp-json\/wp\/v2\/comments?post=1519"}],"wp:featuredmedia":[{"embeddable":true,"href":"https:\/\/kokaindrogekaufen.com\/fr\/wp-json\/wp\/v2\/media\/1541"}],"wp:attachment":[{"href":"https:\/\/kokaindrogekaufen.com\/fr\/wp-json\/wp\/v2\/media?parent=1519"}],"wp:term":[{"taxonomy":"product_brand","embeddable":true,"href":"https:\/\/kokaindrogekaufen.com\/fr\/wp-json\/wp\/v2\/product_brand?post=1519"},{"taxonomy":"product_cat","embeddable":true,"href":"https:\/\/kokaindrogekaufen.com\/fr\/wp-json\/wp\/v2\/product_cat?post=1519"},{"taxonomy":"product_tag","embeddable":true,"href":"https:\/\/kokaindrogekaufen.com\/fr\/wp-json\/wp\/v2\/product_tag?post=1519"}],"curies":[{"name":"wp","href":"https:\/\/api.w.org\/{rel}","templated":true}]}}