{"id":1526,"date":"2023-06-27T19:19:39","date_gmt":"2023-06-27T18:19:39","guid":{"rendered":"https:\/\/kokaindrogekaufen.com\/?post_type=product&#038;p=1526"},"modified":"2024-12-06T06:14:22","modified_gmt":"2024-12-06T06:14:22","slug":"blau-domino-mdma-pillen-zu-verkaufen","status":"publish","type":"product","link":"https:\/\/kokaindrogekaufen.com\/fr\/product\/blau-domino-mdma-pillen-zu-verkaufen\/","title":{"rendered":"BLEU DOMINO MDMA PILULES \u00c0 VENDRE"},"content":{"rendered":"<h2>L&#039;ECSTASY, ACHETER EN LIGNE:<\/h2>\n<p>Enfin, l&#039;Ecstasy acheter en ligne, discr\u00e8tement, dans un d\u00e9lai de 24 Heures. Rapture (Blue Domino Pilules d&#039;Ecstasy) est disponible sous forme de Comprim\u00e9s, souvent avec des Dessins ou des Logos de l&#039;entreprise sont grav\u00e9s. Blue Domino Pilules d&#039;Ecstasy sont G\u00e9n\u00e9ralement sous forme de comprim\u00e9s pris, mais peuvent \u00e9galement \u00eatre \u00e9cras\u00e9 et grogn, infus\u00e9 ou Suppositoires sont utilis\u00e9s. Devrez probablement vous aussi Vous aimez \u00e9couter de la Musique, d&#039;Objets divers en contact avec les Surfaces et les Objets avec des Lumi\u00e8res d&#039;inspecter. L&#039;Ecstasy en ligne acheter<\/p>\n<p>La Limitation de la plupart des Heimtestger\u00e4te r\u00e9side dans le fait que vous ne sont souvent pas en Mesure de quelques Recettes par une ununterscheidbare Comprim\u00e9 \u00e0 travers distinguer. Vous pouvez Vous dire si un Comprim\u00e9 Blue Domino Pilules d&#039;Ecstasy, mais pas si vous aussi M\u00e9thamph\u00e9tamine contient, et ainsi de suite. Rappelez-Vous, comme les Pilules dans l&#039;Environnement les \u00c9l\u00e9ments qui Vous est agr\u00e9able et s\u00e9curis\u00e9, \u00e0 r\u00e9duire les Risques de Tensions \u00e0 l&#039;exp\u00e9rience. L&#039;Ecstasy en ligne acheter<\/p>\n<p>Les Cas dans lesquels des Personnes apr\u00e8s la Prise de Euphoria sont morts, \u00e9taient souvent le R\u00e9sultat d&#039;anormale et sp\u00e9cifique R\u00e9actions sur le M\u00e9dicament, la Dose inutiles. Euphoria est commun\u00e9ment appel\u00e9 &#034;le navire de l&#039;Affection&#034;, car il sur la Perspective de la Dissimulation et du Son, agit clairement d&#039;autres Sensations d\u00e9velopp\u00e9, si vous avez une autre touche ou caresse, surtout pendant les rapports Sexuels. Bien qu&#039;il se produit, para-M\u00e9thoxy-Amph\u00e9tamine pas vu. L&#039;Ecstasy en ligne acheter<\/p>\n<h3>L&#039;ECSTASY \u00c0 VENDRE:<\/h3>\n<p>Beaucoup de Gens du Monde entier sont \u00e0 la Recherche de haute qualit\u00e9 Blue Domino Pilules d&#039;Ecstasy ou de la Chance pour l&#039;Achat de votre professionnel de la clinique, logiquement applicable et sportives Exigences. Rapture est l&#039;un des M\u00e9dicaments les plus couramment utilis\u00e9s dans l&#039;UE, en particulier parmi les Jeunes, les Capacit\u00e9s et les Discoth\u00e8ques. Comme la premi\u00e8re Fois, un grand Groupe de PMAs sur les Routes a mis une vingtaine de Personnes ont \u00e9t\u00e9 tu\u00e9es. L&#039;Ecstasy en ligne acheter<\/p>\n<p>Toutes ces Choses semblent ne pas avoir les derni\u00e8res Blue Domino Ecstasy Pills \u00e0 manquer. J&#039;\u00e9vite ordinaire de Pilules, mais Imagine est toujours pratique \u00e0 administrer. Blue Domino Pilules d&#039;Ecstasy ont depuis 2017 aucune logique montr\u00e9 des Signes. Il a \u00e9t\u00e9 momentan\u00e9ment dans la Psychoth\u00e9rapie avant qu&#039;il a \u00e9t\u00e9 compl\u00e8tement interdit. Malgr\u00e9 le Fait que le Traitement est l\u00e9gal, certains Psychoth\u00e9rapeutes continuer Blue Domino Pilules d&#039;Ecstasy dans la Strat\u00e9gie. L&#039;Ecstasy en ligne acheter<\/p>\n<p>Les Frais doivent \u00eatre des Fournisseurs de r\u00e9duire. Je serais pr\u00eat, de bonne Foi, avec toute somme d&#039;Argent \u00e0 payer pour cette \u00c9poque r\u00e9volue de l&#039;aventure. Delight est l&#039;une des nombreuses Architektendrogen, actuellement, sont \u00e0 la Hausse, en raison d&#039;une Untergrundlabor le D\u00e9veloppement de la Chimie \u00e0 tirer profit. Pour le drugs act de contourner, essayez ces Laboratoires, dont la Structure chimique existantes, de Drogues, de changer, de nouveaux Types utilisant les m\u00eames Propri\u00e9t\u00e9s de cr\u00e9er. L&#039;Ecstasy en ligne acheter<\/p>\n<h4>L&#039;ECSTASY, ACHETER EN LIGNE EUROPE:<\/h4>\n<p>Ces Tests, les Originaldroge arrive sur le March\u00e9, o\u00f9 Rapture sans aucun doute, l&#039;une d&#039;elles est. Le principal probl\u00e8me semble \u00eatre, qu&#039;il a fallu environ une Heure, jusqu&#039;\u00e0 ce que l&#039;Effet s&#039;est produit (Contrairement aux de 30 \u00e0 40 Minutes pour les Blue Domino Pilules d&#039;Ecstasy), de sorte que les Clients avaient le Sentiment qu&#039;ils auraient impuissante Pilules obtenir, si dans la premi\u00e8re Heure \u00e0 peine quelque chose s&#039;est pass\u00e9, de sorte que vous avez une paire incontestablement plus ont et exub\u00e9rant ont \u00e9t\u00e9. Les Vendeurs donnent de temps en temps qu&#039;un Blue Domino MDMA Pill le LSD ou la Mescaline contient, pour leur bien &#034;halluzinogeneren&#034; Propri\u00e9t\u00e9s \u00e0 expliquer (comme un MDA R\u00e9cipient ferait). L&#039;Ecstasy en ligne acheter<\/p>\n<p>M\u00eame si la Mescaline est r\u00e9pandue, il est dans l&#039;Industrie pharmaceutique est extr\u00eamement rare. Lorna Spinks, un Bliss, la Victime, est mort peu de temps apr\u00e8s la Prise de deux &#034;Colossal strength&#034;Comprim\u00e9s de pr\u00e8s d&#039;un Multiple de la Dose du M\u00e9dicament repr\u00e9sentaient. \u00c0 but non lucratif, Toxicomanes et de Sottise Verminderungsgruppe &#034;The Loop&#034; s&#039;adresse aux Participants, afin de sur certains Comprim\u00e9s d&#039;\u00e9duquer, de les \u00e9viter compl\u00e8tement ou lors de leur Prise extr\u00eamement devez \u00eatre prudent. L&#039;Ecstasy en ligne acheter<\/p>\n<p>Blue Domino Pilules d&#039;Ecstasy peuvent parfois Toxicomanes tuer, mais le plus souvent provoquer des Naus\u00e9es, de la Fr\u00e9n\u00e9sie, de M\u00e9fiance et d&#039;Inqui\u00e9tude. Parfois, Dealer Blue Domino Pilules d&#039;Ecstasy, le LSD ou la Mescaline inclus, \u00e0 pr\u00e9ciser, pour vos &#034;hallucinog\u00e8nes&#034; Propri\u00e9t\u00e9s \u00e0 expliquer (par Exemple, un MDA R\u00e9servoir d&#039;apparition.) L&#039;Ecstasy en Ligne acheter<\/p>\n<h4>BLUE DOMINO MDMA PILLS \u00c0 VENDRE:<\/h4>\n<p>Ind\u00e9pendamment de cela, comme on le sait, il l&#039;est, la Mescaline est vraiment sans pr\u00e9c\u00e9dent dans l&#039;Industrie pharmaceutique. Euphoria est fort probable que Beaucoup de Cr\u00e9ateurs de la Prescription, qui est actuellement en augmentation en raison de la Station de M\u00e9tro Laboratoires Profitant des Progr\u00e8s de la science. La Connexion avec le Nez avec l&#039;oral Fosse atteint une duret\u00e9 extr\u00eame de Style dans la Bouche, si n\u00e9glig\u00e9 vers le bas, les Naus\u00e9es et les \u00c9ructations peut provoquer, surtout en maintenant ferment\u00e9 Estomacs. L&#039;Ecstasy en ligne acheter<\/p>\n<p>Les Effets n\u00e9gatifs de la Joie Blue Domino Pilules d&#039;Ecstasy peut prendre un certain Temps pour aller sur votre propre \u00e0 d\u00e9couvrir. Certains de la P\u00e9riode de deux jusqu&#039;\u00e0 90 Jours par D\u00e9faut utiliser les M\u00e9dicaments. Un seul mois de traitement de Blue Domino Ecstasy Pilules d&#039;Am\u00e9lioration de l&#039;habitat contient 60 R\u00e9cipient, de sorte que deux de ces consommer r\u00e9guli\u00e8rement de devraient. Prenez-le avec un Verre d&#039;Eau et un meilleur R\u00e9gime alimentaire tous les Matins, et de continuer avec lui pas moins que plusieurs Fois, sans une Portion de travailler quand Ils sont de longue dur\u00e9e R\u00e9sultats de besoin. L&#039;Ecstasy en ligne acheter<\/p>","protected":false},"excerpt":{"rendered":"<p>ECSTASY ONLINE KAUFEN: Endlich Ecstasy online kaufen, diskret innerhalb von 24 Stunden. Rapture (Blue Domino Ecstasy Pills) ist in Tablettenform erh\u00e4ltlich, die h\u00e4ufig mit realistischen Designs oder Firmenlogos graviert sind. Blue Domino Ecstasy Pills werden in der Regel als Tablette eingenommen, k\u00f6nnen aber auch zerkleinert und gegrunzt, infundiert oder als Z\u00e4pfchen verwendet werden. Wahrscheinlich wirst Du auch gerne Musik h\u00f6ren, Gegenst\u00e4nde mit verschiedenen Oberfl\u00e4chen ber\u00fchren und Objekte mit Lichtern inspizieren. Ecstasy online kaufen Die Einschr\u00e4nkung der meisten Heimtestger\u00e4te besteht darin, dass sie h\u00e4ufig nicht in der Lage sind, einige Rezepte durch eine ununterscheidbare Tablette hindurch zu unterscheiden. Sie k\u00f6nnen Ihnen\u2026<\/p>","protected":false},"featured_media":1542,"comment_status":"open","ping_status":"closed","template":"","meta":{"content-type":""},"product_brand":[],"product_cat":[120],"product_tag":[121,122,123,124,125,126,127,128,129,130,131,132,133,134,135,136,137,138,139,140,141,142,143,144,145,146,147,148,149],"class_list":{"0":"post-1526","1":"product","2":"type-product","3":"status-publish","4":"has-post-thumbnail","6":"product_cat-mdma","7":"product_tag-blue-domino-mdma-for-sale","8":"product_tag-blue-domino-mdma-pills","9":"product_tag-blue-domino-mdma-pills-for-sale","10":"product_tag-bogner-ecstasy-25-for-sale","11":"product_tag-bogner-ecstasy-3534-for-sale","12":"product_tag-buy-blue-domino-mdma-online","13":"product_tag-buy-blue-domino-mdma-pills-online","14":"product_tag-buy-ecstasy-online","15":"product_tag-buying-ecstasy-online","16":"product_tag-ecstasy-cigarettes-for-sale","17":"product_tag-ecstasy-drug-for-sale","18":"product_tag-ecstasy-for-sale","19":"product_tag-ecstasy-for-sale-legal","20":"product_tag-ecstasy-for-sale-online","21":"product_tag-ecstasy-mdma-for-sale","22":"product_tag-ecstasy-online-zu-verkaufen","23":"product_tag-ecstasy-pille-zu-verkaufen","24":"product_tag-ecstasy-pillen-online-zu-verkaufen","25":"product_tag-ecstasy-quando-zu-verkaufen","26":"product_tag-ecstasy-renegade-trike-zu-verkaufen","27":"product_tag-ecstasy-super-sale","28":"product_tag-ecstasy-trike-zu-verkaufen","29":"product_tag-ecstasy-trikes-for-sale-by-owners","30":"product_tag-ecstasy-trikes-for-sale-in-usa","31":"product_tag-herbal-ecstasy-pills-for-sale","32":"product_tag-legal-ecstasy-zu-verkaufen","33":"product_tag-liquid-ecstasy-zu-verkaufen-online","34":"product_tag-mdma-ecstasy-zu-verkaufen","35":"product_tag-spirit-of-ecstasy-zu-verkaufen","37":"first","38":"instock","39":"shipping-taxable","40":"purchasable","41":"product-type-variable"},"_links":{"self":[{"href":"https:\/\/kokaindrogekaufen.com\/fr\/wp-json\/wp\/v2\/product\/1526"}],"collection":[{"href":"https:\/\/kokaindrogekaufen.com\/fr\/wp-json\/wp\/v2\/product"}],"about":[{"href":"https:\/\/kokaindrogekaufen.com\/fr\/wp-json\/wp\/v2\/types\/product"}],"replies":[{"embeddable":true,"href":"https:\/\/kokaindrogekaufen.com\/fr\/wp-json\/wp\/v2\/comments?post=1526"}],"wp:featuredmedia":[{"embeddable":true,"href":"https:\/\/kokaindrogekaufen.com\/fr\/wp-json\/wp\/v2\/media\/1542"}],"wp:attachment":[{"href":"https:\/\/kokaindrogekaufen.com\/fr\/wp-json\/wp\/v2\/media?parent=1526"}],"wp:term":[{"taxonomy":"product_brand","embeddable":true,"href":"https:\/\/kokaindrogekaufen.com\/fr\/wp-json\/wp\/v2\/product_brand?post=1526"},{"taxonomy":"product_cat","embeddable":true,"href":"https:\/\/kokaindrogekaufen.com\/fr\/wp-json\/wp\/v2\/product_cat?post=1526"},{"taxonomy":"product_tag","embeddable":true,"href":"https:\/\/kokaindrogekaufen.com\/fr\/wp-json\/wp\/v2\/product_tag?post=1526"}],"curies":[{"name":"wp","href":"https:\/\/api.w.org\/{rel}","templated":true}]}}