{"id":1533,"date":"2023-06-27T19:19:40","date_gmt":"2023-06-27T18:19:40","guid":{"rendered":"https:\/\/kokaindrogekaufen.com\/?post_type=product&#038;p=1533"},"modified":"2024-12-06T06:24:07","modified_gmt":"2024-12-06T06:24:07","slug":"blue-punisher-mdma-pills-290-mg-zu-verkaufen","status":"publish","type":"product","link":"https:\/\/kokaindrogekaufen.com\/fr\/product\/blue-punisher-mdma-pills-290-mg-zu-verkaufen\/","title":{"rendered":"BLUE PUNISHER MDMA 290 MG PILLS \u00c0 VENDRE"},"content":{"rendered":"<h2 style=\"text-align: center;\">BLUE PUNISHER MDMA PILLS FOR SALE:<\/h2>\n<p style=\"text-align: center;\">Dans chaque Cas, nous avons Blue Punisher MDMA Pills \u00e0 Vendre \u00e0 des Prix tr\u00e8s mod\u00e9r\u00e9s. Une seule South Carolina Recherche a port\u00e9 sur vingt Patients, en R\u00e8gle g\u00e9n\u00e9rale, Victimes de la violence sexuelle Maltraitance, le PTSD pour plus de 19 Ans. C&#039;\u00e9tait un faux Traitement \u00c9valuation contr\u00f4l\u00e9e, de sorte que toutes les Personnes qui ont \u00e9t\u00e9 exactement le m\u00eame type de Traitement donn\u00e9, mais certains ont \u00e9t\u00e9 les Blue Punisher MDMA Pills donn\u00e9; 83% d&#039;entre eux \u00e9taient les Blue Punisher MDMA Pills ne remplit plus les Directives pour PTSD observance du Traitement, en Corr\u00e9lation avec vingt-cinq% des Personnes qui ne sont pas d\u00e9termin\u00e9es sur les M\u00e9dicaments.<\/p>\n<p style=\"text-align: center;\">Les R\u00e9sultats pour les diff\u00e9rentes, de nombreux Ans de d\u00e9tention. En Effet, \u00e0 l&#039;heure actuelle, Badawy est particuli\u00e8rement actif en raison du Potentiel qu&#039;il trouve dans les Blue Punisher MDMA Pills a aid\u00e9 \u00e0 la Psychoth\u00e9rapie, vu les Bienfaiteurs dans logiques des \u00c9liminatoires de stress post-traumatique pour une normale de dix-sept \u00e0 neuf Ans, a souffert de vivre. R\u00e9actions sur Medscape sont adress\u00e9es et \u00eatre dans le Ton et dans l&#039;Affaire et qualifi\u00e9.<\/p>\n<p style=\"text-align: center;\">Il est fondamental, dans toutes les Circonstances contraires \u00e0 la foi avec les Audits et les R\u00e9actions sont identifi\u00e9s. Pour plus d&#039;Informations, veuillez consulter nos Directives pour les Commentaires. Nous nous r\u00e9servons le Droit de Contributions \u00e0 la seule Discr\u00e9tion de supprimer. C&#039;est cette expansion significative de la Compassion, presque certainement une T\u00e2che joue, tandis que dans l&#039;Ad\u00e9quation de la Blue Punisher MDMA Pills pour la prise en charge au sein de la Fix de Blessures.<\/p>\n<h3 style=\"text-align: center;\">BLUE PUNISHER MDMA PILULES, ACHETER EN LIGNE:<\/h3>\n<p style=\"text-align: center;\">Pour Vous donner une M\u00e9thode, comme Blue Punisher MDMA Pills pour \u00eatre utilis\u00e9s en clinique, et c&#039;est exactement ce que la Capacit\u00e9 de la Victime, elle est concise (neuf Minutes) Vid\u00e9o en Ligne, un bon Croquis. Lorsque la Pr\u00e9paration est parfaitement d\u00e9roul\u00e9e, Blue Punisher MDMA Pills en deuxi\u00e8me Ann\u00e9e de 2021 \u00e0 l&#039;autorisation de poser une M\u00e9thode originale pour le Traitement du TSPT, une Maladie mentale, par le v\u00e9cu d&#039;une C\u00e9l\u00e9bration de la vie en danger peut \u00eatre d\u00e9clench\u00e9e. Blue Punisher MDMA Pills \u00e0 vendre<\/p>\n<p style=\"text-align: center;\">L&#039;Expression diff\u00e9r\u00e9e d&#039;Exposition indique la Mani\u00e8re que la M\u00e9thode de Programmation a \u00e9t\u00e9 cr\u00e9\u00e9 par la longue Habitude de l&#039;Exposition \u00e0 un Traitement pour le Stress des Questions qui permettent aux Clients d&#039;\u00eatre aid\u00e9, de braver S\u00fbr, mais la Nervosit\u00e9, pose des Probl\u00e8mes pour vaincre votre d\u00e9raisonnable, un Exc\u00e8s de Peur et de Malaise. En m\u00eame temps a PE par l&#039;Adaptation et l&#039;Extension de l&#039;\u00c9motionnel Processing Idea de stress post-traumatique, qui sont au C\u0153ur de la Gestion efficace de la terrible Souvenir, alors que dans l&#039;Am\u00e9lioration de la SSPT Caract\u00e8res souligne n\u00e9e. Blue Punisher MDMA Pilules \u00e0 Vendre<\/p>\n<p style=\"text-align: center;\">Autour de cette \u00e9ducative de l&#039;Exercice, les Cr\u00e9ateurs de Fonctionnalit\u00e9 que la Manipulation mentale serait le Composant fondamental de la florissante de la Baisse de la SSPT Caract\u00e8res. Les individus sont rest\u00e9s depuis le Laboratoire jusqu&#039;au Soir de la S\u00e9ance de Traitement et est all\u00e9 \u00e0 une Enqu\u00eate, un autre Matin. La Session a \u00e9t\u00e9 un Mois apr\u00e8s le Fait, et encore une fois tous les Mois, puis \u00e0 plusieurs reprises. Blue Punisher MDMA Pills \u00e0 vendre<\/p>\n<p style=\"text-align: center;\">Entre les deux, les Victimes avaient le Contact t\u00e9l\u00e9phonique avec les Experts dans les acquis de la Strat\u00e9gie de traitement a \u00e9t\u00e9 inaugur\u00e9 \u00e9taient. Il est suppos\u00e9 que Blue Punisher MDMA Pills peut contribuer \u00e0 l&#039;Impact de la CPT faire conna\u00eetre. Si les Homes of Blue Punisher MDMA Pills explicitement la Chance, avec le Sentiment de rester, et que la Demande pour des Id\u00e9es, ces Effets sont particuli\u00e8rement avec les Instruments de la CPT identifi\u00e9. En Qualification, aller de l&#039;avant le Niveau deux logiques Investigations, une diminution de la Dose de Blue Punisher MDMA Pills, sur l&#039;Aveuglement travaill\u00e9, mais a suscit\u00e9 un Impact moindre en ce qui concerne les Ans. Blue Punisher MDMA Pills \u00e0 vendre<\/p>\n<h4 style=\"text-align: center;\">BLUE PUNISHER MDMA PILULES POUR LA VENTE EN LIGNE:<\/h4>\n<p style=\"text-align: center;\">La Partie 3 pr\u00e9liminaire de Style a re\u00e7u les donn\u00e9es de r\u00e9sultat S\u00e9rieux (malgr\u00e9 une Lev\u00e9e de l&#039;aveugle), en Consultant les f\u00eates Bien-\u00eatre des Donn\u00e9es (si N\u00e9cessaire) et autonome \u00c9valuateurs Enqu\u00eate de stress post-traumatique S\u00e9v\u00e8re et utiles \u00e0 l&#039;Affaiblissement de l&#039;Information, afin de Pr\u00e9disposition \u00e0 emp\u00eacher la collecte. 20,21 Perc\u00e9es ou surprenants Changements dans l&#039;Acceptation et au point de Vue peuvent irr\u00e9futable dans diff\u00e9rents Behandlungssortimenten se produire, mais ils pourraient clairsem\u00e9e et peu de temps apr\u00e8s les \u00c9v\u00e9nements de recherche. Blue Punisher MDMA Pills \u00e0 vendre<\/p>\n<p style=\"text-align: center;\">Pour le Cas, que ces avanc\u00e9es Psychoth\u00e9rapie fiable conduit critique de l&#039;Exp\u00e9rience ou de nouveaux points de vue sur un sch\u00e9ma de Vie, Cela peut \u00eatre un Facteur d\u00e9cisif dans son Exposition dans le Traitement du SSPT et d&#039;autres Probl\u00e8mes. \u00c0 la Recherche de la Gu\u00e9rison avec Blue Punisher MDMA Pills, une grande Partie des Cr\u00e9atures a r\u00e9agi sur les Liens sociaux, la tr\u00e8s m\u00eame Fa\u00e7on que les Jeunes, gr\u00e2ce \u00e0 la Conception d&#039;une bonne Relation entre amical de la Communication, en plus de l&#039;Arc de Mat\u00e9riel. Blue Punisher MDMA Pills \u00e0 vendre<\/p>\n<p style=\"text-align: center;\">Ce R\u00e9sultat a dur\u00e9 pendant environ deux Mois apr\u00e8s la Blue Punisher MDMA Pills fix, et il n&#039;\u00e9tait pas chez les Souris donn\u00e9 de solution Saline Perfusions vu. Plus tard, ces Installations peut-\u00eatre pas directement Blue Punisher MDMA Pills pour PTSD n&#039;est \u00e9galement la Psilocybine, et c&#039;est d\u00e8s maintenant, montre prometteur pour une Gamme de Conditions, comme principal Tristesse. Blue Punisher MDMA Pills \u00e0 vendre<\/p>\n<h5 style=\"text-align: center;\">LA MDMA \u00c0 VENDRE:<\/h5>\n<p style=\"text-align: center;\">Jusqu&#039;au Jour de l&#039;Organisation, de Tempo, de la Nervosit\u00e9, de la M\u00e2choire en attente \u00e0 l&#039;\u00e9troit, la M\u00e2choire, l&#039;insuffisance de d\u00e9sir de Nourriture, et de la Maladie ont \u00e9t\u00e9 les Victimes, l&#039;\u00e9nergique Partie de la Blue Punisher MDMA Pills procur\u00e9 avanc\u00e9, si l&#039;Inertie et la Migraine enroul\u00e9 \u00e0 ultra-p\u00e9n\u00e9trante, alors que le groupe de comparaison. Blue Punisher MDMA Pills sont g\u00e9n\u00e9ralement aval\u00e9s, mais aussi des \u00c9tudes \u00e0 Fumer, \u00e0 Priser et \u00e0 Injecter de Blue Punisher MDMA Pills effectu\u00e9. Blue Punisher MDMA Pills \u00e0 vendre<\/p>\n<p style=\"text-align: center;\">Les consommateurs finaux peuvent concass\u00e9es ou en poudre Dose Blue Punisher MDMA Pills dans un petit Morceau de Papier doux (par Exemple, papier hygi\u00e9nique) de l&#039;appareil et de la d\u00e9glutition, pour l&#039;entr\u00e9e en Action de la Drogue \u00e0 acc\u00e9l\u00e9rer (dite Parachuting). Avec Blue Punisher MDMA Pills prise en charge de la Psychoth\u00e9rapie est actuellement l&#039;Objet d&#039;\u00c9tudes internationales pour le Traitement post-traumatiques Belastungsst\u00f6rungen (PTSD). Les R\u00e9sultats sont encourageants: L&#039;Utilisation de Blue Punisher MDMA Pills en tant que Compl\u00e9ment \u00e0 la Psychoth\u00e9rapie peut \u00eatre utile. Blue Punisher MDMA Pills \u00e0 vendre<\/p>\n<p style=\"text-align: center;\">Pour beaucoup de Clients, pour ceux qui, depuis des D\u00e9cennies, d&#039;importants TSPT les Sympt\u00f4mes de la souffrance, et pour lesquels les autres Traitements n&#039;ont forg\u00e9. Les Blue Punisher MDMA Pills, nous avons eu provenaient d&#039;une Source fiable, et je l&#039;ai par un R\u00e9actif de courir. Je sais que j&#039;ai sans tests de Laboratoire, en G\u00e9n\u00e9ral, sait que ce n&#039;est pas une Contrefa\u00e7on, mais beaucoup d&#039;autres Personnes de la m\u00eame Quantit\u00e9 que j&#039;ai pris et sont dans la Vie quotidienne n&#039;est pas quelque chose de pouss\u00e9, c&#039;est le meilleur Truc est. Blue Punisher MDMA Pilules \u00e0 vendre<\/p>\n<h5 style=\"text-align: center;\">L&#039;ECSTASY \u00c0 VENDRE:<\/h5>\n<p style=\"text-align: center;\">Si tous le m\u00eame Lot Blue Punisher MDMA Pills avez pris, et seul Votre Ami \u00e0 eu le Probl\u00e8me, il y a une Variable externe, qui est certainement pour responsable de Probl\u00e8mes. Il est possible, d&#039;une Crise, m\u00eame si c&#039;est gros consommateur d&#039;\u00e9nergie, il n&#039;est pas populaire dans les Loisirs et plus souvent si Vous Alkoholentzugserscheinungen ont. Blue Punisher MDMA Pills \u00e0 vendre<\/p>\n<p style=\"text-align: center;\">L&#039;Histoire de Blue Punisher MDMA Pills a commenc\u00e9 bien avant la Rave Culture populaire. Typiquement, un Mythe, c&#039;est que c&#039;est d&#039;abord de Aaronay.com en tant que coupe-Faim \u00e0 la synth\u00e8se et a \u00e9t\u00e9 brevet\u00e9. La principale Cause de D\u00e9c\u00e8s Li\u00e9s Blue Punisher MDMA Pills est un Manque d&#039;\u00c9ducation. Les Gens apprennent pas comment la Drogue correctement occupe, et d&#039;aggraver ainsi leur Sant\u00e9 et Fitnessprobleme. Blue Punisher MDMA Pills \u00e0 vendre<\/p>\n<h6 style=\"text-align: center;\">En OUTRE:<\/h6>\n<p style=\"text-align: center;\">Cas de bonne Utilisation, il est assez s\u00fbr et fiable de la Drogue. L&#039;Euphorie pourrait pas, ou quelque chose \u00e0 plusieurs, Blue Punisher MDMA Pills, et avec d&#039;autres, sans doute risqu\u00e9 de Substances est n\u00e9cessaire. C&#039;est vraiment un non-clinique, sans l&#039;Aide de Professionnels du secteur de la Sant\u00e9 utilise. Car le Traitement n&#039;est pas encore officiellement autoris\u00e9, le Co\u00fbt pour le Client, pas par les Caisses-maladie. Dans le Pass\u00e9, a \u00e9t\u00e9 le premier Prix pour un Programme de Blue Punisher MDMA Pills pris en charge en Psychoth\u00e9rapie concern\u00e9s par Personne appr\u00e9ci\u00e9e. Blue Punisher MDMA Pills \u00e0 vendre<\/p>","protected":false},"excerpt":{"rendered":"<p>BLUE PUNISHER MDMA PILLS FOR SALE: In jedem Fall haben wir Blue Punisher MDMA Pills zum Verkauf zu sehr moderaten Preisen. Eine einzelne South Carolina Forschung umfasste zwanzig Patienten, in der Regel Opfer von sexueller Misshandlung, die PTSD f\u00fcr mehr als 19 Jahre erlebt. Es war eine gef\u00e4lschte Behandlung kontrollierte Bewertung, so dass alle Personen wurden genau eine \u00e4hnliche Behandlung gegeben, aber einige wurden die Blue Punisher MDMA Pills gegeben; 83% von diesen gab die Blue Punisher MDMA Pills nicht mehr erf\u00fcllt die Richtlinien f\u00fcr PTSD Einhaltung der Behandlung, in Korrelation mit f\u00fcnfundzwanzig% der Personen, die nicht bestimmt wurden die\u2026<\/p>","protected":false},"featured_media":1543,"comment_status":"open","ping_status":"closed","template":"","meta":{"content-type":""},"product_brand":[],"product_cat":[120],"product_tag":[150,151,152,153,154,155,156,157,158,159],"class_list":{"0":"post-1533","1":"product","2":"type-product","3":"status-publish","4":"has-post-thumbnail","6":"product_cat-mdma","7":"product_tag-bestellen-blu-punhr-mdma-pills-290mg","8":"product_tag-blu-punhr-mdma-pll-290mg-fr-l","9":"product_tag-bu-blu-punisher-mdma-pills-290mg","10":"product_tag-bu-blu-punisher-mdma-pll-290mg-n-australia","11":"product_tag-bu-blu-punhr-mdma-pll-290mg-in-uk","12":"product_tag-bu-blu-punhr-xtc","13":"product_tag-bu-rave-drug","14":"product_tag-kaufen-sie-blue-punisher-mdma-online","15":"product_tag-kaufen-sie-blu-punisher-mdma-pll-290mg-fur-raves","16":"product_tag-kaufen-sie-blu-punhr-mdma-pll-290mg-in-der-nahe-u","18":"first","19":"instock","20":"shipping-taxable","21":"purchasable","22":"product-type-variable"},"_links":{"self":[{"href":"https:\/\/kokaindrogekaufen.com\/fr\/wp-json\/wp\/v2\/product\/1533"}],"collection":[{"href":"https:\/\/kokaindrogekaufen.com\/fr\/wp-json\/wp\/v2\/product"}],"about":[{"href":"https:\/\/kokaindrogekaufen.com\/fr\/wp-json\/wp\/v2\/types\/product"}],"replies":[{"embeddable":true,"href":"https:\/\/kokaindrogekaufen.com\/fr\/wp-json\/wp\/v2\/comments?post=1533"}],"wp:featuredmedia":[{"embeddable":true,"href":"https:\/\/kokaindrogekaufen.com\/fr\/wp-json\/wp\/v2\/media\/1543"}],"wp:attachment":[{"href":"https:\/\/kokaindrogekaufen.com\/fr\/wp-json\/wp\/v2\/media?parent=1533"}],"wp:term":[{"taxonomy":"product_brand","embeddable":true,"href":"https:\/\/kokaindrogekaufen.com\/fr\/wp-json\/wp\/v2\/product_brand?post=1533"},{"taxonomy":"product_cat","embeddable":true,"href":"https:\/\/kokaindrogekaufen.com\/fr\/wp-json\/wp\/v2\/product_cat?post=1533"},{"taxonomy":"product_tag","embeddable":true,"href":"https:\/\/kokaindrogekaufen.com\/fr\/wp-json\/wp\/v2\/product_tag?post=1533"}],"curies":[{"name":"wp","href":"https:\/\/api.w.org\/{rel}","templated":true}]}}