{"id":1544,"date":"2023-06-27T19:19:48","date_gmt":"2023-06-27T18:19:48","guid":{"rendered":"https:\/\/kokaindrogekaufen.com\/?post_type=product&#038;p=1544"},"modified":"2024-12-06T06:28:29","modified_gmt":"2024-12-06T06:28:29","slug":"coca-cola-mdma-online-kaufen","status":"publish","type":"product","link":"https:\/\/kokaindrogekaufen.com\/fr\/product\/coca-cola-mdma-online-kaufen\/","title":{"rendered":"COCA-COLA LA MDMA EN LIGNE ACHETER"},"content":{"rendered":"<h2>COCA-COLA MDMA ACHETER EN LIGNE:<\/h2>\n<p>Ind\u00e9pendamment de cela, Vous pouvez Coca-Cola de la MDMA en ligne \u00e0 un Prix tr\u00e8s bas acheter. C&#039;est une Contrefa\u00e7on d&#039;un M\u00e9dicament. C&#039;est principalement sous forme de Comprim\u00e9s, de gaines ou de Poudre. Le Coca-Cola est contenue, la MDMA est toxique. Il est toujours dans la Circulation sanguine existe. Il p\u00e9n\u00e8tre dans le Cerveau, qui est pourquoi il est notre Attitude a chang\u00e9 et nous \u00e0 l&#039;\u00c9nergie de leurs op\u00e9rations. La MDMA a chaque personne d&#039;un autre Effet.<\/p>\n<p>Nous t&#039;avons Contenants donn\u00e9, ce qui est le Type le plus populaire est de prendre ce M\u00e9dicament. Chaque Portion de Coca-Cola contient de la MDMA sp\u00e9cifiques Fixateur. Les prescriptions de d\u00e9g\u00e2ts Militants avertir avant de composants actifs Vergn\u00fcgungsdrogen sur le March\u00e9 au royaume-Uni, suite \u00e0 une Enqu\u00eate de M\u00e9dicaments dans une Concurrence \u00e0 Manchester, certaines \u00e0 double, voire triple Dose a d\u00e9couvert.buy coca-cola de la MDMA en ligne<\/p>\n<p>La coca\u00efne peut-\u00eatre un plus bizarres: Nom de Coca-Cola, de la MDMA, mais les deux sont \u00e0 \u00e9viter, parce que vous pouvez g\u00e9n\u00e9rer des Probl\u00e8mes graves. Les Permis ont une bien meilleure \u00c9valuation de la Coca\u00efne et de Coca-Cola de la MDMA. Pemberton d\u00e9fini la Boisson comme &#034;Geistestonikum et mental de Boisson&#034;, et il a \u00e9t\u00e9 appel\u00e9 &#034;sp\u00e9cialit\u00e9s pharmaceutiques&#034; annonc\u00e9s. En R\u00e9alit\u00e9, il s&#039;agit d&#039;une Drogue de synth\u00e8se. Coca-Cola MDMA contient des Composants dangereux.<\/p>\n<h3>COCA-COLA LA MDMA \u00c0 VENDRE:<\/h3>\n<p>Il p\u00e9n\u00e8tre dans le syst\u00e8me Circulatoire. Il passe par l&#039;Esprit, c&#039;est pourquoi il est notre Attitude change et nous l&#039;\u00c9nergie fait sentir. Coca-Cola la MDMA a des Effets diff\u00e9rents sur diff\u00e9rentes Personnes. Il est G\u00e9n\u00e9ralement sous forme de Comprim\u00e9s, de R\u00e9servoir ou de Poudre. Nous vous pr\u00e9sentons les Compl\u00e9ments alimentaires avant, qui est la M\u00e9thode la plus connue, ce M\u00e9dicament \u00e0 obtenir. Presque tous les composants de Coca-Cola contient de la MDMA Axes de Somme. Il disait que la vari\u00e9t\u00e9 suivante Complexes, des irritations de l&#039;Estomac et de la Fatigue.<\/p>\n<p>Patentarzneimittel \u00e9taient Combinaisons dits &#034;remarquables&#034; Composants et Medikamentenverst\u00e4rkern, qui, selon son Inventeur, un large \u00c9ventail de Maladies diminu\u00e9. Bien que de bonnes Pr\u00e9somptions \u00e0 propos de la Force des M\u00e9dicaments employ\u00e9s en les Charges et les Impuret\u00e9s \u00e0 l&#039;aide de Solvants auswusch et ensuite, la Coca-Cola MDMA abandonn\u00e9. Mais ils contenaient souvent des Substances, dont nous savons aujourd&#039;hui, que vous souvent \u00e0 l&#039;Accoutumance, comme la Coca\u00efne et l&#039;Opium, ainsi que les Ingr\u00e9dients nocifs comme le Mercure et le Plomb. Coca-Cola la MDMA en ligne acheter<\/p>\n<p>M\u00e9langes avec une certaine Substanzreaktion permet un meilleur Rendement que les autres. Peut-\u00eatre qu&#039;un certain Son \u00e0 attirer l&#039;Attention, que l&#039;Article incontestablement plus pr\u00e9cis\u00e9ment \u00e9t\u00e9 lav\u00e9. Il y a aussi des Sons, et qui n&#039;est pas Coca-Cola, de la MDMA, mais sont des Compos\u00e9s ayant un Effet similaire, comme la MDMA Crystal ou MDEA? Merci pour Votre Temps et Vos Efforts. Un Exc\u00e8s de Fermentation sur les Pierres pr\u00e9cieuses, tandis que Begasungsphase du Freebase-Huile, conduit \u00e0 terreux Gemmes. Coca-Cola la MDMA en ligne acheter<\/p>\n<h4>COCA-COLA MDMA ACHETER EN LIGNE EUROPE<\/h4>\n<p>Pendant sp\u00e9ciaux, en contraste avec le blanc de Coca-Cola MDMA HCl Pierres pr\u00e9cieuses pour identifier, cela ne peut pas avoir une Influence significative sur la Vertu. Le Marquis d&#039;Examen est en R\u00e8gle g\u00e9n\u00e9rale une Reagenzienpr\u00fcfung, lors de l&#039;une Goutte Reagenzfl\u00fcssigkeit sur un petit \u00c9chantillon du Mat\u00e9riel \u00e0 analyser getropft est. En raison de la Fa\u00e7on dont la MDMA avec la S\u00e9rotonine et de la Dopamine dans le Cerveau interagit extr\u00eames, il peut conduire \u00e0 la D\u00e9pression. Coca-Cola la MDMA en ligne acheter<\/p>\n<p>Malheureusement mettent Gens, Coca-Cola, la MDMA en abuser, un Risque plus \u00e9lev\u00e9, une v\u00e9ritable D\u00e9sespoir de vivre, en d\u00e9pit des R\u00e9ticences de ne pas dispara\u00eetre. Les Substances contenues dans le R\u00e9actif r\u00e9agissent diff\u00e9remment avec diff\u00e9rents M\u00e9langes synth\u00e9tiques et il en r\u00e9sulte une paire de Tonalit\u00e9s diff\u00e9rentes, en fonction de ce que pour l&#039;amour du Ciel dans l&#039;test\u00e9s Texture est inclus. Cela d\u00e9pend de la Capacit\u00e9 des diff\u00e9rents Chercheurs, de les tuer, ou, ce qui est plus probable, de la Capacit\u00e9 (Inertie), vous d\u00e9barrasser. Coca-Cola la MDMA en ligne acheter<\/p>\n<p>Si l&#039;on omet de fournir les Outils, augmente le Poids des chefs d&#039;Objets, de sorte que l&#039;on peut comprendre pourquoi une Tonne de Merde de d\u00e9duire. Une Quantit\u00e9 suffisante de Coca-Cola de la MDMA peut Rahmentemperatur et les Capacit\u00e9s de les contourner. Son Effet dure beaucoup plus longtemps que trois \u00e0 sept Heures. Et des fois, on peut se sentir d\u00e9prim\u00e9. Coca-Cola la MDMA en ligne acheter<\/p>\n<h4>COCA-COLA LA MDMA EN LIGNE EN ALLEMAGNE ACHETER:<\/h4>\n<p>Ce M\u00e9dicament augmente la Probabilit\u00e9 d&#039;une H\u00e9patite. Elle est, en G\u00e9n\u00e9ral, sur un Foie et une insuffisance R\u00e9nale due. La coca\u00efne est un fantastique et de d\u00e9pendance Energiedroge. Depuis de nombreuses Ann\u00e9es, les Gens du Sud des Etats-Unis, o\u00f9 les Kokapflanze pousse, les feuilles de coca mordu et pris de ce que la Liste de ses vivifiant de R\u00e9sultats. Coca-Cola la MDMA en ligne acheter<\/p>\n<p>Chlorhydrate de coca\u00efne raffin\u00e9es, en Substance, a d\u00e9j\u00e0 plus de 100 Ans \u00e0 partir de Plantes. Dans les Ann\u00e9es 1900 \u00e9tait de la Coca\u00efne pure une Partie importante de Toniques et des \u00c9lixirs. La MDMA dans du Coca-Cola: Ce M\u00e9dicament est connu que les autres le Sentiment d&#039;\u00eatre important. C&#039;est en Fait un stimulant M\u00e9dicament. Il compte aujourd&#039;hui parmi les plus populaires de M\u00e9dicaments chez les Adultes et les Adolescents. C&#039;est nier qu&#039;il y a toujours ni partout dans le Monde pour un tr\u00e8s bon Sentiment est utilis\u00e9.<\/p>","protected":false},"excerpt":{"rendered":"<p>COCA-COLA MDMA ONLINE KAUFEN: Unabh\u00e4ngig davon k\u00f6nnen Sie Coca-Cola MDMA online zu einem sehr niedrigen Preis kaufen. Es ist eine F\u00e4lschung eines Medikaments. Es ist haupts\u00e4chlich in Tabletten-, H\u00fclsen- oder Pulverform erh\u00e4ltlich. Das in Coca-Cola enthaltene MDMA ist giftig. Es ist immer noch im Blutkreislauf vorhanden. Es durchdringt das Gro\u00dfhirn, weshalb es unsere Einstellung ver\u00e4ndert und uns zu mehr Energie verhilft. MDMA hat auf jeden Menschen eine andere Wirkung. Wir haben dir Beh\u00e4ltnisse gegeben, was die beliebteste Art ist, dieses Medikament zu nehmen. Jede einzelne Portion Coca-Cola MDMA enth\u00e4lt spezifische Fixer. Verschreibungen schaden Aktivisten warnen vor hochpotenten Vergn\u00fcgungsdrogen auf dem\u2026<\/p>","protected":false},"featured_media":1574,"comment_status":"open","ping_status":"closed","template":"","meta":{"content-type":""},"product_brand":[],"product_cat":[120],"product_tag":[],"class_list":{"0":"post-1544","1":"product","2":"type-product","3":"status-publish","4":"has-post-thumbnail","6":"product_cat-mdma","8":"first","9":"instock","10":"shipping-taxable","11":"purchasable","12":"product-type-variable"},"_links":{"self":[{"href":"https:\/\/kokaindrogekaufen.com\/fr\/wp-json\/wp\/v2\/product\/1544"}],"collection":[{"href":"https:\/\/kokaindrogekaufen.com\/fr\/wp-json\/wp\/v2\/product"}],"about":[{"href":"https:\/\/kokaindrogekaufen.com\/fr\/wp-json\/wp\/v2\/types\/product"}],"replies":[{"embeddable":true,"href":"https:\/\/kokaindrogekaufen.com\/fr\/wp-json\/wp\/v2\/comments?post=1544"}],"wp:featuredmedia":[{"embeddable":true,"href":"https:\/\/kokaindrogekaufen.com\/fr\/wp-json\/wp\/v2\/media\/1574"}],"wp:attachment":[{"href":"https:\/\/kokaindrogekaufen.com\/fr\/wp-json\/wp\/v2\/media?parent=1544"}],"wp:term":[{"taxonomy":"product_brand","embeddable":true,"href":"https:\/\/kokaindrogekaufen.com\/fr\/wp-json\/wp\/v2\/product_brand?post=1544"},{"taxonomy":"product_cat","embeddable":true,"href":"https:\/\/kokaindrogekaufen.com\/fr\/wp-json\/wp\/v2\/product_cat?post=1544"},{"taxonomy":"product_tag","embeddable":true,"href":"https:\/\/kokaindrogekaufen.com\/fr\/wp-json\/wp\/v2\/product_tag?post=1544"}],"curies":[{"name":"wp","href":"https:\/\/api.w.org\/{rel}","templated":true}]}}