{"id":1551,"date":"2023-06-27T19:19:49","date_gmt":"2023-06-27T18:19:49","guid":{"rendered":"https:\/\/kokaindrogekaufen.com\/?post_type=product&#038;p=1551"},"modified":"2024-12-06T06:39:31","modified_gmt":"2024-12-06T06:39:31","slug":"maybach-mdma-kaufen-deutschland","status":"publish","type":"product","link":"https:\/\/kokaindrogekaufen.com\/fr\/product\/maybach-mdma-kaufen-deutschland\/","title":{"rendered":"MAYBACH MDMA ACHETER FRANCE"},"content":{"rendered":"<h2>ACHETER MDMA ALLEMAGNE:<\/h2>\n<p>Tout d&#039;abord, la MDMA Allemagne acheter \u00e0 tr\u00e8s bon Prix. Sans parler du fait que nous sommes les meilleurs en MDMA des Pilules pour la Vente en ligne. La Transaction est impossible \u00e0 retrouver et d&#039;\u00eatre extr\u00eamement prudent. Nous travaillons avec les plus \u00e9vidents, de Soin et de Comp\u00e9tence. Ainsi, nous pouvons nous rendre heureux, si les Articles arrivent. Si Vous avez quelque chose \u00e0 demander, avez-Vous l&#039;Impression que les Professionnels de modification. La hallucinog\u00e8nes Amphetamincharakter de Maybach MDMA offre aux Rave-Visiteurs une Multitude de Composants.<\/p>\n<p>En raison de l&#039;Effet stimulant du M\u00e9dicament r\u00e9jouissons de certains consommateurs Finals sur le Sentiment de la Massengemeinschaft, tandis que d&#039;autres en tant que Carburant pour les R\u00e9unions de l&#039;utiliser. Achat de Maybach, la MDMA (Ecstasy), aussi connu comme &#034;le Bonheur&#034; ou XTC, il est fr\u00e9quent que des jeunes, des Personnes \u00e2g\u00e9es dans les grandes Villes, il est consomm\u00e9. De nombreux Effets ind\u00e9sirables peuvent survenir en cas de Surdosage incluent Kieferzucken, des tremblements musculaires, des Naus\u00e9es\/Vomissements et une augmentation du rythme cardiaque. En MDMA des comprim\u00e9s \u00e0 vendre<\/p>\n<p>En outre, augmente \u00e0 un Exc\u00e9dent de l&#039;int\u00e9rieur de la valeur de la chaleur de l&#039;Homme, de plus en plus forte, et l&#039;on peut mentales Trips \u00e0 venir. En cons\u00e9quence, il est probable que les Dentistes avec des Personnes \u00e0 faire face \u00e0 de Chance de consommer. La Raison en est que les Experts expliquent la Hausse des Synapses de notre Cerveau, bien que cela n&#039;est pas encore prouv\u00e9e. La MDMA acheter France<\/p>\n<h3>LA MDMA PILULES, ACHETER EN LIGNE:<\/h3>\n<p>Il a \u00e9galement \u00e9t\u00e9 d\u00e9couvert que certains nettes Pilules le Mouvement de la Dopamine, un Tissu synth\u00e9tique dans le Cerveau, l&#039;inhiber. Grunzende Bonheur, les R\u00e9sultats d&#039;acc\u00e9l\u00e9rer et d&#039;un plus petit, beaucoup plus approfondi, point Culminant de conduire. La Fa\u00e7on dont un M\u00e9dicament est pris, d\u00e9termine la Vitesse \u00e0 laquelle il p\u00e9n\u00e9trer dans le Cerveau, et des Grognements, parmi les plus rapides. Le lendemain, apr\u00e8s la Prise de Doses \u00e9lev\u00e9es de Maybach, la MDMA, ont pris la D\u00e9pression, de m\u00eame que des troubles de la Concentration, troubles du Sommeil et une Diminution de l&#039;App\u00e9tit sur les Fichiers. La MDMA acheter France<\/p>\n<p>Selon les scientifiques, ils agissent par l&#039;Observation du Mouvement des Synapses de notre Cerveau, bien que cela n&#039;a pas \u00e9t\u00e9 confirm\u00e9e. Maybach, la MDMA (joy) est souvent mal fabriqu\u00e9s, et la Quantit\u00e9 de Maybach MDMA dans le Comprim\u00e9\/dans la Valise peut \u00eatre incroyablement varier, m\u00eame \u00e0 l&#039;int\u00e9rieur d&#039;une m\u00eame Bo\u00eete. Le Laps de temps entre la R\u00e9ception de la Drogue et de l&#039;Exp\u00e9rience d&#039;un R\u00e9sultat semble selon le M\u00e9dicament et la Personne \u00e0 l&#039;autre. La MDMA acheter France<\/p>\n<p>Les compos\u00e9s Reichsbezeichnung &#034;Mandy&#034; et de l&#039;US-Calendrier &#034;Molly&#034; d\u00e9sinvolture avec Maybach, la MDMA dans un sac transparent Pulverstruktur, que l&#039;on croit, qu&#039;il est exempt de Contaminants. Maybach, la MDMA est sous Forme de sel de chlorhydrate commercialis\u00e9s, soit en tant que d\u00e9tach\u00e9 de Pierres pr\u00e9cieuses ou en Capsule. Il est \u00e9galement pr\u00e9cis\u00e9 que certaines intelligent de Pilules de la Formation de la Dopamine inhibent, un Tissu synth\u00e9tique, le Cerveau arrive. La MDMA acheter France<\/p>\n<h4>LA MDMA ACHETER EN LIGNE:<\/h4>\n<p>La joie est souvent press\u00e9es Comprim\u00e9 (Violet Maybach Comprim\u00e9s de commercialisation, les quelques Clients une Poudre de granulation et de grognements. Le Grognement de Plaisir peut conduire \u00e0 ce que les Ramifications du Client plus t\u00f4t \u00e0 son Apog\u00e9e, mais il peut aussi \u00eatre le M\u00e9dicament est associ\u00e9 augmenter les Risques. Maybach, la MDMA (Euphorie) est souvent de bonne r\u00e9putation \u00e9tablie, et la Teneur en Maybach MDMA dans le la Pilule dans le R\u00e9servoir peut varier consid\u00e9rablement, m\u00eame au sein d&#039;un m\u00eame Groupe. La MDMA acheter France<\/p>\n<p>Le Temps entre la Prise du M\u00e9dicament et l&#039;apparition de l&#039;Effet, selon le M\u00e9dicament et la Personne peut varier. Purple Maybach Maybach, la MDMA est une Contrefa\u00e7on avec aufputschenden Propri\u00e9t\u00e9s, est presque identique \u00e0 l&#039;Amph\u00e9tamine et mod\u00e9r\u00e9ment avoir un effet stimulant. Maybach, la MDMA est la principale psychoactives Sp\u00e9cialiste dans de nombreux Freudentabletten. La MDMA acheter France<\/p>\n<p>N\u00e9anmoins, Rauschpr\u00e4parate rarement pur Maybach MDMA; au lieu de cela, il existe la Fabrication illicite de Gl\u00fcckspillen g\u00e9n\u00e9ralement \u00e0 partir de la Combinaison de Maybach MDMA avec d&#039;autres professionnels prescrits des M\u00e9dicaments tels que la Caf\u00e9ine, les Amph\u00e9tamines, la Coca\u00efne, la K\u00e9tamine ou de Narcotiques. L&#039;Ecstasy est un autre Nom pour Maybach MDMA. La MDMA (Bonheur) est G\u00e9n\u00e9ralement tr\u00e8s forte de la production et de la Quantit\u00e9 de Maybach MDMA dans une Pilule\/Gaine peut lui-m\u00eame \u00e0 l&#039;int\u00e9rieur d&#039;un tel Faisceau de belles Parties de son. La MDMA acheter France<\/p>\n<h5>LA MDMA PILLS FOR SALE EUROPE:<\/h5>\n<p>N\u00e9anmoins, les Drogues, rarement pur Maybach MDMA; au lieu de cela, il existe la Fabrication illicite de Gl\u00fcckspillen en R\u00e8gle g\u00e9n\u00e9rale, \u00e0 partir de la Combinaison de Maybach MDMA avec d&#039;autres professionnels prescrits des M\u00e9dicaments tels que la Caf\u00e9ine, les Amph\u00e9tamines, la Coca\u00efne, la K\u00e9tamine ou de Narcotiques. L&#039;Ecstasy est un autre Nom pour Maybach MDMA. La MDMA (Bonheur) est g\u00e9n\u00e9ralement produite et la Quantit\u00e9 de Maybach MDMA dans une Pilule\/boitier de belles Pi\u00e8ces, m\u00eame \u00e0 l&#039;int\u00e9rieur d&#039;un autre Groupe. La MDMA EUROPE acheter<\/p>\n<p>Nonobstant ce qui n&#039;est pas claire, que notre Cognition de l&#039;influencer. Le lendemain, apr\u00e8s la Prise de Doses \u00e9lev\u00e9es de Maybach, la MDMA, a pris la D\u00e9pression. Un fadenscheiniges Morceau de concentration, des troubles du Sommeil et un verfallendes ofile appette Marquis-Enqu\u00eate est une R\u00e9actifs \u00e0 la Discipline de Test, dans lequel une Goutte de Reagenzienfl\u00fcssigkeit sur un petit \u00c9chantillon \u00e0 \u00e9tudier, la Texture est d\u00e9vers\u00e9e. La MDMA acheter France<\/p>\n<p>Dans tous les Cas, la r\u00e9action des Substances dans le R\u00e9actif avec diff\u00e9rents compos\u00e9s de Substances, ce qui \u00e0 certains diff\u00e9rentes Tonalit\u00e9s conduit, en fonction de ce que pour l&#039;amour du Ciel dans le aufzubrechenden Mat\u00e9riel est inclus. Un Surdosage peut Kieferzuckungen, des tremblements musculaires, des Naus\u00e9es\/Vomissements et une augmentation de la pression Art\u00e9rielle. M\u00eame en cas d&#039;un Surdosage la Temp\u00e9rature du corps augmente consid\u00e9rablement, et les Hallucinations peuvent se produire. La MDMA acheter France<\/p>\n<h5>PLUS:<\/h5>\n<p>La Quantit\u00e9 de Maybach MDMA Ecstasy Capsules en Europe de ces derni\u00e8res Ann\u00e9es, en raison de en Ligne, de l&#039;Ecstasy, de Magasins a augment\u00e9. Purple Maybach, la MDMA est un Stimulant de synth\u00e8se avec amphetamin\u00e4hnlichen Caract\u00e9ristiques, et d&#039;un l\u00e9ger Effet hallucinog\u00e8ne. Beaucoup de Comprim\u00e9s d&#039;Ecstasy contiennent Maybach MDMA comme la principale Substance psychoactive. Les Comprim\u00e9s d&#039;Ecstasy sont rarement pur Maybach MDMA; au lieu de cela MDMA \u00e0 la Fabrication illicite de Comprim\u00e9s d&#039;Ecstasy souvent avec d&#039;autres M\u00e9dicaments tels que la Caf\u00e9ine, les Amph\u00e9tamines, la Coca\u00efne, la K\u00e9tamine ou Opio\u00efdes mixtes. La MDMA acheter France<\/p>\n<p>Maybach, la MDMA est comme de l&#039;Ecstasy connu. D&#039;une Soci\u00e9t\u00e9 qui, \u00e0 la Diffusion croit, est l\u00e9ger et enjou\u00e9, et elle danse jusqu&#039;\u00e0 ce que le Soleil se l\u00e8ve. Nous \u00e9changeons des Cadeaux avec les Voisins. Merci de m&#039;envoyer un Message priv\u00e9 si Vous \u00eates un fid\u00e8le Client de nous laisser une \u00c9valuation a! Les Acheteurs potentiels, les Notifications, que si on les Jalons d&#039;atteindre jusqu&#039;\u00e0 50% des Commandes. Lors de aaronay.com Vous pouvez \u00e9conomique violet Maybach MDMA sur Internet, acheter et d&#039;\u00eatre s\u00fbr qu&#039;il est de la plus haute Qualit\u00e9 et libre de la pharmaceutique, de la Contamination. La MDMA acheter France<\/p>","protected":false},"excerpt":{"rendered":"<p>KAUFEN MDMA DEUTSCHLAND: Zun\u00e4chst einmal, MDMA Deutschland kaufen zu sehr g\u00fcnstigen Preisen. Ganz zu schweigen davon, dass wir die besten MDMA-Pillen zum Verkauf online haben. Die Transaktion ist nicht zur\u00fcckverfolgbar und extrem vorsichtig. Wir arbeiten mit offensichtlicher Kompetenz und Sorgfalt. So k\u00f6nnen wir Sie gl\u00fccklich machen, wenn die Artikel ankommen. Wenn Sie etwas anfordern, haben Sie den Eindruck, dass es von Profis bearbeitet wird. Der halluzinogene Amphetamincharakter von Maybach MDMA bietet den Rave-Besuchern eine Vielzahl faszinierender Komponenten. Aufgrund der stimulierenden Wirkung des Medikaments freuen sich einige Endverbraucher \u00fcber das Gef\u00fchl der Massengemeinschaft, w\u00e4hrend andere es als Treibstoff f\u00fcr Zusammenk\u00fcnfte verwenden.\u2026<\/p>","protected":false},"featured_media":1575,"comment_status":"open","ping_status":"closed","template":"","meta":{"content-type":""},"product_brand":[],"product_cat":[120],"product_tag":[],"class_list":{"0":"post-1551","1":"product","2":"type-product","3":"status-publish","4":"has-post-thumbnail","6":"product_cat-mdma","8":"first","9":"instock","10":"shipping-taxable","11":"purchasable","12":"product-type-variable"},"_links":{"self":[{"href":"https:\/\/kokaindrogekaufen.com\/fr\/wp-json\/wp\/v2\/product\/1551"}],"collection":[{"href":"https:\/\/kokaindrogekaufen.com\/fr\/wp-json\/wp\/v2\/product"}],"about":[{"href":"https:\/\/kokaindrogekaufen.com\/fr\/wp-json\/wp\/v2\/types\/product"}],"replies":[{"embeddable":true,"href":"https:\/\/kokaindrogekaufen.com\/fr\/wp-json\/wp\/v2\/comments?post=1551"}],"wp:featuredmedia":[{"embeddable":true,"href":"https:\/\/kokaindrogekaufen.com\/fr\/wp-json\/wp\/v2\/media\/1575"}],"wp:attachment":[{"href":"https:\/\/kokaindrogekaufen.com\/fr\/wp-json\/wp\/v2\/media?parent=1551"}],"wp:term":[{"taxonomy":"product_brand","embeddable":true,"href":"https:\/\/kokaindrogekaufen.com\/fr\/wp-json\/wp\/v2\/product_brand?post=1551"},{"taxonomy":"product_cat","embeddable":true,"href":"https:\/\/kokaindrogekaufen.com\/fr\/wp-json\/wp\/v2\/product_cat?post=1551"},{"taxonomy":"product_tag","embeddable":true,"href":"https:\/\/kokaindrogekaufen.com\/fr\/wp-json\/wp\/v2\/product_tag?post=1551"}],"curies":[{"name":"wp","href":"https:\/\/api.w.org\/{rel}","templated":true}]}}