{"id":1558,"date":"2023-06-27T19:19:49","date_gmt":"2023-06-27T18:19:49","guid":{"rendered":"https:\/\/kokaindrogekaufen.com\/?post_type=product&#038;p=1558"},"modified":"2024-12-06T06:35:44","modified_gmt":"2024-12-06T06:35:44","slug":"chanel-mdma-zu-verkaufen","status":"publish","type":"product","link":"https:\/\/kokaindrogekaufen.com\/fr\/product\/chanel-mdma-zu-verkaufen\/","title":{"rendered":"CHANEL MDMA \u00c0 VENDRE"},"content":{"rendered":"<h2>CHANEL MDMA \u00c0 VENDRE:<\/h2>\n<p>Au total, nous avons les meilleurs Chanel MDMA pour la Vente aux \u00c9tats-Unis et dans le monde. Par la mise \u00e0 disposition des Quantit\u00e9s massives de la S\u00e9rotonine entra\u00eene Chanel MDMA toutefois que l&#039;essentiel des Synapses dans le Cerveau consid\u00e9rablement \u00e9puis\u00e9, ce qui nocive mental S\u00e9quelles contribue, les Gens longtemps apr\u00e8s la Prise de la maison Chanel, la MDMA, vous pouvez. 95, 96, 96.<\/p>\n<p>Le Traitement de ces Maladies avec l&#039;un des nombreux bien connus des R\u00e9cepteurs NMDA Antagonistes conduit \u00e0 une Vari\u00e9t\u00e9 de t\u00e2ches d&#039;effets Secondaires, dont certains peuvent \u00eatre consid\u00e9rables. L&#039;Environnement, des Hommes Chanel la MDMA obtenir, sera tr\u00e8s diff\u00e9rent et beaucoup plus s\u00fbr que l&#039;Environnement dans lequel les Gens il avec d\u00e9sinvolture, en utilisant une Portion contr\u00f4l\u00e9e, un Exemplaire authentique de la Drogue, l&#039;Absence de d&#039;autres M\u00e9dicaments ou avec de l&#039;Alcool et un Sp\u00e9cialiste utiliser vraiment de leur Bien-\u00eatre et votre Sant\u00e9 respecte. Chanel MDMA \u00e0 vendre<\/p>\n<p>Cela signifie que l&#039;\u00c9tude ne nous dit pas si il est s\u00fbr, dans un Club de la Chance de penser ou pas, mais notre Compr\u00e9hension de l&#039;am\u00e9liorer, comme Chanel MDMA ses Effets psychoactifs r\u00e9alis\u00e9. Chanel MDMA favorise le D\u00e9veloppement de ces Synapses de neurones dans la Connexion, en apportant des Points sensibles de renforcer et leur Reprise inhibe. Chanel MDMA pour la Vente<\/p>\n<p>M\u00e9mantine est sans aucun doute un Exemple de non comp\u00e9titif des R\u00e9cepteurs NMDA Kanalblocker, en G\u00e9n\u00e9ral rapide et une faible Inclinaison. Son Aminb\u00fcndel est physiologique du pH fortement charg\u00e9, et sa Rezeptorfeindschaft est spannungsabh\u00e4ngig. Chanel MDMA est commun\u00e9ment appel\u00e9 &#034;le Bonheur&#034; (abr\u00e9g\u00e9 en &#034;E&#034;, &#034;X&#034; ou &#034;XTC&#034;) est devenu connu, souvent en faisant Allusion \u00e0 son Pillenstruktur, o\u00f9 ce D\u00e9lai de Choses, comme la Pr\u00e9sence potentielle de Contaminants ou de Diluant peut contenir. Chanel MDMA \u00e0 vendre<\/p>\n<h3>CHANEL MDMA ACHETER EN LIGNE :<\/h3>\n<p>La Probabilit\u00e9 pour que le Bonheur passe, augmente en cas de Chaleur, par Exemple, dans une foule Club de danse ou de Musique en plein air, mais peut-\u00eatre la Chance aussi, \u00e0 Temp\u00e9rature normale, par la Surchauffe du Corps de d\u00e9lit. Chanel MDMA est actuellement en essais cliniques comme un produit de traitement pour le Traitement de la terrible Nervosit\u00e9 (PTSD), la Tension chez les Victimes de la Mort proche, et d&#039;anxi\u00e9t\u00e9 sociale chez mentalement d\u00e9s\u00e9quilibr\u00e9 Adultes test\u00e9s. Chanel MDMA pour la Vente<\/p>\n<p>La FDA a Chanel la MDMA Psychoth\u00e9rapie assist\u00e9e pour TSPT plus r\u00e9cemment en tant que pionnier de la Th\u00e9rapie de class\u00e9. En savoir plus sur les Chanel MDMA \u00c9tude, Vous recevrez, si Vous les Partisans de la dans les \u00c9tudes cliniques pr\u00e9sent\u00e9es Chanel en MDMA des \u00c9tudes contacter. La Notion de &#034;Mandy&#034; au royaume-Uni et &#034;Molly&#034; dans les \u00e9tats-Unis se r\u00e9f\u00e8rent tous les deux sur Chanel MDMA dans une vitreux Pulverstruktur, qui n&#039;est d\u00e9pr\u00e9ci\u00e9e. Chanel MDMA pour la Vente<\/p>\n<p>Dans le Cadre des Projets, les troubles neurologiques et les Effets psychologiques de la maison Chanel, la MDMA, ainsi que les Risques potentiels et les Cons\u00e9quences \u00e0 court et \u00e0 long terme de la Prise du M\u00e9dicament \u00e0 l&#039;\u00e9tude. Chanel MDMA pour la Vente<\/p>\n<p>&#034;L&#039;Objectif de MDMA, LSD est un \u00c9tat mental de cr\u00e9er, de deux Substances analogues, peut tirer et \u00e0 long terme a un Effet ind\u00e9pendant de la Psilocybine ou LSD&#034;, a d\u00e9clar\u00e9 Matthias Liechti, le Nom du Laboratoire, dans une D\u00e9claration publique. Chanel MDMA, est consid\u00e9r\u00e9e comme le M\u00e9dicament de Choix dans les Rave-style de vie et est souvent dans les Clubs, sur les parties et lors de r\u00e9union de Famille est consomm\u00e9. Chanel MDMA \u00e0 vendre<\/p>\n<h4>CHANEL MDMA FOR SALE EN LIGNE:<\/h4>\n<p>L&#039;effet tangible de la nouvelle Musique et les Lumi\u00e8res sont G\u00e9n\u00e9ralement massif de M\u00e9dicaments \u00e0 l&#039;int\u00e9rieur de la Rave Syst\u00e8me biologique en synergie \u00eatre. Les hallucinog\u00e8nes Amph\u00e9tamines et de la Nature de Chanel MDMA offre plusieurs Propri\u00e9t\u00e9s m\u00e9dicinales pour les Particuliers lors de la Rave-R\u00e9glage. Les gens qui Chanel consommer de la MDMA, c&#039;est G\u00e9n\u00e9ralement sous la Forme d&#039;une Bo\u00eete ou de la Pilule, mais certains avaler sous Forme de liquide ou de grognements de la Poudre. Chanel MDMA pour la Vente<\/p>\n<p>Chanel MDMA \u00e9tait, au d\u00e9but, dans la Tanzclubszene et nocturnes Bals (&#034;Raves&#034;) populaire; aujourd&#039;hui, concerne la M\u00e9decine, cependant, un plus grand Nombre de Personnes, il est commun\u00e9ment consid\u00e9r\u00e9e comme l&#039;Ecstasy ou Molly d\u00e9signer. La prise en charge Surnom Molly (Argot pour &#034;atomic&#034;) se r\u00e9f\u00e8re souvent \u00e0 l&#039;, le cas \u00e9ch\u00e9ant, une &#034;pure&#034; transparent Poudre Chanel MDMA, g\u00e9n\u00e9ralement dans des R\u00e9cipients est vendu. Chanel MDMA \u00e0 vendre<\/p>\n<p>Ces Substances peuvent \u00eatre particuli\u00e8rement dangereux si la Personne ne sait pas ce qu&#039;elle consomme. Vous pouvez aussi \u00eatre dangereux si vous Chanel MDMA \u00eatre combin\u00e9s. Des gens qui, volontairement ou non, ce Type de Combinaison avec d&#039;autres Substances comme le Cannabis et les Boissons alcoolis\u00e9es, m\u00e9langer, mettre eux-m\u00eames un Risque beaucoup plus \u00e9lev\u00e9 pour les Wohlstandsergebnisse de. Chanel MDMA \u00e0 vendre<\/p>\n<p>Antagoniste au R\u00e9cepteur NMDA sont comme S\u00e9datif pour les Animaux, et parfois \u00e9galement utilis\u00e9 pour d\u00e9signer des Personnes, et ils sont en raison de leurs Propri\u00e9t\u00e9s stimulantes souvent en tant que sportif, professionnel prescrit des M\u00e9dicaments, en d\u00e9pit de ses remarquables Effets \u00e0 des Doses plus \u00e9lev\u00e9es, par Exemple, lors de la S\u00e9paration. Si certains R\u00e9cepteurs NMDA M\u00e9chants Rongeurs sont administr\u00e9s \u00e0 dose \u00e9lev\u00e9e, vous pouvez utiliser un Type de l\u00e9sion c\u00e9r\u00e9brale provoquer, comme Olney s Blessures est connu. Chanel MDMA \u00e0 vendre<\/p>\n<h5>CHANEL MDMA FOR SALE ETATS-UNIS:<\/h5>\n<p>La Drogue n&#039;a pas seulement une Action chimique sur le Cerveau, mais vous avez chang\u00e9 physiquement et \u00e9motionnellement. L&#039;Effet de Chanel la MDMA peut, \u00e0 seulement quelques Heures d&#039;arr\u00eat, en particulier chez les Personnes qui sont plusieurs Doses, ou recevoir une grande Quantit\u00e9 en une seule prise, puis plusieurs Doses de les r\u00e9utiliser. Il est important de pr\u00e9cision scientifique des Informations relatives aux R\u00e9sultats de Chanel MDMA pour faire, pour ce qui est de la Consommation de cette Drogue n\u00e9gatifs li\u00e9s de sant\u00e9, d&#039;en r\u00e9duire les Effets. Chanel MDMA \u00e0 vendre<\/p>\n<p>Les gens dans la Vingtaine d&#039;Amis, compos\u00e9 de traitement des d\u00e9chets pour dysfonctionnelle de Troubles et les M\u00e9decins sont les plus dignes de confiance de Sources d&#039;information pour les personnes \u00e2g\u00e9es, les Chanel MDMA utiliser. Ces Zones peuvent \u00eatre des Hommes et des Femmes qui \u00eates stress\u00e9 ou d\u00e9prim\u00e9, \u00eatre hyperactif. Contrairement \u00e0 l&#039;Alcool, de la Fonction du Cerveau att\u00e9nue l&#039;Ecstasy semble surtout sur cette R\u00e9gion \u00e0 agir, ce qui signifie que le Traitement de la D\u00e9pression ou de stress post-traumatique pourrait aider. Chanel MDMA \u00e0 vendre<\/p>\n<p>Ces Zones peuvent \u00eatre des Hommes et des Femmes qui \u00eates stress\u00e9 ou d\u00e9prim\u00e9, \u00eatre hyperactif. Contrairement \u00e0 l&#039;Alcool, de la Fonction de l&#039;Esprit att\u00e9nue l&#039;Ecstasy semble surtout sur cette R\u00e9gion \u00e0 agir, ce qui signifie que le Traitement de la D\u00e9pression ou de stress post-traumatique pourrait aider. Lors de la Distillation du Solvant, de sorte que les crues, la MDMA libre de Chanel, la Base de Piston corps. Par Distillation sous vide, il pourrait continuer \u00e0 \u00eatre nettoy\u00e9, mais cela ne semble pas souhaitable d&#039;\u00eatre. Chanel MDMA \u00e0 vendre<\/p>\n<h5>En OUTRE:<\/h5>\n<p>Cette mati\u00e8re premi\u00e8re ou de ce Service est de quatre-vingt Millilitres, de la sec et de l&#039;Isopropanol (alcool Isopropylique) dissous. Une Goutte d&#039;acide Chlorhydrique concentr\u00e9 est toujours ajout\u00e9 \u00e0 la Solution l\u00e9g\u00e8rement acide est. Beaucoup de Gens ne sont pas conscients que l&#039;Ecstasy et &#034;pur&#034; Molly n&#039;est souvent pas une pure Chanel de la MDMA, mais aussi d&#039;autres M\u00e9dicaments sur ordonnance, qui en Combinaison avec la M\u00e9decine v\u00e9g\u00e9tale particuli\u00e8rement dangereux. Chanel MDMA pour la Vente<\/p>\n<p>Sur l&#039;Ecstasy, on peut, par Exemple, les Couleurs de mani\u00e8re diff\u00e9rente de voir et de nouvelles \u00e9couter de la Musique, ce que l&#039;Exp\u00e9rience augmente. L&#039;Ecstasy augmente \u00e9galement le Sentiment d&#039;Empathie et la Proximit\u00e9 \u00e0 d&#039;autres. Il n&#039;y a pas fiable, la Preuve que le 5-HTP en Combinaison avec Chanel MDMA est dangereux, m\u00eame si des Rumeurs affirment le Contraire. Chanel MDMA \u00e0 vendre<\/p>\n<p>Si Vous avez de bonnes Preuves, merci de nous contacter. Dans les Ann\u00e9es 1980, de l&#039;Ecstasy ou de Molly, mais \u00e0 une bien plus \u00e0 des fins r\u00e9cr\u00e9atives. Le San Francisco Chronicle a qualifi\u00e9 la Drogue dans un Article de 1984, en tant que &#034;Cadre-Psychedelikum&#034;, parce que, plus doux et moins dangereux que le LSD \u00e9tait. Chanel MDMA, en Liaison avec aerobem Danser un chaud et un Environnement encombr\u00e9 et d&#039;un Manque d&#039;eau Potable est un Cocktail mortel, et, dans certains Cas, un coup de Chaleur peut provoquer. Chanel MDMA \u00e0 vendre<\/p>","protected":false},"excerpt":{"rendered":"<p>CHANEL MDMA ZU VERKAUFEN: Insgesamt haben wir die besten Chanel MDMA zum Verkauf in den Vereinigten Staaten und weltweit. Durch die Bereitstellung massiver Mengen an Serotonin f\u00fchrt Chanel MDMA jedoch dazu, dass die lebenswichtigen Synapsen im Gro\u00dfhirn erheblich ersch\u00f6pft werden, was zu den sch\u00e4dlichen mentalen Sp\u00e4tfolgen beitr\u00e4gt, die Menschen lange Zeit nach der Einnahme von Chanel MDMA erleben k\u00f6nnen. 95, 96, 96. Die Behandlung dieser Krankheiten mit einem der vielen bekannten NMDA-Rezeptor-Antagonisten f\u00fchrt jedoch zu einer Vielzahl von l\u00e4stigen Nebeneffekten, von denen einige erheblich sein k\u00f6nnen. Die Umgebung, in der Menschen Chanel MDMA erhalten, wird sehr unterschiedlich und weitaus sicherer\u2026<\/p>","protected":false},"featured_media":1576,"comment_status":"open","ping_status":"closed","template":"","meta":{"content-type":""},"product_brand":[],"product_cat":[120],"product_tag":[],"class_list":{"0":"post-1558","1":"product","2":"type-product","3":"status-publish","4":"has-post-thumbnail","6":"product_cat-mdma","8":"first","9":"instock","10":"shipping-taxable","11":"purchasable","12":"product-type-variable"},"_links":{"self":[{"href":"https:\/\/kokaindrogekaufen.com\/fr\/wp-json\/wp\/v2\/product\/1558"}],"collection":[{"href":"https:\/\/kokaindrogekaufen.com\/fr\/wp-json\/wp\/v2\/product"}],"about":[{"href":"https:\/\/kokaindrogekaufen.com\/fr\/wp-json\/wp\/v2\/types\/product"}],"replies":[{"embeddable":true,"href":"https:\/\/kokaindrogekaufen.com\/fr\/wp-json\/wp\/v2\/comments?post=1558"}],"wp:featuredmedia":[{"embeddable":true,"href":"https:\/\/kokaindrogekaufen.com\/fr\/wp-json\/wp\/v2\/media\/1576"}],"wp:attachment":[{"href":"https:\/\/kokaindrogekaufen.com\/fr\/wp-json\/wp\/v2\/media?parent=1558"}],"wp:term":[{"taxonomy":"product_brand","embeddable":true,"href":"https:\/\/kokaindrogekaufen.com\/fr\/wp-json\/wp\/v2\/product_brand?post=1558"},{"taxonomy":"product_cat","embeddable":true,"href":"https:\/\/kokaindrogekaufen.com\/fr\/wp-json\/wp\/v2\/product_cat?post=1558"},{"taxonomy":"product_tag","embeddable":true,"href":"https:\/\/kokaindrogekaufen.com\/fr\/wp-json\/wp\/v2\/product_tag?post=1558"}],"curies":[{"name":"wp","href":"https:\/\/api.w.org\/{rel}","templated":true}]}}