{"id":1565,"date":"2023-06-27T19:19:49","date_gmt":"2023-06-27T18:19:49","guid":{"rendered":"https:\/\/kokaindrogekaufen.com\/?post_type=product&#038;p=1565"},"modified":"2024-12-06T06:31:32","modified_gmt":"2024-12-06T06:31:32","slug":"dom-perignon-mdma-zu-verkaufen","status":"publish","type":"product","link":"https:\/\/kokaindrogekaufen.com\/fr\/product\/dom-perignon-mdma-zu-verkaufen\/","title":{"rendered":"DOM P\u00c9RIGNON MDMA \u00c0 VENDRE"},"content":{"rendered":"<h2>DOM P\u00c9RIGNON MDMA \u00c0 VENDRE:<\/h2>\n<p>\u00c0 la Fin, nous avons DOM P\u00c9RIGNON MDMA FOR SALE \u00e0 des Prix tr\u00e8s raisonnables. Dom Pergnon la MDMA provoque G\u00e9n\u00e9ralement une augmentation de la Lib\u00e9ration de l&#039;organisme de substances intoxicantes. Il peut provoquer des effets Secondaires comme la &#034;Crise&#034;, Nervenzerrei\u00dfung et m\u00eame des Vertiges viennent. Avec l&#039;augmentation de l&#039;Am\u00e9lioration de la Temp\u00e9rature du corps augmente, et il peut causer des Hallucinations. Un M\u00e9lange de l&#039;Ivresse, de Nervosit\u00e9 et d&#039;une Quantit\u00e9 de Drogue.<\/p>\n<p>Dom Pergnon MDMA Pilule peut Kieferknacken, des tremblements musculaires, des Naus\u00e9es et une augmentation de la Charge du Circuit de provoquer. Le C\u0153ur, le Foie et les Reins sont particuli\u00e8rement encombr\u00e9. La Consommation r\u00e9guli\u00e8re d&#039;une grande Quantit\u00e9 de Dom Pergnon la MDMA est neurotoxiques et augmente la Probabilit\u00e9 d&#039;une irr\u00e9versible la Gro\u00dfhirns. La Pilule a une Ligne en pointill\u00e9s sur le Dos. Dom Pergnon la MDMA peut uniquement \u00eatre dangereux dans de plus grandes Doses \u00e9lev\u00e9es ou si plusieurs petites Doses dans une tr\u00e8s courte P\u00e9riode de temps pris \u00e0 la Hauteur de garder le rythme. Cette Table est Dom P\u00e9rignon Champagne.<\/p>\n<p>Le consommateur final de Dom P\u00e9rignon de la MDMA, vous tous ces effets Secondaires, mais vous pouvez continuer \u00e0 Prendre de Dom P\u00e9rignon MDMA Pilules annuler. Dom P\u00e9rignon MDMA, les Consommateurs sont \u00e0 votre M\u00e9decin le plus proche, et de prendre plus que lui, sa M\u00e8re. Vous pouvez \u00e9galement Dom P\u00e9rgnon MDMA tablette pour acheter en ligne. Alors que Molly comme un authentique Forme de D\u00f4me P\u00e9rgnon la MDMA est commercialis\u00e9, les Consommateurs aucun Moyen de savoir ce qui est inclus.<\/p>\n<h3>DOM P\u00c9RIGNON DE LA MDMA EN LIGNE ACHETER<\/h3>\n<p>\u00c0 la fois Dom Pergnon la MDMA que le Bonheur des autres Drogues sont combin\u00e9s. Rapide et \u00e9nergique de f\u00eate, les Effets de la nouvelle Musique et les Lumi\u00e8res sont souvent en synergie avec la Drogue. Dom Pergnon MDMA Article, sont souvent le M\u00e9dicament de la rave and vivifiant de la c\u00e9l\u00e9bration de enory Cons\u00e9quences de la Musique and Lumi\u00e8res are often hghly en synergie avec de la Drogue vu. DOM P\u00c9RIGNON MDMA \u00c0 VENDRE<\/p>\n<p>Une petite \u00c9tude publi\u00e9e dans la Revue the Lancet Psychiatry a examin\u00e9 l&#039;Utilisation de Dom Pergnon la MDMA chez les Patients distribu\u00e9s terrible Charges (PTSD), de la souffrance. Les Chercheurs ont administr\u00e9 de 22 anciens combattants, deux Pompiers et des Policiers, qui souffraient de stress post-traumatique, trois Doses Dom Pergnon la MDMA. Apr\u00e8s la Consommation de grandes Quantit\u00e9s de Dom Pergnon la MDMA sont l&#039;Essoufflement, une mauvaise Coordination, des troubles du Sommeil et une augmentation de l&#039;App\u00e9tit in\u00e9vitable. DOM P\u00c9RIGNON MDMA \u00c0 VENDRE<\/p>\n<p>Dans tous les Cas, n&#039;\u00e9taient pas tous convaincu les Experts. Dans ce petit Groupe, une large Acceptation n&#039;est pas garanti, et il existe un Risque de l&#039;Obsession et de l&#039;Implosion au sein d&#039;une Population g\u00e9n\u00e9rale, qui, \u00e0 cette Date, ces certifi\u00e9s R\u00e9alisations en danger. Ces derni\u00e8res Ann\u00e9es, les Drogues, le March\u00e9 conquis, de Pilules d&#039;Ecstasy sur MDMA et de la Poudre de MDMA des Boissons et de certains Aliments, la Cath\u00e9drale de Pergnon contenir de la MDMA.DOM P\u00c9RIGNON MDMA FOR SALE<\/p>\n<h4>DOM P\u00c9RIGNON MDMA VENDRE EN LIGNE:<\/h4>\n<p>Both Dom Pergnon MDMA and bliss can be combined with other drugs. The fast-paced and energetic celebrations, the effects of new music and lights are often synergistic with the drug. Dom Pergnon MDMA items are often seen as the drug of rave and invigorating celebrations, the enory effects of music and lights are often hghly synergistic with the drug. DOM P\u00c9RIGNON MDMA \u00c0 VENDRE<\/p>\n<p>A small study published in the journal the Lancet Psychiatry examined the use of Dom Pergnon MDMA patients suffering from distributed terrible stress (stress post-traumatique). The researchers administered three doses of Dom Pergnon MDMA to 22 veterans, two firefighters and one police officer who suffered from stress post-traumatique. After consommation de large amounts of Dom Pergnon MDMA, shortness of breath, poor coordination, de mise en veille disturbances, and increased appetite are in\u00e9vitables. DOM P\u00c9RIGNON MDMA \u00c0 VENDRE<\/p>\n<p>In any case, not all experts were convinced. With this small group, g\u00e9n\u00e9ralis\u00e9e acceptance cannot be guaranteed, and there is a risk of obsession and implosion within a general population that is at risk for these certified achievements at this time. In recent years, intoxicants have taken over the market from ecstasy pills to MDMA powders and MDMA boissons to some comestibles, contenant Dom Pergnon la MDMA.DOM P\u00c9RIGNON MDMA \u00c0 VENDRE<\/p>\n<h5>DOM P\u00c9RIGNON MDMA:<\/h5>\n<p>Malgr\u00e9 le Fait que Dom Pergnon la MDMA, l&#039;Acheteur de tous ces Effets n\u00e9gatifs, ils peuvent la Prise de Dom Pergnon MDMA Pilules annuler. Dom Pergnon en MDMA des Consommateurs de leurs Consommateurs tr\u00e8s pr\u00e8s et d&#039;appr\u00e9cier encore plus votre Nourriture. 34 % r\u00e9pondaient aux Crit\u00e8res de l&#039;abus de Drogues, car, en d\u00e9pit des d\u00e9clarations de violence physique ou intellectuelle, la Faute, des sympt\u00f4mes de Sevrage et de R\u00e9sistance (ou de diminution de la R\u00e9ponse) plus consomm\u00e9s. DOM P\u00c9RIGNON MDMA \u00c0 VENDRE<\/p>\n<p>Cette Pilule contient une Dose inhabituelle de Dom Pergnon MDMA d\u00e9favorable peut avoir des effets Secondaires. L&#039;utiliser avec une extr\u00eame Prudence. Le d\u00e9sarroi, le D\u00e9sespoir, Abwicklungssorgen, des Toxicomanies et de l&#039;airain Craintes sont quelques Exemples des Effets psychiques. Ces Probl\u00e8mes peuvent, en cours et pour une \u00c9ternit\u00e9 ou des Mois apr\u00e8s le Plaisir de se produire. Dom Pergnon MDMA tablette are a domino-shaped white tablet ourced from and selled \u0430 Dom Pergnon la MDMA. DOM P\u00c9RIGNON MDMA \u00c0 VENDRE<\/p>\n<h5>En OUTRE:<\/h5>\n<p>Ils sont tr\u00e8s dur press\u00e9 et mell ci-dessous le &#034;MDMA mell&#034;. Dom Pergnon la MDMA est souvent un M\u00e9dicament, les Gens sont euphoriques et sympathique. Molly est le nom de la Rue de la Poudre ou de la pierre de Dom Pergnon MDMA, g\u00e9n\u00e9ralement dans des Valises est offert. Rapture est le nom de la Rue pour une Koffersorte de Dom Pergnon la MDMA. DOM P\u00c9RIGNON MDMA \u00c0 VENDRE<\/p>\n<p>Cases of Happiness sont fabriqu\u00e9es synth\u00e9tiquement, des substances psychoactives, professionnellement M\u00e9dicaments prescrits, la M\u00e9thamph\u00e9tamine et de la Mescaline sont similaires. Car les v\u00e9ritables Trafiquants de drogue, souvent, les noms de rues de modifier, pour les autorit\u00e9s de poursuite p\u00e9nale, la confusion, l&#039;Ecstasy, de nombreux autres Noms. Essai (Love drug) peut \u00e9galement refileerr Xtc; Superman; Rolex; Pnk Superman; Pll; Mtubh; MDMA; Mandy; E; Dolphins; Crystal; Cowies; Browne; Molly \u00eatre. DOM P\u00c9RIGNON MDMA \u00c0 VENDRE<\/p>","protected":false},"excerpt":{"rendered":"<p>DOM PERIGNON MDMA ZU VERKAUFEN: Am Ende haben wir DOM PERIGNON MDMA FOR SALE zu sehr g\u00fcnstigen Preisen. Dom Pergn\u043en MDMA bewirkt im Allgemeinen eine erh\u00f6hte Freisetzung der k\u00f6rpereigenen Rauschmittel. Es kann zu Nebenwirkungen wie &#8222;Knirschen&#8220;, Nervenzerrei\u00dfung und sogar Schwindelgef\u00fchlen kommen. Mit zunehmender Besserung steigt die K\u00f6rpertemperatur, und es kann zu Halluzinationen kommen. Eine Mischung aus Rausch, Nervosit\u00e4t und einer Menge Drogen. Dom P\u0435rgnon MDMA-Pille kann Kieferknacken, Muskelzittern, \u00dcbelkeit und eine erh\u00f6hte Belastung des Kreislaufs verursachen. Das Herz, die Leber und die Nieren werden besonders stark belastet. Der regelm\u00e4\u00dfige Konsum einer gro\u00dfen Menge Dom P\u0435rgn\u043en MDMA ist neurotoxisch und erh\u00f6ht\u2026<\/p>","protected":false},"featured_media":1577,"comment_status":"open","ping_status":"closed","template":"","meta":{"content-type":""},"product_brand":[],"product_cat":[120],"product_tag":[],"class_list":{"0":"post-1565","1":"product","2":"type-product","3":"status-publish","4":"has-post-thumbnail","6":"product_cat-mdma","8":"first","9":"instock","10":"shipping-taxable","11":"purchasable","12":"product-type-variable"},"_links":{"self":[{"href":"https:\/\/kokaindrogekaufen.com\/fr\/wp-json\/wp\/v2\/product\/1565"}],"collection":[{"href":"https:\/\/kokaindrogekaufen.com\/fr\/wp-json\/wp\/v2\/product"}],"about":[{"href":"https:\/\/kokaindrogekaufen.com\/fr\/wp-json\/wp\/v2\/types\/product"}],"replies":[{"embeddable":true,"href":"https:\/\/kokaindrogekaufen.com\/fr\/wp-json\/wp\/v2\/comments?post=1565"}],"wp:featuredmedia":[{"embeddable":true,"href":"https:\/\/kokaindrogekaufen.com\/fr\/wp-json\/wp\/v2\/media\/1577"}],"wp:attachment":[{"href":"https:\/\/kokaindrogekaufen.com\/fr\/wp-json\/wp\/v2\/media?parent=1565"}],"wp:term":[{"taxonomy":"product_brand","embeddable":true,"href":"https:\/\/kokaindrogekaufen.com\/fr\/wp-json\/wp\/v2\/product_brand?post=1565"},{"taxonomy":"product_cat","embeddable":true,"href":"https:\/\/kokaindrogekaufen.com\/fr\/wp-json\/wp\/v2\/product_cat?post=1565"},{"taxonomy":"product_tag","embeddable":true,"href":"https:\/\/kokaindrogekaufen.com\/fr\/wp-json\/wp\/v2\/product_tag?post=1565"}],"curies":[{"name":"wp","href":"https:\/\/api.w.org\/{rel}","templated":true}]}}