{"id":1572,"date":"2023-06-27T19:19:50","date_gmt":"2023-06-27T18:19:50","guid":{"rendered":"https:\/\/kokaindrogekaufen.com\/?post_type=product&#038;p=1572"},"modified":"2024-12-06T06:52:47","modified_gmt":"2024-12-06T06:52:47","slug":"mdma-zu-verkaufen","status":"publish","type":"product","link":"https:\/\/kokaindrogekaufen.com\/fr\/product\/mdma-zu-verkaufen\/","title":{"rendered":"LA MDMA \u00c0 VENDRE"},"content":{"rendered":"<h2>LA MDMA \u00c0 VENDRE:<\/h2>\n<p>En Fait, nous avons de la MDMA \u00e0 tr\u00e8s bas Prix \u00e0 vendre. La MDMA est sans aucun doute la formelle Substanzbezeichnung pour un pur synth\u00e9tique de Connexion dans un Monde id\u00e9al, serait de Molly pur \u00e0 100% de la MDMA. Augmentation du Pouls et de la fr\u00e9quence Cardiaque pour les Patients avec les probl\u00e8mes circulatoires \u00eatre extr\u00eamement dangereux, et une augmentation de la Temp\u00e9rature du corps peut provoquer un certain Nombre de dangereuses Cons\u00e9quences.<\/p>\n<p>Nonobstant le Fait que cette Substance est connu, R\u00eaves, de r\u00e9primer, de revivre certains de l&#039;Acheteur apr\u00e8s la Prise de grandes Quantit\u00e9s de MDMA plusieurs Soirs un \u00e9trange et parfois effrayante de la demande. L\u00e9g\u00e8re Portions pour le premier petit Groupe d&#039;Exploits tr\u00e8s grand, car sans le vouloir un Probl\u00e8me de sant\u00e9 comme une menace de l&#039;Hyperthermie peut avoir que de la MDMA encore plus dangereuses. La Mdma \u00e0 vendre<\/p>\n<p>Un LSD, la D\u00e9faite est dure environ 24 Heures, et peut les Sentiments de D\u00e9sespoir, de Stress et de M\u00e9fiance \u00e0 l&#039;inclure. Beaucoup de Gens disent qu&#039;ils sont encore des semaines ou m\u00eame des mois sur les Signes d&#039;une D\u00e9faite attendre. 80 mg peut, en G\u00e9n\u00e9ral, une bonne Dose d&#039;\u00eatre. Molly est un nom de Rue de la MDMA en Poudre, en R\u00e8gle g\u00e9n\u00e9rale, en Cas d&#039;ambigu\u00eft\u00e9, est introuvable. &#034;Molly&#034; ne signifie pas n\u00e9cessairement &#034;pur&#034;. La MDMA pour la Vente<\/p>\n<p>La MDMA assure une unique Augmentation des mat\u00e9riels de Sensations. Les Clients signalent g\u00e9n\u00e9ralement par un Sentiment de Virginit\u00e9 et Flauschigkeit vos Pores et la Peau qui les entoure. Rapture est un nom de Rue de la MDMA sous forme de Comprim\u00e9s. Surtout si l&#039;on consid\u00e8re que la MDMA est recommand\u00e9e par le m\u00e9decin les M\u00e9dicaments pour aider \u00e0 Traiter \u00e0 utiliser. Les diur\u00e9tiques, tels que par Exemple, le Brandy, les Difficult\u00e9s peuvent s&#039;aggraver en faisant un rare Degr\u00e9 \u00e9lev\u00e9 de causer la D\u00e9shydratation. La Mdma \u00e0 vendre<\/p>\n<h3>LA MDMA ACHETER EN LIGNE:<\/h3>\n<p>Il est recommand\u00e9 \u00e0 la Consommation d&#039;eau, de respecter, ni trop, ni trop peu de boire et de ne pas, sans Aide ext\u00e9rieure forcer, pour un coup de Chaleur, pour \u00e9viter la mort. La Neurotoxicit\u00e9 de la MDMA, la Consommation est un Sujet qui fait d\u00e9bat. La Mdma \u00e0 vendre<\/p>\n<p>La logique de l&#039;Enqu\u00eate a abouti \u00e0 la Conclusion que la MDMA en G\u00e9n\u00e9ral est s\u00fbr, si c&#039;est dans un Environnement sous contr\u00f4le test\u00e9, mais que l&#039;Organisation de la r\u00e9p\u00e9tition ou de Mesures uniques de la MDMA dans une certaine Gamme, sans doute, neurotoxiques est. Depuis les Ann\u00e9es 1980, la MDMA est largement consid\u00e9r\u00e9 comme &#034;Rapture&#034; (abr\u00e9g\u00e9 en &#034;E&#034;, &#034;X&#034; ou &#034;XTC&#034;), ce qui se sur ses Routes, comme ill\u00e9gale press\u00e9s, de Comprim\u00e9s, de Comprim\u00e9s de Mdma pour la Vente rapporte<\/p>\n<p>Coup de chaleur et de Serotoninst\u00f6rung MDMA augment\u00e9, comme tous les r\u00e9cepteurs s\u00e9rotoninergiques, M\u00e9dicaments d\u00e9livr\u00e9s sur prescription m\u00e9dicale, le Risque de coup de chaleur, en raison de ses Effets sur le Cerveau, la Partie de notre Cerveau qui nous permet de maintenir notre Temp\u00e9rature interne de contr\u00f4ler. Ces Substances peuvent \u00eatre particuli\u00e8rement dommageable, si le Consommateur ne sait pas ce qu&#039;il ou elle fait. Ils peuvent \u00eatre dangereux si vous avec de la MDMA sont combin\u00e9s.la mdma for sale<\/p>\n<p>Les gens qui ont ce Type de M\u00e9langes, intentionnellement ou non avec d&#039;autres Substances telles que le cannabis et l&#039;Alcool combiner, peuvent nettement plus \u00e0 Risque de Cons\u00e9quences ind\u00e9sirables d&#039;exposer. L&#039;am\u00e9ricain Notion de &#034;Molly&#034;, comme l&#039;\u00c9quivalent britannique &#034;Mandy&#034;, faisait \u00e0 l&#039;origine d&#039;une pierre pr\u00e9cieuse ou un MDMA en Poudre, on pr\u00e9sumait qu&#039;il est extr\u00eamement pur et exempt d&#039;Impuret\u00e9s \u00e9tait. La Mdma \u00e0 vendre<\/p>\n<h4>BK MDMA \u00c0 VENDRE:<\/h4>\n<p>Quelques Clients rapportent que la MDMA, dix Exp\u00e9rience de sa &#034;Magie&#034; perd, tandis que d&#039;autres d&#039;un grand Nombre d&#039;Exp\u00e9riences, avant de la compassion Propri\u00e9t\u00e9s disparaissent. Toutefois, cela ne semble pas pour tous les Clients de l&#039;Importance, car de nombreux Clients de sp\u00e9cifier qu&#039;en d\u00e9pit d&#039;une Poign\u00e9e ou peut-\u00eatre un grand Nombre d&#039;Applications, pas de r\u00e9duction des Prestations de la Capacit\u00e9 de la marchandise. La Mdma \u00e0 vendre<\/p>\n<p>Commencez lentement et r\u00e9guli\u00e8rement. Cela est G\u00e9n\u00e9ralement une exceptionnelle des Conseils. \u00c9lev\u00e9es Portions augmente le Risque d&#039;une d\u00e9sagr\u00e9ables Voyage ou catastrophiques R\u00e9sultats. Le fait de Suivre une r\u00e9duction de la Dose est critique, surtout si Vous n&#039;avez jamais de Bonbons ont mang\u00e9. Assurez-Vous que Vous \u00eates \u00e0 la diminution de la Portion de suffisamment de Temps et d&#039;\u00c9nergie pour faire de l&#039;effet, avant d&#039;ajouter plus. La Mdma pour la Vente<\/p>\n<p>Semblable \u00e0 d&#039;autres Energizern le s\u00e9rieux de la Consommation de MDMA comme fortement gewohnheitsbildend \u00eatre consid\u00e9r\u00e9e, avec un Potentiel \u00e9lev\u00e9 d&#039;Abus et de Succ\u00e8s dans la voie spirituelle de la D\u00e9pendance chez certaines Personnes. Si une Personne de votre Consommation se termine brusquement, apr\u00e8s une tendance se d\u00e9veloppe, et en Exiger l&#039;apparition de sympt\u00f4mes de Sevrage. La Mdma \u00e0 vendre<\/p>\n<p>Ainsi, dans cet Article, vous devez Vous demander pourquoi Vous MDMA en Poudre en ligne acheter. Ok, dans cet Article, nous allons la meilleure Qualit\u00e9 des \u00c9l\u00e9ments \u00e0 commander ou \u00e0 faire confiance \u00e0 la MDMA en Poudre sur l&#039;Internet que dans cet Article. Vous trouverez ci-dessous quelques Points essentiels de la th\u00e8se, la MDMA seulement pour l&#039;acheter. La MDMA Produits sont ill\u00e9gal dans de nombreux Pays et, \u00e0 compter de 2021 pas autoris\u00e9s Applications m\u00e9dicales plus. Par cons\u00e9quent, se sentent \u00e0 la fois les Hommes et les Femmes sont souvent frustr\u00e9 et \u00e9puis\u00e9. La Mdma \u00e0 vendre<\/p>\n<h5>LA MDMA EN LIGNE \u00c0 VENDRE:<\/h5>\n<p>La MDMA stimule principalement la S\u00e9rotonine et de la Noradr\u00e9naline dans certaines Zones du Cerveau. Il appartient \u00e0 la Drogenklasse la substitu\u00e9s, les Amph\u00e9tamines et a stimulants et hallucinog\u00e8nes Propri\u00e9t\u00e9s. Des Exceptions limit\u00e9es sont parfois \u00e0 des fins de Recherche cr\u00e9\u00e9. Avec la Propagation de la Rave et du Clubbing-Sc\u00e8ne dans les grandes Villes et les Banlieues dans l&#039;ensemble du Pays, la Consommation et la Distribution de MDMA pour. La MDMA pour la Vente<\/p>\n<p>La MDMA a pas de professionnels reconnus, sur des Indications m\u00e9dicales. Il a observ\u00e9 une Utilisation limit\u00e9e dans la Psychoth\u00e9rapie, avant que le M\u00e9dicament a \u00e9t\u00e9 interdit en grande partie. Ind\u00e9pendamment du Statut juridique de la Drogue que de nombreux Psychoth\u00e9rapeutes toujours dans le cadre de la Th\u00e9rapie. La MDMA est souvent utilis\u00e9 avec d&#039;autres M\u00e9dicaments combin\u00e9s. Actuellement, la Drogue, encore une fois, grand Groupe de Personnes consomm\u00e9, comme l&#039;Ecstasy ou Molly d\u00e9signer. La Mdma \u00e0 vendre<\/p>\n<p>Plusieurs \u00c9quipes de professionnels m\u00e9dicaux et organisationnels Experts, Rapporteurs, psych\u00e9d\u00e9lique Militants et individuelle, les Partisans de travaux de haute qualit\u00e9 et de drogues Psych\u00e9d\u00e9liques. Au D\u00e9but, il s&#039;agissait seulement pour la Sant\u00e9 de nos Patients. Les scientifiques \u00e9tudient, si la MDMA dans le Traitement de la heilungsresistenten stress post-Traumatique (SSPT) peut aider; les \u00c9tudes sur l&#039;Efficacit\u00e9 et la Protection doivent 2020 commencer. La Mdma \u00e0 vendre<\/p>\n<p>Aujourd&#039;hui acheter les Gens de la MDMA Poudre souvent en ligne et de le consommer, en cliquant sur les Gencives des pois ou dans un paquet de Cigarettes de la d\u00e9glutition, une Pratique de &#034;Bombardement&#034; est connu. Si une Personne ne sait pas ce qui vous prend, ces Substances peuvent \u00eatre extr\u00eamement dangereux. En Combinaison avec la MDMA, vous pouvez \u00eatre extr\u00eamement dangereux. Et de l&#039;usage r\u00e9cr\u00e9atif est souvent de la Rave Culture associ\u00e9e. Bals et Festivals de Musique \u00e9lectronique. La Mdma \u00e0 vendre<\/p>\n<h4>LA MDMA \u00c0 VENDRE EUROPE:<\/h4>\n<p>Ind\u00e9pendamment du Statut l\u00e9gal de la Drogue, certains pensent Gesundheitswissenschaftler que d&#039;un B\u00e9n\u00e9fice th\u00e9rapeutique pourrait avoir. En particulier chez les individus souffrant de TSPT, de M\u00e9lancolie et d&#039;autres probl\u00e8mes de comportement de la souffrance. Les gens qui ont ce Type de M\u00e9langes, intentionnellement ou non avec diff\u00e9rentes Substances telles que de l&#039;Herbe et de Spiritueux, de combiner, de m\u00eame nettement plus \u00e0 Risque dommageable d&#039;Entraide de la suspendre. La Mdma pour la Vente<\/p>\n<p>La MDMA en Poudre est souvent utilis\u00e9 en M\u00e9decine. Des gens qui dans le commerce de consommer de la MDMA, le re\u00e7oivent en R\u00e8gle g\u00e9n\u00e9rale, en G\u00e9lule ou en forme de Pilule. Beaucoup de Gens l&#039;utilisent en combinaison avec d&#039;autres M\u00e9dicaments. Dans certains Pays, notamment dans la Culture, dans les Clubs, R\u00e9sidences et dans les Festivals utilis\u00e9. Cependant, cette Molly Drogue de tout autre M\u00e9dicament r\u00e9fl\u00e9chir. La Mdma pour la Vente<\/p>\n<p>Il s&#039;agit d&#039;un m\u00e9lange Stimulant empathogener et entaktogener Effet, le d\u00e9but de l&#039;Action de la MDMA, qui dure environ une demi-Heure, et la Dur\u00e9e de la MDMA garde de quatre \u00e0 six Heures, de sorte que les Chercheurs leurs Exp\u00e9riences \u00e0 effectuer. Nous vous proposons la MDMA pour la m\u00e3 \u00a9 decine Besoin autoris\u00e9s \u00e0 Chercheurs de. Presque tout le monde, de l&#039;Ecstasy dans la Ville ou dans Sammell\u00e4den ach\u00e8te, a de toute fa\u00e7on pas la moindre Id\u00e9e de ce qui est souvent sur la tablette. La Mdma \u00e0 vendre<\/p>\n<h5>PLUS:<\/h5>\n<p>Cette Ecstasy Capsules contiennent en R\u00e8gle g\u00e9n\u00e9rale, les Amph\u00e9tamines en Combinaison avec la MDMA, ce qui ind\u00e9sirables des effets Ind\u00e9sirables. N&#039;essayez jamais de Votre \u00e9tat de Sant\u00e9 g\u00e9n\u00e9ral \u00e0 se d\u00e9t\u00e9riorer. Par cons\u00e9quent, se sentent \u00e0 la fois les Hommes et les Femmes sont souvent frustr\u00e9 et \u00e9puis\u00e9. La MDMA stimule principalement la S\u00e9rotonine et de la Noradr\u00e9naline dans certaines Zones du Cerveau. Il appartient \u00e0 la Drogenklasse la substitu\u00e9s, les Amph\u00e9tamines et a stimulants et hallucinog\u00e8nes Propri\u00e9t\u00e9s. La Mdma \u00e0 vendre<\/p>","protected":false},"excerpt":{"rendered":"<p>MDMA ZU VERKAUFEN: In der Tat haben wir MDMA zu sehr niedrigen Preisen zu verkaufen. MDMA ist zweifelsohne die formale Substanzbezeichnung f\u00fcr die reine synthetische Verbindung &#8211; in einer idealen Welt w\u00e4re Molly 100% reines MDMA. H\u00f6here Puls- und Herzfrequenzen k\u00f6nnen f\u00fcr Patienten mit Kreislaufproblemen extrem gef\u00e4hrlich sein, und eine erh\u00f6hte K\u00f6rpertemperatur kann zu einer Reihe von gef\u00e4hrlichen Folgen f\u00fchren. Ungeachtet der Tatsache, dass diese Substanz daf\u00fcr bekannt ist, Tr\u00e4ume zu unterdr\u00fccken, erleben einige K\u00e4ufer nach der Einnahme gro\u00dfer Mengen MDMA mehrere Abende lang ein bizarres und gelegentlich erschreckendes Verlangen. Geringf\u00fcgige Portionen k\u00f6nnen f\u00fcr die erste kleine Gruppe von Exploits\u2026<\/p>","protected":false},"featured_media":1578,"comment_status":"open","ping_status":"closed","template":"","meta":{"content-type":""},"product_brand":[],"product_cat":[120],"product_tag":[],"class_list":{"0":"post-1572","1":"product","2":"type-product","3":"status-publish","4":"has-post-thumbnail","6":"product_cat-mdma","8":"first","9":"instock","10":"shipping-taxable","11":"purchasable","12":"product-type-variable"},"_links":{"self":[{"href":"https:\/\/kokaindrogekaufen.com\/fr\/wp-json\/wp\/v2\/product\/1572"}],"collection":[{"href":"https:\/\/kokaindrogekaufen.com\/fr\/wp-json\/wp\/v2\/product"}],"about":[{"href":"https:\/\/kokaindrogekaufen.com\/fr\/wp-json\/wp\/v2\/types\/product"}],"replies":[{"embeddable":true,"href":"https:\/\/kokaindrogekaufen.com\/fr\/wp-json\/wp\/v2\/comments?post=1572"}],"wp:featuredmedia":[{"embeddable":true,"href":"https:\/\/kokaindrogekaufen.com\/fr\/wp-json\/wp\/v2\/media\/1578"}],"wp:attachment":[{"href":"https:\/\/kokaindrogekaufen.com\/fr\/wp-json\/wp\/v2\/media?parent=1572"}],"wp:term":[{"taxonomy":"product_brand","embeddable":true,"href":"https:\/\/kokaindrogekaufen.com\/fr\/wp-json\/wp\/v2\/product_brand?post=1572"},{"taxonomy":"product_cat","embeddable":true,"href":"https:\/\/kokaindrogekaufen.com\/fr\/wp-json\/wp\/v2\/product_cat?post=1572"},{"taxonomy":"product_tag","embeddable":true,"href":"https:\/\/kokaindrogekaufen.com\/fr\/wp-json\/wp\/v2\/product_tag?post=1572"}],"curies":[{"name":"wp","href":"https:\/\/api.w.org\/{rel}","templated":true}]}}