{"id":1584,"date":"2023-06-27T19:20:00","date_gmt":"2023-06-27T18:20:00","guid":{"rendered":"https:\/\/kokaindrogekaufen.com\/?post_type=product&#038;p=1584"},"modified":"2024-12-06T07:01:16","modified_gmt":"2024-12-06T07:01:16","slug":"mdma-pillen-zu-verkaufen","status":"publish","type":"product","link":"https:\/\/kokaindrogekaufen.com\/fr\/product\/mdma-pillen-zu-verkaufen\/","title":{"rendered":"LA MDMA PILULES \u00c0 VENDRE"},"content":{"rendered":"<h2>MDMA PILLEN KAUFEN:<\/h2>\n<p>Aaronay a la MDMA Pilules \u00e0 vendre dans le Monde entier. Si vous pensez que une Pilule de toi un Ami ou dans la Chambre de votre \u00c9l\u00e8ve de trouver, un D\u00e9lice, il pourrait de ce M\u00e9dicament. La MDMA Pilules, aussi connu comme Joy ou Molly, un M\u00e9dicament psychoactif pr\u00e9sent, comme Energizer agit des Substances de synth\u00e8se en tant que partie Int\u00e9grante de votre Gro\u00dfhirns \u00e9met, pour un Effet tonifiant de parvenir \u00e0 am\u00e9liorer vos Comp\u00e9tences et les Sentiments de la conscience de Soi et la Compassion \u00e0 l&#039;augmenter.<\/p>\n<p>En bout de ligne, c&#039;est un tr\u00e8s grand Risque, si l&#039;on a un mal faite Caisse utilis\u00e9. Les Effets d\u00e9favorables de la MDMA des comprim\u00e9s de Consommation riches sur le Moment critique, allant de la poursuite de la Consommation. Pr\u00e8s de 80 % des Acheteurs de la MDMA Pilules de rapports sur la Fatigue extr\u00eame, Anh\u00e9donie et la Mis\u00e8re apr\u00e8s la Prise de la MDMA Pilule. Pour Stra\u00dfenapotheker il est vraiment facile. La MDMA Pilules \u00e0 Vendre<\/p>\n<p>La MDMA Pilules avec de chaque Substance, il semble aussi que la MDMA Pilules n&#039;est pas de montrer que Vous n&#039;avez pas accidentellement sous diff\u00e9rentes Substances avec toutes les Drogues combin\u00e9es. Cette offensive effets sont seulement en raison de la Serotoninverbrauchs dans le Cerveau, sont envisageables. Tu n&#039;as aucune Id\u00e9e de ce qui est r\u00e9ellement dans le R\u00e9servoir et comment il sur votre Organisme. La MDMA Pilules \u00e0 Vendre<\/p>\n<p>Le degr\u00e9 de Puret\u00e9 de la MDMA Pilules de change comme dans la plupart des clandestins, des professionnels prescrit des M\u00e9dicaments r\u00e9guli\u00e8rement, de sorte que les Types qui autrefois incontestable de confiance, les marchandises ne peut \u00eatre garantie que cela reste ainsi. La MDMA Pilules en Combinaison avec de la Glace, de la Vitesse ou de la Coca\u00efne: un Risque Accru de tension et une diminution de la fonction C\u00e9r\u00e9brale en raison de la Dopamine, de la Consommation. L&#039;\u00e9norme Charge de travail du Syst\u00e8me Cardio-Vasculaire et d&#039;autres Parties du Corps humain peut \u00e0 un accident vasculaire C\u00e9r\u00e9bral. En MDMA des comprim\u00e9s \u00e0 vendre<\/p>\n<h3>LA MDMA PILULES, ACHETER EN LIGNE:<\/h3>\n<p>sept et huit Joie peut conduire \u00e0 des Personnes, \u00e0 ce Moment, brillant sentir, mais le Sentiment est \u00e9ph\u00e9m\u00e8re. Les Clients peuvent pendant et juste apr\u00e8s la Consommation de l&#039;accompagnement des Signes ou des Ph\u00e9nom\u00e8nes de l&#039;exp\u00e9rience. La MDMA Pilules sont g\u00e9n\u00e9ralement consid\u00e9r\u00e9es comme le M\u00e9dicament de Choix dans la Sc\u00e8ne Rave et aussi dans les Clubs, sur les parties et dans vos propres quatre Murs consomm\u00e9. En MDMA des comprim\u00e9s \u00e0 vendre<\/p>\n<p>Les R\u00e9sultats tangibles de la Musique et de l&#039;\u00c9clairage sont souvent exceptionnellement en synergie avec les M\u00e9dicaments de la Rave-Environnement. La MDMA Pilules hallucinog\u00e8nes, Amph\u00e9tamines Top Nature donne les diff\u00e9rents Composants de son Attrait pour les Clients pendant le Rave Environnement. Cela met en \u00e9vidence les Risques potentiels de la mise en \u0152uvre moderne ou capable Horaires, tels que la conduite d&#039;un V\u00e9hicule, tandis que sous l&#039;Influence de ces M\u00e9dicaments. La MDMA Pilules \u00e0 Vendre<\/p>\n<p>La MDMA Pilules, seuls, en raison de son Histoire, les Drogues, avec le Potentiel pour des Dommages, d&#039;Abus et de D\u00e9pendance n&#039;est pas l\u00e9gale pour le Usage reconnu. Dans tous les Cas, la FDA a approuv\u00e9 les Effets positifs du M\u00e9dicament sur le TSPT les Sympt\u00f4mes et les Manifestations depuis 2017 comme &#034;Th\u00e9rapie avanc\u00e9e&#034; class\u00e9. Une autre Exp\u00e9rience, les quelques MDMA des comprim\u00e9s de Consommateurs, est la re-Prise. La MDMA Pilules \u00e0 Vendre<\/p>\n<p>Si quelqu&#039;un en MDMA des Pilules occupe, le M\u00e9dicament peut la Capacit\u00e9 du Corps \u00e0 utiliser affecter, \u00e0 un niveau de Fixierungsspiegel dans le Sang. L&#039;Ecstasy est sans aucun doute l&#039;une ill\u00e9gaux de drogue r\u00e9cr\u00e9ative, la MDMA des Comprim\u00e9s (3,4-la m\u00e9thyl\u00e8nedioxym\u00e9thamph\u00e9tamine) contient. Il est \u00e0 la fois avec Energizern \u00e9galement \u00e0 la stimulation de M\u00e9dicaments et produit deux Types d&#039;Effets, ce qui en fait un \u00c9v\u00e9nement populaire de Drogue de pouvoir. En MDMA des comprim\u00e9s \u00e0 vendre<\/p>\n<h4>LA MDMA PILULES POUR LA VENTE EN LIGNE:<\/h4>\n<p>Molly est un Terme qui est utilis\u00e9 pour l&#039;Euphorie de Kapazit\u00e4tstyps de d\u00e9crire. Augmentation du Pouls et de la fr\u00e9quence Cardiaque peut \u00eatre pour des utilisateurs de probl\u00e8mes circulatoires \u00eatre extr\u00eamement dangereux, et une augmentation de la Rahmentemperatur peut provoquer un certain Nombre de produits dangereux, conduire \u00e0 des R\u00e9sultats. Le TSPT se d\u00e9veloppe, apr\u00e8s qu&#039;une Personne \u00e0 un \u00c9v\u00e9nement traumatique a connu, comme par Exemple, un grave \u00c9v\u00e9nement, l&#039;Abus sexuel, d&#039;Accidents ou de Guerre. La MDMA Pilules \u00e0 vendre<\/p>\n<p>Les Souvenirs peuvent prendre la Forme de Flashbacks ou de mauvais R\u00eaves se produire, ce que beaucoup de Gens conduit \u00e0 des \u00c9v\u00e9nements surprenants rappeler. Une critique de TSPT peut aussi conduire \u00e0 l&#039;Autodestruction. Examinez si la MDMA Pilules un gewohnheitsbildenden Effet sur les Performances. Des \u00e9tudes ont montr\u00e9 que les Animaux de la MDMA Pilules de m\u00eame prendre un Indicateur important pour le Risque de Consommation de Drogues illicites -et, dans une moindre Mesure, \u00e0 d&#039;autres M\u00e9dicaments, tels que la Coca\u00efne. La MDMA Pilules \u00e0 Vendre<\/p>\n<p>Le Profil de risque de la MDMA est suffisamment faible pour que des Recherches suppl\u00e9mentaires dans le Cadre des essais cliniques le justifient. Mais cela s&#039;applique uniquement soigneusement con\u00e7u Pr\u00fcfungssettings v\u00e9rifi\u00e9 avec des Th\u00e8mes adultes, et non pour l&#039;ensemble de la MDMA \u00e0 la Consommation. L&#039;Orientation peut r\u00e9duire la Probabilit\u00e9 que la MDMA imagine. La MDMA Pilules \u00e0 Vendre<\/p>\n<p>Bien que tous les M\u00e9dicaments peuvent \u00eatre nocifs semble MDMA pour \u00eatre plus s\u00fbr que la plupart des autres illicite des M\u00e9dicaments. Si les Strat\u00e9gies d&#039;Att\u00e9nuation de suivre la MDMA est plus s\u00fbr. Car r\u00e9p\u00e9t\u00e9e de Drogues, \u00e0 Intervalles r\u00e9guliers, le personnel du M\u00e9tabolisme (D\u00e9gradation dans le Corps) peut perturber, peuvent \u00eatre tr\u00e8s dangereux Stades \u00eatre atteint. En MDMA des comprim\u00e9s \u00e0 vendre<\/p>\n<h5>LA MDMA PILULES \u00c0 VENDRE L&#039;EUROPE:<\/h5>\n<p>Apr\u00e8s des ann\u00e9es de Consommation, il est difficile de MDMA des comprim\u00e9s \u00e0 administrer, car le Corps humain de r\u00e9agir, sans en MDMA des comprim\u00e9s de fonctionnement. Des sympt\u00f4mes de sevrage si, apr\u00e8s 7 Jours de se produire et, en R\u00e8gle g\u00e9n\u00e9rale, apr\u00e8s un Mois de disparition. \u00c0 long terme de la Consommation de MDMA Pilules chez les Adultes, le Syst\u00e8me de la S\u00e9rotonine extr\u00eamement nuire. Les utilisateurs finaux, la MDMA ou des Pilules d&#039;Ecstasy abus ou d&#039;une D\u00e9pendance \u00e0 se battre, subir, en G\u00e9n\u00e9ral, les plus graves cons\u00e9quences \u00e0 long terme. La MDMA Pilules \u00e0 Vendre<\/p>\n<p>De nombreux utilisateurs ne sont pas conscients que les Drogues qu&#039;ils re\u00e7oivent, d&#039;autres Substances, en d\u00e9calage, ce qui est encore plus dangereux pour Konsumszenarien conduit. Molly, un autre Slangbegriff pour la MDMA Pilules avec d&#039;autres Substances sont m\u00e9lang\u00e9es, contient souvent pas de MDMA des Comprim\u00e9s. En G\u00e9n\u00e9ral, les Acheteurs de la MDMA Pilules les Effets de la MDMA Pilules dans un d\u00e9lai d&#039;environ 45 Minutes apr\u00e8s la Prise d&#039;une Dose unique de l&#039;exp\u00e9rience. Pilules d&#039;Ecstasy sont G\u00e9n\u00e9ralement aval\u00e9s. Beaucoup de Gens \u00e9craser, cependant, et le nez qui coule, vous. La MDMA Pilules \u00e0 Vendre<\/p>\n<p>Nous avons le meilleur en MDMA des comprim\u00e9s de Magasin sur l&#039;Internet, dans lequel Vous apr\u00e8s une grande S\u00e9lection de haute qualit\u00e9 des Pilules d&#039;Ecstasy chercher, avec un seul Clic de commander et de Votre \u00e9tat de Sant\u00e9 g\u00e9n\u00e9ral d&#039;am\u00e9liorer, sans faire sauter la Banque. La Concentration de la MDMA dans les Pilules d&#039;Ecstasy, c&#039;est tr\u00e8s diff\u00e9rent. Certaines Pilules d&#039;Ecstasy contiennent d&#039;autres, beaucoup plus dangereuses de M\u00e9dicaments d&#039;ordonnance, les beaucoup plus de temps pour faire de l&#039;effet. En MDMA des comprim\u00e9s \u00e0 vendre<\/p>\n<p>Ces R\u00e9sultats incluent une am\u00e9lioration de la Perception, parfaitement \u00e0 l&#039;augmentation des Extrovertiertheit, la Chaleur \u00e9motionnelle et l&#039;Empathie pour beaucoup d&#039;autres. En MDMA des comprim\u00e9s sont souvent comme le M\u00e9dicament de Choix dans la Rave Culture consid\u00e9r\u00e9e, et sont compris dans les parcours de Golf, sur les Festivals et les r\u00e9ceptions priv\u00e9es et les trouver. Les Effets sensoriels de la Musique et des Lumi\u00e8res de la Rave-Sph\u00e8re sont souvent vraiment en synergie avec l&#039;ensemble de la M\u00e9decine. La MDMA Pilules \u00e0 vendre<\/p>\n<h5>LA MDMA \u00c0 VENDRE:<\/h5>\n<p>L&#039;Effet stimulant de la Drogue en MDMA des comprim\u00e9s sont rarement consomm\u00e9 d&#039;autres Stimulants, en G\u00e9n\u00e9ral, moins d&#039;une fois par Semaine. Qui en MDMA des comprim\u00e9s de la Tige ach\u00e8te, acquiert G\u00e9n\u00e9ralement sous la Forme de Capsules ou de Comprim\u00e9s, tandis que d&#039;autres de la Drogue sous Forme de liquide, de la d\u00e9glutition ou de la Poudre \u00e0 priser. La MDMA Pilules \u00e0 Vendre<\/p>\n<p>Molly (de l&#039;argot pour &#034;mol\u00e9culaire&#034;) est un c\u00e9l\u00e8bre Surnom de &#034;reine&#034;, la MDMA Pilules en Forme de la Poudre, en R\u00e8gle g\u00e9n\u00e9rale, dans les G\u00e9lules sont offerts. Ces Substances peuvent \u00eatre extr\u00eamement dangereux, si la Personne n&#039;est pas contr\u00f4l\u00e9, ce que vous avez consomm\u00e9. Si vous avec de la MDMA Pilules sont combin\u00e9s, ils peuvent \u00eatre dangereux. En MDMA des comprim\u00e9s \u00e0 vendre<\/p>\n<h6>En OUTRE :<\/h6>\n<p>La MDMA Pilules \u00e9taient \u00e0 l&#039;origine dans la Nachtclubszene populaires et ont \u00e9t\u00e9 partout fum\u00e9, mais la Drogue concerne un grand Nombre de Personnes utilisant r\u00e9guli\u00e8rement de la Drogue Ecstasy ou Molly sont en Contact. ou sans le savoir, ces Types de M\u00e9langes avec d&#039;autres Substances, comme la Marijuana et de Boissons alcoolis\u00e9es, consommez, vous pouvez un plus grand Risque de probl\u00e8mes de sant\u00e9 exposer.<\/p>\n<p>La MDMA Pilules sous Forme de Poudre cristalline sont consid\u00e9r\u00e9s comme exempts de Contrefa\u00e7ons. La MDMA Pilules sont comme forme de chlorhydrate et unique en MDMA des Comprim\u00e9s cristalline ou sous Forme de G\u00e9lules.<\/p>","protected":false},"excerpt":{"rendered":"<p>MDMA PILLEN KAUFEN: Aaronay hat MDMA Pillen zu verkaufen in der ganzen Welt. Wenn du glaubst, dass eine Pille, die dir ein Freund gibt oder die du im Zimmer deines Sch\u00fclers findest, ein Genuss ist, k\u00f6nnte es dieses Medikament sein. MDMA-Pillen, auch bekannt als Joy oder Molly, sind ein psychoaktives Medikament, das als Energizer fungiert und synthetische Substanzen als Bestandteil deines Gro\u00dfhirns abgibt, um eine belebende Wirkung zu erzielen, deine F\u00e4higkeiten zu verbessern und Gef\u00fchle wie Selbstbewusstsein und Mitgef\u00fchl zu steigern. Unterm Strich ist das ein besonders gro\u00dfes Risiko, wenn man eine falsch gemachte Kiste benutzt. Die ung\u00fcnstigen Auswirkungen des\u2026<\/p>","protected":false},"featured_media":1609,"comment_status":"open","ping_status":"closed","template":"","meta":{"content-type":""},"product_brand":[],"product_cat":[120],"product_tag":[],"class_list":{"0":"post-1584","1":"product","2":"type-product","3":"status-publish","4":"has-post-thumbnail","6":"product_cat-mdma","8":"first","9":"instock","10":"shipping-taxable","11":"purchasable","12":"product-type-variable"},"_links":{"self":[{"href":"https:\/\/kokaindrogekaufen.com\/fr\/wp-json\/wp\/v2\/product\/1584"}],"collection":[{"href":"https:\/\/kokaindrogekaufen.com\/fr\/wp-json\/wp\/v2\/product"}],"about":[{"href":"https:\/\/kokaindrogekaufen.com\/fr\/wp-json\/wp\/v2\/types\/product"}],"replies":[{"embeddable":true,"href":"https:\/\/kokaindrogekaufen.com\/fr\/wp-json\/wp\/v2\/comments?post=1584"}],"wp:featuredmedia":[{"embeddable":true,"href":"https:\/\/kokaindrogekaufen.com\/fr\/wp-json\/wp\/v2\/media\/1609"}],"wp:attachment":[{"href":"https:\/\/kokaindrogekaufen.com\/fr\/wp-json\/wp\/v2\/media?parent=1584"}],"wp:term":[{"taxonomy":"product_brand","embeddable":true,"href":"https:\/\/kokaindrogekaufen.com\/fr\/wp-json\/wp\/v2\/product_brand?post=1584"},{"taxonomy":"product_cat","embeddable":true,"href":"https:\/\/kokaindrogekaufen.com\/fr\/wp-json\/wp\/v2\/product_cat?post=1584"},{"taxonomy":"product_tag","embeddable":true,"href":"https:\/\/kokaindrogekaufen.com\/fr\/wp-json\/wp\/v2\/product_tag?post=1584"}],"curies":[{"name":"wp","href":"https:\/\/api.w.org\/{rel}","templated":true}]}}