{"id":1594,"date":"2023-06-27T19:20:00","date_gmt":"2023-06-27T18:20:00","guid":{"rendered":"https:\/\/kokaindrogekaufen.com\/?post_type=product&#038;p=1594"},"modified":"2024-12-06T07:05:49","modified_gmt":"2024-12-06T07:05:49","slug":"trump-mdma-pillen-zu-verkaufen","status":"publish","type":"product","link":"https:\/\/kokaindrogekaufen.com\/fr\/product\/trump-mdma-pillen-zu-verkaufen\/","title":{"rendered":"TRUMP MDMA PILULES \u00c0 VENDRE"},"content":{"rendered":"<h2>TRUMP MDMA PILULES \u00c0 VENDRE:<\/h2>\n<p>D&#039;abord, nous avons Trump MDMA Pills for Sale avec 100% de Garantie de remboursement Politique. Orange Euphorie de Pilules, avec la Similitude de Pr\u00e9sident de Trump ont \u00e9t\u00e9 d\u00e9cor\u00e9es et plus de deux Portions contenaient de la MDMA, le Concours &#034;Bestival&#034; trouv\u00e9s. Dans le cas de Tests de Trump-MDMA Pilules de moyennes et hautes Doses a \u00e9t\u00e9 \u00e9largie pour Gourmets et Erregungskontinuum constat\u00e9. L&#039;Effet de Trump MDMA Pills croissante de Gentillesse, de mani\u00e8re cons\u00e9quente, bien que ses R\u00e9sultats sur la Compassion, \u00e0 la Fin incontestablement plus mixte.<\/p>\n<p>N&#039;est pas un cas clinique, les M\u00e9dicaments pour la D\u00e9pendance \u00e0 l&#039;\u00e9gard de Trump MDMA Pills. Certaines Personnes qui essaient d&#039;utiliser une Strat\u00e9gie pour la D\u00e9pendance \u00e0 l&#039;\u00e9gard de Trump MDMA Pills \u00e0 d\u00e9couvrir, ont d\u00e9couvert qu&#039;un traitement comportemental peut \u00eatre important. Les chercheurs ont besoin de beaucoup plus de Recherches pour d\u00e9terminer comment incroyable ce Rem\u00e8de pour la D\u00e9pendance \u00e0 l&#039;\u00e9gard de Trump MDMA Pills est. Les hallucinog\u00e8nes Amph\u00e9tamines et de la Nature de la MDMA a quelques captivant \u00c9l\u00e9ments pour les Clients de la Rave-Setting.<\/p>\n<p>Certaines Personnes appr\u00e9cient le Sentiment de la Massengemeinschaft par les effr\u00e9n\u00e9 des Cons\u00e9quences de la Drogue, tandis que d&#039;autres en raison de l&#039;Effet stimulant de la Drogue que les Drogues les utiliser. Trump MDMA Pills en raison de son sympathisierenden Effet toujours empathogene Drogue-dessous. Les Effets de diff\u00e9rentes \u00c9tudes montrent que les Cons\u00e9quences de l&#039;avanc\u00e9e de Compassion avec les autres.<\/p>\n<h3>TRUMP MDMA PILULES, ACHETER EN LIGNE:<\/h3>\n<p>La Trump est dangereux de Comprim\u00e9s, qui est vraiment g\u00e9n\u00e9reux de Mesures de la Trump MDMA Pills et chaque Personne, en base de D\u00e9g\u00e2ts mettre. Nous avons vu, Trump MDMA Pills Comprim\u00e9s mis en place pour un certain Nombre de services sociaux Choses connues avant et une r\u00e9cente Illustration de cette est qui &#034;l&#039;Emporte&#034; Bien que Trump MDMA Pills et autres Club de M\u00e9decin recommand\u00e9 de Drogue dans ces Formes sont accessibles, je suis sur Place, dans la Situation de quelqu&#039;un d\u00e9sireux de mettre Trump dans la Bouche de consid\u00e9rer. Trump MDMA Pills \u00e0 vendre<\/p>\n<p>Je suppose que Melania suffit de fermer les Yeux et sur son H\u00e9ritage pensez, quand vous il doit mettre en \u0153uvre. Drogue Inspection de l&#039;Article et les Administrations sont d&#039;un sage Proc\u00e9dures pour la prise en charge des Gens qui prennent des D\u00e9cisions sur les Difficult\u00e9s qui les utilisent. Artisanales, gr\u00e2ce \u00e0 Leur Boucle, Ce sont actuellement et, g\u00e9n\u00e9ralement, les parties et dans pratiquement chaque r\u00e9gulier de l&#039;Habitat possible, partout o\u00f9 la Drogue habitude d&#039;\u00eatre pris. Trump MDMA Pills \u00e0 vendre<\/p>\n<p>Les Sympt\u00f4mes de Sevrage de Joie de mod\u00e9r\u00e9e \u00e0 fondamentalement, en raison de la R\u00e9p\u00e9tition de l&#039;Utilisation et de la D\u00e9pendance \u00e0 distinguer. Parfois, les Gens commencent \u00e0 nouveau \u00e0 la Prise de Trump MDMA Pills ou \u00e0 mettre tout en roulant, en utilisant un autre M\u00e9dicament pour le Retrait de l&#039;\u00e9viter. Le M\u00e9tabolisme peut par l&#039;\u00c2ge, le Aktivit\u00e4tsstadium et le mot de Bien-\u00eatre et la sant\u00e9 des Circonstances d\u00e9favorables. Trump MDMA Pills \u00e0 vendre<\/p>\n<h4>TRUMP MDMA PILULES POUR LA VENTE EN LIGNE:<\/h4>\n<p>Chacun peut \u00eatre plus rapide ou plus lent chez les M\u00e9taboliseurs d&#039;un M\u00e9dicament, tout comme Rapture. Une Personne, un taux \u00e9lev\u00e9 de Stoffwechselwert a, en G\u00e9n\u00e9ral, un plus modeste Entdeckungsfenster Trump MDMA Pills que quelqu&#039;un ralentissement de la Charge. Trump MDMA Pills est souvent un Plan I surveill\u00e9 Substance, ce qui sugg\u00e8re qu&#039;il n&#039;existe pas per\u00e7ue m\u00e9dicale de l&#039;utilisation de Services et une plus grande Chance pour Abus. Trump MDMA Pills \u00e0 vendre<br \/>\nSi vous cherchez un bracelet. Il y en a pour tous les looks, du pr\u00e8s du corps au structur\u00e9, des poignets \u00e0 la cha\u00eene. <a href=\"https:\/\/www.high-endrolex.com\/\" target=\"_blank\" rel=\"noopener\">chain bracelet<\/a> et des poignets.<br \/>\nD&#039;autre part la logique de l&#039;Enqu\u00eate est en Cours, pour sa capacit\u00e9 en tant que Traitement potentiel de Stress et de Tensions chez les Personnes souffrant de PTSD (Review Terribles Strain Disease) et de terminale d&#039;un Trouble de d\u00e9cider. Ces Substances peuvent incontestablement \u00eatre dangereux, si l&#039;Individu ne voit pas ce qu&#039;il prend. Vous pouvez aussi \u00eatre dangereux si vous Trump MDMA Pills en les combinant. Trump MDMA Pills \u00e0 vendre<\/p>\n<p>Les personnes qui, intentionnellement ou par inadvertance, ce Type de M\u00e9lange avec d&#039;autres Substances, m\u00e9langer, semblable \u00e0 l&#039;Herbe et d&#039;alcool, pouvez un plus grand Risque d&#039;Effets n\u00e9fastes sur le Bien-\u00eatre de suspendre. Une seule nouvelle Risque de Club de Drogues, c&#039;est que le Liquide, dans le Cas ou la Poudre de Types de ces Dispositions sur la Route pr\u00e9sente en R\u00e8gle g\u00e9n\u00e9rale myst\u00e9rieux Substances, qui peuvent \u00eatre dangereux, comme les autres fait ill\u00e9galement de Drogues ou de M\u00e9dicaments. Trump MDMA Pilules \u00e0 Vendre<\/p>\n<p>La Suite de la fantastique et energizer Attributs de Trump MDMA Pills, Vous pouvez d\u00e9couvrir que possible pour la Personnalisation ou peut-\u00eatre Pente et dangereux augmente la fr\u00e9quence cardiaque, Cardio-Vasculaire D\u00e9penses, et, en G\u00e9n\u00e9ral, Chaleur interne Niveaux. Ces Pi\u00e8ges sont G\u00e9n\u00e9ralement autour contr\u00f4l\u00e9 prot\u00e9g\u00e9s Personnes et g\u00e8re les Conditions de la Trump MDMA Pills en charge le Traitement, m\u00eame si hostile R\u00e9sultats et les Passages non Param\u00e8tres ont apport\u00e9. Trump MDMA Pills \u00e0 vendre<\/p>\n<h5>LA MDMA \u00c0 VENDRE:<\/h5>\n<p>Bien que beaucoup de sa Viabilit\u00e9 sans doute l&#039;un des Syst\u00e8mes de la modification, les autres PTSD Gu\u00e9risons de formation, \u00e0 la polyvalente des modifications pour la Violation a influenc\u00e9 les Croyances et l&#039;am\u00e9lioration Obstacle \u00e0 l&#039;absurde Tension R\u00e9ponses se rappeler, superviseur Trump MDMA Pills Organisation et la Psychoth\u00e9rapie peut \u00eatre restrictive Wiederaufnahmeprozesse \u00e9galement \u00e0 exploiter. Trump MDMA Pills \u00e0 Vendre<\/p>\n<p>En Combinaison avec la Psychoth\u00e9rapie offre la Prise de Trump MDMA Pills la Possibilit\u00e9 de &#034;les victimes de Clients dans un Point de mental, de S\u00e9curit\u00e9, de maintenir une Condition de la compassion de R\u00e9flexion cr\u00e9e, pour lui, pour la premi\u00e8re Fois de sa Vie, avec ses terribles Souvenirs il est confront\u00e9, sans qu&#039;il \u00e0 travers les massifs antagonistes Effet est vaincu, parfois avec une R\u00e9vision de ses satan\u00e9s Sentiments de pair&#034;. Trump MDMA Pills \u00e0 vendre<\/p>","protected":false},"excerpt":{"rendered":"<p>TRUMP MDMA PILLEN ZU VERKAUFEN: Erstens haben wir Trump MDMA Pills for Sale mit einer 100% Geld-zur\u00fcck-Garantie Politik. Orangefarbene Euphorie-Pillen, die mit der \u00c4hnlichkeit von Pr\u00e4sident Trump verziert waren und mehr als zwei Portionen MDMA enthielten, wurden bei dem Musikwettbewerb &#8222;Bestival&#8220; gefunden. Bei Tests von Trump-MDMA-Pillen mit mittleren und hohen Dosen wurde ein erweitertes Genie\u00dfer- und Erregungskontinuum festgestellt. Die Nachwirkung von Trump MDMA Pills wachsende Freundlichkeit ist konsequent, obwohl seine Ergebnisse auf Mitgef\u00fchl am Ende unbestreitbar mehr gemischt werden. Es gibt keine speziellen klinischen Medikamente f\u00fcr die Abh\u00e4ngigkeit von Trump MDMA Pills. Einige Leute, die versuchen, eine Strategie f\u00fcr die\u2026<\/p>","protected":false},"featured_media":1610,"comment_status":"open","ping_status":"closed","template":"","meta":{"content-type":""},"product_brand":[],"product_cat":[120],"product_tag":[],"class_list":{"0":"post-1594","1":"product","2":"type-product","3":"status-publish","4":"has-post-thumbnail","6":"product_cat-mdma","8":"first","9":"instock","10":"shipping-taxable","11":"purchasable","12":"product-type-variable"},"_links":{"self":[{"href":"https:\/\/kokaindrogekaufen.com\/fr\/wp-json\/wp\/v2\/product\/1594"}],"collection":[{"href":"https:\/\/kokaindrogekaufen.com\/fr\/wp-json\/wp\/v2\/product"}],"about":[{"href":"https:\/\/kokaindrogekaufen.com\/fr\/wp-json\/wp\/v2\/types\/product"}],"replies":[{"embeddable":true,"href":"https:\/\/kokaindrogekaufen.com\/fr\/wp-json\/wp\/v2\/comments?post=1594"}],"wp:featuredmedia":[{"embeddable":true,"href":"https:\/\/kokaindrogekaufen.com\/fr\/wp-json\/wp\/v2\/media\/1610"}],"wp:attachment":[{"href":"https:\/\/kokaindrogekaufen.com\/fr\/wp-json\/wp\/v2\/media?parent=1594"}],"wp:term":[{"taxonomy":"product_brand","embeddable":true,"href":"https:\/\/kokaindrogekaufen.com\/fr\/wp-json\/wp\/v2\/product_brand?post=1594"},{"taxonomy":"product_cat","embeddable":true,"href":"https:\/\/kokaindrogekaufen.com\/fr\/wp-json\/wp\/v2\/product_cat?post=1594"},{"taxonomy":"product_tag","embeddable":true,"href":"https:\/\/kokaindrogekaufen.com\/fr\/wp-json\/wp\/v2\/product_tag?post=1594"}],"curies":[{"name":"wp","href":"https:\/\/api.w.org\/{rel}","templated":true}]}}