{"id":1602,"date":"2023-06-27T19:20:01","date_gmt":"2023-06-27T18:20:01","guid":{"rendered":"https:\/\/kokaindrogekaufen.com\/?post_type=product&#038;p=1602"},"modified":"2024-12-06T07:16:17","modified_gmt":"2024-12-06T07:16:17","slug":"2-fma-zu-verkaufen","status":"publish","type":"product","link":"https:\/\/kokaindrogekaufen.com\/fr\/product\/2-fma-zu-verkaufen\/","title":{"rendered":"2-FMA \u00c0 VENDRE"},"content":{"rendered":"<h2>2-FMA \u00c0 VENDRE:<\/h2>\n<p>Dans la plupart des Cas, nous avons 2-FMA pour la Vente \u00e0 travers le Monde \u00e0 des Prix mod\u00e9r\u00e9s. L&#039;am\u00e9lioration de Visualisations de 2-FMA sont beaucoup de l&#039;intemporel, de fa\u00e7on constante et seulement quelque chose d&#039;\u00e9vident pour les grandes Mesures. Ils sont vraiment beaucoup le m\u00eame que deliriants et viennent \u00e0 travers extra rapide dans le dunstigeren Taches. Garder dans un endroit sec et hors de Contr\u00f4le de l&#039;Endroit id\u00e9ale pour les D\u00e9lais r\u00e9alistes \u00e0 la Disponibilit\u00e9.<\/p>\n<p>Si Vous avec des Substances synth\u00e9tiques, Vous devez dans l&#039;Organisme de prendre les Pr\u00e9cautions n\u00e9cessaires, comme par Exemple le Nettoyage de Surfaces et le port de Gants, d&#039;une Couverture et des V\u00eatements de protection. Les individus, les R\u00e8glements d&#039;utiliser le 2-FMA ont permis une augmentation de l&#039;\u00c9tat de l&#039;Esprit dans la Suite de Avoir ces M\u00e9dicaments bien informer. Cela est d\u00fb au fait que les Substances dans leurs T\u00eates d&#039;augmenter et, par cons\u00e9quent, de contr\u00f4ler efficacement \u00e0 votre Disposition. 2-FMA pour la Vente<\/p>\n<p>Energizer Drogues sont reconnus, que les Gens avec la perte de graisse par \u00c9touffer leur d\u00e9sir de Nourriture pour les soutenir. Ce R\u00e9sultat conduit \u00e0 ce que le Client moins le total des aliments de base consomm\u00e9s. Puis de nouveau, nous produisons r\u00e9guli\u00e8rement d&#039;autres Structures composites accessible, afin d&#039;\u00eatre \u00e0 la Libert\u00e9, pour nous rejoindre, pour v\u00e9rifier si nous Leur prise en charge mat\u00e9rielle de l&#039;Art l&#039;ont en Stock. Il est fondamental en effet, pas moins de 18 nombreux Ans, et le 2-FMA de nous. 2-FMA pour la Vente<\/p>\n<p>Puis de nouveau, nous produisons de mani\u00e8re cons\u00e9quente autres Structures composites accessible, pour \u00eatre libre, pour nous, pour v\u00e9rifier que nous avons prise en charge du Mat\u00e9riel d&#039;Art ont en Stock. Il est fondamental, quelque part autour de 18, de nombreux Ans, et le 2-FMA de nous. Energizer de la Drogue r\u00e9guli\u00e8rement des \u00c9coliers pour leur Concentration au cours de leurs logiques d&#039;\u00c9tudes \u00e0 l&#039;am\u00e9liorer. 2-FMA pour la Vente<\/p>\n<h3>2-FMA, ACHETER EN LIGNE:<\/h3>\n<p>Il a \u00e9t\u00e9 constat\u00e9 qu&#039;environ soixante-sept pour Cent des Jeunes qui Energizer utilisation \u00e0 la maison, et ce m\u00eame au cours de leur Scolarit\u00e9 actes. Apr\u00e8s, j&#039;ai 2-FMA ou peut-\u00eatre 2-FA plus d&#039;une Semaine apr\u00e8s Semaine, Pr\u00e9misse de penser que, au D\u00e9but de l&#039;Ann\u00e9e, pour moi, dans ma Communaut\u00e9 scientifique \u00e0 aider et \u00e0 avoir des Signes ou des Manifestations \u00e0 la d\u00e9couverte d&#039;Individus qui ne sont pas certainement \u00eatre repr\u00e9sent\u00e9e, par Exemple, de l&#039;Urine de Maintenance \u00e0 l&#039;aide de deux FMA. 2-FMA pour la Vente<\/p>\n<p>Having said that, nous produisons r\u00e9guli\u00e8rement d&#039;autres compos\u00e9s Assortiments imm\u00e9diatement accessibles, Soyez heureux, de nous saisir, sur le hasard, que nous avons maintenant Vos les plus populaires de Mat\u00e9riau Type de Stock \u00e0 trouver. Vous devez quelque part autour de dix-huit pendant un long Moment, peut \u00eatre plus, de 2-FMA de nous recevoir. Des doses de 2-FMA au sein de l&#039;100mg+ montrer \u00e0 Cause de faible et vacillante d&#039;un Nystagmus (\u0152il bouge). 2-FMA pour la Vente<\/p>\n<p>Des Rapports anecdotiques de chaque individu, la 2-FMA, d&#039;\u00e9valuer, de deviner qu&#039;il ne semble pas \u00eatre tous les inqui\u00e9tants de la sant\u00e9, cr\u00e9dit\u00e9 de seulement essayer cette Connexion \u00e0 exceptionnellement faible \u00e0 moyenne Portions seul ou une Application, il est \u00e9conome (mais rien ne peut \u00eatre totalement garantie). 2-FMA pour la Vente<\/p>\n<h4>2-FMA POUR LA VENTE EN LIGNE:<\/h4>\n<p>Tout est dans tout, tout le monde pourrait Energizer donner Cardio-Vasculaire garder \u00e0 l&#039;esprit si mal g\u00e9r\u00e9 ou mang\u00e9 de la simple R\u00e9alit\u00e9 est que les Gens ne sont certainement pas extr\u00eamement prudent avec vos CNS-Programmes dans votre Point de Parvenir \u00e0 l&#039;Efficacit\u00e9 ou \u00e0 l&#039;Enl\u00e8vement. Energizer m\u00e9dicalement prescrits des M\u00e9dicaments qui sont per\u00e7ues pour les Personnes avec le niveau actuel de Perte de Poids, car ils prennent leur D\u00e9sir d&#039;\u00e9touffer. 2-fma pour la Vente<\/p>\n<p>Cet Impact d\u00e9clenche l&#039;Acheteur pour largement moins de Nourriture \u00e0 manger. 2-FMA est contr\u00f4l\u00e9e Mat\u00e9riel de la Liste I command\u00e9, nonobstant le fait que la M\u00e9decine par un M\u00e9decin agr\u00e9\u00e9 est n\u00e9cessaire pour 2-FMA, au Canada et \u00e0 transporter. La Possession, sans Autorisation, est en grande possibles et conduire \u00e0 des Peines de prison. M\u00eame si le 2-FMA est r\u00e9guli\u00e8rement comme un Original de Drogue, il n&#039;a pas de psychoactives R\u00e9sultats et ne peut soulever le Cerveau de l&#039;Action avec l&#039;individu, et est en Direction sportive Raisons limit\u00e9e. 2-FMA pour la Vente<\/p>\n<p>Nos 2-FMA Pellets sont strictement pour l&#039;Utilisation dans les instituts de Recherche et n&#039;est pas approuv\u00e9 pour un Usage humain. Chaque Point de la Dose et \/ ou de Soins des Personnes ou des Cr\u00e9atures ou presque tout ce que l&#039;Utilisation est connect\u00e9 n&#039;est pas acceptable. Il est vraiment important que ces R\u00e9sultats ne sont pas vraiment dans une surprenante ou une Technique fiable de se produire, alors que des Doses plus \u00e9lev\u00e9es sont plus en Danger, une S\u00e9rie de Cons\u00e9quences \u00e0 redouter. 2-fma pour la Vente<\/p>\n<h4>2-FMA FOR SALE EUROPE:<\/h4>\n<p>En plus d\u00e9favorable des R\u00e9sultats avec des Doses plus \u00e9lev\u00e9es ind\u00e9niablement plus plausible, et permet de D\u00e9pendance et de base individuels de Violation des donn\u00e9es. M\u00eame si la Substance active 2-FMA n&#039;est pas officiellement \u00e0 un niveau comparable de Somme comme les Amph\u00e9tamines a \u00e9t\u00e9 \u00e9tudi\u00e9, de montrer les logiques d&#039;\u00c9tudes, \u00e0 la fois comme la Dopamine et de la Noradr\u00e9naline liefernder Sp\u00e9cialiste affecte. 2-fma pour la Vente<\/p>\n<p>Cela signifie qu&#039;il a r\u00e9ussi les Degr\u00e9s de la Noradr\u00e9naline et de la Dopamine prend en charge, en Tr\u00e4gerproteine et limite quelque peu handicap\u00e9e, vous avez g\u00e9n\u00e9ralement synaptique Colonne de collecte. Il n&#039;y a pas propos\u00e9 Part, car 2-Fluoromethamphetamin tout simplement pas humain Enregistrement, mais une seule fois pour la synth\u00e8se de l&#039;\u00c9tude en tant que l\u00e9galement \u00e9norme pour Untersuchungszwecke de la publicit\u00e9. 2-fma pour la Vente<\/p>\n<p>Le M\u00e9dicament est G\u00e9n\u00e9ralement plus satisfaisant et reconnaissable comme le Modafinil, mais ils sont \u00e0 la fois nettement plus que le Sport. Energizer Recettes sont connus pour les Gens aujourd&#039;hui la Perte de Graisse par Asphyxie \u00e0 vos Envies et \u00e0 les soutenir. Cet Effet est chaque Burn-Through beaucoup moins d&#039;Agrafe de faire. 2-fma \u00e0 vendre<\/p>\n<h5>En OUTRE :<\/h5>\n<p>Dans toute la R\u00e9alit\u00e9, je ne serais pas trop surpris si, dans cette Histoire de intense cardio-vasculaire Impact (pas kardiotoxisch, de R\u00e9flexions, de Vous) vraiment, surtout parce que 2-FMA n&#039;est pas explicitement la Chance, avec la plupart des autres subbed Amph\u00e9tamines est connect\u00e9, de sorte qu&#039;une Personne \u00e0 la Recherche de l&#039;Enl\u00e8vement inclus. 2-FMA \u00e0 vendre<\/p>\n<p>Les gens, les S\u00e9datifs utiliser le 2-FMA, pourrait, une \u00e9l\u00e9vation de l&#039;Humeur, peu de temps apr\u00e8s la Prise de ces M\u00e9dicaments savoir. C&#039;est parce que les Substances dans votre Cerveau et augmenter le long de ces Lignes de contr\u00f4ler efficacement \u00e0 votre Disposition. 2-FMA pour la Vente<\/p>","protected":false},"excerpt":{"rendered":"<p>2-FMA ZU VERKAUFEN: In den meisten F\u00e4llen haben wir 2-FMA zum Verkauf auf der ganzen Welt zu sehr moderaten Preisen. Die verbesserte Visualisierungen von 2-FMA sind viel von der zeitlosen stetig und nur etwas offensichtlich bei gr\u00f6\u00dferen Messungen. Sie sind wirklich viel das gleiche wie deliriants und kommen \u00fcber extra prompt in dunstigeren Flecken. Halten Sie in einem trockenen und au\u00dfer Kontrolle Ort f\u00fcr die ideale Zeitrahmen der realistischen Verwendbarkeit. Wenn Sie mit synthetischen Substanzen arbeiten, sollten Sie in der Forschungseinrichtung die entsprechenden Vorsichtsma\u00dfnahmen treffen, wie z. B. die Reinigung von Oberfl\u00e4chen und das Tragen von Handschuhen, einer Abdeckung und\u2026<\/p>","protected":false},"featured_media":1611,"comment_status":"open","ping_status":"closed","template":"","meta":{"content-type":""},"product_brand":[],"product_cat":[163],"product_tag":[],"class_list":{"0":"post-1602","1":"product","2":"type-product","3":"status-publish","4":"has-post-thumbnail","6":"product_cat-forschung-chemikalien","8":"first","9":"instock","10":"shipping-taxable","11":"purchasable","12":"product-type-variable"},"_links":{"self":[{"href":"https:\/\/kokaindrogekaufen.com\/fr\/wp-json\/wp\/v2\/product\/1602"}],"collection":[{"href":"https:\/\/kokaindrogekaufen.com\/fr\/wp-json\/wp\/v2\/product"}],"about":[{"href":"https:\/\/kokaindrogekaufen.com\/fr\/wp-json\/wp\/v2\/types\/product"}],"replies":[{"embeddable":true,"href":"https:\/\/kokaindrogekaufen.com\/fr\/wp-json\/wp\/v2\/comments?post=1602"}],"wp:featuredmedia":[{"embeddable":true,"href":"https:\/\/kokaindrogekaufen.com\/fr\/wp-json\/wp\/v2\/media\/1611"}],"wp:attachment":[{"href":"https:\/\/kokaindrogekaufen.com\/fr\/wp-json\/wp\/v2\/media?parent=1602"}],"wp:term":[{"taxonomy":"product_brand","embeddable":true,"href":"https:\/\/kokaindrogekaufen.com\/fr\/wp-json\/wp\/v2\/product_brand?post=1602"},{"taxonomy":"product_cat","embeddable":true,"href":"https:\/\/kokaindrogekaufen.com\/fr\/wp-json\/wp\/v2\/product_cat?post=1602"},{"taxonomy":"product_tag","embeddable":true,"href":"https:\/\/kokaindrogekaufen.com\/fr\/wp-json\/wp\/v2\/product_tag?post=1602"}],"curies":[{"name":"wp","href":"https:\/\/api.w.org\/{rel}","templated":true}]}}