{"id":1612,"date":"2023-06-27T19:20:11","date_gmt":"2023-06-27T18:20:11","guid":{"rendered":"https:\/\/kokaindrogekaufen.com\/?post_type=product&#038;p=1612"},"modified":"2024-12-06T07:19:23","modified_gmt":"2024-12-06T07:19:23","slug":"2c-b-zu-verkaufen","status":"publish","type":"product","link":"https:\/\/kokaindrogekaufen.com\/fr\/product\/2c-b-zu-verkaufen\/","title":{"rendered":"LE 2C-B \u00c0 VENDRE"},"content":{"rendered":"<h2>LE 2C-B \u00c0 VENDRE<\/h2>\n<p>En G\u00e9n\u00e9ral, nous avons le 2C-B \u00e0 tr\u00e8s bas Prix \u00e0 vendre. Le 2C-B est un halluzinogenes M\u00e9dicament stimulant les Sentiments et l&#039;Exaltation produite. L&#039;Identification avec ce M\u00e9dicament est positive et significative opaque, mais un nouvel Essor de la vie Nocturne de la Sc\u00e8ne attire l&#039;Attention sur le 2C-B. il s&#039;agit En Substance, la Substance au cours de la MDMA, de la R\u00e9union de la paie, de coordonner et les Membres de la nourriture meskalinartigen Effet de 2C-B nouveau &#034;dans son Corps, de le faire. Le 2C-B pour la Vente<\/p>\n<p>Enfin, a commenc\u00e9 une gr\u00e8ve de la Pharmaceutique nom Drittewell avec la Fabrication de 2C-B \u00e0 la Dose de cinq Milligrammes et commercialis\u00e9 comme un &#034;Nexus&#034;, une Drogue pour Augmenter la Puissance, de la Faiblesse et de &#034;Froid&#034; soulager devrait. Comme la MDMA en 1985 aux Etats-Unis a \u00e9t\u00e9 interdite, a \u00e9t\u00e9 2C-B comme l\u00e9gale de Remplacement rapidement. Les Interactions hydrophobes avec les hydrophobe Locaux de l&#039;Accent mis sur la Limitation par les Compos\u00e9s hydrophobes de l&#039;\u00e9coeurante odeur de l&#039;Anneau et de la face parfum\u00e9e structure en Anneau \u00e0 l&#039;int\u00e9rieur de la Ph\u00e9n\u00e9thylamine-colonne vert\u00e9brale de k-2C-B caus\u00e9s. Le 2C-B pour la Vente<\/p>\n<p>Si le 2C-B dans les Doses raisonnables (moins de 25 jusqu&#039;\u00e0 trente mg) est sensiblement appara\u00eet, devraient \u00eatre des Gens souffrant de probl\u00e8mes cardiaques ou d&#039;\u00c9pilepsie avec de la Substance, \u00eatre prudent, parce que vous Herzsumme, l&#039;Hypertension et le craintive Programme peut influencer. La plupart des Medikamentenbewertungen \u00eatre 2C-B ne pas le reconna\u00eetre. Le 2C-B pour la Vente<\/p>\n<h3>LE 2C-B ACHETEZ EN LIGNE:<\/h3>\n<p>Seulement des Medikamententests, la Spectrom\u00e9trie de masse ou la Chromatographie en phase gazeuse sont en Mesure de 2C-B d&#039;un pr\u00e9l\u00e8vement de Sang ou d&#039;Urine pour les s\u00e9parer. Les utilisateurs peuvent avoir des R\u00eaves, les plus tendres R\u00e9sultats visuels sont, comme Gesichtsverrenkungen en mouvement et des Surfaces, l&#039;augmentation ou en mouvement et des Sons ou des Sensations, la vue d&#039;Semble ressembler. Des Doses plus importantes peuvent beaucoup bizarrere mentale Trips \u00e0 provoquer d\u00e9sagr\u00e9ables, ou peuvent \u00eatre effrayant. Le 2C-B \u00e0 vendre<\/p>\n<p>R\u00e9cemment, il a \u00e9t\u00e9 sur la Claustrophobie et Muskelfaszinationen rapport\u00e9. Le 2C-B est de Vendeurs et peut \u00eatre aussi sur le r\u00e9seau invisible de base. Selon le Worldwide Drug Survey 2019, l&#039;Acquisition de 2C-B dans le r\u00e9seau invisible dans les cinq derni\u00e8res Ann\u00e9es, en d\u00e9pit de la DMT et la K\u00e9tamine. Selon la Drug Enforcement Administration (DEA) la foi des Marchands divers, que vous MDMA transporter, mais il s&#039;agit peut-2C-B agir. Le 2C-B pour la Vente<\/p>\n<p>Actuellement, L\u00f6sungsamphetamine et d&#039;Amph\u00e9tamines ou de Substitution \u00e0 grande \u00e9chelle pour Traiter le TDAH (trouble du d\u00e9ficit de l&#039;attention \/ Hyperactivit\u00e9) est utilis\u00e9. L&#039;Abus de Energizern est actuellement un grand local Wirtschaftsproblem. Le 2C-B est un habile Substance psychoactive, en 1974, de la Naturchemiker et Psychopharmakologen Alexander &#034;Sasha&#034; Shulgin a \u00e9t\u00e9 d\u00e9velopp\u00e9. Shulgin est comme un &#034;Backup Parent of Ecstasy&#034;, et il a plus de 200 hallucinog\u00e8nes M\u00e9langes dans un puant le Laboratoire de, sur son Terrain dans la Bay Area, comme &#034;The Farm&#034; est connu, l\u00e9galement \u00e9tablie. Le 2C-B \u00e0 vendre<\/p>\n<h3>LE 2C-B POUR LA VENTE EN LIGNE:<\/h3>\n<p>Un autre Type de 2C-B est le Mod\u00e8le de l&#039;Organisation du commerce \u00e9lectronique, dans lequel les Particuliers, les Entreprises d&#039;offrir des Services et les Entreprises \u00e0 l&#039;Acheteur de payer. Ce Mod\u00e8le \u00e9conomique, c&#039;est un Renversement complet du Mod\u00e8le d&#039;affaires traditionnel, dans lequel les Partenariats de Biens et de Services pour les Clients \u00e0 d\u00e9ployer. Jusqu&#039;\u00e0 10% des \u00c9l\u00e8ves dans l&#039;enseignement Secondaire a \u00e9t\u00e9 l&#039;Utilisation de Energizern pour le Traitement du TDAH observ\u00e9, et pr\u00e8s de 35 % des \u00c9l\u00e8ves de l&#039;enseignement Secondaire ce Type de m\u00e9dicament prescrit. Le 2C-B \u00e0 vendre<\/p>\n<p>La D\u00e9pendance \u00e0 une Substance, pour vraiment construit ou enchante sentir, est g\u00e9n\u00e9ralement le Signe d&#039;une D\u00e9pendance. Si Vous ou quelqu&#039;un que Vous connaissez, le 2C-B est abus\u00e9, cherchez de l&#039;Aide. Contacter l&#039;un des sp\u00e9cialistes techniques, des Probl\u00e8mes et des Solutions en Lien avec le R\u00e9tablissement de prise en charge. Il n&#039;y a pas des r\u00e9sultats de la Recherche 2C-B. 2C-B pour la Vente<\/p>\n<p>Ind\u00e9pendamment de la pr\u00e9valence de cette Substance, il n&#039;y a pas de logique \u00e9tudes pr\u00e9alables ou peut-\u00eatre les \u00c9tudes toxicologiques. Pendant typique Hallucinog\u00e8nes comme LSA, l&#039;Ayahuasca et la Mescaline, dans un d\u00e9lai de Fantasmes autour de Niveau cinq ou plus de Calcul, est le 2C-B, la plupart du Temps directement \u00e0 l&#039;\u00c9tape 8A visuelle Math\u00e9matiques aller. Cette Absence de syst\u00e9matiquement induit de r\u00eave Vorw\u00e4rtsspr\u00fcngen indique que le 2C-B, pour certaines Personnes, n&#039;est pas profonde est que certaines autres Hallucinog\u00e8nes. Le 2C-B \u00e0 vendre<\/p>\n<h3>LE 2C-B MOUCHE \u00c0 VENDRE:<\/h3>\n<p>Les seules Donn\u00e9es que nous avons actuellement, proviennent de R\u00e9cits \u00e9pisodiques et Beobachtungsberichten. La plupart des Plantes hallucinog\u00e8nes, nous cultiv\u00e9es. Pour s&#039;assurer qu&#039;ils sont de la plus haute Qualit\u00e9, dans le Monde entier et produit. L&#039;Empathie, l&#039;Amiti\u00e9 et la Gentillesse de s&#039;am\u00e9liorer \u2013 int\u00e9rieur Consid\u00e9rations de Convivialit\u00e9, de respect et de Sympathie sont l\u00e9g\u00e8rement plus fragile et moins nette que pour les Substances, comme par Exemple, la MDMA, de se construire, mais n\u00e9anmoins savoureux et inattendu plus stable que chez les autres Hallucinog\u00e8nes d&#039;origine de chaque Classe. Le 2C-B pour la Vente<\/p>\n<p>Cette Substance est, depuis longtemps, pour une dur\u00e9e de d\u00e9tente en Effet du m\u00eame ordre. Le Transport dure selon la R\u00e9gion, deux \u00e0 trois Jours. Nous vous proposons des petites et grandes Partitions, ainsi que des R\u00e9ductions pour les Massenanfragen. Un grand Nombre de Pistes n&#039;est pas toujours b\u00e9n\u00e9fique pour Votre Entreprise, car dans ce Cas, est de bonne Qualit\u00e9, la Quantit\u00e9 est de loin sup\u00e9rieure. Le 2C-B \u00e0 vendre<\/p>\n<h5>En OUTRE:<\/h5>\n<p>Vendeur d&#039;\u00eatre d\u00e9courag\u00e9 si votre Temps dans le Marketing pour quelqu&#039;un, investir soit pas disponible ou n&#039;est pas en Mesure, de Votre Service ou de Votre Produit \u00e0 acheter. Le vrai secret pour Objectif de aaronay.com est de Vous aider \u00e0 am\u00e9liorer Vos Relations avec les petites Entreprises. Le 2C-B pour la Vente<\/p>\n<p>Au lieu de &#034;meilleur des Suppositions&#034; de quitter reposent Leurs Ventes et de Marketing maintenant \u00c9tapes clairement d\u00e9finies, \u00e0 partir du Th\u00e8me jusqu&#039;\u00e0 la Surveillance continue et d&#039;Observation. Ils sont presque toujours de D\u00e9cideurs ou une importante D\u00e9cideurs dans une Aaronay Campagne. Cela signifie que peu de Temps pour essayer consacr\u00e9es \u00e0 &#034;la bonne Personne&#034;. Le 2C-B pour la Vente<\/p>\n<p>Lorsque le T\u00e9l\u00e9phone sonne, c&#039;est presque toujours la bonne Personne. Le 2C-B est commun\u00e9ment appel\u00e9 \u00e9nergisant et stimulant d\u00e9crit et avec la MDMA est compar\u00e9. \u00c0 fortes Doses peut \u00e0 cet Effet \u00eatre tr\u00e8s persuasif et les Acheteurs \u00e0 pratiquer une Activit\u00e9 physique comme la Danse animer. Le 2C-B \u00e0 vendre<\/p>","protected":false},"excerpt":{"rendered":"<p>2C-B ZU VERKAUFEN Im Allgemeinen haben wir 2C-B zu sehr niedrigen Preisen zu verkaufen. 2C-B ist ein halluzinogenes Medikament, das anregende Gef\u00fchle und Hochgef\u00fchl erzeugt. Die Identifikation mit diesem Medikament ist positiv und deutlich undurchsichtig, aber ein neuer Aufschwung in der Nachtleben-Szene lenkt die Aufmerksamkeit auf 2C-B. Im Wesentlichen geht es darum, den Stoff, der w\u00e4hrend eines MDMA-Treffens aufkommt, zu koordinieren und die Mitglieder mit der aufbauenden, meskalinartigen Wirkung von 2C-B wieder &#8222;in ihren K\u00f6rper&#8220; zu bringen. 2C-B zum Verkauf Schlie\u00dflich begann ein deutsches Pharmaunternehmen namens Drittewell mit der Herstellung von 2C-B in einer Dosierung von f\u00fcnf Milligramm und vermarktete\u2026<\/p>","protected":false},"featured_media":1642,"comment_status":"open","ping_status":"closed","template":"","meta":{"content-type":""},"product_brand":[],"product_cat":[163],"product_tag":[],"class_list":{"0":"post-1612","1":"product","2":"type-product","3":"status-publish","4":"has-post-thumbnail","6":"product_cat-forschung-chemikalien","8":"first","9":"instock","10":"shipping-taxable","11":"purchasable","12":"product-type-variable"},"_links":{"self":[{"href":"https:\/\/kokaindrogekaufen.com\/fr\/wp-json\/wp\/v2\/product\/1612"}],"collection":[{"href":"https:\/\/kokaindrogekaufen.com\/fr\/wp-json\/wp\/v2\/product"}],"about":[{"href":"https:\/\/kokaindrogekaufen.com\/fr\/wp-json\/wp\/v2\/types\/product"}],"replies":[{"embeddable":true,"href":"https:\/\/kokaindrogekaufen.com\/fr\/wp-json\/wp\/v2\/comments?post=1612"}],"wp:featuredmedia":[{"embeddable":true,"href":"https:\/\/kokaindrogekaufen.com\/fr\/wp-json\/wp\/v2\/media\/1642"}],"wp:attachment":[{"href":"https:\/\/kokaindrogekaufen.com\/fr\/wp-json\/wp\/v2\/media?parent=1612"}],"wp:term":[{"taxonomy":"product_brand","embeddable":true,"href":"https:\/\/kokaindrogekaufen.com\/fr\/wp-json\/wp\/v2\/product_brand?post=1612"},{"taxonomy":"product_cat","embeddable":true,"href":"https:\/\/kokaindrogekaufen.com\/fr\/wp-json\/wp\/v2\/product_cat?post=1612"},{"taxonomy":"product_tag","embeddable":true,"href":"https:\/\/kokaindrogekaufen.com\/fr\/wp-json\/wp\/v2\/product_tag?post=1612"}],"curies":[{"name":"wp","href":"https:\/\/api.w.org\/{rel}","templated":true}]}}