{"id":1618,"date":"2023-06-27T19:20:11","date_gmt":"2023-06-27T18:20:11","guid":{"rendered":"https:\/\/kokaindrogekaufen.com\/?post_type=product&#038;p=1618"},"modified":"2024-12-06T07:26:44","modified_gmt":"2024-12-06T07:26:44","slug":"5f-mdmb-2201-zu-verkaufen","status":"publish","type":"product","link":"https:\/\/kokaindrogekaufen.com\/fr\/product\/5f-mdmb-2201-zu-verkaufen\/","title":{"rendered":"5F-MDMB-2201 \u00c0 VENDRE"},"content":{"rendered":"<h2>5F-MDMB-2201 \u00c0 VENDRE<\/h2>\n<p>La premi\u00e8re chose \u00e0 retenir, c&#039;est que nous avons de qualit\u00e9 5F-MDMB-2201 FOR SALE \u00e0 tr\u00e8s bas Prix. Ils m&#039;ont aid\u00e9 \u00e0 travers l&#039;Interaction et de la Crypto, je n&#039;ai pas \u00e9t\u00e9 en Mesure de travailler, ils m&#039;ont aid\u00e9, Bitcoins, et ils \u00e9taient l\u00e0, avec moi tout au long de la proc\u00e9dure d&#039;achat pour 5f-mdmb-2201 \u00e0 faible Co\u00fbt Domaines.5F-MDMB-2201 est connu pour \u00eatre un tr\u00e8s puissant Agoniste CB1, mais il est difficile de savoir si il y a une forte S\u00e9lectivit\u00e9 pour les r\u00e9cepteurs CB1 a, ou, en Fait, si de toute Mani\u00e8re sp\u00e9cifique.<\/p>\n<p>4F-BCA est une autre synth\u00e9tique, l&#039;Ingr\u00e9dient actif avec un cannabino\u00efdes Disposition. Le M\u00e9dicament est jaune et \u00e0 99,6 % pur. Lisses et s\u00e8ches de l&#039;Environnement doit \u00eatre la Personne avec la Pr\u00e9paration \u00e0 la hauteur. Le M\u00e9dicament a un presque identiques, en Effet, \u00e0 la de 4adb et 5 ADB. Il est possible que 5F-MDMB-2201 sous diff\u00e9rents &#034;Deckungsverbote&#034; pour les Cannabino\u00efdes de synth\u00e8se du Indazol-Type de tombe. 5F-MDMB-2201 \u00c0 LA VENTE<\/p>\n<p>Les \u00c9tudes pr\u00e9cliniques sugg\u00e8rent que 5F-MDMBPICA des R\u00e9cepteurs CB1 lie, et de l\u00e0, agit comme un Agoniste. Il n&#039;y a pas imprim\u00e9 Avis sur la S\u00e9curit\u00e9 de 5FMDMB-EN pour l&#039;Utilisation humaine. Il pourrait \u00e9galement \u00eatre consid\u00e9r\u00e9 comme un \u00c9chantillon de la Substance interdite \u00eatre consid\u00e9r\u00e9es comme telles, \u00eatre limit\u00e9. \u00c0 ce Stade, de nombreux Tests peuvent \u00eatre n\u00e9cessaires. 5F-MDMB-2201 \u00c0 LA VENTE<\/p>\n<h3>5F-MDMB-2201 ACHETER EN LIGNE:<\/h3>\n<p>Car 5F-MDMB-2201 aussi nouveau sur le March\u00e9, peu de choses sur les Effets de ce synth\u00e9tique de la Substance sur le Corps humain connu. En outre, nous sommes toujours \u00e0 la Recherche de nouvelles Opportunit\u00e9s, de nos activit\u00e9s dans l&#039;ensemble du Pays pour le d\u00e9velopper. Par cons\u00e9quent, nous obtenons G\u00e9n\u00e9ralement si nous avons un Nombre croissant de Demandes de notre Stock. Nous stockons et de Vous aider dans la Recherche des meilleurs produits de Qualit\u00e9, au bon Moment. 5F-MDMB-2201 \u00c0 VENDRE<\/p>\n<p>5F-MDMB-2201 est avec d&#039;autres Cannabino\u00efdes connect\u00e9, \u00e0 la Recherche de logique de la Recherche effectu\u00e9e. Si les Qualit\u00e9s, ainsi que la Composition de la substance Chimique qui est sur cette Connexion sont \u00e9tudi\u00e9es. Le Syst\u00e8me dopaminergique activer, entra\u00eenant une Augmentation de la quantit\u00e9 de dopamine pr\u00e9sente m\u00e8ne. Assurez-Vous que Vous sont exceptionnelles, avant de d\u00e9poser Votre Demande. 5F-MDMB-2201 \u00c0 LA VENTE<\/p>\n<p>En raison de l&#039;Enqu\u00eate de Substances, Vous devez garder Votre Capacit\u00e9 de gamme parfaitement ventil\u00e9. Il peut \u00eatre ill\u00e9gal, illicite Baignoire Sels d&#039;envoyer, alors assurez-Vous que Vous 5f-mdmb-2201 L\u00e9galit\u00e9 dans l&#039;Arrondissement Vous s\u00e9journerez dans la r\u00e9gion. Pour la meilleure Exp\u00e9rience, demandez l\u00e9gale des Substances de synth\u00e8se de vrais Fabricants de m\u00e9dicaments Exp\u00e9rimentaux \u00e0. 5F-MDMB-2201 \u00c0 VENDRE<\/p>\n<h4>5F-MDMB-2201 POUR LA VENTE EN LIGNE;<\/h4>\n<p>Ci-dessous les Possibilit\u00e9s ont \u00e9t\u00e9 d&#039;un dangereux d&#039;Affaires approuv\u00e9. Pour les plus b\u00e9n\u00e9fiques de la Collection, nous vous recommandons une \u00c9tude de la v\u00e9ritable Critiques, le Fabricant de la Mescaline \u00e0 lire.5f mdmb 2201 est g\u00e9n\u00e9ralement une Substance explicitement dans Leur Simplicit\u00e9 et S\u00e9curit\u00e9 de World Chemed peut en profiter. Il Vous est, dans sa Forme naturelle dans une tiefgelben vitreux Structure pr\u00e9sent\u00e9e. 5F-MDMB-2201 \u00c0 LA VENTE<\/p>\n<p>Par cons\u00e9quent, Vous pouvez 5f-mdmb-2201 acheter en ligne, sans avoir Peur d&#039;\u00eatre tromp\u00e9. Nous faisons l&#039;acquisition de plusieurs Mises \u00e0 jour dans le Milieu de l&#039;approche des Temps. Actuellement, environ 90% des envois de fonds imm\u00e9diatement nous vers\u00e9e; Vous devez cependant \u00eatre conscient qu&#039;il existe de nombreux \u00c9tablissements financiers pour le Virement de Votre Solde autant \u00e0 percevoir des Redevances. 5F-MDMB-2201 \u00c0 VENDRE<\/p>\n<p>Il se peut que le Site est temporairement inaccessible ou que la Connexion sera temporairement interrompue. Nous admirons Leur Pers\u00e9v\u00e9rance. J&#039;utilise 5f-mdmb-2201 \u00e0 des Doses diff\u00e9rentes, depuis quelques Mois. Aujourd&#039;hui, j&#039;ai une bonne Affaire dans l&#039;E-Liquide est fait. Je gestikuliere beaucoup et je vais lent, si je me hinlege. 5F-MDMB-2201 \u00c0 VENDRE<\/p>\n<h4>En OUTRE:<\/h4>\n<p>Je re\u00e7ois souvent des Envies, et le retard dans l&#039;Effet dure environ 8 Heures. Globalement, il est tr\u00e8s fort et il tient tr\u00e8s longtemps. Europe&#039;s homegrown conveyance garanti 100% s\u00e9curis\u00e9, Transport et Transport et prot\u00e8ge Votre vie Priv\u00e9e \u00e0 l&#039;Adaptation. Nous avons un Marchand Remailer en Europe, nous aussi, et dans les d\u00e9lais raisonnables, la Livraison de nos Produits peut prendre en charge, et nous y avons Stocks de Placement. 5F-MDMB-2201 \u00c0 VENDRE<\/p>\n<p>Qu&#039;est-ce que 5f-MDMB-2201 et ce sont les pires R\u00e9sultats de 5f-MDMB-2201 et 5f-MDMB-2201 Disponibles \u00e0 l&#039;Achat sont, en G\u00e9n\u00e9ral, les Analogues de la pris en charge, 5f, mais avec un incroyablement large Mesure, \u00e0 la D\u00e9ception. Cela est d\u00fb au fait qu&#039;il existe une tr\u00e8s forte Probabilit\u00e9 a MMB hydrolys\u00e9 ou seulement dans le MMB-m\u00eame, de l&#039;autre. 5F-MDMB-2201 \u00c0 LA VENTE<\/p>\n<p>Il est ill\u00e9gal, illicite de Ressources dans 5F - MDMB - 2201 \u00e0 transporter, donc assurez-Vous que Vous l&#039;\u00c9tude de compos\u00e9s de Substances v\u00e9rifie ont, l\u00e9gitimement rester. Pour la meilleure Exp\u00e9rience d&#039;avoir acheter ce Produit \u00e0 un v\u00e9ritable Examen synth\u00e9tique Fabricant. Store signifie en v\u00e9ritable RC Internet-Sites. 5F-MDMB-2201 \u00c0 VENDRE<\/p>\n<p>Donc, apr\u00e8s quelques nettement plus d&#039;Exp\u00e9rience, j&#039;ai d\u00e9couvert que les R\u00e9sultats pour quelques Heures de continuer comme cela, mais je n&#039;\u00e9tais pas s\u00fbr de ce que j&#039;ai vu. J&#039;ai un peu pertinentes Degr\u00e9 de mdmb-2201 sur le Papier coup\u00e9 et a constat\u00e9, quelques Jours seulement apr\u00e8s l&#039;Utilisation. Nous affirmons que la Contemplation de la v\u00e9ritable Verk\u00e4ufermeinungen de K\u00fcbelsalzen Vous la meilleure Pente va donner.5F-MDMB-2201 est connu pour \u00eatre vraiment efficace CB1-Agoniste \u00e0 \u00eatre. 5F-MDMB-2201 \u00c0 VENDRE<\/p>","protected":false},"excerpt":{"rendered":"<p>5F-MDMB-2201 ZU VERKAUFEN Das erste, was zu erinnern ist, dass wir hochwertige 5F-MDMB-2201 FOR SALE zu sehr niedrigen Preisen haben. Sie halfen mir durch die Interaktion und Krypto, die ich nicht in der Lage war, zu arbeiten, sie halfen mir, Bitcoins zu bekommen, und sie waren dort mit mir alle durch das Kaufverfahren f\u00fcr 5f-mdmb-2201 zu niedrigen Kosten Bereichen.5F-MDMB-2201 ist bekannt, dass ein sehr leistungsf\u00e4higes CB1 Agonist, aber es ist unklar, ob es eine starke Selektivit\u00e4t f\u00fcr CB1 hat, oder in der Tat, ob es in irgendeiner Weise spezifisch ist. 4F-BCA ist ein weiterer synthetischer Wirkstoff mit einer cannabinoiden Anordnung.\u2026<\/p>","protected":false},"featured_media":1643,"comment_status":"open","ping_status":"closed","template":"","meta":{"content-type":""},"product_brand":[],"product_cat":[163],"product_tag":[],"class_list":{"0":"post-1618","1":"product","2":"type-product","3":"status-publish","4":"has-post-thumbnail","6":"product_cat-forschung-chemikalien","8":"first","9":"instock","10":"shipping-taxable","11":"purchasable","12":"product-type-variable"},"_links":{"self":[{"href":"https:\/\/kokaindrogekaufen.com\/fr\/wp-json\/wp\/v2\/product\/1618"}],"collection":[{"href":"https:\/\/kokaindrogekaufen.com\/fr\/wp-json\/wp\/v2\/product"}],"about":[{"href":"https:\/\/kokaindrogekaufen.com\/fr\/wp-json\/wp\/v2\/types\/product"}],"replies":[{"embeddable":true,"href":"https:\/\/kokaindrogekaufen.com\/fr\/wp-json\/wp\/v2\/comments?post=1618"}],"wp:featuredmedia":[{"embeddable":true,"href":"https:\/\/kokaindrogekaufen.com\/fr\/wp-json\/wp\/v2\/media\/1643"}],"wp:attachment":[{"href":"https:\/\/kokaindrogekaufen.com\/fr\/wp-json\/wp\/v2\/media?parent=1618"}],"wp:term":[{"taxonomy":"product_brand","embeddable":true,"href":"https:\/\/kokaindrogekaufen.com\/fr\/wp-json\/wp\/v2\/product_brand?post=1618"},{"taxonomy":"product_cat","embeddable":true,"href":"https:\/\/kokaindrogekaufen.com\/fr\/wp-json\/wp\/v2\/product_cat?post=1618"},{"taxonomy":"product_tag","embeddable":true,"href":"https:\/\/kokaindrogekaufen.com\/fr\/wp-json\/wp\/v2\/product_tag?post=1618"}],"curies":[{"name":"wp","href":"https:\/\/api.w.org\/{rel}","templated":true}]}}