{"id":1625,"date":"2023-06-27T19:20:11","date_gmt":"2023-06-27T18:20:11","guid":{"rendered":"https:\/\/kokaindrogekaufen.com\/?post_type=product&#038;p=1625"},"modified":"2024-12-06T07:29:26","modified_gmt":"2024-12-06T07:29:26","slug":"ab-fubinaca-zu-verkaufen","status":"publish","type":"product","link":"https:\/\/kokaindrogekaufen.com\/fr\/product\/ab-fubinaca-zu-verkaufen\/","title":{"rendered":"AB-FUBINACA \u00c0 VENDRE"},"content":{"rendered":"<h2>AB-FUBINACA \u00c0 VENDRE<\/h2>\n<p>Nous avons AB-FUBINACA DE VENDRE la derni\u00e8re Drogue de synth\u00e8se qui agr\u00e9\u00e9s et vraiment r\u00e9ussie, Alternative, le Cannabis peut servir. Lors de la Fabrication et la Vente de Cannabis dans la plupart des Pays du Monde sont ill\u00e9gales, est soumise \u00e0 AB-FUBINACA pas ces Restrictions. La Drogue synth\u00e9tique AB-FUBINACA est l\u00e9gal, et vous pouvez directement l&#039;acheter sur Internet.<\/p>\n<p>RC Chemicals a \u00e9t\u00e9 en Chine, o\u00f9 nous avons une pointe Syntheseanlage ont. Nous avons \u00e9t\u00e9 en Mesure de chaque compos\u00e9 chimique de synth\u00e8se, et nos Experts ont d\u00e9velopp\u00e9 une M\u00e9thode pour AB-FUBINACA avec une Puret\u00e9 de l&#039;ordre de 100 pour Cent \u00e0 obtenir. AB-FUBINACA, en revanche, est l\u00e9gal de poss\u00e9der, c&#039;est pourquoi il est utilise depuis longtemps. AB-FUBINACA \u00c0 LA VENTE<\/p>\n<p>De temps en temps comme Drogue de synth\u00e8se. Il est \u00e9videmment extr\u00eamement puissant, et d&#039;autres Personnes, les Drogues de synth\u00e8se, pr\u00e9f\u00e9rez ces derniers Temps. Il n&#039;est pas \u00e9tabli que AB-FUBINACA des effets Secondaires communs de la M\u00e9decine traditionnelle assume. AB-FUBINACA est pratiquement pas pour la Consommation humaine. Il est, en aucune Mani\u00e8re, commercialise et ne doit pas in vivo \u00eatre utilis\u00e9. Il s&#039;agit d&#039;une Exploration de produit Chimique, uniquement de Professionnels de l&#039;Industrie dans une m\u00e3 \u00a9 decine ou de travaux pratiques doit \u00eatre utilis\u00e9. AB-FUBINACA \u00c0 VENDRE<\/p>\n<p>Nous fournissons de haute qualit\u00e9 Explorationschemikalien dans le Monde entier. Nos Produits principaux Laboratoires aux \u00c9tats-Unis d&#039;Am\u00e9rique par rapport, de sorte que Vous pouvez \u00eatre s\u00fbr que Vous aurez achet\u00e9 les produits Chimiques dans leur Forme la plus pure existence et sont en Mesure d&#039;obtenir les meilleurs R\u00e9sultats. Nous utilisons les derni\u00e8res D\u00e9couvertes scientifiques pour le Prix le plus bas dans l&#039;Industrie chimique \u00c9tudes \u00e0 offrir. AB-FUBINACA \u00c0 LA VENTE<\/p>\n<h3>AB-FUBINACA ACHETER EN LIGNE:<\/h3>\n<p>La Collaboration avec des Fournisseurs de Studiensubstanzen garantit d&#039;excellents R\u00e9sultats lors de Leurs Exp\u00e9riences et d&#039;\u00c9tudes. L&#039;\u00c9valuation d&#039;une significative et r\u00e9elle Kettenaktion (PCR) a \u00e9t\u00e9 cinq fois dans Rattenherzen et des foies. njectorn \u0435\u043e-nflammatorn \u0435\u0435 hever et pro-nflammatorn \u0435 \u0435 nflammatorn Dans one tudy, aigu\u00eb AB FUBINACA produced neurologcal en n fois Souris ICR comme pontaneou et de Traitement d&#039;induire des Convulsions, Hyperr\u00e9flexie, Myoclonies, modifi\u00e9e enormotor effect, et l&#039;Agression. AB-FUBINACA \u00c0 LA VENTE<\/p>\n<p>AB-FUBINACA n&#039;a pas \u00e9t\u00e9 sur sa Capacit\u00e9 test\u00e9, un avortement spontan\u00e9 chez les Animaux de d\u00e9clencher, et il n&#039;a m\u00eame pas \u00e9t\u00e9 test\u00e9 sur les Humains. La Magenmuskel CHMINACA est similaire \u00e0 AB-FUBINACA une Cyclohexylgruppe Quatre-Fluorphenylgruppe a \u00e9t\u00e9 remplac\u00e9. La physique et les Propri\u00e9t\u00e9s toxicologiques de la Connexion ne sont pas encore connus. AB-FUBINACA \u00c0 LA VENTE<\/p>\n<p>L&#039;Article a \u00e9t\u00e9 \u00e0 la Recherche et \u00e0 des Fins scientifiques fournis. Le AB-FUBINACA-pr\u00e9paration originale est permis, et Vous pouvez directement acheter sur Internet. RC Chemical Substances sont en Chine, o\u00f9 nous avons notre Condition de l&#039;Artisanat Combinaison de Bureau peuvent trouver \u00e9tablie. Nous pouvons importe quelle Substanzverbindung de combiner nos Experts ont une M\u00e9thode imagin\u00e9 AB-FUBINACA avec un immaculateness Niveau de pr\u00e8s de 100% de recevoir. AB-FUBINACA \u00c0 VENDRE<\/p>\n<h4>AB-FUBINACA POUR LA VENTE EN LIGNE:<\/h4>\n<p>En outre, SCs ont \u00e9t\u00e9 effectivement saisi, lorsqu&#039;ils cuisent \u00e0 la vapeur ou par voie intrap\u00e9riton\u00e9ale \u00e0 la Perfusion ont \u00e9t\u00e9 contr\u00f4l\u00e9s \u00e0 l&#039;int\u00e9rieur du vivant par l&#039;Observation de la Vitesse, Rahmentemperatur et la Pharmacocin\u00e9tique confirm\u00e9. Gr\u00e2ce \u00e0 un M\u00e9lange d&#039;Anticorps Approche, enseignaient, nous synergique R\u00e9sultats en m\u00eame temps unpolished deux M\u00e9dicaments en Cours. AB-FUBINACA \u00c0 LA VENTE<\/p>\n<p>Les Dangers et les Avantages \u00e0 long terme du sport AB-FUBINACA d&#039;Utilisation ne semblent pas, en toute logique Param\u00e8tre a \u00e9t\u00e9 \u00e9tudi\u00e9, et le pr\u00e9cise nocifs Effet est nouveau. C&#039;est parce que, pour AB-FUBINACA pratiquement aucune Exp\u00e9rience de l&#039;Utilisation chez l&#039;Homme. Le r\u00e9cit de Confirmation par les Individus, les AB-FUBINACA dans le local Leutegruppe ont essay\u00e9, sugg\u00e8re qu&#039;il ne semble, quelque n\u00e9gatifs \u00e0 l&#039;Aise et Wellnessresultate \u00eatre, pour simplement \u00e0 la Recherche de ce M\u00e9dicament dans les petites directe Portions seul, et pour l&#039;Utiliser avec parcimonie pour \u00eatre cr\u00e9dit\u00e9 (cependant, rien de tout est d&#039;habitude enti\u00e8rement assur\u00e9). AB-FUBINACA \u00c0 LA VENTE<\/p>\n<p>Au total, notre Sondage, une large Base pour l&#039;Occasion, de SC et de la Vaccination. L&#039;interaction et l&#039;Orientation sexuelle, ont une Influence consid\u00e9rable sur l&#039;\u00e9motionnel R\u00e9sultats et pharmacologiquement-toxicologiques R\u00e9actions sur les Ordonnances. Les hommes consomment plus souvent que les Femmes, pratiquement toutes les formes ill\u00e9gales de M\u00e9dicaments et de signaler, en raison de critiques mortel ou de l&#039;Ivresse en choquant Krisenabteilungen. AB-FUBINACA \u00c0 VENDRE Chez les Filles en revanche, la Probabilit\u00e9 d&#039;avoir un Substanzkonsumst\u00f6rung de d\u00e9velopper, de m\u00eame que chez les Hommes, et ils sont plus vuln\u00e9rables \u00e0 la Demander, et des Rechutes. Cliniques et pr\u00e9cliniques des \u00c9tudes ont montr\u00e9 que les Hommes et les Femmes, peu de temps apr\u00e8s l&#039;Administration &#034;conventionnelles&#034; Recettes pour l&#039;Abus de Drogues essentiel de distinguer. AB-FUBINACA \u00c0 LA VENTE<\/p>\n<p>Cette Situation a r\u00e9cemment consid\u00e9rablement affin\u00e9e, car la tyrannique visuelle Attrait des nouvelles Substances psychoactives (NPS), comme Alternatives \u00e0 contr\u00f4l\u00e9e de M\u00e9dicaments \u00e0 l&#039;oreille. N\u00e9anmoins, en raison du D\u00e9veloppement de nouvelles Substances \u00e0 la Liste des M\u00e9decins recommand\u00e9e M\u00e9dicaments contr\u00f4l\u00e9s constamment mis \u00e0 jour. AB-FUBINACA \u00c0 VENDRE<\/p>\n<p>Sur le mode d&#039;Action de ces Substances et de leurs Effets nocifs sur l&#039;Homme et comparables \u00e0 des Objets qui ne sont pas seulement dans la Quantit\u00e9, mais aussi dans la Nature de l&#039;addition de Mat\u00e9riau peuvent varier, est peu connu. Ces derniers Temps, de faux Cannabino\u00efdes en Europe volatils et graves Rauschzust\u00e4nden mis en Relation, et en d\u00e9pit de l&#039;Ampleur des nouvelles Mesures dans ce Domaine, en avant pour un Probl\u00e8me de d\u00e9crire la Drogue Strat\u00e9gie d&#039;introduire. AB-FUBINACA \u00c0 LA VENTE<\/p>\n<p>Externe de l&#039;abdomen FUBINACA a \u00e9t\u00e9 d\u00e9couvert r\u00e9cemment, et c&#039;est un compos\u00e9 synth\u00e9tique, la substitution par D\u00e9faut pour les diff\u00e9rents authentique de Cannabis positif pour remplir. Mais comme d\u00e9j\u00e0 mentionn\u00e9, est la Norme de Cannabis est G\u00e9n\u00e9ralement ill\u00e9gal dans une incroyable Disposition de Pays \u00e0 travers le Monde, partout dans le Monde. AB-FUBINACA \u00c0 VENDRE<\/p>\n<p>En Juin 2018, a \u00e9t\u00e9 une &#034;Untersuchungsverbindung avec le Nom &#034;ABFUB7AICA&#034; sur Internet et d\u00e9couvert que 5FABP7AICA identifi\u00e9, le simple 7-Azaindol de 5FABPINACA. Nous pr\u00e9sentons les Donn\u00e9es sur le document Repr\u00e9sentation, les meilleurs Marqueurs pour l&#039;Utilisation dans l&#039;Urine et le d\u00e9but de pharmacocin\u00e9tique Subtilit\u00e9s dont. En raison de la haute Puret\u00e9 de la Drogue, l&#039;Acheteur doit seules de petites Doses de le prendre. AB-FUBINACA \u00c0 LA VENTE<\/p>\n<h5>En OUTRE:<\/h5>\n<p>La dur\u00e9e moyenne de la Mesure de AB-FUBINACA est en Milligrammes, et un Toucher de 20 Mg AB-FUBINACA d&#039;une vaste visibles et audibles Sensation d&#039;offrir. La Repr\u00e9sentation de la Composition ont \u00e9t\u00e9 les Atomschall la Spectroscopie de Combustible de la Chromatographie-Spectrom\u00e9trie de masse, l&#039;Infrarouge et la Spectroscopie Raman utilis\u00e9. AB-FUBINACA \u00c0 LA VENTE<\/p>\n<p>Ces Substances synth\u00e9tiques sont nettement plus simple de Cannabis et plus large Agonistes de R\u00e9cepteurs prouv\u00e9. Il est possible que certains d&#039;entre vous ne sont pas seulement incroyablement forte, mais aussi une dur\u00e9e de Vie prolong\u00e9e de 50%, ce qui continue Effet psychoactif permet. Les Effets du Cannabis par l&#039;externe de l&#039;abdomen CHMINACA produit. AB-FUBINACA \u00c0 VENDRE<\/p>\n<p>Pfizer a la M\u00e9decine en 2009 comme un Analg\u00e9sique puissant \u00e9volu\u00e9, mais il n&#039;a jamais \u00e9t\u00e9 utilis\u00e9 chez l&#039;Homme. Il s&#039;agit d&#039;un Programme I Substance, qui est actuellement aux etats-Unis et propose une \u00c9valuation de l&#039;actuelle \u00c9crire au sujet de la Promotion de la faux Cannabino\u00efdes comme de l&#039;Abus de Substances, \u00e0 la fin des Exemples de mauvais traitements, ainsi que de leur situation juridique, et la Connexion de l&#039;Ordre. AB-FUBINACA \u00c0 LA VENTE<\/p>\n<p>&nbsp;<\/p>","protected":false},"excerpt":{"rendered":"<p>AB-FUBINACA ZU VERKAUFEN Wir haben AB-FUBINACA ZU VERKAUFEN, die neueste synthetische Droge, die als zugelassene und wirklich erfolgreiche Alternative zu Cannabis dienen kann. W\u00e4hrend die Herstellung und der Verkauf von Cannabis in den meisten L\u00e4ndern der Welt illegal sind, unterliegt AB-FUBINACA nicht diesen Beschr\u00e4nkungen. Die synthetische Droge AB-FUBINACA ist legal, und man kann sie direkt im Internet kaufen. RC Chemicals wurde in China gegr\u00fcndet, wo wir \u00fcber eine hochmoderne Syntheseanlage verf\u00fcgen. Wir waren in der Lage, jede chemische Verbindung zu synthetisieren, und unsere Experten haben eine Methode entwickelt, um AB-FUBINACA mit einem Reinheitsgrad von etwa 100 Prozent zu erhalten. AB-FUBINACA\u2026<\/p>","protected":false},"featured_media":1644,"comment_status":"open","ping_status":"closed","template":"","meta":{"content-type":""},"product_brand":[],"product_cat":[163],"product_tag":[],"class_list":{"0":"post-1625","1":"product","2":"type-product","3":"status-publish","4":"has-post-thumbnail","6":"product_cat-forschung-chemikalien","8":"first","9":"instock","10":"shipping-taxable","11":"purchasable","12":"product-type-variable"},"_links":{"self":[{"href":"https:\/\/kokaindrogekaufen.com\/fr\/wp-json\/wp\/v2\/product\/1625"}],"collection":[{"href":"https:\/\/kokaindrogekaufen.com\/fr\/wp-json\/wp\/v2\/product"}],"about":[{"href":"https:\/\/kokaindrogekaufen.com\/fr\/wp-json\/wp\/v2\/types\/product"}],"replies":[{"embeddable":true,"href":"https:\/\/kokaindrogekaufen.com\/fr\/wp-json\/wp\/v2\/comments?post=1625"}],"wp:featuredmedia":[{"embeddable":true,"href":"https:\/\/kokaindrogekaufen.com\/fr\/wp-json\/wp\/v2\/media\/1644"}],"wp:attachment":[{"href":"https:\/\/kokaindrogekaufen.com\/fr\/wp-json\/wp\/v2\/media?parent=1625"}],"wp:term":[{"taxonomy":"product_brand","embeddable":true,"href":"https:\/\/kokaindrogekaufen.com\/fr\/wp-json\/wp\/v2\/product_brand?post=1625"},{"taxonomy":"product_cat","embeddable":true,"href":"https:\/\/kokaindrogekaufen.com\/fr\/wp-json\/wp\/v2\/product_cat?post=1625"},{"taxonomy":"product_tag","embeddable":true,"href":"https:\/\/kokaindrogekaufen.com\/fr\/wp-json\/wp\/v2\/product_tag?post=1625"}],"curies":[{"name":"wp","href":"https:\/\/api.w.org\/{rel}","templated":true}]}}