{"id":1632,"date":"2023-06-27T19:20:12","date_gmt":"2023-06-27T18:20:12","guid":{"rendered":"https:\/\/kokaindrogekaufen.com\/?post_type=product&#038;p=1632"},"modified":"2024-12-06T07:31:59","modified_gmt":"2024-12-06T07:31:59","slug":"alpha-pvp-flakka-zu-verkaufen","status":"publish","type":"product","link":"https:\/\/kokaindrogekaufen.com\/fr\/product\/alpha-pvp-flakka-zu-verkaufen\/","title":{"rendered":"ALPHA-PVP (FLAKKA) \u00c0 VENDRE"},"content":{"rendered":"<h2>ALPHA-PVP \u00c0 VENDRE:<\/h2>\n<p>Nous avons Alpha-PVP \u00e0 la Vente \u00e0 des Prix tr\u00e8s raisonnables, exactement comme tout autre M\u00e9dicament. Alpha-PVP est un Membre des plus connus de la Classe par des Experts m\u00e9dicaux, et il est pour une large Gamme d&#039;Usages. La principale raison de sa force d&#039;Attraction est sa haute Intensit\u00e9 et son mode d&#039;Action rapide. Il agit de m\u00eame pour les autres Energizer, en le pla\u00e7ant directement sur le syst\u00e8me Nerveux central fonctionne.<\/p>\n<p>Alpha-PVP est une Version plus douce de la Coca\u00efne. Il se dissout rapidement, si le Client est sous la Langue d\u00e9finit, mais il ou elle peut \u00eatre mortelle Rencontre r\u00e9gler. La Construction de l&#039;Exaltation dure g\u00e9n\u00e9ralement plus longtemps, mais si vous l&#039;avez utilis\u00e9, il doit \u00eatre dans les 30 Minutes de la fin. Apr\u00e8s le Meurtre, Vous serez en mesure de d\u00e9terminer quelle Pouls est plus prononc\u00e9e. Alpha-PVP \u00e0 vendre<\/p>\n<p>En m\u00eame temps, Vous risquez de perdre le d\u00e9sir de l&#039;Eau \u00e0 consommer. Le Bruit commence peu \u00e0 peu, \u00e0 environ 30 Minutes apr\u00e8s la Prise. La Surdit\u00e9 alors que la Langue suit par l&#039;Utilisation d&#039;un d\u00e9licat Augmentation de la pression Art\u00e9rielle et certainement pas Besoin de Boire de l&#039;Eau. Apr\u00e8s environ 45 Minutes de la Prise d&#039;une douce Stimulation de ressentir la Remorque \u00e0 action retard\u00e9e peut percevoir. Alpha-PVP pour la Vente<\/p>\n<p>Chacun des Effets ne dure que trois Heures, et il est peu probable que le Client une autre Dose, prenez-la le souhaite. Le sentiment d&#039;Euphorie que l&#039;on re\u00e7oit quand on Ressources en Alpha \u2013 PVP se cache et il ne tient pas longtemps. Certains Clients affirment que la Consommation de Edelsteinsortiments le Tabagisme est sup\u00e9rieur, parce qu&#039;il leur Nez n&#039;accomplissent correctement. Alpha-PVP \u00e0 vendre<\/p>\n<h3>ALPHA-PVP ACHETER EN LIGNE:<\/h3>\n<p>En G\u00e9n\u00e9ral, l&#039;Insufflation, une Personne qui travaille depuis longtemps l&#039;un des euphorique Exp\u00e9rience en ligne. Il est difficile de l&#039;Efficacit\u00e9 de juger, parce que certaines Personnes progressivement le concerne, \u00e0 quel Point cette Strat\u00e9gie. Il commence \u00e0 faire effet, d\u00e8s qu&#039;il entre dans le Nez de l&#039;Acheteur arrive. Le point Culminant du Hochgef\u00fchls dans un d\u00e9lai de 10 Minutes apr\u00e8s l&#039;administration de la dose. Alpha-PVP pour la Vente<\/p>\n<p>Alpha-PVP Psych\u00e9d\u00e9liques sont pr\u00eats, Effets comme la Tentation de entrancing Inclinaison, Anti-Craintes, et se d\u00e9tendre \u00e0 combiner. En outre, Votre Adversaire sur le recours habituel \u00e0 l&#039;Obtention d&#039;un Bateau, aussi Clair que Vous. Beaucoup de Gens sont un Choc Kriegsmodul, un Contr\u00f4le Perturbateur, etc. sur un inutilis\u00e9 Boot mettre pour obtenir un Avantage par rapport \u00e0 une m\u00e9fiance de l&#039;Adversaire, ou donner un Bateau &#034;app\u00e2ts&#034;, le fragile appara\u00eet comme un H\u00e9ron), mais pour le PVP est appropri\u00e9. Alpha-PVP \u00e0 vendre<\/p>\n<p>Les acheteurs, les Flakka-Benzodiaz\u00e9pines, aux \u00c9tats-Unis en tant que m\u00e9thode de Traitement d&#039;acheter, car les Benzodiaz\u00e9pines sont largement utilis\u00e9s et recommand\u00e9s. Aux etats-Unis disponibles Nootropiques servir comme un excellent Sels de bain avec des intellectuels Effets. L&#039;Utilisation de Nootropiques qui conduit \u00e0 une Augmentation de la capacit\u00e9 d&#039;Innovation et une Am\u00e9lioration de la M\u00e9moire. Alpha-PVP pour la Vente<\/p>\n<p>Apr\u00e8s environ 45 Minutes de la Consommation est une l\u00e9g\u00e8re Excitation ressentie par le Client, peut-\u00eatre lentement, per\u00e7oit. C&#039;est au Milieu des Ann\u00e9es 1960, avec le 1\/Quart-Intensit\u00e4tssumme en Relation avec le MDPV d\u00e9couvert. Les R\u00e9sultats sont \u00e0 peu pr\u00e8s comparables. Alpha-PVP arrive souvent dans le blanc des Pierres pr\u00e9cieuses avant. Tous les Effets durent que 3 Heures, et il est peu probable que le Client d&#039;une autre Portion de prendre le souhaite. Alpha-PVP \u00e0 vendre<\/p>\n<h4>ALPHA-PVP VENDRE EN LIGNE:<\/h4>\n<p>-Le PVP est Pyrovaleron et est synth\u00e9tis\u00e9, la simple C\u00e9tone de Prolintan. Il est souvent utilis\u00e9 comme drogue r\u00e9cr\u00e9ative et apr\u00e8s la Food and Drug Administration Safety and Innovation Act Schedule I de Drogue class\u00e9e. Le principal Effet de ce M\u00e9dicament est qu&#039;il est sur la capacit\u00e9 d&#039;Innovation du Client affecte. Les diff\u00e9rents R\u00e9sultats d&#039;un extr\u00eame Bonheur et un Niveau \u00e9lev\u00e9 de l&#039;\u00c9nergie. Le Corps de la Remorque se d\u00e9tend sans d\u00e9sir de Nourriture. Alpha-PVP pour la Vente<\/p>\n<p>-PVP, comme d&#039;autres M\u00e9dicaments similaires, un \u00c9tat d&#039;engendrer comme &#034;vivifiant de l&#039;Ivresse est connu, la sur-Stimulation, les N\u00e9vroses et les Fant\u00f4mes, dont le Comportement agressif et l&#039;Automutilation peuvent entra\u00eener. La M\u00e9decine est, comme avant, pour les D\u00e9c\u00e8s par Suicide et de l&#039;insuffisance Cardiaque associ\u00e9e. Il peut \u00e9galement \u00eatre le g\u00e9n\u00e9ral int\u00e9rieur et l&#039;\u00e9quilibre Thermique dangereux d&#039;augmenter, entra\u00eenant des l\u00e9sions r\u00e9nales ou une panne peut entra\u00eener. Alpha-PVP pour la Vente<\/p>\n<p>-Le PVP est souvent vraiment vivifiant et fougueux, en ce qui concerne ses Effets sur la r\u00e9elle Elektrizit\u00e4tsfixierung de l&#039;Individu consid\u00e9r\u00e9. Cela permet \u00e0 des Activit\u00e9s, comme le Travail, \u00e0 Grimper et \u00e0 se D\u00e9placer, mais il peut aussi vraiment de l&#039;\u00c9nergie il suffit de s&#039;asseoir immobile, et emploie inutiles T\u00e2ches. L&#039;Euphorie prend g\u00e9n\u00e9ralement un certain Temps, jusqu&#039;\u00e0 ce que vous utilise, mais elle doit, dans un d\u00e9lai de trente Minutes apr\u00e8s la Prise d&#039;entrer. Alpha-PVP \u00e0 vendre<\/p>\n<h5>ALPHA-PVP VENDRE DANS LE MONDE ENTIER:<\/h5>\n<p>Apr\u00e8s la mise \u00e0 Mort, Vous remarquerez que les Kreislaufbelastung progressivement augment\u00e9. Il s&#039;agit d&#039;sensationsl\u00fcsterne Histoires parfaite Medienfutter sont adapt\u00e9s et certainement le plus \u00e9trange Imm\u00e9diatet\u00e9 lire l&#039;Affirmation est connect\u00e9, des Doses importantes de l&#039;Alpha-PVP avoir pris. Ind\u00e9pendamment de extra mod\u00e9r\u00e9e, des Doses, tout simplement productif Championnat individuel de Rencontres sont difficiles \u00e0 trouver. Alpha-PVP \u00e0 vendre<\/p>\n<p>En m\u00eame temps, le d\u00e9sir de se d\u00e9barrasser de l&#039;eau Potable. En raison de sa Capacit\u00e9, les Pupilles d&#039;augmenter le PVP conduire \u00e0 des Espaces plus lumineux. R\u00e9partition des Pouvoirs et des Responsabilit\u00e9s entre les diff\u00e9rents Niveaux de la Pr\u00e9sidence A-PVP, rapide et spontan\u00e9e des Mouvements du globe Oculaire et provoquer une vision trouble et temporaire Konzentrationsverlust conduit.<\/p>\n<p>Artificielle de la Cathinone est addictif, et de sympt\u00f4mes de Sevrage, tels que la Nervosit\u00e9, des Tremblements, de la Parano\u00efa, la M\u00e9lancolie et les troubles du Sommeil peuvent se produire. Les Chercheurs ont d\u00e9couvert que les Rats accro \u00e0 Flakka ont \u00e9t\u00e9 et un Levier ont exprim\u00e9, pour la Drogue, de l&#039;Exp\u00e9rimentation de mani\u00e8re aussi coh\u00e9rente que possible \u00e0 administrer. C&#039;est ce que le Nystagmus d\u00e9signe. Alpha-PVP \u00e0 vendre<\/p>\n<p>Il est suppos\u00e9 que Flakka la temp\u00e9rature Corporelle d&#039;environ 104 Degr\u00e9s si elle n&#039;est pas augment\u00e9e. \u00c0 tr\u00e8s haute Temp\u00e9rature du corps peut avoir des Cons\u00e9quences graves, y compris des l\u00e9sions r\u00e9nales ou de panne, ainsi que, dans certains Cas, la Mort. Certes, il est important d&#039;\u00e9viter la D\u00e9shydratation, en particulier lorsque vous \u00eates dans un Environnement chaud de la danse, mais le Risque d&#039;une Wasservergiftung ne consiste pas seulement en raison de la Prise. Alpha-PVP \u00e0 vendre<\/p>\n<h5>En OUTRE:<\/h5>\n<p>Par cons\u00e9quent, les Consommateurs sont tenus de leur eau Potable facile \u00e0 d\u00e9guster et \u00e0 leur eau Potable \u00e0 respecter. Cathinones de synth\u00e8se appartenant \u00e0 une Classe de M\u00e9dicaments d&#039;ordonnance, les &#034;nouvelles Substances psychoactives&#034; sont connues et que les autorit\u00e9s Sanitaires irriter (NPS). NPS sont non r\u00e9glement\u00e9e des substances psychoactives (psychotropes) les Substances qui se sont r\u00e9cemment arriv\u00e9s sur le March\u00e9 et l&#039;Effet de Drogues illicites doivent imiter, ce qui d\u00e9sagr\u00e9ables Glaubensschleifen peut entra\u00eener. Alpha-PVP \u00e0 vendre<\/p>\n<p>Il est bien connu que NBOMs d\u00e9clencher des crises de Convulsions, et les Stimulants peuvent ce Risque de renforcer encore. Le point Culminant entre 3 et 5 Heures, mais de nombreux Utilisateurs rapportent que le Retour au D\u00e9but difficile et progressive peut. En cons\u00e9quence, certaines Personnes tr\u00e8s t\u00f4t une &#034;Re-Dose&#034;, et de consommer plus qu&#039;ils avaient l&#039;intention de faire, avec les Cons\u00e9quences d\u00e9favorables. Alpha-PVP \u00e0 vendre<\/p>\n<p>Les d\u00e9riv\u00e9s de la cathinone, MDMC et alpha-PVP n&#039;avons pas actuellement reconnue d&#039;utilisation th\u00e9rapeutique et pr\u00e9sentent un Risque \u00e9lev\u00e9 que la moyenne de la D\u00e9pendance, de l&#039;Abus et du trafic illicite de la Consommation, ainsi qu&#039;un important Toxizit\u00e4tsprofil sur les Normes du Nouvel Agenda comprend. Agenda quatre, et \u00e0 l&#039;Annexe D sont sans aucun doute inacceptable. Alpha-PVP pour la Vente<\/p>\n<h6>PLUS:<\/h6>\n<p>La Prise de Flakka est d\u00e9j\u00e0 en soi dangereux. Le Fait que Flakka en Substance non r\u00e9glement\u00e9e est, mais augmente Votre Risque. Le syst\u00e8me de Production n&#039;est pas bien contr\u00f4l\u00e9e, et les Ingr\u00e9dients varient fortement entre les Fabricants. Alpha-PVP \u00e0 vendre<\/p>\n<p>&nbsp;<\/p>","protected":false},"excerpt":{"rendered":"<p>ALPHA-PVP ZU VERKAUFEN: Wir haben Alpha-PVP zum Verkauf zu sehr g\u00fcnstigen Preisen, genau wie jedes andere Medikament. Alpha-PVP ist ein Mitglied der bekanntesten Klasse von Experten medizinische, und es ist f\u00fcr eine breite Palette von Zwecken verwendet. Der Hauptgrund f\u00fcr seine Anziehungskraft ist seine hohe Intensit\u00e4t und seine schnelle Wirkungsweise. Es wirkt \u00e4hnlich wie andere Energizer, indem es direkt auf das zentrale Nervensystem wirkt. Alpha-PVP ist eine mildere Version von Kokain. Es l\u00f6st sich schnell auf, wenn der Kunde es unter die Zunge legt, aber er oder sie kann sich auf eine t\u00f6dliche Begegnung einstellen. Der Aufbau von Elation dauert\u2026<\/p>","protected":false},"featured_media":1645,"comment_status":"open","ping_status":"closed","template":"","meta":{"content-type":""},"product_brand":[],"product_cat":[163],"product_tag":[],"class_list":{"0":"post-1632","1":"product","2":"type-product","3":"status-publish","4":"has-post-thumbnail","6":"product_cat-forschung-chemikalien","8":"first","9":"instock","10":"shipping-taxable","11":"purchasable","12":"product-type-variable"},"_links":{"self":[{"href":"https:\/\/kokaindrogekaufen.com\/fr\/wp-json\/wp\/v2\/product\/1632"}],"collection":[{"href":"https:\/\/kokaindrogekaufen.com\/fr\/wp-json\/wp\/v2\/product"}],"about":[{"href":"https:\/\/kokaindrogekaufen.com\/fr\/wp-json\/wp\/v2\/types\/product"}],"replies":[{"embeddable":true,"href":"https:\/\/kokaindrogekaufen.com\/fr\/wp-json\/wp\/v2\/comments?post=1632"}],"wp:featuredmedia":[{"embeddable":true,"href":"https:\/\/kokaindrogekaufen.com\/fr\/wp-json\/wp\/v2\/media\/1645"}],"wp:attachment":[{"href":"https:\/\/kokaindrogekaufen.com\/fr\/wp-json\/wp\/v2\/media?parent=1632"}],"wp:term":[{"taxonomy":"product_brand","embeddable":true,"href":"https:\/\/kokaindrogekaufen.com\/fr\/wp-json\/wp\/v2\/product_brand?post=1632"},{"taxonomy":"product_cat","embeddable":true,"href":"https:\/\/kokaindrogekaufen.com\/fr\/wp-json\/wp\/v2\/product_cat?post=1632"},{"taxonomy":"product_tag","embeddable":true,"href":"https:\/\/kokaindrogekaufen.com\/fr\/wp-json\/wp\/v2\/product_tag?post=1632"}],"curies":[{"name":"wp","href":"https:\/\/api.w.org\/{rel}","templated":true}]}}