{"id":1650,"date":"2023-06-27T19:20:22","date_gmt":"2023-06-27T18:20:22","guid":{"rendered":"https:\/\/kokaindrogekaufen.com\/?post_type=product&#038;p=1650"},"modified":"2024-12-06T07:35:03","modified_gmt":"2024-12-06T07:35:03","slug":"ethycathinon-online-kaufen","status":"publish","type":"product","link":"https:\/\/kokaindrogekaufen.com\/fr\/product\/ethycathinon-online-kaufen\/","title":{"rendered":"ETHYCATHINON ACHETER EN LIGNE"},"content":{"rendered":"<h2>ETHYCATHINON ACHETER EN LIGNE<\/h2>\n<p>De m\u00eame, Vous pouvez Ethycathinon en ligne \u00e0 des Prix tr\u00e8s bas acheter. Ce sel de bain-la Cathinone Analogue pourrait l&#039;Urine de son M\u00e9tabolite N-Ethycathinon \u00eatre. N-Ethylcathinon, aussi connu comme Ethylpropion ou ETH-CAT, est une synth\u00e8se de la Cathinone et Stimulant, le plus souvent dans les Badesalzmischungen et certaines Pilules contiennent.<\/p>\n<p>L&#039;Impact total du CSA et de ses Modalit\u00e9s d&#039;application, tels que des Peines d&#039;emprisonnement, civile et administrative Sanctions, d&#039;Amendes et de contr\u00f4le r\u00e9glementaire des Substances de la Liste I, par cet Achat sur la Production, la Distribution, la Possession, l&#039;Importation et l&#039;Exportation de ce artificiels Cathinons transf\u00e9rer. Fait r\u00e9v\u00e9lateur, ont \u00e9t\u00e9 plusieurs formelle \u00c9tudes Pharmacocin\u00e9tiques ou Pharmacodynamiques de mani\u00e8re cyclique substituiertem la Cathinone est effectu\u00e9e.<\/p>\n<p>D\u00e9riv\u00e9s de la cathinone, ont des Effets sympathomim\u00e9tiques avec ceux des Amph\u00e9tamines et D\u00e9riv\u00e9s sont comparables, les Observations des Clients, les pr\u00e9sum\u00e9s de la M\u00e9ph\u00e9drone \u00e0 la Toxicit\u00e9 de Contact. La Su\u00e8de est devenue la plus importante du point de vue toxicologique, a confirm\u00e9 le D\u00e9c\u00e8s, sp\u00e9cialement avec la Consommation de M\u00e9ph\u00e9drone est li\u00e9e, en 2012, enregistr\u00e9. Ethycathinon acheter en ligne<\/p>\n<p>Ethycathinone Boutique est une soci\u00e9t\u00e9 sp\u00e9cialis\u00e9e dans les secteurs pharmaceutique, de la sp\u00e9cialis\u00e9e dans de la plus haute qualit\u00e9 Cathinones en Cristal et en Poudre \u00e0 offrir, disponibles dans le monde entier. Nos Solutions sont cliniquement sur la Puret\u00e9 de leur contr\u00f4l\u00e9 que notre Engagement pour Fournir des Solutions pour non satisfaits de Sant\u00e9 et de moments de D\u00e9tente, souligne. Ces Analyses bibliom\u00e9triques a d\u00e9voil\u00e9 de nouvelles Propri\u00e9t\u00e9s dans la Forschungsfaszination avec la Cathinone, notamment le synth\u00e9tique Drogensynthese. Ethycathinon acheter en ligne<\/p>\n<h3>ETHYLCATHINON \u00c0 VENDRE:<\/h3>\n<p>En cons\u00e9quence, les R\u00e8gles doivent \u00eatre mis \u00e0 jour, afin d&#039;\u00e9tablir des Limites claires pour les occasionnels, les Soins m\u00e9dicaux et l&#039;utilisation illicite de d\u00e9finir. Nous sommes le meilleur Partenaire et avoir une rapide Relation avec diff\u00e9rents Fabricants et Fournisseurs du Monde entier. Nous avons r\u00e9cemment de qualit\u00e9, Commentaires parce que nos Clients recherchent la Qualit\u00e9. Ethycathinon acheter en ligne<\/p>\n<p>Tout ce qui nous ressemble, apr\u00e8s l&#039;Achat de Biens largement accept\u00e9. Les angstausl\u00f6sende et de focalisation Effet de Stimulants augmente la Probabilit\u00e9 de caract\u00e9ristiques d\u00e9sagr\u00e9ables Boucles. En raison de l&#039;Effet stimulant de drogues Psych\u00e9d\u00e9liques, c&#039;est la Combinaison le plus souvent inutile. Ethylcathinon seul g\u00e9n\u00e8re de fortes \u00e9motionnelle, Euphorie et de Plaisir, qui est tr\u00e8s probablement le R\u00e9sultat direct de la S\u00e9rotonine et de Dopaminaussch\u00fcttung sont. Ethycathinon acheter en ligne<\/p>\n<p>Contrairement \u00e0 Diethylcathinon est Ethcathinon cependant, en G\u00e9n\u00e9ral, pas en tant que pro-drogue, \u00e9tant donn\u00e9 qu&#039;il est (comme le Tramadol, Cod\u00e9ine et de la MDMA) aussi seul peut \u00eatre actif \u00e0 ce qu&#039;il le Regroupement par de nombreux de la rigueur des D\u00e9finitions exclut. Par Rapport \u00e0 la MDMA ressemblent \u00e0 ses Effets plut\u00f4t l&#039;Euphorie de l&#039;Amph\u00e9tamine et de la M\u00e9ph\u00e9drone. Car Diethylcathinon semble \u00eatre une Prodrogue inactive \u00eatre qu&#039;apr\u00e8s l&#039;autre de la M\u00e9tabolisation de Ethcathinon est active. Ethycathinon acheter en ligne<\/p>\n<p>Par cons\u00e9quent, penser que Ethcathinon N-dealkyliert, si il est \u00e0 la Cathinone est consomm\u00e9. Bk-MDEA agit comme la Coca\u00efne et de la non-Inhibiteur s\u00e9lectif de la Monoamine-Absorption et induit en m\u00eame temps, la S\u00e9cr\u00e9tion de la S\u00e9rotonine comme la MDMA. Beaucoup de Gens ont d\u00e9couvert qu&#039;il existe une protection efficace de Remplacement pour Ethycathinon est. Ethycathinon acheter en ligne<\/p>\n<h4>ETHYCATHINON ACHETER EN LIGNE EUROPE:<\/h4>\n<p>Il a \u00e9t\u00e9 d\u00e9crit que Ethycathinon pas seulement pour le Plaisir, car par Rapport \u00e0 d&#039;autres Stimulants seulement un minimum d&#039;Euphorie provoque, pendant la courte Dur\u00e9e d&#039;action compulsif de dosage suppl\u00e9mentaire dosage suppl\u00e9mentaire peut favoriser. M\u00e9langes avec les Substances suivantes peuvent hauts dangereux et provoquer des niveaux de s\u00e9rotonine. Le Syndrome S\u00e9rotoninergique n\u00e9cessite une attention m\u00e9dicale imm\u00e9diate et est mortelle si elle n&#039;est pas trait\u00e9e. Ethycathinon acheter en ligne<\/p>\n<p>Ethycathinon \u00e0 la Vente, \u00e0 ne pas confondre avec de l&#039;\u00c9thyl\u00e8ne, une nouvelle drogue juridique avec des Propri\u00e9t\u00e9s stimulantes, qui, en 1960, a \u00e9t\u00e9 d\u00e9couvert. Il s&#039;agit d&#039;une Drogue, la M\u00e8re Nature stimule la Puissance de l&#039;Esprit humain, \u00e0 accro\u00eetre l&#039;Euphorie de causer. Les hommes et les Femmes consomment Ethycathinon-M\u00e9dicaments en premier Lieu, m\u00e9dicaux et de Loisir. Irina Majumder de l&#039;Universit\u00e9 d&#039;Ad\u00e9la\u00efde a ce Travail \u00e9crit. Ethycathinon acheter en ligne<\/p>\n<p>Car Ethycathinone un Agoniste du M\u00fcnzrezeptors, la Liaison chimique Ethylone les professionnels des \u00c9tudes de m\u00e9decine en tant que compl\u00e9ment alimentaire pour la perte de poids sont utilis\u00e9s. Buy Ethycathinone est la D\u00e9signation pour les Compos\u00e9s chimiques bk-EBDB et N-Ethylbutylone. En outre, le M\u00e9dicament sous diff\u00e9rents Noms, parce qu&#039;il est attrayant pour les Consommateurs de Drogue qui, dans le temps libre d&#039;utiliser. Ethycathinon acheter en ligne<\/p>\n<p>L&#039;Organisation poss\u00e8de plusieurs d\u00e9cennies d&#039;Exp\u00e9rience dans la Lutte contre ces Compos\u00e9s chimiques, de sorte qu&#039;il n&#039;est pas surprenant que Ethycathinone pour la Vente au Fil des Ans, un Nom digne de confiance dans l&#039;Industrie est devenu. Diethylcathinon semble \u00eatre une Prodrogue inactive \u00eatre activ\u00e9s apr\u00e8s Ethcathinon a \u00e9t\u00e9 m\u00e9tabolis\u00e9.<\/p>\n<h4>ETHYCATHINON EN LIGNE EN EUROPE ACHETER:<\/h4>\n<p>Par cons\u00e9quent, penser que Ethcathinon de la Consommation dans une politique plus active de Drogue, la Cathinone, N-dealkyliert devrait \u00eatre, qui peut \u00eatre beaucoup mieux dans la Mesure de la s\u00e9cr\u00e9tion de dopamine fiable pour la stimuler. Notre Objectif principal est de Gro\u00dfhandelsservice proposer, nous les Compos\u00e9s chimiques, les produits Chimiques, les M\u00e9dicaments, les Cannabino\u00efdes M\u00e9langes \u00e0 base de plantes et de produits Chimiques de grande puret\u00e9 et de M\u00e9dicaments, de vendre et de livrer. Ethycathinon acheter en ligne<\/p>\n<p>Les Compos\u00e9s chimiques bk-EBDB et N-Ethylbutylon sont Ethycathinon connu. Parce que c&#039;est une Drogue merveilleuse, o\u00f9 les Utilisateurs peuvent essayer d&#039;obtenir plus d&#039;Informations pour les amateurs d&#039;utiliser des Applications est Ethycathinon Drogue sous de nombreux noms de Rue existe. L&#039;Organisation de ces produits chimiques de recherche dans le Monde entier \u00e0 envoyer, ainsi que des Experts peuvent compter que vous arrivez \u00e0 l&#039;heure, peu importe l&#039;endroit o\u00f9 vous leurs Laboratoires \u00e0 configurer.<\/p>\n<h5>PLUS:<\/h5>\n<p>Car Ethcathinon dormant pro-drogue semble \u00eatre, et juste apr\u00e8s la nouvelle de la M\u00e9tabolisation de Ethcathinon dynamise, est de supposer que l&#039;Ethcathinon lors de l&#039;Utilisation dans la plupart des Cas, N-dealkyliert est. actifs de la Drogue de la Cathinone, qui est certainement beaucoup plus fiable, la Lib\u00e9ration de Dopamine peut stimuler.<\/p>","protected":false},"excerpt":{"rendered":"<p>ETHYCATHINON ONLINE KAUFEN Ebenso k\u00f6nnen Sie Ethycathinon online zu sehr niedrigen Preisen kaufen. Dieses Badesalz-Cathinon-Analogon k\u00f6nnte der Urin-Metabolit von N-Ethycathinon sein. N-Ethylcathinon, auch bekannt als Ethylpropion oder ETH-CAT, ist ein synthetisches Cathinon und Stimulans, das h\u00e4ufig in Badesalzmischungen und einigen Pillen enthalten ist. Die vollen Auswirkungen des CSA und seiner Durchf\u00fchrungsbestimmungen, wie Haftstrafen, zivil- und verwaltungsrechtliche Strafen, Bu\u00dfgelder und beh\u00f6rdliche Kontrollen von Stoffen der Liste I, werden durch diesen Kauf auf die Herstellung, den Vertrieb, den Besitz, die Einfuhr und die Ausfuhr dieses k\u00fcnstlichen Cathinons \u00fcbertragen. Bezeichnenderweise wurden mehrere formale Studien zur Pharmakokinetik oder Pharmakodynamik von zyklisch substituiertem Cathinon durchgef\u00fchrt.\u2026<\/p>","protected":false},"featured_media":1677,"comment_status":"open","ping_status":"closed","template":"","meta":{"content-type":""},"product_brand":[],"product_cat":[163],"product_tag":[],"class_list":{"0":"post-1650","1":"product","2":"type-product","3":"status-publish","4":"has-post-thumbnail","6":"product_cat-forschung-chemikalien","8":"first","9":"instock","10":"shipping-taxable","11":"purchasable","12":"product-type-variable"},"_links":{"self":[{"href":"https:\/\/kokaindrogekaufen.com\/fr\/wp-json\/wp\/v2\/product\/1650"}],"collection":[{"href":"https:\/\/kokaindrogekaufen.com\/fr\/wp-json\/wp\/v2\/product"}],"about":[{"href":"https:\/\/kokaindrogekaufen.com\/fr\/wp-json\/wp\/v2\/types\/product"}],"replies":[{"embeddable":true,"href":"https:\/\/kokaindrogekaufen.com\/fr\/wp-json\/wp\/v2\/comments?post=1650"}],"wp:featuredmedia":[{"embeddable":true,"href":"https:\/\/kokaindrogekaufen.com\/fr\/wp-json\/wp\/v2\/media\/1677"}],"wp:attachment":[{"href":"https:\/\/kokaindrogekaufen.com\/fr\/wp-json\/wp\/v2\/media?parent=1650"}],"wp:term":[{"taxonomy":"product_brand","embeddable":true,"href":"https:\/\/kokaindrogekaufen.com\/fr\/wp-json\/wp\/v2\/product_brand?post=1650"},{"taxonomy":"product_cat","embeddable":true,"href":"https:\/\/kokaindrogekaufen.com\/fr\/wp-json\/wp\/v2\/product_cat?post=1650"},{"taxonomy":"product_tag","embeddable":true,"href":"https:\/\/kokaindrogekaufen.com\/fr\/wp-json\/wp\/v2\/product_tag?post=1650"}],"curies":[{"name":"wp","href":"https:\/\/api.w.org\/{rel}","templated":true}]}}