{"id":1659,"date":"2023-06-27T19:20:23","date_gmt":"2023-06-27T18:20:23","guid":{"rendered":"https:\/\/kokaindrogekaufen.com\/?post_type=product&#038;p=1659"},"modified":"2024-11-15T06:09:39","modified_gmt":"2024-11-15T06:09:39","slug":"nembutal-online-kaufen","status":"publish","type":"product","link":"https:\/\/kokaindrogekaufen.com\/fr\/product\/nembutal-online-kaufen\/","title":{"rendered":"NEMBUTAL ACHETER EN LIGNE"},"content":{"rendered":"<h2>NEMBUTAL ACHETER EN LIGNE<\/h2>\n<p>Ici et l\u00e0, Buy Nembutal en Ligne dans un d\u00e9lai de 24 Heures aux \u00e9tats-UNIS. Nembutal Powder, le Design est le Cadrage et gewohnheitsbildende et seulement les Personnes avec une Solution devrait vraiment l&#039;utiliser. Le M\u00e9dicament ne devrait pas, \u00e0 un certain Point les nombreuses autres particuli\u00e8rement les Individus sont transmis, en faisant un legs de la manipuler, de M\u00e9dicaments ou de l&#039;Inclinaison utilis\u00e9. Jusqu&#039;\u00e0 maintenant, cette Sp\u00e9cialiste de la c\u00e9l\u00e8bre, parce qu&#039;il est incroyablement fertile dans la Gestion des Ruheproblemen ou \u00e0 de l&#039;Anxi\u00e9t\u00e9 \u00e9tait. Les derni\u00e8res Occasions, il a \u00e9t\u00e9 avec le Combat Reste de Besoins connus.<\/p>\n<p>En raison de la R\u00e9alit\u00e9, alors, \u00e0 ce stade, la plupart des Pays ont interdit et la repousse de Repos Suppl\u00e9ments, les Actifs sont actuellement tr\u00e8s exceptionnellement. Dans tous les Cas, une Tonne de Destinations dans le Monde \u00e0 l&#039;heure actuelle, Nembutal de la Poudreuse. N\u00e9anmoins, il faut savoir que Nembutal Powder est quelque chose de mortel, et en Abondance. Ainsi, il est G\u00e9n\u00e9ralement des Gens pour le Suicide ou \u00e0 l&#039;Euthanasie utilis\u00e9e. Nembutal acheter en ligne<\/p>\n<p>Le M\u00e9dicament a \u00e9t\u00e9 dans les Ann\u00e9es 60 pour le Contr\u00f4le de la privation de Sommeil le plus confortable per\u00e7u. Getting Nembutal Poudre dans le Monde d&#039;aujourd&#039;hui est tout simplement pas beaucoup de si simple comme il \u00e9tait auparavant. La plupart mondial des Drogues dans les Pays sont utilis\u00e9s pour Nembutal Poudre dans les Masses de produire. A tout \u00c2ge, c&#039;est surtout \u00e9norm\u00e9ment diminu\u00e9, parce que les autres narcotiques et rauschartige, le m\u00e9decin prescrit des M\u00e9dicaments avec moins d&#039;effets Secondaires ind\u00e9sirables Nembutal Poudre remplac\u00e9. Nembutal acheter en ligne<\/p>\n<h3>NEMBUTAL EN LIGNE EUROPE ACHETER:<\/h3>\n<p>Th\u00e9rapeutique Experts en outre, il utilise pour le Traitement des Crises et pour diff\u00e9rentes Applications ne sont pas enregistr\u00e9es \u00e0 droite ici. Utilisation simultan\u00e9e de Barbiturs\u00e4urepr\u00e4paraten avec d&#039;autres focales en difficult\u00e9 M\u00e9thodologie d\u00e9pressifs produits Th\u00e9rapeutiques doit \u00eatre \u00e0 la Vigilance, car le participant Utilisation d&#039;une Quantit\u00e9 excessive de la S\u00e9dation, de l&#039;Inertie, ainsi que dans des Situations extr\u00eames \u00e9tat de Transe et de la Perte de la Vie, a r\u00e9ussi \u00e0 convaincre. Acheter Nembutal En Ligne<\/p>\n<p>Nembutal Poudre rend le D\u00e9but de la Gestion d&#039;\u00c9l\u00e9ments nettement moins incroyable. Vous ne devez pas-chimiques de contr\u00f4le des naissances, telles que les m\u00e9thodes de Pr\u00e9servatifs lors de l&#039;Application de Pentobarbital, afin de s&#039;assurer que Vous n&#039;\u00eates pas enceinte. Nembutal Poudre contient une coloration blanche et un Go\u00fbt piquant, le recours \u00e0 des Ennemis de l&#039;\u00c9m\u00e9tique pour inclure le Vomissement \u00e9viter, si c&#039;orale \u00e0 Doses consid\u00e9rables s&#039;affiche. Acheter Nembutal En Ligne<\/p>\n<p>Nous sommes vraiment dans le Nembutal Poudre d&#039;Affaires des Entreprises pour un couple d&#039;Ann\u00e9es \u00e0 cet Endroit, et nous obtenons exactement ce dont Vous avez besoin pour un Client. Nous donnons \u00e9galement des Barbituriques tact partout. Acquisition de Nembutal Poudre de nous, il est tr\u00e8s seul y a quelques autres. Nembutal Poudre contient une Argile blanche et dure de Caract\u00e8re, l&#039;Utilisation d&#039;Ennemis de l&#039;\u00c9m\u00e9tique d&#039;\u00e9viter regurgitating, si l&#039;oral est \u00e9lev\u00e9e, les Mesures introduites Demande. Acheter Nembutal En Ligne<\/p>\n<h6>NEMBUTAL \u00c0 LA VENTE:<\/h6>\n<p>Reach out to us at present and gain more. Restez \u00e0 l&#039;\u00e9cart de tous les Cocktails, si Vous Nembutal, Poudre pour le Traitement, sauf que Vous l&#039;avez atteint, pour le faire Vivre, de les compl\u00e9ter. L&#039;alcool augmente les Effets de Nembutal Poudre. La Prise de trop, c&#039;est g\u00e9n\u00e9ralement dangereux. Vous reconnaissez que Vous avez pris trop de comprim\u00e9s, Ils pourraient les vastes Enflure, molle ou fragiles Sentiment, une envie de faire Pipi ou un total de moins de celui-ci, lent ou rapide de la fr\u00e9quence Cardiaque, l&#039;Impuissance, la faiblesse de rythme Cardiaque, de la Respiration endormie remarquer. Nembutal acheter en ligne<\/p>\n<p>Il est fiable, les barbituriques pour d\u00e9lib\u00e9r\u00e9e d&#039;Extermination, il donne plusieurs tranquille et sans effort de Perte de l&#039;Existence, avec pratiquement pas de D\u00e9ceptions dans le plus petit Degr\u00e9. Outre le fait qu&#039;il y a un Compte apparemment l\u00e9thargique ou atroce Passages de Nembutal dans les R\u00e9serves de la Discipline, Cela pourrait \u00eatre \u00e0 cause de la mauvaise Organisation des doses appropri\u00e9es d&#039;\u00eatre. Nembutal acheter en ligne<\/p>\n<p>Nembutal Poudre, les Barbiturates sont nichtselektive focale instabilit\u00e9 de la M\u00e9thode depressants qui, en grande Partie, en tant que calmant hypnotics et Anticonvulsants dans les sous hypnotic Doses appliqu\u00e9es. Nembutal Powder est pour l&#039;Encadrement et la formation d&#039;habitude, et seulement pour ceux qui ont besoin d&#039;un Rem\u00e8de pour l&#039;utiliser. Ind\u00e9pendamment de l&#039;Affaire, que Vous \u00eates un brillant de nouvelles ou peut-\u00eatre un Client existant, nous Vous enfil\u00e9es. Nembutal acheter en ligne<\/p>\n<h5>ACHETER NEMBUTAL EN LIGNE EN FRANCE :<\/h5>\n<p>Pour les vierges Clients qui ne sont pas en ce qui concerne les Barbituriques sont form\u00e9s nous avons un personnel exp\u00e9riment\u00e9 et de Master, les Repr\u00e9sentants de l&#039;ensemble de la Strat\u00e9gie pour l&#039;Achat et l&#039;Utilisation des M\u00e9dicaments manuellement. Vous devrez Selbstzerst\u00f6rungserg\u00e4nzungen dans les Gelatinebeh\u00e4ltern, assurez-Vous que chacun des Cas, enlevez-le. La principale Explication est de leur Assimilation \u00e0 acc\u00e9l\u00e9rer pensez que Vous devriez vous mutuellement en tant que partie Int\u00e9grante de Votre Ventre bunching de pr\u00e9venir les ont. Acheter Nembutal En Ligne<\/p>\n<p>Ici, de nombreux Sondages, des Personnes, des b\u00e9n\u00e9fices ont procur\u00e9 Nembutal Poudre et d&#039;autres Personnes qui ne l&#039;ont pas. Ces derni\u00e8res Ann\u00e9es, en tant que R\u00e9sultat de l&#039;Expansion dans la Foule des Gens inquiets pour acheter Nembutal Poudre en provenance du Mexique, les Sp\u00e9cialistes ont leurs lignes Directrices, la plus difficile \u00e0 acheter Nembutal Poudre au Mexique avez pr\u00e9vu d\u00e9finie. Nembutal acheter en ligne<\/p>\n<p>Normalement, assurez-Vous que Vous \u00eates dans une Pi\u00e8ce, un amant, un ou une Personne qui peut \u00eatre Attention de l&#039;Autorit\u00e9 ne peut pas, dans quelques Heures, si il ya une Perturbation peut avoir une Bombe \u00e0 l&#039;Autodestruction effort. Apr\u00e8s Enqu\u00eate, \u00e0 travers les Esp\u00e8ces, la Fen\u00eatre de la Faiblesse de ces Vari\u00e9t\u00e9s est consid\u00e9r\u00e9e comme Ouvertures pendant le troisi\u00e8me Trimestre de la Croissance dans la, pour un grand Nombre d&#039;une longue P\u00e9riode de la Vie commencent \u00e0 environ trente Ans assez de Gens distances. Acheter Nembutal En Ligne<\/p>\n<p>Le ph\u00e9nobarbital, la Poudreuse est toujours affich\u00e9, pour la dur\u00e9e de vie de doxycycline Doxycycline pour aussi longtemps que deux Mois apr\u00e8s, un Barbiturique le Traitement est arr\u00eat\u00e9 pour abr\u00e9ger. Ce Cadre est tr\u00e8s probablement gr\u00e2ce \u00e0 l&#039;Adoption de h\u00e9patique microsomique Connexions, le traitement antimicrobien. Car il est vraiment facile de beaucoup de Nembutal Poudre de prendre (que ce soit accidentellement ou intentionnellement), il a \u00e9t\u00e9 \u00e0 peu pr\u00e8s partout, retir\u00e9s du Commerce et par des Somnif\u00e8res remplac\u00e9. Nembutal acheter en ligne<\/p>\n<h4>NEMBUTAL VENDRE EN LIGNE:<\/h4>\n<p>Nembutal Powder a \u00e9t\u00e9, en 1998, de l&#039;australian recommand\u00e9es Plan de la ville. Le M\u00e9dicament ne doit en aucun Cas \u00e0 d&#039;autres Humains, en particulier les Personnes avec des Ant\u00e9c\u00e9dents de Toxicomanie ou de D\u00e9pendance. La M\u00e9decine est encore dans quelques Pays \u00e0 travers le Monde, en principe, \u00e0 l&#039;Euthanasie des \u00catres vivants est autoris\u00e9e. Nembutal acheter en ligne<\/p>\n<p>Dans les instituts de Recherche, le M\u00e9dicament est exclusivement th\u00e9rapeutique, Diagnostic utilis\u00e9s, par Exemple pour la S\u00e9dation et l&#039;Apaisement. Nembutal Powder pourrait sur le Cadrage et gewohnheitsbildende et des Individus, et de ne pas utiliser un Rem\u00e8de, il ne doit pas se procurer. Donc Vous ne devriez pas Nembutal de la Poudre des autres est particuli\u00e8rement partager un Ensemble de Mittelmissbrauchs ont. Tous les Barbiturates ont des effets Secondaires inconfortables. Acheter Nembutal En Ligne<\/p>\n<p>Certains peuvent \u00eatre mod\u00e9r\u00e9e, tandis que d&#039;autres sont critiques. Il est probable que la plus grande et la largeur de l&#039;Effet des Barbituriques Inclinaison. Pour le Cas o\u00f9 Vous arr\u00eatez de Nembutal, Poudre pour une vaste, Vous pouvez, selon toute Probabilit\u00e9, s\u00fbr de Retrait de Caract\u00e8res et de Signes de chaque Fois que Vous arr\u00eatez l&#039;Utilisation de cette Drogue. Obtenez de l&#039;effroyable Crise comp\u00e9tent Soutien clinique \u00e0 bien de la Chance que vous acceptez que Vous avez une mauvaise Action de ces M\u00e9dicaments. Acheter Nembutal En Ligne<\/p>\n<h5>En OUTRE:<\/h5>\n<p>La Prise de trop de Nembutal Poudre pourrait \u00eatre extraordinaire. Vous reconnaissez que Vous avez pris trop de comprim\u00e9s pourraient, si Vous avez de longues \u00c9tudes, affaissement ou qu&#039;une Propension \u00e0 d\u00e9boucher sur des Pipi ou beaucoup moins de celui-ci, de la somnolence ou rapide koronares Herzniveau, impuissant, faible rythme Cardiaque et la Respiration lente remarquer. Nembutal acheter en ligne<\/p>\n<p>&nbsp;<\/p>","protected":false},"excerpt":{"rendered":"<p>NEMBUTAL ONLINE KAUFEN Hier und da, Buy Nembutal Online innerhalb von 24 Stunden in den USA. Nembutal Powder ist Design Framing und gewohnheitsbildende und nur Menschen mit einer L\u00f6sung sollte wirklich nutzen es. Die Medikation sollte kaum an irgendeinem Punkt zu den zahlreichen anderen besonders Einzelpersonen vermittelt werden, indem man eine Legacy der handhabenden Medikationen oder der Neigung verwendet. Bis jetzt war dieser Spezialist ber\u00fchmt, weil es unglaublich fruchtbar bei der Bew\u00e4ltigung von Ruheproblemen oder Angstzust\u00e4nden war. Bei vergangenen Gelegenheiten wurde es mit Kampf Rest N\u00f6te bekannt. Aufgrund der Realit\u00e4t dann, an diesem Punkt, die meisten L\u00e4nder haben verboten und\u2026<\/p>","protected":false},"featured_media":1678,"comment_status":"open","ping_status":"closed","template":"","meta":{"content-type":""},"product_brand":[],"product_cat":[163],"product_tag":[],"class_list":{"0":"post-1659","1":"product","2":"type-product","3":"status-publish","4":"has-post-thumbnail","6":"product_cat-forschung-chemikalien","8":"first","9":"instock","10":"shipping-taxable","11":"purchasable","12":"product-type-variable"},"_links":{"self":[{"href":"https:\/\/kokaindrogekaufen.com\/fr\/wp-json\/wp\/v2\/product\/1659"}],"collection":[{"href":"https:\/\/kokaindrogekaufen.com\/fr\/wp-json\/wp\/v2\/product"}],"about":[{"href":"https:\/\/kokaindrogekaufen.com\/fr\/wp-json\/wp\/v2\/types\/product"}],"replies":[{"embeddable":true,"href":"https:\/\/kokaindrogekaufen.com\/fr\/wp-json\/wp\/v2\/comments?post=1659"}],"wp:featuredmedia":[{"embeddable":true,"href":"https:\/\/kokaindrogekaufen.com\/fr\/wp-json\/wp\/v2\/media\/1678"}],"wp:attachment":[{"href":"https:\/\/kokaindrogekaufen.com\/fr\/wp-json\/wp\/v2\/media?parent=1659"}],"wp:term":[{"taxonomy":"product_brand","embeddable":true,"href":"https:\/\/kokaindrogekaufen.com\/fr\/wp-json\/wp\/v2\/product_brand?post=1659"},{"taxonomy":"product_cat","embeddable":true,"href":"https:\/\/kokaindrogekaufen.com\/fr\/wp-json\/wp\/v2\/product_cat?post=1659"},{"taxonomy":"product_tag","embeddable":true,"href":"https:\/\/kokaindrogekaufen.com\/fr\/wp-json\/wp\/v2\/product_tag?post=1659"}],"curies":[{"name":"wp","href":"https:\/\/api.w.org\/{rel}","templated":true}]}}