{"id":1665,"date":"2023-06-27T19:20:23","date_gmt":"2023-06-27T18:20:23","guid":{"rendered":"https:\/\/kokaindrogekaufen.com\/?post_type=product&#038;p=1665"},"modified":"2023-08-07T08:26:44","modified_gmt":"2023-08-07T07:26:44","slug":"pseudoephedrin-online-kaufen","status":"publish","type":"product","link":"https:\/\/kokaindrogekaufen.com\/fr\/product\/pseudoephedrin-online-kaufen\/","title":{"rendered":"LA PSEUDO\u00c9PH\u00c9DRINE EN LIGNE ACHETER"},"content":{"rendered":"<h2>LA PSEUDO\u00c9PH\u00c9DRINE EN LIGNE ACHETER<\/h2>\n<p>Acheter en premier Lieu, la Pseudo\u00e9ph\u00e9drine en Ligne \u00e0 des Prix tr\u00e8s bas. Chlorhydrate de pseudo\u00e9ph\u00e9drine peut passer dans le lait Maternel et nuire au B\u00e9b\u00e9. Utilisez chlorhydrate de Pseudo\u00e9ph\u00e9drine n&#039;est pas sans d&#039;abord Consulter Votre M\u00e9decin. Si Vous allaitez un Enfant. Pour le rhume, la Pseudo\u00e9ph\u00e9drine sont seulement disponible \u00e0 la Caisse. Des solutions qui ne Pseudo\u00e9ph\u00e9drine comme principe actif un \u00c9l\u00e9ment efficace, il convient, derri\u00e8re le Apothekentresen \u00eatre conserv\u00e9s.<\/p>\n<p>La pseudo\u00e9ph\u00e9drine, il existe une Vari\u00e9t\u00e9 de Marques et de Formes. Veuillez lire les recommandations de Posologie pour chaque Produit avec soin, car la Pseudo\u00e9ph\u00e9drine Teneur selon le Produit et la Solution peut \u00eatre diff\u00e9rente. Ne prenez pas plus de Pseudo\u00e9ph\u00e9drine un recommand\u00e9. Produits, la Pseudo\u00e9ph\u00e9drine et d&#039;autres M\u00e9dicaments ne peuvent dans des Armoires conserv\u00e9es, mais seulement \u00eatre vendus en Pharmacie, si un Pharmacien est pr\u00e9sent.<\/p>\n<p>Les personnes doivent le faire avec une pi\u00e8ce d&#039;Identit\u00e9 avec photo d&#039;identit\u00e9 pour pseudoephedrinhaltige acheter des Produits, et la Quantit\u00e9 de la Pseudo\u00e9ph\u00e9drine, un mois peut \u00eatre achet\u00e9, est interdite. En outre, les Magasins de certaines informations sur les acheteurs pendant au moins deux Ans conserver. Adressez-Vous cependant, adressez-vous \u00e0 Votre assistance m\u00e9dicale.<\/p>\n<p>Si la Ph\u00e9nyl\u00e9phrine Vos Sympt\u00f4mes ne soulage, Vous pouvez utiliser deux \u00e0 trois Heures apr\u00e8s la derni\u00e8re Dose de la Pseudo\u00e9ph\u00e9drine essayer. Dans un Souci, que cela de la mauvaise Utilisation du M\u00e9dicament soit limit\u00e9e, ont essay\u00e9 de les Lobbyistes, le Fabricant de M\u00e9dicaments sans ordonnance, la L\u00e9gislation de l&#039;\u00e9tat, et les mettant finalement avec succ\u00e8s \u00e0 tous les Compos\u00e9s chimiques \u00e0 partir, le dernier Produit de Votre Police \u00e9taient autoris\u00e9es, y compris Sudafed. La pseudo\u00e9ph\u00e9drine en ligne acheter<\/p>\n<h3>LA PSEUDO\u00c9PH\u00c9DRINE \u00c0 LA VENTE:<\/h3>\n<p>Aucune \u00e9tude scientifique n&#039;a de Diff\u00e9rence dans l&#039;Effet d\u00e9congestionnant. N\u00e9anmoins, l&#039;effet de la Vasoconstriction sur les Vaisseaux sanguins dans les Sinus et le Nez. Une fois que l&#039;EPS \u00e0 la R\u00e9sine de l&#039;Adoucisseur est li\u00e9, il peut tout m\u00e9lange de solvants \u00eatre rinc\u00e9, tant que les Ions ne sont pas significatives Partie de l&#039;Eau repr\u00e9sentent. solvant. La pseudo\u00e9ph\u00e9drine en ligne acheter<\/p>\n<p>La pseudo\u00e9ph\u00e9drine est un \u00c9ph\u00e9drine Diastereomer, facile \u00e0 M\u00e9thamph\u00e9tamine r\u00e9duit ou \u00e0 la m\u00e9thcathinone oxydable. Le Rin\u00e7age avec de l&#039;Eau distill\u00e9e, puis avec de M\u00e9thanol, puis avec de l&#039;Eau distill\u00e9e a toujours \u00e9t\u00e9 efficace. La R\u00e9sine doit ressembler \u00e0 ceci. La Drogue est en G\u00e9n\u00e9ral utile dans la Gu\u00e9rison de Nez bouch\u00e9 \u00e0 cause de R\u00e9actions allergiques ou une Rhinite. La pseudo\u00e9ph\u00e9drine en ligne acheter<\/p>\n<p>La pseudo\u00e9ph\u00e9drine peut \u00eatre \u00e9galement utilis\u00e9 pour le Traitement de la congestion des Sinus et soulager les Tensions sont utilis\u00e9s. La pseudo\u00e9ph\u00e9drine agit en alpha-adr\u00e9nergiques dans le Nez et Nebenh\u00f6hlenauskleidungen stimule, ce qui provoque la constriction des Vaisseaux sanguins, de la Fl\u00fcssigkeitsabfluss les Vaisseaux sanguins fortement r\u00e9duit l&#039;Inflammation et de r\u00e9duire. La pseudo\u00e9ph\u00e9drine en ligne acheter<\/p>\n<p>Chlorhydrate de pseudo\u00e9ph\u00e9drine peut passer dans le lait Maternel et nuire au b\u00e9b\u00e9. Utilisez chlorhydrate de Pseudo\u00e9ph\u00e9drine n&#039;est pas sans d&#039;abord consulter Votre M\u00e9decin. Si Vous allaitez un Enfant. Il permet de Soulager la Constipation du Nez et des Sinus de la face. Ces M\u00e9dicaments d\u00e9livr\u00e9s sur ordonnance sont \u00e9galement nasenabschwellende Moyens. Ils sont bri\u00e8vement utilis\u00e9 pour la Constipation et de la Pression dans les Sinus et Naseng\u00e4ngen en raison d&#039;un Rhume, le rhume des foins ou d&#039;autres Allergiesymptomen soulager. La pseudo\u00e9ph\u00e9drine en ligne acheter<\/p>\n<h4>LA PSEUDO\u00c9PH\u00c9DRINE ACHETER EN LIGNE, ETATS-UNIS:<\/h4>\n<p>Voir le Rapport entre la Pseudo\u00e9ph\u00e9drine et la Ph\u00e9nyl\u00e9phrine pour faciliter la Respiration. Ces M\u00e9dicaments d\u00e9livr\u00e9s sur ordonnance sont \u00e9galement nasenabschwellende Moyens. Ils sont pour une courte P\u00e9riode de temps utilis\u00e9e pour le Rhume, le rhume des foins ou d&#039;autres Allergiesymptome a caus\u00e9 la congestion des Sinus et les fosses nasales \u00e0 le soulager. La pseudo\u00e9ph\u00e9drine en ligne acheter<\/p>\n<p>Bien que la Pseudo\u00e9ph\u00e9drine comme un Alcalo\u00efde naturel de certaines esp\u00e8ces V\u00e9g\u00e9tales arrive (par Exemple, en tant que partie Int\u00e9grante d&#039;Extraits \u00e0 partir de Ma Huang, connus de l&#039;\u00c9ph\u00e9dra-Art, o\u00f9, en outre, de l&#039;\u00c9ph\u00e9drine Isom\u00e8res le cas), la grande Majorit\u00e9 de Fins industrielles produit Pseudoephedrins par Hefefermentation de Dextrose, en Pr\u00e9sence de Benzald\u00e9hyde gagn\u00e9. La pseudo\u00e9ph\u00e9drine en ligne acheter<\/p>\n<p>Sp\u00e9cialis\u00e9e souches de levure (en R\u00e8gle g\u00e9n\u00e9rale, le Candida ou Saccharomyces cerevisiae), dans de grands Vases donn\u00e9, l&#039;eau, le Glucose et l&#039;Enzyme Pyruvate D\u00e9carboxylase inclus. Chlorhydrate de pseudo\u00e9ph\u00e9drine Poudre est le Traitement \u00e0 court terme de l&#039;Asthme bronchique, des Sympt\u00f4mes tels que l&#039;Essoufflement, sensation d&#039;Oppression dans le haut du corps et la respiration Sifflante utilis\u00e9. La pseudo\u00e9ph\u00e9drine en ligne acheter<\/p>\n<h5>ACHETER DE LA PSEUDO\u00c9PH\u00c9DRINE EN LIGNE EN AUSTRALIE:<\/h5>\n<p>La pseudo\u00e9ph\u00e9drine est excr\u00e9t\u00e9 dans le lait Maternel. Discuter avant l&#039;Allaitement, les Risques et les Avantages avec Votre M\u00e9decin. D&#039;autres Maladies de l&#039;\u00c9ph\u00e9drine, comme Votre M\u00e9decin d\u00e9termine. Auparavant, il a \u00e9t\u00e9 Ephedrinpulver pour Traiter les probl\u00e8mes respiratoires, de l&#039;Asthme bronchique et Nasenschwellungen\/blocages \u00e0 cause de Rhume ou de R\u00e9actions allergiques utilis\u00e9. La pseudo\u00e9ph\u00e9drine en ligne acheter<\/p>\n<p>La pseudo\u00e9ph\u00e9drine Poudre est un M\u00e9dicament en vente libre pour Soulager les difficult\u00e9s Respiratoires, aux \u00c9tats-Unis disponible sur notre Site web est. Un Maximum de trois fois 25 mg d&#039;\u00c9ph\u00e9drine HCL par Jour, pour un succ\u00e8s de perte de graisse recommand\u00e9. Une Dose plus \u00e9lev\u00e9e n&#039;est tout simplement pas conseill\u00e9, parce qu&#039;elle n&#039;est pas sup\u00e9rieure. La pseudo\u00e9ph\u00e9drine en ligne acheter<\/p>\n<p>La combustion des Graisses n\u00e9cessite un Spot ou peut produire certains effets Secondaires d\u00e9sagr\u00e9ables de conduire. L&#039;Utilisation de chlorhydrate de Pseudo\u00e9ph\u00e9drine a une large Gamme d&#039;Effets m\u00e9dicinaux. Le plus souvent, il est consid\u00e9r\u00e9 comme un Bronchodilatateur utilis\u00e9 pour Traiter l&#039;Asthme bronchique, des Sympt\u00f4mes tels que l&#039;Essoufflement, une respiration Sifflante, une Toux et une sensation d&#039;Oppression dans la Poitrine utilis\u00e9. Il a \u00e9galement \u00e9t\u00e9, avec diff\u00e9rents degr\u00e9s de Succ\u00e8s pour le Traitement de l&#039;Hypotension et la congestion nasale, utilis\u00e9. La pseudo\u00e9ph\u00e9drine en ligne acheter<\/p>\n<p>La dur\u00e9e du traitement peut, au moment de cette Gamme \u00e0 un maximum de douze Mois; dans le cas contraire l&#039;apport \u00e0 long terme avoir des Cons\u00e9quences n\u00e9gatives. Bien que le chlorhydrate de Pseudo\u00e9ph\u00e9drine pas de Solution \u00e0 long terme pour l&#039;Ob\u00e9sit\u00e9 \u00e0 perdre, il est id\u00e9al pour le D\u00e9but d&#039;un programme de r\u00e9gime, si Vous avez tr\u00e8s faim. Les culturistes utilisent Ephedrine HCL environ 6 \u00e0 8 Mois avant une Comp\u00e9tition comme Vorwettkampfdi\u00e4t, de sorte que le chlorhydrate de Pseudo\u00e9ph\u00e9drine \u00e0 la Vente. La pseudo\u00e9ph\u00e9drine en ligne acheter<\/p>\n<h4>LA PSEUDO\u00c9PH\u00c9DRINE POUDRE D&#039;ACHETER EN LIGNE:<\/h4>\n<p>La pseudo\u00e9ph\u00e9drine appartient \u00e0 une Classe de M\u00e9dicaments d&#039;ordonnance, la nasale Dekongestiva sont connus. Ces M\u00e9dicaments se d\u00e9tendre les Muscles dans les voies Respiratoires et de la cavit\u00e9 Nasale, de sorte que plus de la circulation de l&#039;Air. D&#039;une aide plus \u00e9lev\u00e9e que la Dose recommand\u00e9e, en particulier chez les Femmes, il est d\u00e9conseill\u00e9, car le Produit ainsi incompatibilit\u00e9 est que chez les Hommes. De chlorhydrate de Pseudo\u00e9ph\u00e9drine et d&#039;autres m\u00e9dicaments de Marque est G\u00e9n\u00e9ralement un \u00e9quivalent G\u00e9n\u00e9rique utilis\u00e9, nettement meilleur march\u00e9. La pseudo\u00e9ph\u00e9drine en ligne acheter<\/p>\n<p>Chlorhydrate de pseudo\u00e9ph\u00e9drine Poudre est tr\u00e8s probablement l&#039;une des quatre \u00e9nerg\u00e9tique des Composants du Ephedrakrauts. Il peut causer la perte de graisse, en augmentant la Quantit\u00e9 de Graisse augmente, l&#039;Essence est Disponible, ainsi que la Consommation augmente. Il a \u00e9t\u00e9 ainsi mis en Relation, que le taux de M\u00e9tabolisme chez l&#039;Homme, jusqu&#039;\u00e0 5%. Pour le Soulagement de la Constipation est la Pseudo\u00e9ph\u00e9drine, s\u00fbr et efficace de l&#039;Ingr\u00e9dient actif dans la plupart des m\u00e9dicaments contre le rhume, des Allergies et Nebenh\u00f6hlenmedikamenten est inclus.<\/p>\n<p>Bien que ces M\u00e9dicaments chaque Ann\u00e9e, de plus de dix-huit Millions de Familles am\u00e9ricaines sont pris, peut PSE \u00e9galement dans la Fabrication illicite de M\u00e9thamph\u00e9tamine utilis\u00e9s. Dans The Sun est le chlorhydrate de Pseudo\u00e9ph\u00e9drine une Version synth\u00e9tique de l&#039;\u00c9ph\u00e9drine. Ici aussi, l&#039;\u00c9ph\u00e9dra et Extrait des Alcalo\u00efdes de l&#039;\u00c9ph\u00e9drine et de Mani\u00e8re naturelle, les Plantes sont produites au cours de l&#039;\u00c9ph\u00e9drine Chlorhydrate dans un Laboratoire de la marque. La pseudo\u00e9ph\u00e9drine en ligne acheter<\/p>\n<h4>PLUS:<\/h4>\n<p>Sans parler du fait que le chlorhydrate de Pseudo\u00e9ph\u00e9drine un certain Nombre d&#039;Applications m\u00e9dicales a. La pseudo\u00e9ph\u00e9drine, aussi connu comme Pseudoephedrinhydrochlorid, est un abschwellendes Fonds en cas de Rhume ou de Nez bouch\u00e9, le Nez et les Sinus lib\u00e9r\u00e9. La pseudo\u00e9ph\u00e9drine en ligne acheter<\/p>\n<p>Si Vous \u00eates allergique \u00e0 la Pseudo\u00e9ph\u00e9drine, informez Votre M\u00e9decin ou votre Pharmacien avant de l&#039;utiliser. Si Vous avez d&#039;autres Allergies, merci de nous le signaler. plus d&#039;info, veuillez en Informer Votre M\u00e9decin si Vous avez d\u00e9j\u00e0 des R\u00e9actions ind\u00e9sirables \u00e0 d&#039;autres Sympathomim\u00e9tiques (y compris l&#039;\u00c9ph\u00e9drine et la Ph\u00e9nyl\u00e9phrine) eu. Votre Dosage est par leur \u00c2ge, Leur \u00e9tat de Sant\u00e9 et Leur R\u00e9action \u00e0 l&#039;op\u00e9ration. La pseudo\u00e9ph\u00e9drine en ligne acheter<\/p>\n<p>D&#039;augmenter Votre Dose pas et ne prenez pas ce M\u00e9dicament plus souvent que prescrit. N&#039;utilisez pas plus de ce M\u00e9dicament que Votre \u00c2ge est recommand\u00e9e. La pseudo\u00e9ph\u00e9drine est utilis\u00e9 pour des sympt\u00f4mes d&#039;Asthme bronchique tels que l&#039;Essoufflement, sensation d&#039;Oppression dans la Poitrine, Essoufflement et la respiration Sifflante \u00e0 traiter.<\/p>","protected":false},"excerpt":{"rendered":"<p>PSEUDOEPHEDRIN ONLINE KAUFEN In erster Linie kaufen Pseudoephedrin Online zu sehr niedrigen Preisen. Pseudoephedrin HCL kann in die Muttermilch \u00fcbergehen und dem Baby schaden. Verwenden Sie Pseudoephedrin HCL nicht ohne vorherige R\u00fccksprache mit Ihrem Arzt. Wenn Sie ein Kind stillen. Erk\u00e4ltungsmittel, die Pseudoephedrin enthalten, sind nur an der Kasse erh\u00e4ltlich. L\u00f6sungen, die nur Pseudoephedrin als arzneilich wirksamen Bestandteil enthalten, sollten hinter dem Apothekentresen aufbewahrt werden. Pseudoephedrin gibt es in einer Vielzahl von Marken und Formen. Bitte lesen Sie die Dosierungsempfehlungen f\u00fcr jedes Produkt sorgf\u00e4ltig durch, da der Pseudoephedrin-Gehalt je nach Produkt und L\u00f6sung unterschiedlich sein kann. Nehmen Sie nicht mehr\u2026<\/p>","protected":false},"featured_media":1679,"comment_status":"open","ping_status":"closed","template":"","meta":{"content-type":""},"product_brand":[],"product_cat":[163],"product_tag":[],"class_list":{"0":"post-1665","1":"product","2":"type-product","3":"status-publish","4":"has-post-thumbnail","6":"product_cat-forschung-chemikalien","8":"first","9":"instock","10":"shipping-taxable","11":"purchasable","12":"product-type-variable"},"_links":{"self":[{"href":"https:\/\/kokaindrogekaufen.com\/fr\/wp-json\/wp\/v2\/product\/1665"}],"collection":[{"href":"https:\/\/kokaindrogekaufen.com\/fr\/wp-json\/wp\/v2\/product"}],"about":[{"href":"https:\/\/kokaindrogekaufen.com\/fr\/wp-json\/wp\/v2\/types\/product"}],"replies":[{"embeddable":true,"href":"https:\/\/kokaindrogekaufen.com\/fr\/wp-json\/wp\/v2\/comments?post=1665"}],"wp:featuredmedia":[{"embeddable":true,"href":"https:\/\/kokaindrogekaufen.com\/fr\/wp-json\/wp\/v2\/media\/1679"}],"wp:attachment":[{"href":"https:\/\/kokaindrogekaufen.com\/fr\/wp-json\/wp\/v2\/media?parent=1665"}],"wp:term":[{"taxonomy":"product_brand","embeddable":true,"href":"https:\/\/kokaindrogekaufen.com\/fr\/wp-json\/wp\/v2\/product_brand?post=1665"},{"taxonomy":"product_cat","embeddable":true,"href":"https:\/\/kokaindrogekaufen.com\/fr\/wp-json\/wp\/v2\/product_cat?post=1665"},{"taxonomy":"product_tag","embeddable":true,"href":"https:\/\/kokaindrogekaufen.com\/fr\/wp-json\/wp\/v2\/product_tag?post=1665"}],"curies":[{"name":"wp","href":"https:\/\/api.w.org\/{rel}","templated":true}]}}