{"id":1671,"date":"2023-06-27T19:20:24","date_gmt":"2023-06-27T18:20:24","guid":{"rendered":"https:\/\/kokaindrogekaufen.com\/?post_type=product&#038;p=1671"},"modified":"2023-08-07T08:26:22","modified_gmt":"2023-08-07T07:26:22","slug":"thc-vape-saft-online-kaufen","status":"publish","type":"product","link":"https:\/\/kokaindrogekaufen.com\/fr\/product\/thc-vape-saft-online-kaufen\/","title":{"rendered":"LE THC DE LA CIGARETTE ELECTRONIQUE JUS D&#039;ACHETER EN LIGNE"},"content":{"rendered":"<h2>LE THC DE LA CIGARETTE ELECTRONIQUE JUS D&#039;ACHETER EN LIGNE<\/h2>\n<p>Imm\u00e9diatement, Acheter Thc de la cigarette electronique Jus de fruits en ligne dans un d\u00e9lai de 24 Heures. Le THC de la cigarette electronique Jus pourrait \u00eatre une longue B\u00e2ti r\u00e9gulier de la Vie, si le chemin viable mis. Les moins difficiles d&#039;Approche pour commerce de D\u00e9tail, Leur THC de la cigarette electronique, les Jus de fruits dans un Glasfach, si envisageable trouble \u00e0 cacher. L&#039;ouverture est trop sensible peut corrompre ou de d\u00e9composer les prise en charge des M\u00e9langes en THC de la cigarette electronique la S\u00e8ve. La cigarette electronique Squeeze pr\u00e9c\u00e9demment vol\u00e9 sur la Sc\u00e8ne, si les E-Cigarettes envelopp\u00e9 jusqu&#039;connu comme un Remplacement continu de Cigarettes.<\/p>\n<p>\u00c0 cette Fin, d&#039;enregistrer les Personnes qui s&#039;y connaissent g\u00e9n\u00e9ralement le Terme de &#034;de la cigarette electronique-Jus&#034;. Il n&#039;y a pas seulement de THC de la cigarette electronique Juice, mais, comme nous l&#039;avons vu, \u00e9galement un large \u00c9ventail de R\u00e9sultats possibles, qui peuvent \u00eatre d&#039;Int\u00e9r\u00eat. Le THC de la cigarette electronique Juice, il existe sur Internet Einzelhandelsfassaden et dans des Pharmacies \u00e0 travers le Pays. La bonne de Stock a \u00e9t\u00e9 pendant un certain Temps, de deux, assez bien \u00e9tablie Laboratoires soumis \u00e0 un audit ind\u00e9pendant, pour son excellente Qualit\u00e9, la Pr\u00e9cision, la Pestiziddaten, montrant des compos\u00e9s m\u00e9talliques et Solvant pour confirmer.<\/p>\n<p>Ils seront heureux de r\u00e9aliser que Faciliter soluble, les Pesticides et les critiques de l&#039;Acier sans Frais. La simplicit\u00e9 reste le plus accessible et nous avons l&#039;habitude de Top off Stock r\u00e9guli\u00e8rement pour r\u00e9pondre aux Besoins. Souvenez-Vous de ceci: Ajouter des Terp\u00e8nes ou le Reste \u00e9choue, nettement moins dans l&#039;Ensemble de l&#039;\u00c9nergie. Nous sommes enclins, pour Leur plus mis \u00e0 la terre, mais certains peuvent peut-\u00eatre nettement plus de Caract\u00e8re \u00e0 un besoin.<\/p>\n<h3>LE THC DE LA CIGARETTE ELECTRONIQUE JUICE \u00c0 LA VENTE:<\/h3>\n<p>Liqudizer en plus des comme sont brillants \u00c9taient pour des Personnes qui ne sont pas d&#039;une Approche normale de Distillat. Pour les Personnes qui ont, il est normal de Distillat r\u00e9guli\u00e8rement \u00eatre fortement am\u00e9lior\u00e9e. Dans tous les Cas, nous allons de base sur la Fabrication d&#039;un E-Jus \u00e0 la Maison, sans Pr\u00e9paration de face de nous, et, dans la Imbuing le Cadre de l&#039;obtenir \u2013 pour la bonne Mesure pour les plus Petits d&#039;entre Eux. Le Thc de la cigarette electronique Juice en ligne acheter<\/p>\n<p>Pour pouvoir B\u00e9n\u00e9ficier de la Vapings, il convient de Vous une Boutique en ligne ou m\u00eame un Magasin dans Votre r\u00e9gion, Vous judicieuse de l&#039;offre de Transport. Attentif Livraison \u00e0 la Porte d&#039;entr\u00e9e avec une paire en Ligne de la cigarette electronique points de vente de qualit\u00e9; Vous n&#039;aurez pas Votre vaping \u00e0 minimiser le THC de la cigarette electronique Jus de sauter. Donc, pourriez-Vous quelques vides Verre de compte-Gouttes Conteneur ou en Plastique Licorne pensais Bouteilles de s\u00e9curit\u00e9 Couvertures de besoin. Le Thc de la cigarette electronique Juice en ligne acheter<\/p>\n<p>Probablement, vous avez besoin de gants en Latex, pour la Paume de Vos mains pour les prot\u00e9ger. Vous aussi avez besoin d&#039;grossi\u00e8re Pens\u00e9es Aiguilles pour l&#039;Estimation exacte, m\u00eame si le Comptage des Gouttes Approche pouvez utiliser si Vous le souhaitez. Une Combinaison incroyable de tout-normal, Partager et Concentr\u00e9s, ce qui se m\u00e9langent, pour Votre Vaping d&#039;Exp\u00e9rience pour tous. Il ne contient pas Beaucoup de propyl\u00e8ne Glycol, de la Liqueur, Ar\u00f4mes artificiels, de Diac\u00e9tyle ou Acetylpropanol, et n&#039;a pas de Sorte de Diluants de toute Art. Thc de la cigarette electronique Juice en ligne acheter<\/p>\n<h4>LE THC DE LA CIGARETTE ELECTRONIQUE JUICE ACHETER EN LIGNE EUROPE:<\/h4>\n<p>La L\u00e9galit\u00e9 de THC E-Squeeze est le plus souvent de Leur lieu de R\u00e9sidence contr\u00f4le. Pour le Cas que Vous \u00eates en Condition de vie, que le Lieu de D\u00e9tente Maryjane, comme le Colorado, la Californie, de Washington ou de l&#039;Oregon est autoris\u00e9, Vous n&#039;aurez pas de Probl\u00e8mes l\u00e9gitimes de THC de la cigarette electronique Jus dans Votre voisine Pharmacie d\u00e9pister. THC de la cigarette electronique-Huile peut \u00eatre un liquide, point de convergence de Cannabis, de Flavono\u00efdes, de Terp\u00e8nes et de Cannabino\u00efdes qui \u00e0 la Fin contemporaines Maryjane-Bourgeons sont. Le Thc de la cigarette electronique Juice en ligne acheter<\/p>\n<p>La Extraktionsplan comprend l&#039;Utilisation de l&#039;Alcool ou du Dioxyde de carbone, qui est un Produit solide, na\u00eet dans l&#039;\u00c9vaporateur peut donner. Il y a m\u00eame sur le Cannabis, enrichie de la cigarette electronique-Jus de fruits, pas de THC ou de la CDB, que Vous pouvez gagner, pour la Production de THC de la cigarette electronique-Huile d&#039;aider, alors, \u00e0 ce stade, hypoth\u00e9tique, vraiment, vraiment comme l&#039;Herbe pourrait ressembler si Vous l&#039;\u00e9vaporation. Sinon, Vous pouvez choisir une autre Saveur de e-Liquide comme une Vanille ou de Cannelle, Zeste, ou de Myrtille, de Votre e-Liquide de cr\u00e9er Vous un Gazillion Go\u00fbt pour la prise de D\u00e9cisions de la cigarette electronique Jus de d\u00e9couvrir comment, \u00e0 peu pr\u00e8s tous les Go\u00fbts possibles. Le Thc de la cigarette electronique-Jus d&#039;acheter en ligne<\/p>\n<p>Le THC de la cigarette electronique, le Jus est g\u00e9n\u00e9ralement un liquide Cannabiskonzentrat, le Cannabis, les Terp\u00e8nes et les Flavono\u00efdes contient aujourd&#039;hui Cannabisbl\u00fctenb\u00fcndeln ont \u00e9t\u00e9 supprim\u00e9s. THC-libre de la cigarette electronique-Jus de fruits sont r\u00e9guli\u00e8rement dans Internet ou dans des Vaping-Magasins. THC de la cigarette electronique-Jus de fruits ou de THC de la cigarette electronique Huile sont des Liquides dans la cigarette electronique-Stylo \u00eatre maintenue, de la Fum\u00e9e, sans l&#039;Aide de quelqu&#039;un d&#039;autre de le produire. Le Thc de la cigarette electronique Juice en ligne acheter<\/p>\n<h5>En OUTRE:<\/h5>\n<p>Il vient, \u00e0 la demande de la Personne. V\u00e9ritable THC de la cigarette electronique Jus est compos\u00e9 d&#039;Eau, d&#039;\u00c9pices dans Supperqualit\u00e4t, une Alternative \u00e0 la Nicotine ou sans Nicotine, propyl\u00e8ne Glycol PG ou v\u00e9g\u00e9tale, Glyc\u00e9rine VG. Si Vous souhaitez que Votre Herbe comme Alternative au Tabagisme s&#039;\u00e9vaporer? Vous ne devez pas moins de deux Choses: l&#039;une est de la cigarette electronique Pen en plus de certains de THC de la cigarette electronique de Jus de fruits. Le Thc de la cigarette electronique Juice en ligne acheter<\/p>\n<p>Le Distillat est souvent mince, une Quantit\u00e9 consid\u00e9rable, tr\u00e8s explicitement, \u00e0 partir d&#039;une l\u00e9gitime Cartouche s&#039;\u00e9vapore pourrait \u00eatre. Vous aurez la Possibilit\u00e9 de Terp\u00e8nes dans Votre Distillat de consolider, pour le Go\u00fbt de fusionner. Pour le Cas que Vous, \u00e0 partir de maintenant, Distillat, pas trop \u00e9pais pour \u00e9viter l&#039;utilisation de ces Donn\u00e9es et de gagner topping off. Vous avez seulement besoin d&#039;une negligeable de THC de la cigarette electronique Pen ou num\u00e9rique de la Cigarette pour acheter, avec le peu d&#039;Attention \u00e0 payer ce que le Jus dont Vous avez besoin. Le Thc de la cigarette electronique-Jus d&#039;acheter en ligne<\/p>\n<p>Si Vous avez un rechargeable de la cigarette electronique Pen acheter, Vous ne devez pas simplement un taux de THC de Jus de fruit pour les E-Cigarettes acheter; tout se trouve \u00e0 l&#039;Int\u00e9rieur de l&#039;Appareil: Ils cuisent \u00e0 la vapeur simple et de le jeter quand il est vide. D&#039;autre part, si les de la cigarette electronique rechargeable Stylo (comme son Nom l&#039;indique) avec le num\u00e9rique Zigarettenfl\u00fcssigkeit \u00eatre rempli. Le Thc de la cigarette electronique Juice en ligne acheter<\/p>","protected":false},"excerpt":{"rendered":"<p>THC VAPE SAFT ONLINE KAUFEN Sofort, Kaufen Thc Vape Saft online innerhalb von 24 Stunden. THC Vape Saft k\u00f6nnte ein langes Gestell des regelm\u00e4\u00dfigen Lebens haben, wenn weg lebensf\u00e4hig gesetzt. Die am wenigsten schwierige Ansatz zu Einzelhandel Lage Ihre THC Vape Saft ist in einem Glasfach, wenn denkbar tr\u00fcb in verbergen. Offenheit zu empfindlich kann korrumpieren oder zersetzen die unterst\u00fctzenden Mischungen in THC vape Saft gelegen. Vape Squeeze zuvor flog auf die Szene, wenn E-Zigaretten gewickelt bis bekannt als Ersatz mit kontinuierlichen Zigaretten. Zu diesem Zweck speichern die Personen, die sich auskennen, normalerweise den Begriff &#8222;Vape-Saft&#8220;. Es gibt nicht nur\u2026<\/p>","protected":false},"featured_media":1680,"comment_status":"open","ping_status":"closed","template":"","meta":{"content-type":""},"product_brand":[],"product_cat":[163],"product_tag":[],"class_list":{"0":"post-1671","1":"product","2":"type-product","3":"status-publish","4":"has-post-thumbnail","6":"product_cat-forschung-chemikalien","8":"first","9":"instock","10":"shipping-taxable","11":"purchasable","12":"product-type-variable"},"_links":{"self":[{"href":"https:\/\/kokaindrogekaufen.com\/fr\/wp-json\/wp\/v2\/product\/1671"}],"collection":[{"href":"https:\/\/kokaindrogekaufen.com\/fr\/wp-json\/wp\/v2\/product"}],"about":[{"href":"https:\/\/kokaindrogekaufen.com\/fr\/wp-json\/wp\/v2\/types\/product"}],"replies":[{"embeddable":true,"href":"https:\/\/kokaindrogekaufen.com\/fr\/wp-json\/wp\/v2\/comments?post=1671"}],"wp:featuredmedia":[{"embeddable":true,"href":"https:\/\/kokaindrogekaufen.com\/fr\/wp-json\/wp\/v2\/media\/1680"}],"wp:attachment":[{"href":"https:\/\/kokaindrogekaufen.com\/fr\/wp-json\/wp\/v2\/media?parent=1671"}],"wp:term":[{"taxonomy":"product_brand","embeddable":true,"href":"https:\/\/kokaindrogekaufen.com\/fr\/wp-json\/wp\/v2\/product_brand?post=1671"},{"taxonomy":"product_cat","embeddable":true,"href":"https:\/\/kokaindrogekaufen.com\/fr\/wp-json\/wp\/v2\/product_cat?post=1671"},{"taxonomy":"product_tag","embeddable":true,"href":"https:\/\/kokaindrogekaufen.com\/fr\/wp-json\/wp\/v2\/product_tag?post=1671"}],"curies":[{"name":"wp","href":"https:\/\/api.w.org\/{rel}","templated":true}]}}