{"id":1681,"date":"2023-06-27T19:20:31","date_gmt":"2023-06-27T18:20:31","guid":{"rendered":"https:\/\/kokaindrogekaufen.com\/?post_type=product&#038;p=1681"},"modified":"2024-03-21T20:33:47","modified_gmt":"2024-03-21T20:33:47","slug":"cbd-isolat-zu-verkaufen","status":"publish","type":"product","link":"https:\/\/kokaindrogekaufen.com\/fr\/product\/cbd-isolat-zu-verkaufen\/","title":{"rendered":"CDB, ISOLAT DE VENDRE"},"content":{"rendered":"<h2>CDB ISOLAT \u00c0 VENDRE:<\/h2>\n<p>En cons\u00e9quence, nous avons pur CDB, Isolat de prot\u00e9ine de Vente dans le Monde entier. Parce que vous CDB avec autant de diff\u00e9rents Composants de combiner, il peut \u00eatre plus difficile, la bonne Dose avec un large \u00c9ventail de la CDB, les Stocks de choisir. Car Disengages simplement de la CDB est, la Posologie est d&#039;autant plus manifeste. La Perfection de la CDB Disengage Vous donne la Libert\u00e9, d&#039;autres de la CDB, des Produits, des Couleurs et des topicals, sans aucune Pr\u00e9paration \u00e0 fabriquer. CDB, Isolat de prot\u00e9ine de Vente<\/p>\n<p>CDB-Isolat peut \u00eatre bien avec des Onguents et autres produits de soins et d&#039;arrangements de m\u00e9langer, et enrichi avec la Force de Chanvre. \u00c0 la fin de la Digestion, Votre CBD infundierter de Nectar ou de Votre Agave \u00eatre utilis\u00e9 pour l&#039;Expresso et Th\u00e9 \u00e0 affiner, \u00e0 la Bio-Produktschalen ou de C\u00e9r\u00e9ales \u00eatre dispers\u00e9 ou \u00e0 l&#039;Avocat-Toast pour une bonne sant\u00e9, de la CDB exploit\u00e9s pour D\u00e9marrer la Journ\u00e9e.<\/p>\n<p>Les Possibilit\u00e9s sont multiples et varient, parce que tous d&#039;entre Eux. CDB-Isolat jouit d&#039;une Popularit\u00e9 croissante chez les Personnes qui, selon les options de traitement alternatives pour vos besoins quotidiens de la Sant\u00e9 et de Wellnessprobleme recherche. Beaucoup de Clients sont constamment \u00e0 la Recherche de nouveaux moyens, de votre Sant\u00e9 et de Wohlstandssysteme int\u00e9grer, parce qu&#039;il est adaptable et ennuyeux R\u00e9sultats.CDB, Isolat de Vente<\/p>\n<p>Le Cycle commence avec un cadre raffin\u00e9 d&#039;\u00c9thanol, d&#039;Extraction, le Cadre, la solidit\u00e9 des Avantages et de la qualit\u00e9 de la CDB non raffin\u00e9es P\u00e9trole donne. Alors, \u00e0 ce stade, s\u00e9lectionnez cette unraffinierten P\u00e9trole Article \u00e0 travers l&#039;ensemble du Cours de la atomique Raffinage, de la les Top-Qualit\u00e9 de la CDB Distillat Chose, puis nous les avons, \u00e0 ce stade, de prendre Forme dans nos d\u00e9tacher avec une petite une petite M\u00e9thodologie d&#039;\u00e9normes Quantit\u00e9s de la CDB detach souvent de D\u00e9pistage de plus de pr\u00e8s de 100% pure.CDB isoler \u00e0 la Vente<\/p>\n<h3>CDB ISOLAT ACHETER EN LIGNE:<\/h3>\n<p>Si l&#039;Effet est limit\u00e9, Vous pouvez augmenter la Dose de 10 mg dans les Jours \u00e0 venir et d&#039;\u00e9valuer l&#039;Impact de nouveau. Si l&#039;Effet de Votre CDB simplement trop forte, r\u00e9duire la Dose jusqu&#039;\u00e0 ce que Vous avantageux pour eux Beaucoup ont trouv\u00e9 qui fonctionne pour Vous. Car pas tous de la CDB Article et des dispositions m\u00eames R\u00e8gles, lors de l&#039;Achat en Ligne de la CDB \u00c9taient d&#039;une extr\u00eame Prudence, en suivant correctement v\u00e9rifi\u00e9es Arrangements avec une solide Notori\u00e9t\u00e9 de recherche.<\/p>\n<p>Maintenant que Vous savez ce que la CDB S\u00e9paration, Vous demandez peut-\u00eatre quels sont les Avantages de la Prise de la CDB a. En fonction de votre Strat\u00e9gie, il s&#039;agit des Produits suivants, soit pour massive de la CDB ou les Pierres pour un extraordinaire Poudre blanche, le Sucre glace ressemble. Malgr\u00e9 la Possibilit\u00e9 d&#039;une l\u00e9g\u00e8re Restkirschgeschmacks devraient pas \u00eatre les deux \u00e0 la CDB Types un Parfum particulier ou de Style. CDB, Isolat de prot\u00e9ine de Vente<\/p>\n<p>Laissez-Vous, cependant, n&#039;est pas de sa finition Apparence, il existe une multitude de Raisons, pour la CDB, Isolat et tout ce qu&#039;il a \u00e0 offrir, pour exciter. En dehors de possibles, de Sant\u00e9 et d&#039;Wellnessproblemen est l&#039;\u00c9vaporation de la CDB totalement biodisponible M\u00e9thode de la CDB \u00e0 consommer. C&#039;est une Occasion fantastique de la CDB \u00e0 utiliser, si Vous avez moins de Stress, le Stress, la Nervosit\u00e9 ou la Mis\u00e8re, \u00e0 la souffrance.<\/p>\n<p>Les diff\u00e9rentes Utilisations et Applications pour ce CDB Poudre sont pratiquement illimit\u00e9es, et sa capacit\u00e9 d&#039;adaptation est incomparable. De m\u00eame, Vous avez un Contr\u00f4le complet sur la Quantit\u00e9 de la CDB, dans chaque Portion de chaque que Vous avez cr\u00e9\u00e9 \u00e0 la CDB Formule. En commen\u00e7ant par le comparable de la CDB \u00e0 l&#039;Huile dans tous les Aaronay ltd CBD Produits est disponible, supprime les RSHO de la CDB, Isolat-technique de finition, la totalit\u00e9 des Huiles, Pflanzeninhalte, de Cires, de la Chlorophylle, d&#039;autres Cannabino\u00efdes et plus de notre huile de chanvre, de sorte que pr\u00e8s de 100% pur CDB et translucide, la Poudre reste.<\/p>\n<h4>CDB, ISOLAT DE PROT\u00c9INE DE VENTE EN LIGNE:<\/h4>\n<p>Ind\u00e9pendamment du Fait que le THC n&#039;est pas sur le D\u00e9pistage des drogues est \u00e0 d\u00e9couvert, Vous ne pouvez pas \u00eatre s\u00fbr si Elles sont test\u00e9s positifs. Donc, si Vous \u00eates un excellent Travail et le D\u00e9pistage des drogues exiger, c&#039;est la Fa\u00e7on la plus simple pour un Conflit avec la Soci\u00e9t\u00e9, \u00e0 \u00e9viter. CDB-les Pierres pr\u00e9cieuses sont particuli\u00e8rement pr\u00e9cieux, car ils ne sont perceptibles Odeur ou de Go\u00fbt. CDB, Isolat de prot\u00e9ine de Vente<\/p>\n<p>C&#039;est typique. L&#039;Inconv\u00e9nient d&#039;Huiles et Concentr\u00e9s, avec de solides naturels, des Ar\u00f4mes de noisette et de Terp\u00e8nes, ce qui lui donne une incroyable Saveur unique de le pr\u00eater. Les isolats sont un excellent Substitut pour les Huiles et les Pastilles pour ceux qui aiment l&#039;Odeur et le Style n&#039;aiment pas. CDB Isolats sont id\u00e9ales pour les Personnes qui une R\u00e9action ind\u00e9sirable \u00e0 d&#039;autres Cannabino\u00efdes, mais de la CDB pour le Traitement de votre Souffrance que vous souhaitez essayer. CDB, Isolat de prot\u00e9ine de Vente<\/p>\n<p>La Coop\u00e9ration de la CDB avec la Endocannabino\u00efde Technique et d&#039;autres Signalisierungsstrategien dans le Cerveau peut indiquer que c&#039;est une excellente Strat\u00e9gie de traitement pour des Probl\u00e8mes neurologiques est. CDB-Lactos\u00e9rum en Poudre est id\u00e9al pour la Cuisine, la dispersion dans des Smoothies et des Boissons ou tout simplement pris par voie orale. Vous pouvez le consid\u00e9rer comme un concentr\u00e9 de la CDB Produit. Il doit \u00eatre utilis\u00e9 pour une Dose \u00e9quilibr\u00e9e de la CDB dans une Vari\u00e9t\u00e9 de Produits, de Solutions et de produits Alimentaires de subsistance. La convention de l&#039;Huile dans le Liquide, puis au cours de la Winterbehandlung \u00e0 une Temp\u00e9rature inf\u00e9rieure \u00e0 Z\u00e9ro. CDB, Isolat de prot\u00e9ine de Vente<\/p>\n<p>Car CDB, Isolat de prot\u00e9ine de \u00f6ll\u00f6slich, il peut (comme tous les Cannabino\u00efdes) dans une Produktformulierung \u00eatre incorpor\u00e9s. Il est facile \u00e0 Huile et faire fondre avec une Produktformulierung \u00e0 base d&#039;Huile de combiner. CDB-Isolat est un CDB Produit, dans lequel tous les autres Cannabino\u00efdes, les Terp\u00e8nes et les Flavono\u00efdes ont \u00e9t\u00e9 supprim\u00e9s, de sorte qu&#039;une pure et authentique de la CDB Huile reste. C&#039;est la fa\u00e7on la plus naturelle, la CDB Huile.CDB-Isolat de vendre<\/p>\n<h4>EN VRAC CDB, ISOLAT DE PROT\u00c9INE DE VENTE:<\/h4>\n<p>Si le CDB, Isolat de prot\u00e9ine de comme un Compl\u00e9ment \u00e0 la trinkwasserabh\u00e4ngigen de la Formulation utilis\u00e9e, elle doit dans un premier temps, soluble dans l&#039;eau de la CDB Vari\u00e9t\u00e9 \u00eatre r\u00e9solu avant d&#039;un M\u00e9lange \u00e0 partir d&#039;autres Composants solubles dans l&#039;eau est ajout\u00e9e. Dans cette Phase, toutes les Impuret\u00e9s r\u00e9siduelles et extr\u00eames de Composants \u00e0 partir des deux Phases pr\u00e9c\u00e9dentes de la ville. Le CBDA Huile est ensuite chauff\u00e9 pour en CBD de Concentration de transformer, gr\u00e2ce \u00e0 un Processus connu au travers de d\u00e9carboxylation converti est connu.<\/p>\n<p>Fabriqu\u00e9 dans une nussverarbeitenden Usine. Si Vous recommande de Pamplemousse, d&#039;\u00e9viter de consulter Votre assistance m\u00e9dicale, avant de l&#039;utiliser. Si des effets Ind\u00e9sirables surviennent, arr\u00eatez la Prise d&#039;un. Si le Sceau est bris\u00e9, il ne peut pas \u00eatre utilis\u00e9. La CDB en Gros, notre entreprise Familiale, est \u00e0 la Production de la CDB riches en Fleurs, ainsi que la Fabrication et la Commercialisation de produits \u00e0 base de Chanvre sp\u00e9cialis\u00e9. Nous g\u00e9rons l&#039;ensemble de la Cha\u00eene de cr\u00e9ation de valeur. Nous contr\u00f4lons l&#039;ensemble du Processus, de la G\u00e9n\u00e9tique jusqu&#039;\u00e0 l&#039;Emballage final, pour des Produits de qualit\u00e9 et de garantir des Services.CDB, Isolat de Vente<\/p>\n<p>Les endocannabino\u00efdes stimulent diff\u00e9rents Neurorezeptoren dans notre Corps et de r\u00e9guler la Production d&#039;Hormones et de Prot\u00e9ines, ce qui, de notre syst\u00e8me Immunitaire et de nos Organes, de nos Pens\u00e9es et de notre Imagination r\u00e9guler. Mescalinenearme CDB Isolat a \u00e9t\u00e9 pour la troisi\u00e8me Fois dans diff\u00e9rents Environnements test\u00e9s pour l&#039;Absence de m\u00e9taux lourds, de Pesticides, d&#039;L\u00f6sungsmittelr\u00fcckst\u00e4nden, Mycotoxines et autres Impuret\u00e9s de s&#039;assurer. CDB-Isolat de vendre<\/p>\n<h5>PLUS:<\/h5>\n<p>Les endocannabino\u00efdes stimulent diff\u00e9rents Neurorezeptoren dans notre Corps et de r\u00e9guler la Production d&#039;Hormones et de Prot\u00e9ines, ce qui, de notre syst\u00e8me Immunitaire, de nos Organes, de nos Pens\u00e9es et de notre Imagination r\u00e9guler. aaronay CDB Isolats a \u00e9t\u00e9 pour la troisi\u00e8me Fois dans diff\u00e9rents Environnements test\u00e9s pour s&#039;assurer qu&#039;aucun m\u00e9taux lourds, Pesticides, r\u00e9sidus de solvants, les Mycotoxines et autres Contaminants sont pr\u00e9sents. CDB, Isolat de Vente<\/p>\n<p>Vous pouvez \u00e9galement l&#039;utiliser dans Votre Nourriture m\u00e9langer pendant qu&#039;il est cuit, ou dans Leurs Boissons r\u00e9soudre. CBD2-R\u00e9cepteurs se trouvent partout dans le syst\u00e8me Immunitaire et les Processus, mais \u00e0 la CDB de l&#039;Huile n&#039;a pas d&#039;Effet sur l&#039;un des R\u00e9cepteurs, comme le THC a des. Au Contraire, il incite le Corps humain, beaucoup plus naturelle Endocannabino\u00efdes de produire, qui est d\u00e9j\u00e0 dans Votre Syst\u00e8me.<\/p>","protected":false},"excerpt":{"rendered":"<p>CBD ISOLAT ZU VERKAUFEN: Als Ergebnis haben wir reines CBD-Isolat zum Verkauf in der ganzen Welt. Weil sie CBD mit so vielen verschiedenen Bestandteilen kombinieren, kann es schwieriger sein, die passende Portion mit einer breiten Palette von CBD-Best\u00e4nden zu w\u00e4hlen. Da es sich bei Disengages einfach um CBD handelt, ist die Dosierung umso offensichtlicher. Die Makellosigkeit von CBD-Disengage gibt Ihnen die Freiheit, andere CBD-Produkte, wie Farben und Topicals, ohne jegliche Vorbereitung herzustellen. CBD-Isolat zum Verkauf CBD-Isolat l\u00e4sst sich gut mit Salben und anderen Hautpflegeprodukten und -arrangements mischen und bereichert diese mit der Kraft des Hanfs. Nach dem vollst\u00e4ndigen Aufschluss kann\u2026<\/p>","protected":false},"featured_media":1711,"comment_status":"open","ping_status":"closed","template":"","meta":{"content-type":""},"product_brand":[],"product_cat":[163],"product_tag":[],"class_list":{"0":"post-1681","1":"product","2":"type-product","3":"status-publish","4":"has-post-thumbnail","6":"product_cat-forschung-chemikalien","8":"first","9":"instock","10":"shipping-taxable","11":"purchasable","12":"product-type-variable"},"_links":{"self":[{"href":"https:\/\/kokaindrogekaufen.com\/fr\/wp-json\/wp\/v2\/product\/1681"}],"collection":[{"href":"https:\/\/kokaindrogekaufen.com\/fr\/wp-json\/wp\/v2\/product"}],"about":[{"href":"https:\/\/kokaindrogekaufen.com\/fr\/wp-json\/wp\/v2\/types\/product"}],"replies":[{"embeddable":true,"href":"https:\/\/kokaindrogekaufen.com\/fr\/wp-json\/wp\/v2\/comments?post=1681"}],"wp:featuredmedia":[{"embeddable":true,"href":"https:\/\/kokaindrogekaufen.com\/fr\/wp-json\/wp\/v2\/media\/1711"}],"wp:attachment":[{"href":"https:\/\/kokaindrogekaufen.com\/fr\/wp-json\/wp\/v2\/media?parent=1681"}],"wp:term":[{"taxonomy":"product_brand","embeddable":true,"href":"https:\/\/kokaindrogekaufen.com\/fr\/wp-json\/wp\/v2\/product_brand?post=1681"},{"taxonomy":"product_cat","embeddable":true,"href":"https:\/\/kokaindrogekaufen.com\/fr\/wp-json\/wp\/v2\/product_cat?post=1681"},{"taxonomy":"product_tag","embeddable":true,"href":"https:\/\/kokaindrogekaufen.com\/fr\/wp-json\/wp\/v2\/product_tag?post=1681"}],"curies":[{"name":"wp","href":"https:\/\/api.w.org\/{rel}","templated":true}]}}