{"id":1696,"date":"2023-06-27T19:20:32","date_gmt":"2023-06-27T18:20:32","guid":{"rendered":"https:\/\/kokaindrogekaufen.com\/?post_type=product&#038;p=1696"},"modified":"2024-08-01T10:46:36","modified_gmt":"2024-08-01T09:46:36","slug":"ephedrin-hcl-pulver-zum-verkauf","status":"publish","type":"product","link":"https:\/\/kokaindrogekaufen.com\/fr\/product\/ephedrin-hcl-pulver-zum-verkauf\/","title":{"rendered":"EPHEDRINE HCL EN POUDRE POUR LA VENTE"},"content":{"rendered":"<h2>EPHEDRINE HCL EN POUDRE POUR LA VENTE<\/h2>\n<p>En outre, nous avons la plus haute Qualit\u00e9 de l&#039;\u00c9ph\u00e9drine Fournisseur, l&#039;\u00c9ph\u00e9drine \u00e0 la Vente. Ephedrinsulfat a un Effet similaire sur le syst\u00e8me NERVEUX central. Il stimule le Cortex c\u00e9r\u00e9bral et sous-corticales Poser, c&#039;est pourquoi il est utilis\u00e9 pour le Traitement de la Narcolepsie est utilis\u00e9. En raison de l&#039;\u00e9volution des Pr\u00e9occupations de sant\u00e9, avec de l&#039;\u00c9ph\u00e9drine sont connect\u00e9s, il ne doit pas utilis\u00e9s comme Compl\u00e9ments alimentaires. L&#039;\u00e9ph\u00e9drine, comme Ph\u00e9n\u00e9thylamine, m\u00eame synth\u00e9tiques de Structure, tels que les Amph\u00e9tamines, et est avant tout un M\u00e9thamph\u00e9tamine toujours la M\u00e9thamph\u00e9tamine, avec un Syst\u00e8me Hydroxyle Faisceau \u00e0 l&#039;Int\u00e9rieur de la Situation.<\/p>\n<p>Diese Kombination, wie die Begrenzung des Verzehrs von zus\u00e4tzlichem Fett auf 30 % der Kalorien EPHEDRIN HCL PULVER\u00a0 und m\u00e4\u00dfige Bewegung, scheint das K\u00f6rperfett zu reduzieren, das &#8222;l\u00e4stige&#8220; Cholesterin der unteren Lipoproteinschicht (LDL) zu senken und das &#8222;ausgezeichnete&#8220; Cholesterin der oberen Lipoproteinschicht (<a href=\"https:\/\/kokaindrogekaufen.com\/fr\/product\/ketamin-500-mg-10-ml-zu-verkaufen\/\">HDL<\/a>) zu erh\u00f6hen. Ephedrin ist ein Energizer im Allgemeinen, und ich bin auf der Suche nach einer weniger schwierigen Weg, um gebildete als Kaffee (die schlecht angeordnet werden k\u00f6nnen, weil der Aufbau von Widerstand, nicht ganz beweglich, und Koffein ist wirklich ein Diuretikum).Ephedrin zum Verkauf<\/p>\n<p>L&#039;\u00e9ph\u00e9drine devrait pas utilis\u00e9 pendant la Grossesse, sauf si elle est express\u00e9ment prescrit par un M\u00e9decin et seulement si pas d&#039;autres Alternatives sont Disponibles. Toutefois, l&#039;\u00c9ph\u00e9dra des Combinaisons aussi soigneusement \u00e9tudi\u00e9s et examin\u00e9s, ou susceptibles de l&#039;\u00eatre adapt\u00e9e \u00e0 des Adultes, discret, des Am\u00e9liorations de la Kreislaufbelastung et la fr\u00e9quence Cardiaque. L&#039;\u00e9ph\u00e9drine pour la Vente<\/p>\n<h3>L&#039;\u00c9PH\u00c9DRINE ACHETER EN LIGNE:<\/h3>\n<p>Il existe des Pr\u00e9occupations quant \u00e0 la S\u00e9curit\u00e9 de ce Produit, car d&#039;importantes Quantit\u00e9s de Combustible dans l&#039;\u00c9ph\u00e9dra et de Caf\u00e9ine contient et, parfois, est pris, sans effets Secondaires nocifs \u00e0 \u00eatre examin\u00e9. L&#039;\u00e9ph\u00e9drine r\u00e9duit \u00e9galement la Vidange gastrique. M\u00e9thylxanthines, comme la Caf\u00e9ine et la Th\u00e9ophylline, ont une tr\u00e8s synergique Relation avec l&#039;\u00c9ph\u00e9drine pour la perte de graisse. L&#039;\u00e9ph\u00e9drine pour la Vente<\/p>\n<p>Dies EPHEDRIN HCL PULVER f\u00fchrte dazu, dass sich das Blatt wendete und im Internet zusammengesetzte Produkte vorgestellt wurden. Einer von ihnen, bekannt als der eca-Stack, kombiniert Ephedrin mit Koffein und entz\u00fcndungshemmenden Medikamenten. Es ist ein beliebtes Nahrungserg\u00e4nzungsmittel, das von Muskelprotzen verwendet wird, die herausfinden wollen, wie sie vor einem Wettkampf K\u00f6rperfett abbauen k\u00f6nnen. Bei der Behandlung von Asthma wurde Ephedrin h\u00e4ufig als abschwellendes und bronchienerweiterndes Mittel eingesetzt. Ephedrin zu verkaufen<\/p>\n<p>C&#039;est pour ces Signes, bien que sa Reconnaissance en raison de la Disposition de plus convaincant de Sp\u00e9cialistes de ces Signes, les beaucoup moins d\u00e9favorable R\u00e9sultats montrent diminue. Le R\u00f4le de l&#039;Obstruction nasale a \u00e9t\u00e9 en grande partie gr\u00e2ce \u00e0 beaucoup plus -adr\u00e9nergiques Agonistes des R\u00e9cepteurs de born\u00e9o. L&#039;\u00e9ph\u00e9drine pour la Vente<\/p>\n<p>L&#039;\u00e9ph\u00e9drine peut dans le Sang, le Plasma ou l&#039;Urine, afin de possibles mauvais traitements de la part des Concurrents de d\u00e9terminer et de l&#039;Enqu\u00eate sur le Pr\u00e9judice ou d&#039;Aide m\u00e9dico-l\u00e9gales Sterbeuntersuchung \u00e0 confirmer. De nombreuses m\u00e9caniques de dosage immunologique de D\u00e9pistage, les Amph\u00e9tamines sont associ\u00e9s semblent contenant de l&#039;\u00c9ph\u00e9drine kreuzzureagieren, mais les M\u00e9thodes chromatographiques peuvent \u00c9ph\u00e9drine, sans aucun doute, d&#039;autres Ph\u00e9n\u00e9thylamine Filiales diff\u00e9rentes. L&#039;\u00e9ph\u00e9drine \u00e0 vendre<\/p>\n<h4>L&#039;\u00c9PH\u00c9DRINE POUR LA VENTE EN LIGNE:<\/h4>\n<p>L&#039;\u00e9ph\u00e9drine est un bronchienerweiterndes Moyen \u00e0 court terme de traitement de l&#039;asthme en vente libre peut \u00eatre utilis\u00e9. En outre, il est utile comme un Energizer et est souvent utilis\u00e9e dans les Stations de CAMION Conducteurs de CAMIONS achet\u00e9s \u00e0 cette Fin. Comme il s&#039;agit d&#039;une M\u00e9thamph\u00e9tamine Pr\u00e9curseur, a \u00e9t\u00e9 Vente sur les CAMIONS-Arr\u00eats depuis 2006, les Autorit\u00e9s AM\u00c9RICAINES ont consid\u00e9rablement restreint. L&#039;\u00e9ph\u00e9drine a une tr\u00e8s remarquable et \u00e9tonnante Traitement de l&#039;Asthme bronchique, notamment parce que, Contrairement \u00e0 l&#039;Adr\u00e9naline (jusqu&#039;\u00e0 la Fin du traitement Standard) administr\u00e9 par voie orale peut \u00eatre. L&#039;\u00e9ph\u00e9drine pour la Vente<br \/>\nArticle sponsoris\u00e9 Trouvez quelque chose pour tout le monde dans notre collection de chaussettes color\u00e9es, lumineuses et \u00e9l\u00e9gantes. Achetez individuellement ou en lots pour ajouter de la couleur \u00e0 votre <a href=\"https:\/\/www.high-endrolex.com\/\" target=\"_blank\" rel=\"noopener\">sock<\/a> tiroir!<br \/>\nL&#039;Utilisation de l&#039;\u00c9ph\u00e9drine pour le Traitement de l&#039;Asthme bronchique a atteint \u00e0 la fin des Ann\u00e9es 1950, son Apog\u00e9e, \u00e0 la suite de quoi l&#039;Utilisation th\u00e9rapeutique progressivement et r\u00e9guli\u00e8rement diminu\u00e9. L&#039;\u00e9ph\u00e9drine a Standardverschreibung \u00e0 un \u00e9trange Endroit de Stra\u00dfenmedikamenten et nutritifs Compl\u00e9ments alimentaires d\u00e9velopp\u00e9s. L&#039;\u00e9ph\u00e9dra et de Ephedrinprodukte et des arrangements sont, dans de nombreux Pays du Monde, est strictement interdite, car elle est une Composante cl\u00e9 dans la Production de la d\u00e9pendance Connexion de M\u00e9thamph\u00e9tamine sont. L&#039;\u00e9ph\u00e9drine pour la Vente<\/p>\n<p>L&#039;Application syst\u00e9matique est l&#039;\u00c9ph\u00e9drine souvent, s\u00fbr et bien tol\u00e9r\u00e9; les suivantes Effets n\u00e9gatifs sont toutefois augmentation de Herzkosten, de l&#039;Hypertension et de la Nervosit\u00e9, de la souvent peu de temps apr\u00e8s la premi\u00e8re Semaine ou pour l&#039;Application de disparition. Bien que les Compl\u00e9ments alimentaires, les Ephedrinalkaloide inclus, aujourd&#039;hui, de nombreuses Personnes avec un Degr\u00e9 suffisant de S\u00e9curit\u00e9 et de Viabilit\u00e9, vous pouvez pour les Personnes, certaines ont de graves Maladies chroniques, \u00eatre extr\u00eamement dangereux. L&#039;\u00e9ph\u00e9drine \u00e0 vendre<\/p>\n<h4>EPHEDRINE HCL EN POUDRE POUR LA VENTE:<\/h4>\n<p>Plusieurs \u00c9tudes de cas ont des Alcalo\u00efdes de l&#039;\u00c9ph\u00e9drine comme la Cause pour de vrai d\u00e9favorable effets sur la sant\u00e9 chez les Personnes d\u00e9pendantes, y compris, mais non limit\u00e9 \u00e0, crise Cardiaque, accident vasculaire C\u00e9r\u00e9bral, Convulsions, et, dans les Cas extr\u00eames, la Mort implique. L&#039;\u00e9ph\u00e9drine est un abschwellendes de Ressources et un g\u00e9n\u00e9ral, un Bronchodilatateur. Il agit en r\u00e9duisant le Gonflement et le R\u00e9tr\u00e9cissement des Vaisseaux sanguins dans les Naseng\u00e4ngen r\u00e9duit et les voies a\u00e9riennes du Poumon avanc\u00e9, ce qui rend la Respiration sera grandement facilit\u00e9. L&#039;\u00e9ph\u00e9drine pour la Vente<\/p>\n<p>En outre, il stimule le M\u00e9tabolisme, de sorte que le Corps lors de la Journ\u00e9e de travail au moyen d&#039;un Processus de Thermogen\u00e8se est pas intense Activit\u00e9 beaucoup plus d&#039;\u00c9nergie et de la Graisse non d\u00e9sir\u00e9e br\u00fbler. La plupart des personnes \u00e0 la di\u00e8te obtenir ce M\u00e9dicament le Matin ou en d\u00e9but d&#039;apr\u00e8s-Midi, pour le M\u00e9tabolisme au cours de la Journ\u00e9e, un maximum de stimuler. L&#039;\u00e9ph\u00e9drine Suppl\u00e9ments ne sont G\u00e9n\u00e9ralement pas utilis\u00e9 pour le Traitement des Maladies, m\u00eame si la plupart des Gens \u00e0 court terme se sont av\u00e9r\u00e9es efficaces. L&#039;\u00e9ph\u00e9drine pour la Vente<\/p>\n<p>Es steht Ihnen frei zu versuchen, Rockford Chronic Ephedrine unbegrenzt zu wiederholen; EPHEDRIN HCL PULVER k\u00fcmmert sich nicht darum, wie sie beginnen. Ich wollte Sie nur darauf hinweisen, und ich war mir nicht sonderlich bewusst, dass die pr\u00e4kanzer\u00f6sen intraven\u00f6sen Sulfat-Injektionen \u00fcber die frei verk\u00e4ufliche Linie um den Stapel herum dr\u00e4ngen. Ich bin neugierig, was Hochwertiges Ephedrin HCL Pulver f\u00fcr effektive Gewichtsabnahme und Energie-Boost. Jetzt bestellen und von schnellem Versand profitieren! ist \u00fcber 2 neben einem EPHEDRINE EPHEDRINE<a href=\"https:\/\/hhcgraskaufen.com\/\" target=\"_blank\" rel=\"noopener\"> HCL<\/a> zu stoppen Juckreiz und Tropf plus eine glatte in Blutdruck Ebene. Ephedrin zum Verkauf<\/p>\n<p>Veuillez expliquer tout d&#039;abord les points communs: l&#039;\u00c9ph\u00e9drine HCL et de Pseudo\u00e9ph\u00e9drine sont \u00e0 la fois naturelle des Alcalo\u00efdes de l&#039;\u00c9ph\u00e9dra de l&#039;Arbuste \u00eatre gagn\u00e9. L&#039;\u00e9ph\u00e9drine et la Pseudo\u00e9ph\u00e9drine sont dans l&#039;\u00c9ph\u00e8dre de Th\u00e9 et Suppl\u00e9ments d&#039;\u00c9ph\u00e9dra. Pour la Compatibilit\u00e9 et le temps de R\u00e9action de juger. Cela signifie que Vous avez un compl\u00e9ment alimentaire, de Fa\u00e7on \u00e9quilibr\u00e9e, pris. Bowman offre une Exp\u00e9rience unique, qu&#039;il est dans le Dermazentrum n&#039;existe pas. L&#039;\u00e9ph\u00e9drine \u00e0 vendre<\/p>\n<h5>PLUS:<\/h5>\n<p>EPHEDRIN HCL PULVER Schlucken Sie die Flasche ganz und versuchen Sie, die zuf\u00e4llige Enthauptung zu defibrillieren; Guaifenesin kann verwendet werden, um die Brillen zun\u00e4chst auszugleichen. Mittelsmann EPHEDRINE HCL ist die Zeit zu starten. Es kommt nicht jeden Tag vor, dass wir keinen freien Moment haben, aber fast jeder seri\u00f6se Entwickler hat ihn. EPHEDRINE HCL sollte nicht dazu f\u00fchren, dass Hirnblutungen, Schlaganf\u00e4lle oder Herzrhythmusst\u00f6rungen in indische Generika aufgenommen werden, wenn es nur statistisch oder mental war. Ephedrin zum Verkauf<\/p>\n<p>L&#039;\u00e9ph\u00e9drine est l&#039;Ingr\u00e9dient actif dans Ma Huang, une plante M\u00e9dicinale utilis\u00e9e depuis des Milliers d&#039;Ann\u00e9es en Chine. L&#039;\u00e9ph\u00e9drine a \u00e9t\u00e9 largement \u00e9tudi\u00e9 et est relativement Connexion fiable \u00e0 court et \u00e0 moyen terme la perte de poids (moins de 6 Mois), et mod\u00e9r\u00e9e des gains de Performances \u00e0 entra\u00een\u00e9s, les Hommes et les Femmes. Toutefois, il n&#039;est pas dans toutes les Situations difficiles efficace; \u00e0 plus long terme, la perte de graisse et des R\u00e9sultats chez les sujets non entra\u00een\u00e9s, n&#039;ont pas \u00e9t\u00e9 \u00e9tudi\u00e9s. Important et parfois d\u00e9favorables \u00e0 la R\u00e9ussite de l&#039;\u00c9ph\u00e9drine pour la Vente<\/p>\n<p>Dans le cas des Personnes de l&#039;\u00c9ph\u00e9drine, de r\u00e9tablir, il peut causer de l&#039;Insomnie \u00e0 venir. Ephedrine HCL appartient \u00e0 une Classe de M\u00e9dicaments, les Sympathomim\u00e9tiques sont connus, car les produits Chimiques ressemble, par la sympathique Angstreaktion au cours d&#039;une &#034;Lutte ou Fluchtsituation&#034; sont produites. Le M\u00e9dicament se lie \u00e0 l&#039;Alpha - et le B\u00eata-Adr\u00e9nor\u00e9cepteurs, ce qui rend le tissu Nerveux semblable \u00e0 une mont\u00e9e d&#039;Adr\u00e9naline stimule. L&#039;\u00e9ph\u00e9drine \u00e0 vendre<\/p>","protected":false},"excerpt":{"rendered":"<h3 style=\"text-align: center;\">EPHEDRIN HCL PULVER<\/h3>\n<p>Hochwertiges Ephedrin HCL Pulver f\u00fcr effektive Gewichtsabnahme und Energie-Boost. Jetzt bestellen und von schnellem Versand profitieren!<\/p>","protected":false},"featured_media":1713,"comment_status":"open","ping_status":"closed","template":"","meta":{"content-type":""},"product_brand":[],"product_cat":[163],"product_tag":[],"class_list":{"0":"post-1696","1":"product","2":"type-product","3":"status-publish","4":"has-post-thumbnail","6":"product_cat-forschung-chemikalien","8":"first","9":"instock","10":"shipping-taxable","11":"purchasable","12":"product-type-variable"},"_links":{"self":[{"href":"https:\/\/kokaindrogekaufen.com\/fr\/wp-json\/wp\/v2\/product\/1696"}],"collection":[{"href":"https:\/\/kokaindrogekaufen.com\/fr\/wp-json\/wp\/v2\/product"}],"about":[{"href":"https:\/\/kokaindrogekaufen.com\/fr\/wp-json\/wp\/v2\/types\/product"}],"replies":[{"embeddable":true,"href":"https:\/\/kokaindrogekaufen.com\/fr\/wp-json\/wp\/v2\/comments?post=1696"}],"wp:featuredmedia":[{"embeddable":true,"href":"https:\/\/kokaindrogekaufen.com\/fr\/wp-json\/wp\/v2\/media\/1713"}],"wp:attachment":[{"href":"https:\/\/kokaindrogekaufen.com\/fr\/wp-json\/wp\/v2\/media?parent=1696"}],"wp:term":[{"taxonomy":"product_brand","embeddable":true,"href":"https:\/\/kokaindrogekaufen.com\/fr\/wp-json\/wp\/v2\/product_brand?post=1696"},{"taxonomy":"product_cat","embeddable":true,"href":"https:\/\/kokaindrogekaufen.com\/fr\/wp-json\/wp\/v2\/product_cat?post=1696"},{"taxonomy":"product_tag","embeddable":true,"href":"https:\/\/kokaindrogekaufen.com\/fr\/wp-json\/wp\/v2\/product_tag?post=1696"}],"curies":[{"name":"wp","href":"https:\/\/api.w.org\/{rel}","templated":true}]}}