{"id":1703,"date":"2023-06-27T19:20:33","date_gmt":"2023-06-27T18:20:33","guid":{"rendered":"https:\/\/kokaindrogekaufen.com\/?post_type=product&#038;p=1703"},"modified":"2024-08-01T10:15:12","modified_gmt":"2024-08-01T09:15:12","slug":"etizolam-pulver-zum-verkauf","status":"publish","type":"product","link":"https:\/\/kokaindrogekaufen.com\/fr\/product\/etizolam-pulver-zum-verkauf\/","title":{"rendered":"\u00c9TIZOLAM POUDRE POUR LA VENTE"},"content":{"rendered":"<h2>\u00c9TIZOLAM POUDRE POUR LA VENTE<\/h2>\n<p>Von Nord- bis S\u00fcdamerika, Europa bis Asien, haben wir wirklich hochwertige, reine <a href=\"https:\/\/kokaindrogekaufen.com\/fr\/kokain-preis\/\">Etizolam<\/a> zum Verkauf. Etizolam ist gedacht, um Antidepressiva, gegen Stress und Angst, und insgesamt Gleichgewicht Ergebnisse in der Organisation zu erreichen und wurde f\u00fcr den medizinischen Einsatz in dieser Situation auch genehmigt. Obgleich die Medikation craving Verbesserung verursachen kann, erscheint dieser Effekt nicht in allen K\u00e4ufern.<\/p>\n<p>Quand les Gens de la D\u00e9sint\u00e9gration de l&#039;\u00c9tizolam annoncer, il ne devrait pas \u00eatre un Probl\u00e8me, \u00e0 le chauffer pour aider \u00e0 briser, et de la Poudre dans une perception de la Quantit\u00e9 de Liquide et \u00e9nergique secouer devrait incroyablement apr\u00e8s quelques Temps de travail. Un Milligramme de \u00c9tizolam a un Effet similaire \u00e0 dix Milligrammes de Valium (Diaz\u00e9pam). \u00c9tizolam ne peut pas Benzodiaz\u00e9pine \u00eatre consid\u00e9r\u00e9 comme un Substanzsystem a, par un Thiophenring, et non par un Benzolring est marqu\u00e9. \u00c9tizolam \u00e0 vendre<\/p>\n<p>Comme la plupart des Pays du Monde, des Benzodiaz\u00e9pines \u00e0 des Analogues de ne pas interdire ce M\u00e9dicament est dans presque tous les Pays du Monde juridique. Il est partout dans le Monde l\u00e9gal! Il a anxiolytique, s\u00e9datif, hypnotique, amnesische et des Propri\u00e9t\u00e9s relaxantes, \u00e0 l&#039;instar de son Schwesterverbindung Alprazolam et d&#039;autres Benzodiaz\u00e9pines. Une \u00c9tude de l&#039;\u00c9tizolam a \u00e9t\u00e9 utilis\u00e9, a r\u00e9v\u00e9l\u00e9 qu&#039;il audibles de la R\u00eaverie chez les Schizophr\u00e8nes compl\u00e8tement \u00e9limin\u00e9. \u00c9tizolam \u00e0 vendre<\/p>\n<h4>\u00c9TIZOLAM ACHETER EN LIGNE:<\/h4>\n<p>Von Etizolam Pulver den \u00dcberlegungen, Etizolam ist k\u00fcnstlich mit Benzodiazepinen wahrgenommen und Kapazit\u00e4ten durch eine Beh\u00f6rde GABA-Rezeptor. Etizolam-Pulver wird in der Regel nicht verwendet. Stress und Nervosit\u00e4t sind normalerweise nicht unangenehm, aber es gibt eine Vielzahl von Angsterkrankungen. Nervosit\u00e4t Fragen sind eine Gruppe von psychischen Erkrankungen, die verwirrend und erstaunlich Druck, Spannung und Angst verursachen. Etizolam zum Verkauf<\/p>\n<p>Etizolam ist das gef\u00e4hrlichste Stressmedikament, das sich in Etizolam Pulver verwandeln kann. Es ist das beste System f\u00fcr Anf\u00e4lle und Hoffnungslosigkeit, und es wird sofort beginnen, um Ihnen ein Gef\u00fchl der Ruhe und Gelassenheit. Es kann auch zur Behandlung von Schlaflosigkeit und anderen Schlafst\u00f6rungen eingesetzt werden. Wenn Sie mit einer schwierigen Situation bei der Arbeit konfrontiert sind, vor einer Pr\u00fcfung stehen oder eine kritische Entscheidung treffen m\u00fcssen, erlebt jeder Mensch irgendwann Stress, und genau da k\u00f6nnen Etizolam Tabletten helfen. Etizolam zum Verkauf<\/p>\n<p>Les m\u00e9langes sont une S\u00e9lection de quelques-unes de mieux per\u00e7ue \u00c9tude de M\u00e9langes synth\u00e9tiques, autour de quelques Ann\u00e9es de son. Parce qu&#039;il y a longtemps, ils sont souvent &#034;Old School&#034; RCs dans la Connexion. Il est \u00e9galement dit que les Gens de la M\u00e9decine \u00e0 des fins r\u00e9cr\u00e9atives, car il s&#039;agit d&#039;Effets int\u00e9rieure Selbsterweiterung, \u00e9nerg\u00e9tique Camouflage et un sens de la Retenue a la. \u00c9tizolam \u00e0 vendre<\/p>\n<h4>\u00c9TIZOLAM POUR LA VENTE EN LIGNE:<\/h4>\n<p>Menschen ETIZOLAM PULVER haben es auch f\u00fcr Freizeitbesch\u00e4ftigungen verwendet. Dieser Artikel ist f\u00fcr Mess- und Testprogramme bestimmt. Es ist als Thieno-Diazepin klassifiziert und wurde speziell entwickelt, um die Benzodiazepin-Gesetzgebung zu umgehen. Etizolam hat die gleiche Wirkung wie Alprazolam. Der erweiterte Teil kann eine breite Palette von Ergebnissen verursachen, aber es kann auch ung\u00fcnstige Nebeneffekte haben, die Dinge wie extremen Unfug oder Tod in echten Bedingungen einschlie\u00dfen. Etizolam zum Verkauf<\/p>\n<p>\u00c9tizolam Poudre, aussi connu comme Etilaam ou Etizest, est fabriqu\u00e9 simple Thienodiazepin et est un d\u00e9pressif de Connexion, les Anti-Stretch, Anti-Stress et en Vrac lockernde les Effets caus\u00e9s \u00e0 ceux de la Benzodiaz\u00e9pine sont comparables. Il est bien connu Forschungssubstanz, sous la Forme de Pilules, de Poudres ou les Options. \u00c9tizolam \u00e0 la Vente<\/p>\n<p>\u00c9tizolam Poudre se compose de 99,8% de puret\u00e9 \u00c9tizolam. Il est inodore vitreuse de la Connexion, qui est insoluble dans l&#039;Eau mais dans l&#039;\u00c9thanol, l\u00e9g\u00e8rement soluble. En Attendant, il est utilis\u00e9 comme Solvant dans le Chloroforme et Methanolkuren. Malgr\u00e9 le Fait qu&#039;elle est toujours consid\u00e9r\u00e9e comme une prescription s&#039;applique, la L\u00e9galit\u00e9 de l&#039;\u00c9tizolam dans les \u00e9tats-Unis n&#039;est pas contr\u00f4l\u00e9e ou limit\u00e9e, car il est sous licence Sp\u00e9cialistes prescrit doit \u00eatre. \u00c9tizolam \u00e0 vendre<\/p>\n<h5>En OUTRE :<\/h5>\n<p>Die pulverisierte Etizolam Portion wird h\u00e4ufig empfohlen, nicht mehr als 1mg pro Portion zu sein. Es wirkt, indem es den Geist des Individuums beruhigt, indem es auf die Benzodiazepin-Seite der GABA-Rezeptoren des Gro\u00dfhirns wirkt. Etizolam wurde mit <a href=\"https:\/\/kaufenxanax.com\/\" target=\"_blank\" rel=\"noopener\">Alprazolam<\/a> und Bromazepam bei der Behandlung der generalisierten Angstst\u00f6rung verglichen. Etizolam zu verkaufen<\/p>\n<p>\u00c9tizolam a d\u00e9pass\u00e9 les deux autres de M\u00e9decins, de M\u00e9dicaments recommand\u00e9s dans l&#039;\u00c9tude pr\u00e9liminaire en ce qui concerne l&#039;Effet stimulant. Si les bleus Communaut\u00e9 dans des Liquides transparents est r\u00e9solu, couleur bleu. La Coloration bleue peut, cependant, lors de la Prise de Liquides, de Couleur plus fonc\u00e9e de l&#039;islam. La Couleur bleue n&#039;est pas non exclusif Rohypnol Variantes disponibles. \u00c9tizolam \u00e0 la Vente<\/p>\n<p>Il se r\u00e9f\u00e8re G\u00e9n\u00e9ralement \u00e0 la Longueur totale, par l&#039;Effet de la Substance contribu\u00e9, ainsi que sur le montant Total, dans une P\u00e9riode donn\u00e9e, est br\u00fbl\u00e9. Ce M\u00e9dicament est g\u00e9n\u00e9ralement pens\u00e9 pour r\u00e9duire le Stress et Ged\u00e4chtnisbewegung \u00eatre utilis\u00e9. Les gens utilisent g\u00e9n\u00e9ralement le M\u00e9dicament pour Entspannungzwecke, parce que les effets Secondaires comme Gewissensschwellung peut causer. \u00c9tizolam \u00e0 la Vente<\/p>","protected":false},"excerpt":{"rendered":"<h4 style=\"text-align: center;\">ETIZOLAM PULVER<\/h4>\n<h4 style=\"text-align: center;\"><\/h4>\n<p>&nbsp;<\/p>","protected":false},"featured_media":1714,"comment_status":"open","ping_status":"closed","template":"","meta":{"content-type":""},"product_brand":[],"product_cat":[163],"product_tag":[],"class_list":{"0":"post-1703","1":"product","2":"type-product","3":"status-publish","4":"has-post-thumbnail","6":"product_cat-forschung-chemikalien","8":"first","9":"instock","10":"shipping-taxable","11":"purchasable","12":"product-type-variable"},"_links":{"self":[{"href":"https:\/\/kokaindrogekaufen.com\/fr\/wp-json\/wp\/v2\/product\/1703"}],"collection":[{"href":"https:\/\/kokaindrogekaufen.com\/fr\/wp-json\/wp\/v2\/product"}],"about":[{"href":"https:\/\/kokaindrogekaufen.com\/fr\/wp-json\/wp\/v2\/types\/product"}],"replies":[{"embeddable":true,"href":"https:\/\/kokaindrogekaufen.com\/fr\/wp-json\/wp\/v2\/comments?post=1703"}],"wp:featuredmedia":[{"embeddable":true,"href":"https:\/\/kokaindrogekaufen.com\/fr\/wp-json\/wp\/v2\/media\/1714"}],"wp:attachment":[{"href":"https:\/\/kokaindrogekaufen.com\/fr\/wp-json\/wp\/v2\/media?parent=1703"}],"wp:term":[{"taxonomy":"product_brand","embeddable":true,"href":"https:\/\/kokaindrogekaufen.com\/fr\/wp-json\/wp\/v2\/product_brand?post=1703"},{"taxonomy":"product_cat","embeddable":true,"href":"https:\/\/kokaindrogekaufen.com\/fr\/wp-json\/wp\/v2\/product_cat?post=1703"},{"taxonomy":"product_tag","embeddable":true,"href":"https:\/\/kokaindrogekaufen.com\/fr\/wp-json\/wp\/v2\/product_tag?post=1703"}],"curies":[{"name":"wp","href":"https:\/\/api.w.org\/{rel}","templated":true}]}}