{"id":1709,"date":"2023-06-27T19:20:33","date_gmt":"2023-06-27T18:20:33","guid":{"rendered":"https:\/\/kokaindrogekaufen.com\/?post_type=product&#038;p=1709"},"modified":"2024-11-07T19:51:27","modified_gmt":"2024-11-07T19:51:27","slug":"ketaminpulver-zum-verkauf","status":"publish","type":"product","link":"https:\/\/kokaindrogekaufen.com\/fr\/product\/ketaminpulver-zum-verkauf\/","title":{"rendered":"KETAMINPULVER \u00c0 LA VENTE"},"content":{"rendered":"<h2>KETAMINPULVER \u00c0 LA VENTE<\/h2>\n<p>Und nicht nur das: Wir haben auch hochwertiges Ketaminpulver zu verkaufen, und zwar fast zum Nulltarif. Ketamin pulver kann die Empfindungen im K\u00f6rper einschr\u00e4nken, so dass man sich wie abgesch\u00f6pft oder abgesondert f\u00fchlt, weil die Einsicht und der Rahmen isoliert sind, so dass viele Menschen nicht in der Lage sind, ihre Gef\u00fchle zu \u00e4ndern. Das weithin erh\u00e4ltliche Ketamin-HCL-Pulver ist ein h\u00e4ufig verwendetes dissoziatives Beruhigungsmittel bei Krampfanf\u00e4llen. Ketamin pulver zum Verkauf<\/p>\n<p>C&#039;est souvent \u00e0 la Visibilit\u00e9 du D\u00e9c\u00e8s associ\u00e9s et est commun\u00e9ment appel\u00e9 &#034;l&#039;Entr\u00e9e dans le K-Trou&#034; d\u00e9signe. Si Vous essayez de quelqu&#039;un sur Ketaset voir A revenir imm\u00e9diatement \u00e0 votre propre Chose ou restaurer les Circonstances, si possible, pour contourner ce Probl\u00e8me. Pour l&#039;instant la clinique d&#039;Aide, composez le 911.K\u00e9tamine powder for sale<\/p>\n<p>Allein aus diesen Zusammenstellungen lassen sich einige allgemeine Regeln f\u00fcr die Auswahl eines Fahrzeugs oder Lastwagens im Hinblick auf Hautprobleme und die Anwendungsstelle ableiten. Bei der Kombination von Wirkstoffen in einer Basis sollten die dermato-biopharmazeutischen Positionen des gesamten Ger\u00fcsts (Arzneimittel + Vehikel oder Vehikel) ber\u00fccksichtigt werden. Je nach Art und Dauer der Technik kann jedoch etwas mehr Diazepam erforderlich sein. Ketamin pulver zum Verkauf<\/p>\n<p>La Situation r\u00e9elle du Patient, ainsi que les diff\u00e9rentes Parties. Si un des Points ci-dessus \u00e9voqu\u00e9s, il est \u00e9vident que Vous aurez probablement \u00e0 une l\u00e9sion d&#039;un nerf ou de provoquer la d\u00e9g\u00e9n\u00e9rescence du nerf de la souffrance. Cette paralysant l&#039;\u00c9tat, dans la R\u00e8gle, par une anormale du taux de Glucose provoque concerne chaque Ann\u00e9e quelques Millions d&#039;Am\u00e9ricains. Ketaminpulver \u00e0 la Vente<\/p>\n<h3>LA K\u00c9TAMINE POUDRE D&#039;ACHETER EN LIGNE:<\/h3>\n<p>Diese Strategie der Erhaltungsdosierung kann die Rate der psychischen Anzeichen w\u00e4hrend des Anstiegs verringern, insbesondere die wunscherf\u00fcllenden Einsichten und den Beginn des Wahnsinns. Ketaminpulver wird als &#8222;dissoziatives Beruhigungsmittel&#8220; eingestuft und wird als Beruhigungsmittel in Pulver- oder Fl\u00fcssigform vor allem bei Tieren eingesetzt. Es kann infundiert, in Getr\u00e4nken verbrannt, gegrunzt oder in Joints oder Zigaretten gemischt werden. Ketamin pulver wurde 1999 in die Liste der kontrollierten Substanzen in den USA aufgenommen.Ketaminpulver zum Verkauf<\/p>\n<p>Les analg\u00e9siques comme l&#039;Oxycodone ou le Parac\u00e9tamol le Traitement de l\u00e9g\u00e8re \u00e0 mod\u00e9r\u00e9e de la Douleur et pourront, une Diminution de la Temp\u00e9rature \u00e0 \u00eatre utilis\u00e9, si la Fi\u00e8vre persiste. Comme pour les autres S\u00e9datifs varie selon la R\u00e9ponse individuelle \u00e0 Ketaminhydrochlorid Poudre en fonction de la Posologie, dur\u00e9e du Traitement et de l&#039;\u00c2ge du Patient chose, de sorte qu&#039;un \u00c9nonc\u00e9 ne peut \u00eatre prise. Ketaminpulver \u00e0 la Vente<\/p>\n<p>Le M\u00e9dicament devrait, selon les Besoins, \u00eatre titr\u00e9. Toutefois, la Skelettmasse pas sans Pr\u00e9caution des chasses sont. En outre, pour de longues p\u00e9riodes de M\u00e9thodes. Avant d&#039;arriver \u00e0 la R\u00e9union, d&#039;autres normal S\u00e9datif va. En raison de l&#039;Implantation de Ketaminhydrochlorid. Il est vraiment \u00e9t\u00e9 montr\u00e9 pour aider \u00e0 faible Kraftverwalter soutenir. facturer kicherndes Gaz Recherchez comp\u00e9tent de la clinique de l&#039;Attention. Ketaminpulver \u00e0 la Vente<\/p>\n<p>C&#039;est souvent \u00e0 la Visibilit\u00e9 du D\u00e9c\u00e8s associ\u00e9s et est famili\u00e8rement appel\u00e9 &#034;le K-Trou d&#039;aller&#034; d\u00e9signe. Pour contourner ce Probl\u00e8me lorsque Vous essayez de quelqu&#039;un sur Ketaset voir A revenir imm\u00e9diatement \u00e0 votre propre Chose ou la Restauration des Circonstances, si possible. Pour l&#039;instant la clinique d&#039;Aide.Ketaminpulver \u00e0 vendre<\/p>\n<h3>LA K\u00c9TAMINE EN POUDRE POUR LA VENTE EN LIGNE:<\/h3>\n<p>Ketaminpulver hat eine intraven\u00f6se Halbwertszeit von 10 bis 15 Minuten und eine zugrunde liegende Schr\u00e4glage (Alpha-Segment) von etwa 45 Minuten. Dieser erste Schritt ist klinisch mit der sedierenden Wirkung des Medikaments verbunden. Der sedierende Verlauf gipfelt in einer Umstrukturierung des ZNS zu einem gem\u00e4chlicheren, angepassten Randgewebe und einer hepatischen Biotransformation zu einem Metaboliten. <a href=\"https:\/\/kokaindrogekaufen.com\/fr\/product\/ketamin-kristall-zu-verkaufen\/\">Ketaminpulver<\/a> zum Verkauf<\/p>\n<p>Il peut \u00e9galement servir de intraveineux narcotique Analg\u00e9sique utilis\u00e9 pour le Traitement de tout Type de d\u00e9terminant de la Douleur, en particulier la Douleur neuropathique, \u00eatre utilis\u00e9. Il a l&#039;Avantage suppl\u00e9mentaire qu&#039;il Wirbels\u00e4ulensch\u00e4rfen ou Erregungserscheinungen compense avec le pr\u00e9c\u00e9dent Souffrance sont. \u00c0 ces Endroits, les substances psychotropes et des effets Secondaires beaucoup moins sensible et avec des Benzodiaz\u00e9pines tr\u00e8s bien contr\u00f4ler. Ketaminpulver \u00e0 la Vente<\/p>\n<p>Ketaminpulver est sans aucun doute l&#039;un des m\u00e9dicaments de la douleur, le meilleur en Association avec une faible dose de Narcotique agit, car elle soulage la Douleur, l&#039;satisfaisante Soulagement n\u00e9cessaires \u00e0 des Doses nettement plus \u00e9lev\u00e9, et la seule Application plut\u00f4t \u00e0 la confusion des effets Secondaires graves. Ketaminpulver a un d\u00e9sensibilisant Effet. Ketaminpulver \u00e0 la Vente<\/p>\n<p>Pour de plus amples Informations sont utilis\u00e9es afin de s&#039;assurer que, avant une Intervention m\u00e9dicale suffisamment de Repos. Ketaminpulver pour la Vente est un M\u00e9dicament qui est souvent \u00e0 l&#039;Introduction et l&#039;entretien de l&#039;Anesth\u00e9sie est utilis\u00e9. D&#039;autres M\u00e9dicaments, ces Sympt\u00f4mes peuvent G\u00e9n\u00e9ralement d&#039;att\u00e9nuer, de sorte que Vous K\u00e9tamine continuer \u00e0 l&#039;utiliser sans avoir \u00e0 les d\u00e9sagr\u00e9ables effets Secondaires. La Dur\u00e9e de l&#039;Effet de la K\u00e9tamine d\u00e9pend de la Dose et de la voie \u00e0 partir de. Ketaminpulver \u00e0 vendre<\/p>\n<h4>LA K\u00c9TAMINE \u00c0 VENDRE:<\/h4>\n<p>\u00c0 Doses \u00e9lev\u00e9es, les Effets sont plus intenses, et les Patients rapportent une compl\u00e8te et cat\u00e9gorique de la S\u00e9paration d&#039;avec son Corps. Les Effets ont \u00e9t\u00e9 d\u00e9crits, comme si vous aviez ferm\u00e9 la Mort de v\u00e9cu, et ont \u00e9t\u00e9 pendant le Traitement du Stress et de l&#039;Anxi\u00e9t\u00e9 avec K-Pac\u201cKetaminpulver d\u00e9crit. L&#039;Effet d&#039;une Injection intramusculaire se produit le plus souvent dans un d\u00e9lai de quatre Minutes, et la Dur\u00e9e peut \u00eatre comprise entre vingt et quinze Heures. Ketaminpulver \u00e0 la Vente<\/p>\n<p>L&#039;Anesth\u00e9sique, notamment comme Particular K, Huge K et la Vitamine K est appel\u00e9, permet \u00e0 l&#039;int\u00e9ress\u00e9 dans un \u00e9tat de Transe et soulage les Douleurs. Ketaminpulver est injectable Liquide avec la K\u00e9tamine fabriqu\u00e9s. Notre K\u00e9tamine HCl Poudre, mais \u00e0 99,9 % de puret\u00e9, car il est de pointe des Laboratoires de r\u00e9f\u00e9rence. Comme pour tous les M\u00e9dicaments d&#039;ordonnance d\u00e9pend de la Jouissance des Hallucinations, de l&#039;Attitude mentale de la Personne. Ketaminpulver \u00e0 la Vente<\/p>\n<p>Ici aussi, les Hallucinations probablement mal \u00e0 l&#039;aise, si l&#039;Utilisateur tente de le Crash de s&#039;\u00e9chapper. Il y aura probablement d\u00e9pendre de la Raison pour laquelle Vous Ketaminpulver utiliser et comment Leur Douleur sur la Proc\u00e9dure de r\u00e9agir. Si, lors de la Prise de Ketaminpulver pas d&#039;effets Secondaires n\u00e9gatifs de ressentir, Vous pouvez continuer \u00e0 l&#039;utiliser. Pendant le Traitement, il faut que Votre m\u00e9dicaux, Soignants peut-\u00eatre ajuster la Dose. Chaque Personne r\u00e9agit diff\u00e9remment aux M\u00e9dicaments. Ketaminpulver \u00e0 la Vente<\/p>\n<p>Voici quelques-uns des Effets n\u00e9gatifs de la Ketaminpulver qui Vous peut-\u00eatre ne sont pas connus. Chaque effet Secondaire n\u00e9gatif devrait imm\u00e9diatement Votre M\u00e9decin en \u00eatre inform\u00e9. Lorsque la K\u00e9tamine est abus\u00e9, il est aval\u00e9 ou \u00e0 un Schnupfpulver s&#039;\u00e9vapore. Car il n&#039;est ni odeur, ni geschmacksintensiv, il peut passer inaper\u00e7u dans les Boissons m\u00e9lang\u00e9es, ce qui conduit \u00e0 la perte de m\u00e9moire. Ketaminpulver est utilis\u00e9 pour la S\u00e9dation des Patients avant une Op\u00e9ration. Ketaminpulver \u00e0 la Vente<\/p>\n<p>Ainsi, l&#039;Irritation et la Douleur par la M\u00e9thode et quelques autres \u00c9tudes li\u00e9es \u00e0 la sant\u00e9 l&#039;en emp\u00eache. En outre, les M\u00e9decins Ketaminpulver d&#039;autres Raisons aussi un. La k\u00e9tamine en Poudre pour la Vente sur Internet dans la Poudre, nous aide dans une Vari\u00e9t\u00e9 de Fa\u00e7ons, y compris des Analg\u00e9siques, de Chirurgie, de Fusionstherapie, et le champ de Bataille d&#039;Accidents, mais comme les autres Drogues, il est souvent abus\u00e9, mais si vous avez utilis\u00e9e de mani\u00e8re responsable, il peut \u00eatre le m\u00eame Effet que les autres Todesk\u00e4mpfer ont. Ketaminpulver \u00e0 vendre<\/p>\n<h5>PLUS:<\/h5>\n<p>Die Bedeutung von Ketaminpulver kann nicht hoch genug eingesch\u00e4tzt werden. Es wird vor allem zur Behandlung von Krankheiten wie Depressionen und Schmerzen sowie bei Operationen und von Tier\u00e4rzten eingesetzt. <a href=\"https:\/\/thcvapecarts.net\" target=\"_blank\" rel=\"noopener\">Manche<\/a> Menschen missbrauchen Ketamin, weil sie es mit einer Clubdroge wie Molly oder Kokain verwechseln. Die Beschaffung von Ketamin pulver ist also kein Problem mehr. Das Problem wird in diesem Artikel gr\u00f6\u00dftenteils gel\u00f6st: Wissen Sie, welche Dosis Sie nehmen m\u00fcssen und wie Sie sie einfach einnehmen k\u00f6nnen? Ketamin wird in der Regel in Getr\u00e4nken verabreicht oder konsumiert. Ketaminpulver zum Verkauf<\/p>\n<p>Peut-\u00eatre plus inqui\u00e9tant, c&#039;est que pour les Consommateurs de Ketaminpulver (Ketalar) la Naus\u00e9e peut se produire. Si cela provoque des Vomissements, cela peut \u00eatre extr\u00eamement dangereux, car les Personnes qui sont \u00e0 mi-Chemin \u00e0 travers une dissoziierte de la Confusion, souvent sur le Dos d&#039;atterrir, ce qui est une grande repr\u00e9sente un risque de Suffocation. De m\u00eame, beaucoup de Gens Cigarettes. La Consommation de K\u00e9tamine, un certain Nombre d&#039;effets Secondaires. Ces Effets chez les Hommes et les Femmes de plus de 65 Ans et plus forte.<\/p>\n<p>Die Dauer der Wirkung von Ketamin pulver h\u00e4ngt von der Dosierung und der Art der Verabreichung ab. Die Wirkung einer intramuskul\u00e4ren Injektion tritt innerhalb von vier Minuten ein und kann zwischen zwanzig und drei\u00dfig Minuten andauern. Einige Menschen k\u00f6nnen \u00fcberm\u00e4\u00dfig empfindlich auf die Aussagen reagieren. Ihr Facharzt f\u00fcr Schmerztherapie wird mit Ihnen eine der einfachsten M\u00f6glichkeiten besprechen, Ketamin in Betracht zu ziehen. Wenn m\u00f6glich, wird Ketamin pulver oral als fl\u00fcssiges Medikament verabreicht. Die meisten Patienten nehmen Ketamin drei- bis viermal pro Tag ein.<\/p>","protected":false},"excerpt":{"rendered":"<p>KETAMINPULVER ZUM VERKAUF Und nicht nur das: Wir haben auch hochwertiges Ketaminpulver zu verkaufen, und zwar fast zum Nulltarif. Ketamin pulver kann die Empfindungen im K\u00f6rper einschr\u00e4nken, so dass man sich wie abgesch\u00f6pft oder abgesondert f\u00fchlt, weil die Einsicht und der Rahmen isoliert sind, so dass viele Menschen nicht in der Lage sind, ihre Gef\u00fchle zu \u00e4ndern. Das weithin erh\u00e4ltliche Ketamin-HCL-Pulver ist ein h\u00e4ufig verwendetes dissoziatives Beruhigungsmittel bei Krampfanf\u00e4llen. Ketamin pulver zum Verkauf Dies wird h\u00e4ufig mit der Einsicht in den nahen Tod in Verbindung gebracht und wird gemeinhin als &#8222;Eintritt in das K-Loch&#8220; bezeichnet. Wenn Sie versuchen, jemanden auf\u2026<\/p>","protected":false},"featured_media":1715,"comment_status":"open","ping_status":"closed","template":"","meta":{"content-type":""},"product_brand":[],"product_cat":[163],"product_tag":[],"class_list":{"0":"post-1709","1":"product","2":"type-product","3":"status-publish","4":"has-post-thumbnail","6":"product_cat-forschung-chemikalien","8":"first","9":"instock","10":"shipping-taxable","11":"purchasable","12":"product-type-variable"},"_links":{"self":[{"href":"https:\/\/kokaindrogekaufen.com\/fr\/wp-json\/wp\/v2\/product\/1709"}],"collection":[{"href":"https:\/\/kokaindrogekaufen.com\/fr\/wp-json\/wp\/v2\/product"}],"about":[{"href":"https:\/\/kokaindrogekaufen.com\/fr\/wp-json\/wp\/v2\/types\/product"}],"replies":[{"embeddable":true,"href":"https:\/\/kokaindrogekaufen.com\/fr\/wp-json\/wp\/v2\/comments?post=1709"}],"wp:featuredmedia":[{"embeddable":true,"href":"https:\/\/kokaindrogekaufen.com\/fr\/wp-json\/wp\/v2\/media\/1715"}],"wp:attachment":[{"href":"https:\/\/kokaindrogekaufen.com\/fr\/wp-json\/wp\/v2\/media?parent=1709"}],"wp:term":[{"taxonomy":"product_brand","embeddable":true,"href":"https:\/\/kokaindrogekaufen.com\/fr\/wp-json\/wp\/v2\/product_brand?post=1709"},{"taxonomy":"product_cat","embeddable":true,"href":"https:\/\/kokaindrogekaufen.com\/fr\/wp-json\/wp\/v2\/product_cat?post=1709"},{"taxonomy":"product_tag","embeddable":true,"href":"https:\/\/kokaindrogekaufen.com\/fr\/wp-json\/wp\/v2\/product_tag?post=1709"}],"curies":[{"name":"wp","href":"https:\/\/api.w.org\/{rel}","templated":true}]}}