{"id":1729,"date":"2023-06-27T19:20:43","date_gmt":"2023-06-27T18:20:43","guid":{"rendered":"https:\/\/kokaindrogekaufen.com\/?post_type=product&#038;p=1729"},"modified":"2024-07-31T09:14:08","modified_gmt":"2024-07-31T08:14:08","slug":"kaufen-kaliumzyanid-zum-verkauf","status":"publish","type":"product","link":"https:\/\/kokaindrogekaufen.com\/fr\/product\/kaufen-kaliumzyanid-zum-verkauf\/","title":{"rendered":"LE CYANURE DE POTASSIUM POUR LA VENTE"},"content":{"rendered":"<h3>LE CYANURE DE POTASSIUM POUR LA VENTE<\/h3>\n<p>N\u00e9anmoins, nous proposons de haute qualit\u00e9 pur et de Cyanure de potassium \u00e0 des Prix tr\u00e8s raisonnables \u00e0 la Vente. Cyanure de potassium est souvent en Lien avec la Strat\u00e9gie de KCN utilis\u00e9. Ce trouble, verre de Sel qui, dans son Aspect le Sucre est semblable, est un puissant Dissolvant dans l&#039;eau Potable. Cyanure de potassium est un puissant portatif Atemhemmer sur la mitochondrial de la Cytochrome c Oxydase agit et qui inhibe la Phosphorylation oxydative. La Suite de la Digestion ana\u00e9robie, il arrive alors \u00e0 une Milchs\u00e4urevergiftung.<\/p>\n<p>Une grave Zyanidsch\u00e4digung conduit d&#039;abord \u00e0 un rouge fonc\u00e9 ou rouge\u00e2tre lors de l&#039;Accident, parce que le Tissu de l&#039;Oxyg\u00e8ne dans le Sang ne peut exploiter. Les Effets de Potassium et de cyanure de sodium sont les m\u00eames, et les Sympt\u00f4mes de la D\u00e9ficience se produisent Habituellement dans un d\u00e9lai de quelques Minutes apr\u00e8s l&#039;Ingestion de la Substance: La Personne s&#039;\u00e9vanouit, et la Mort du Gro\u00dfhirns suit enfin. La fum\u00e9e de tabac contient du Cyanure, de m\u00eame que les Verbrennungsresultate de la contrefa\u00e7on de Produits comme les mati\u00e8res Plastiques. Cyanure de potassium pour la Vente<\/p>\n<p>KALIUMZYANID ZUM VERKAUF Zyanid ist bei der Herstellung von Papier, Stoffen und Kunststoffen sehr beliebt. Es ist derzeit in der Substanz, die intensiviert und wird verwendet, um Fotos zu erstellen. In der Metallurgie werden Zyanidsalze zur Galvanisierung, Metallreinigung und zur Entfernung von Gold aus dem Metall verwendet. W\u00e4hrend dieser Zeit kann der Verunfallte Kr\u00e4mpfe erleiden. Die Zahl der Todesopfer ist auf eine zerebrale Hypoxie zur\u00fcckzuf\u00fchren. Die Beschaffung von Kaliumcyanid ist nahezu unm\u00f6glich, auch wenn es einen Bericht \u00fcber den Verkauf von Kaliumcyanid aus China im Diskussionsforum des Tranquil Tablet Handbook gab. Kaliumcyanid zu verkaufen<\/p>\n<h4>CYANURE DE POTASSIUM ACHETER EN LIGNE:<\/h4>\n<p>Il est important de noter Cyanure de potassium extr\u00eamement toxique. Par Hydrolyse r\u00e9sulte de l&#039;humide \u00c9table, de l&#039;acide prussique, la d\u00e9sagr\u00e9able d&#039;Amandes go\u00fbt. Au total, chacun n&#039;a pas la Possibilit\u00e9 de faire une Exp\u00e9rience. Des gens qui d&#039;une faible Quantit\u00e9 d&#039;acide Cyanhydrique sont expos\u00e9s, en inhalation, sur la Peau de maintenir ou de consommer des Aliments qui contiennent de l&#039;acide Cyanhydrique, peuvent, en G\u00e9n\u00e9ral, et \u00e0 l&#039;int\u00e9rieur de quelques Minutes de certains des Sympt\u00f4mes suivants, savoir: Vertiges, Maux de t\u00eate, des Vomissements et des Naus\u00e9es, rapide \u00e0 Respirer, un rythme Cardiaque rapide, Agitation, sensation de Faiblesse. Cyanure de potassium pour la Vente<\/p>\n<p>Une intense Cyanidaufnahme a probablement un fantastique, D\u00e9marrage rapide, \u00e0 la fois sur les Entrailles de l&#039;incidence et de mani\u00e8re inattendue, un Effondrement, une Attaque ou une extr\u00eame L\u00e9thargie provoqu\u00e9e. Persistance de Dommages caus\u00e9s par l&#039;Ingestion ou le Syst\u00e8me biologique ont un allm\u00e4hlicheren D\u00e9but. Cyanure de potassium Pilules ont une Dose l\u00e9tale (Homme), de 200 \u00e0 300 mg. Sa Toxicit\u00e9 en cas d&#039;ingestion, par la Nettet\u00e9 de l&#039;Estomac d\u00e9termin\u00e9 que c&#039;est avec un corrosives d&#039;acide Cyanhydrique, les mortels Strat\u00e9gie pour le Cyanure, se doit de r\u00e9pondre. Cyanure de potassium pour la Vente<\/p>\n<p>Nous confondons notre Emballage n&#039;est pas avec une importante mise en commun, en particulier plein de charme ou complexe \u00e0 concevoir. Nous savons que la plupart des Clients de haute qualit\u00e9 des Pilules de besoin, et notre Emballage est con\u00e7u de sorte que vous prot\u00e9geant Votre Investissement. Cyanure de potassium peut, dans le cadre de Projets en fonction de l&#039;Usage, de diff\u00e9rentes Mani\u00e8res, \u00eatre pr\u00e9par\u00e9. De confiance, les Organisations et les Fournisseurs de Cyanure de potassium, nous proposons de 99,8 % KCN pur (Cyanure de potassium), pour sa grande Viabilit\u00e9 connue. Cyanure de potassium pour la Vente<\/p>\n<h4>CYANURE DE POTASSIUM POUR LA VENTE EN LIGNE:<\/h4>\n<p>Wir verf\u00fcgen derzeit \u00fcber ein unbegrenztes Angebot an qualitativ hochwertigem KALIUMZYANID ZUM VERKAUF\u00a0 Kaliumcyanid zum g\u00fcnstigsten Preis. Kaliumcyanid ist wie Natriumcyanid extrem zerst\u00f6rerisch, unbestreitbar giftig und wirkt selbst in kleinsten Mengen schnell. Die Exposition gegen\u00fcber Kaliumcyanid in fester Form kann extrem gef\u00e4hrlich sein, da es langsam giftige Gase in die Luft abgibt, die dann durch Einatmen abget\u00f6tet werden. Kaliumcyanid zum Verkauf<\/p>\n<p>Cyanure de potassium est \u00e9conomiquement par la R\u00e9action d&#039;un acide Cyanhydrique avec une Fl\u00fcssigkur \u00e9tablie, l&#039;Eau est retir\u00e9e, ainsi que sain Cyanure de potassium apparat. Le cyanure est souvent une Substance mortelle, qui, en cas d&#039;Ingestion peut \u00eatre mortel. Si Vous avez Internet \u00e0 la recherche d&#039;Cyanure, Vous pouvez trouver beaucoup de savoir. Il est important que toutes les Parties en sont d&#039;accord, que Leur Strat\u00e9gie fonctionne. Cyanure de potassium pour la Vente<\/p>\n<p>Cyanure de potassium Comprim\u00e9s sont un massif n\u00e9fastes de la Connexion, qui est un Inhibiteur de nombreux Stoffwechselstrategien et, en particulier, en tant que Bewertungsreagenz pour la Repr\u00e9sentation de r\u00e9cepteurs chimiques utilis\u00e9s. En raison de sa tr\u00e8s r\u00e9soudre Propri\u00e9t\u00e9 est dans la technique de la Galvanoplastie et de l&#039;extraction de l&#039;or utilis\u00e9. En outre, nous fournissons \u00e0 nos g\u00e9n\u00e9reux Donateurs Cyanure de potassium \u00e0 un faible Prix. Les Possibilit\u00e9s de notre Produit sont \u00e9num\u00e9r\u00e9s ci-dessous. Il s&#039;agit d&#039;un blanc ou dampfigen, Tissu transparent, avec une l\u00e9g\u00e8re Mandelgeruch (une Cons\u00e9quence de la Zyanidteilchen). Cyanure de potassium pour la Vente<\/p>\n<h4>KALIUMCYANIDPULVER \u00c0 LA VENTE:<\/h4>\n<p>Il a une \u00c9paisseur de 1. 52 g\/ml, malgr\u00e9 une temp\u00e9rature de Condensation de 634. 5 \u00b0C. le Cyanure est extr\u00eamement toxique et doit \u00eatre utilis\u00e9 uniquement pour un seul rapide, efficace, simple et paisible de mise \u00e0 Mort utilis\u00e9es. Le cyanure est aussi mortel R\u00e9cipient ou Sterbetablette connu. Cyanure de potassium est un tr\u00e8s toxiques Connexion rapide et efficace de l&#039;Ex\u00e9cution est utilis\u00e9. Il a \u00e9galement \u00e9t\u00e9 \u00e0 la P\u00eache pour les Poissons de tuer, puis de sortir de l&#039;Eau, une M\u00e9thode qui, aujourd&#039;hui, en cas de Composants est ill\u00e9gal. Cyanure de potassium pour la Vente<\/p>\n<p>Une autre Explication pour le Cyanure de potassium est la R\u00e9utilisation de l&#039;Or. En tant que scientifique, Expert, je me vois forc\u00e9 de rappeler que la premi\u00e8re Strat\u00e9gie propos\u00e9e n&#039;est pas pur, du Cyanure de potassium de conduire. Selon le Nombre de R\u00e9actifs utilis\u00e9s sont toujours consid\u00e9rables Kaliumhydroxidverf\u00e4rbung ont. Un autre Objectif de Cyanure de potassium, le Recyclage de l&#039;Or et de l&#039;Argent \u00e0 partir de Ferraille, un Sujet, la raison d\u00e9j\u00e0 mentionn\u00e9e, de la Toxicit\u00e9 des Cyanures d&#039;un d\u00e9bat. Ses Principales applications sont dans l&#039;ordinaire et naturel, M\u00e9lange, ainsi que dans la Fabrication d&#039;un grand nombre important de Substances, de mati\u00e8res Plastiques et agr\u00e9\u00e9 par des M\u00e9dicaments. Cyanure de potassium pour la Vente<\/p>\n<p>Il existe plusieurs \u00c9tudes sur le cyanidinduzierten de la Mort. Ce peut \u00eatre une Connexion stable (KOH) et un faible gel de Mordan\u00e7age (HCN) sont fabriqu\u00e9s. En fait, il est pour l&#039;Extraction de l&#039;Or, de l&#039;Argent et d&#039;autres M\u00e9taux. Il est l&#039;un des Cyanidsorten, avec l&#039;Effondrement de Ferrocyanure de potassium avant la Sous-Technique sont connect\u00e9s. Cyanure de potassium \u00e0 vendre<\/p>\n<h4>CYANURE DE POTASSIUM PILULES \u00c0 VENDRE:<\/h4>\n<p>Unstimmigkeiten im Herzen sind h\u00e4ufig. Der fokal beginnende Atemstillstand f\u00fchrt zum Tod. KALIUMZYANID ZUM VERKAUF Blaue Lippen, verminderter Bluthochdruck und<a href=\"https:\/\/lsdkaufen.store\/\" target=\"_blank\" rel=\"noopener\"> Krampfanf\u00e4lle<\/a> sind Anzeichen daf\u00fcr. F\u00fcr den Kunden\/die Zielperson, der\/die keine tats\u00e4chlichen Folgen einer Zyanidvergiftung zeigt, k\u00f6nnen extrem vorsichtige Wahrnehmung, zus\u00e4tzlicher Sauerstoff und starke R\u00fccksichtnahme eine ausreichende Behandlung sein.<\/p>\n<p>Le Traitement initial pour la Personne concern\u00e9e, les Cons\u00e9quences physiques d&#039;une intoxication au cyanure affiche, l&#039;Organisation des Soins, sous la Direction d&#039;Experts cliniques, de la Respiration et de Recyclage (de l&#039;Oxyg\u00e8ne et des Liquides intraveineux), le Param\u00e8tre de synth\u00e8se in\u00e9gale de Caract\u00e8res dans le Sang et la Surveillance de Crises. En outre, il trouve son Application dans la Combinaison des Hydanto\u00efnes, la grande faux Interm\u00e9diaires peuvent \u00eatre, si c&#039;est avec une Carbonylverbindung comme un Ald\u00e9hyde ou une C\u00e9tone en Pr\u00e9sence de carbonate d&#039;ammonium r\u00e9agit. Cyanure de potassium pour la Vente<\/p>\n<p>La par de la Levure \u00e0 la m\u00e9diation de Conversion de Benzald\u00e9hyde dans l&#039;Ac\u00e9tald\u00e9hyde est tout \u00e0 fait convaincante, car il s&#039;agit d&#039;une des premi\u00e8res m\u00e9canique importante microbienne des Changements, alors la r\u00e9sultante Acyloin maintenant d-\u00c9ph\u00e9drine est synth\u00e9tis\u00e9. Cyanure de potassium est un excellent Inhibiteur de la respiration cellulaire, les mitochondrial de la Cytochrome c Oxydase de peinture et les inhibe la Phosphorylation oxydative. Cyanure de potassium pour la Vente<\/p>\n<p>Als Folge des anaeroben Stoffwechsels kommt es dann zu einer Milchs\u00e4urevergiftung. Da das Gewebe den Sauerstoff im Blut nicht verwerten kann, f\u00fchrt eine schwere Zyanidsch\u00e4digung zun\u00e4chst zu einem dunkelroten oder rosigen Aussehen im Inneren des Opfers. Zyanid ist ein Etui, eine H\u00fclse, eine Ampulle oder eine Tablette, die eine t\u00f6dlich gef\u00e4hrliche Verbindung enth\u00e4lt, die beim Verzehr extrem giftiges Blaus\u00e4uregas freisetzt. Kaliumcyanid zu verkaufen<\/p>\n<h5>En OUTRE :<\/h5>\n<p>KALIUMZYANID ZUM VERKAUF Und reagiert, indem es den gesamten K\u00f6rper und seine Sinnesorgane wie den Verstand, das Herz und das fokale Angstprogramm erfasst. Infolgedessen ist die Sauerstoffaufnahme in den Venen des Opfers begrenzt, was zu einem lockeren und ruhigen Tod f\u00fchrt. 27 Weitere Hinweise auf den Herstellungswert sind die hefebedingte Anreicherung von Aldehyd (4a,b) mit fermentativ abgegebenem Acetaldehyd. Kaliumcyanid zum <a href=\"https:\/\/kokaindrogekaufen.com\/fr\/product\/ketamin-500-mg-10-ml-zu-verkaufen\/\">Verkauf<\/a><\/p>\n<p>Zusammen mit der Gleichung KCN ist Kaliumcyanid eine Verbindung. Dieses trockene, glasartige Salz, das im Aussehen dem Zucker \u00e4hnelt, l\u00f6st sich schnell in Trinkwasser. Der gr\u00f6\u00dfte Teil von KCN wird im Goldbergbau, bei der normalen Amalgamierung und in der Galvanotechnik verwendet. Zu den kleineren Anwendungen geh\u00f6ren Verzierungen zum \u00dcberziehen und Polieren von Verbindungen. Dadurch wird das Bild freigelegt und verfestigt, so dass es weniger anf\u00e4llig f\u00fcr eine sanfte Behandlung ist. Kaliumcyanid zum Verkauf<\/p>\n<p>Heutige Fotografen, die Platten mit Wasser \u00fcbergie\u00dfen, bevorzugen vielleicht weniger giftige Fixiermittel wie Natriumthiosulfat, aber KCN bleibt beliebt. Kaliumcyanidprodukte Kaliumcyanid hat eine t\u00f6dliche Dosis von 100-300 mg. Seine Toxizit\u00e4t bei der Einnahme wird durch den S\u00e4uregehalt des Magens bestimmt, vor allem weil es mit \u00e4tzenden Stoffen reagieren muss, um Blaus\u00e4ure, die gef\u00e4hrlichste Art von Zyanid, zu bilden. Kaliumcyanid zu verkaufen<\/p>","protected":false},"excerpt":{"rendered":"<p style=\"text-align: center;\">LE CYANURE DE POTASSIUM POUR LA VENTE<\/p>\n<hr \/>\n<p>Kaufen Sie hochwertiges Kaliumzyanid online. Wir bieten sicheren und diskreten Versand weltweit. Bestellen Sie jetzt und erhalten Sie Ihre Lieferung schnell.<\/p>","protected":false},"featured_media":1747,"comment_status":"open","ping_status":"closed","template":"","meta":{"content-type":""},"product_brand":[],"product_cat":[163],"product_tag":[200,201],"class_list":{"0":"post-1729","1":"product","2":"type-product","3":"status-publish","4":"has-post-thumbnail","6":"product_cat-forschung-chemikalien","7":"product_tag-kaufen-kaliumzyanid","8":"product_tag-kaufen-kaliumzyanid-online","10":"first","11":"instock","12":"shipping-taxable","13":"purchasable","14":"product-type-variable"},"_links":{"self":[{"href":"https:\/\/kokaindrogekaufen.com\/fr\/wp-json\/wp\/v2\/product\/1729"}],"collection":[{"href":"https:\/\/kokaindrogekaufen.com\/fr\/wp-json\/wp\/v2\/product"}],"about":[{"href":"https:\/\/kokaindrogekaufen.com\/fr\/wp-json\/wp\/v2\/types\/product"}],"replies":[{"embeddable":true,"href":"https:\/\/kokaindrogekaufen.com\/fr\/wp-json\/wp\/v2\/comments?post=1729"}],"wp:featuredmedia":[{"embeddable":true,"href":"https:\/\/kokaindrogekaufen.com\/fr\/wp-json\/wp\/v2\/media\/1747"}],"wp:attachment":[{"href":"https:\/\/kokaindrogekaufen.com\/fr\/wp-json\/wp\/v2\/media?parent=1729"}],"wp:term":[{"taxonomy":"product_brand","embeddable":true,"href":"https:\/\/kokaindrogekaufen.com\/fr\/wp-json\/wp\/v2\/product_brand?post=1729"},{"taxonomy":"product_cat","embeddable":true,"href":"https:\/\/kokaindrogekaufen.com\/fr\/wp-json\/wp\/v2\/product_cat?post=1729"},{"taxonomy":"product_tag","embeddable":true,"href":"https:\/\/kokaindrogekaufen.com\/fr\/wp-json\/wp\/v2\/product_tag?post=1729"}],"curies":[{"name":"wp","href":"https:\/\/api.w.org\/{rel}","templated":true}]}}