{"id":1735,"date":"2023-06-27T19:20:43","date_gmt":"2023-06-27T18:20:43","guid":{"rendered":"https:\/\/kokaindrogekaufen.com\/?post_type=product&#038;p=1735"},"modified":"2024-07-31T09:08:57","modified_gmt":"2024-07-31T08:08:57","slug":"ketamin-500-mg-10-ml-zu-verkaufen","status":"publish","type":"product","link":"https:\/\/kokaindrogekaufen.com\/fr\/product\/ketamin-500-mg-10-ml-zu-verkaufen\/","title":{"rendered":"LA K\u00c9TAMINE 500 MG\/ 10 ML \u00c0 VENDRE"},"content":{"rendered":"<h2>LA K\u00c9TAMINE 500 MG\/ 10 ML \u00c0 VENDRE<\/h2>\n<p>N\u00e9anmoins, Aaronay des Principaux fournisseurs de la K\u00e9tamine, c&#039;est \u00e0 dire de k\u00e4uflichem la K\u00e9tamine, dans le monde entier. L&#039;Administration du primaire Beruhigungsmittels peut prendre jusqu&#039;\u00e0 15 Minutes apr\u00e8s la Perfusion de K\u00e9tamine \u00eatre retard\u00e9e, si le M\u00e9dicament est administr\u00e9 par voie intramusculaire a \u00e9t\u00e9, d\u00e8s qu&#039;il commence \u00e0 agir. La k\u00e9tamine s&#039;est av\u00e9r\u00e9e efficace pour les all\u00e9chants effets Secondaires de Thiopental de les \u00e9liminer. La forte Upper est \u00e9galement dans notre S\u00e9lection de Ketamininfusionen inclus.<\/p>\n<p>Il est presque toujours une bonne Id\u00e9e de commencer petit, et le Unterhaltungselement heranzuarbeiten. Les deux produits peuvent singuli\u00e8rement avec Perte de connaissance dans tous les Domaines, gr\u00e2ce \u00e0 l&#039;inverse des Effets caus\u00e9s Ataxie et de la Somnolence, de la renforcer. Si vous n&#039;\u00eates pas dans les Erholungszustand \u00eatre mut\u00e9, est un des \u00c9ructations dans l&#039;Ignorance possible. Rappelez-Vous, Vous pouvez G\u00e9n\u00e9ralement penser, incontestablement plus, quand il s&#039;agit de M\u00e9dicaments, peut-\u00eatre que Vous avez pris, plut\u00f4t que de simplement prendre moins. La k\u00e9tamine pour la Vente<\/p>\n<p>Ein KETAMIN 500 MG\u00a0 Kommentar \u00fcber die &#8222;K-\u00d6ffnung.&#8220; ist bekannt f\u00fcr die Herstellung von mehr magere Ergebnisse, die Menschen helfen, sich auf die Therapie Obstruktion Melancholie. Ketamin reduziert Stress, der durch k\u00f6rperliche oder emotionale Traumata verursacht wird, unabh\u00e4ngig davon, ob er dumpf oder intensiv ist. Menschen, die Schilddr\u00fcsenhormone einnehmen, haben bei der Verabreichung von Ketamin ein h\u00f6heres Risiko, Bluthochdruck und Tachykardie zu entwickeln. Ketamin scheint f\u00fcr gelegentliche Anwender relativ sicher zu sein. Bei h\u00e4ufigem Konsum besteht jedoch das potenzielle Langzeitrisiko einer Neurodegeneration. Ketamin zu verkaufen<\/p>\n<h4>L\u00c9GALE, LA K\u00c9TAMINE ACHETER EN LIGNE:<\/h4>\n<p>Chez les singes rh\u00e9sus a un retard d&#039;un Acc\u00e8s intraveineux \u00e0 la Drogue (neuf ou 24 Heures), un esprit souple Mourir conduit. L&#039;impact le plus rapidement possible avec des Grognements comme sur certains autres pertinent Rues de \u00eatre vu. L&#039;Absorption rapide d&#039;un M\u00e9dicament directement dans le Sang \u00e0 travers la muqueuse Nasale par la respiration Sifflante permet. En raison de la Progression rapide de la concentration s\u00e9rique par le Grognement est \u00e0 l&#039;origine, peut K\u00e9tamine, la Sang-Cerveau-Barri\u00e8re assez rapidement surmonter. k\u00e9tamine for sale<\/p>\n<p>Der Zweck der Momentum-Pr\u00fcfung war es, die Substanzbilanz und die k\u00f6rperliche \u00c4hnlichkeit von Ketamin zu bestimmen, nachdem eine 50 mg\/mL-Option mit sterilem Wasser f\u00fcr Infusionen auf 10 mg\/mL abgeschw\u00e4cht, in Glasfl\u00e4schchen geb\u00fcndelt und bei Raumtemperatur mit Offenheit f\u00fcr Sanftheit gelagert wurde. Dieses Medikament wird direkt vom Hersteller zu Ihnen nach Hause geliefert. Wir garantieren die Quantit\u00e4t, KETAMIN 500 MG\u00a0 die hohe Qualit\u00e4t und die Lebensf\u00e4higkeit unserer vom Arzt empfohlenen Medikamente. Ketamin zum Verkauf<\/p>\n<p>La k\u00e9tamine est le sportif les Clients habituellement dans l&#039;une des deux Formes. De la disparition des Sels sous forme de Poudre ou de Pierres pr\u00e9cieuses (typiquement Tessons) et, ind\u00e9pendamment de Mehrportionsfl\u00e4schchen pour une Utilisation dans les domaines V\u00e9t\u00e9rinaire et Humanverschreibung sont pr\u00e9sent\u00e9s. La R\u00e9sistance aux effets principaux de la K\u00e9tamine a d\u00e9velopp\u00e9 une longue dur\u00e9e et un Usage r\u00e9p\u00e9t\u00e9. Les individus attendre \u00e0 ce que ces Fermetures dynamique significative des Doses de r\u00e9viser, pour des R\u00e9sultats comparables. La k\u00e9tamine \u00e0 vendre<\/p>\n<h4>LA K\u00c9TAMINE LIQUIDE \u00c0 VENDRE:<\/h4>\n<p>Ensuite, il faut environ trois plusieurs Fois pour que la Capacit\u00e9 de charge, dans l&#039;Ensemble, 50% est limit\u00e9 et les 1 \u2013 2 Mois \u00e0 la Valeur de base (sans m\u00eame une Trace plus de Consommation). Ces Flacons de 5 mg\/mL 100 mg\/mL concentr\u00e9 et du Fabricant, \u00eatre atteint. La k\u00e9tamine pour la Vente<\/p>\n<p>Parke-Davis se concentre sur des Cas accidentels Ketaminexzessen, qui est environ dix fois plus \u00e9lev\u00e9 que pour une Op\u00e9ration de la Quantit\u00e9 n\u00e9cessaire (c&#039;est \u00e0 dire quarante - jusqu&#039;\u00e0 100 fois sportive Portion) &#034;sans soi, \u00e0 longue dur\u00e9e de Cons\u00e9quences&#034;. Si apr\u00e8s l&#039;Administration de Ketaminhydrochlorid un W\u00fcrgereiz est observ\u00e9, certains Flugroutenversicherungen la Suite de l&#039;anim\u00e9 laryngeal-pharyngealen R\u00e9flexes \u00e0 g\u00e9rer. La k\u00e9tamine \u00e0 vendre<\/p>\n<p>Car Ketaminhydrochlorid toutefois, la Nostalgie peut d\u00e9clencher et les Sicherungsreflexe en renfor\u00e7ant les Tranquillisants et les Myorelaxants peuvent \u00eatre r\u00e9duits si la Possibilit\u00e9 d&#039;un Objectif peut \u00eatre Envisag\u00e9e. Des doses de 1 \u00e0 2 Milligrammes par Kilogramme de Situationsfett de produire stimulant intense et dissociatifs Effets pendant environ une Heure. La k\u00e9tamine \u00e0 vendre<\/p>\n<p>Les Sensations peuvent \u00eatre des Choses comme \u00e0 la D\u00e9rive, d&#039;Excitation et de R\u00e9sultats visibles appartiennent. Plus grande estimation des Doses, les &#034;K-Ouverture&#034;, il est exactement l\u00e0 o\u00f9 les Individus pour la profondeur de la S\u00e9dation sont &#034;hors du corps&#034; ou &#034;pr\u00e8s de la Mort&#034; Exp\u00e9rience d&#039;\u00eatre appel\u00e9. Si un niveau ad\u00e9quat de Atemaustausch maintenir la K\u00e9tamine-Flacon avec les plus couramment utilis\u00e9s ordinaires et, \u00e0 proximit\u00e9, des Tranquillisants cliniquement viable. La k\u00e9tamine \u00e0 vendre<\/p>\n<h4>LA K\u00c9TAMINE POUR LA VENTE EN LIGNE:<\/h4>\n<p>Ces M\u00e9dicaments peuvent intellectuelle de Penser et nuire \u00e0 la Capacit\u00e9 d&#039;une Personne concern\u00e9e affecter s\u00fbr pour pousser. Cette Classe de m\u00e9dicaments est dans la Liste des M\u00e9dicaments inclus. Conform\u00e9ment \u00e0 l&#039;article 5a de la loi sur de la Directive, adopt\u00e9e en 1988. Les Patients doivent \u00eatre inform\u00e9s, alors que ce M\u00e9dicament est recommand\u00e9. Des doses sup\u00e9rieures \u00e0 1 mg\/Litre entra\u00eenent G\u00e9n\u00e9ralement une Anesth\u00e9sie compl\u00e8te, avec une faible Augmentation de l&#039;Expertise et une longue Convalescence l&#039;exigent. La k\u00e9tamine pour la Vente<\/p>\n<p>La perte de m\u00e9moire peut \u00eatre \u00e0 des Doses plus \u00e9lev\u00e9es de plus courte Dur\u00e9e peuvent se produire. Comme d\u00e9j\u00e0 mentionn\u00e9, l&#039;Induction de l&#039;anesth\u00e9sie par l&#039;Administration compl\u00e8te par voie intraveineuse ou intramusculaire Ketamindosis atteint. Chez l&#039;Homme, se distinguent les anesth\u00e9siques Effets de la K\u00e9tamine HCL consid\u00e9rablement de ceux d&#039;autres Substances. Car ce M\u00e9dicament n&#039;pression Art\u00e9rielle basse ou une opprim\u00e9e de la Respiration provoque, il convient parfaitement pour l&#039;Anesth\u00e9sie chez les jeunes Enfants et les Personnes avec Obstruction des voies respiratoires. La k\u00e9tamine \u00e0 vendre<\/p>\n<p>Je nach Art und Zeitpunkt des Eingriffs, der tats\u00e4chlichen k\u00f6rperlichen Lage des Betroffenen und anderen Faktoren kann jedoch etwas mehr Diazepam erforderlich sein. Das Auftreten von psychischen Erscheinungen w\u00e4hrend der Dauer des Auftauchens, insbesondere wunsch\u00e4hnliche Beobachtungen und Aufstiegsdelirium. Wenn das Ketamin tats\u00e4chlich intraven\u00f6s verabreicht wurde und die Hauptan\u00e4sthesie allm\u00e4hlich wirkt, kann die zweite Ketamindosis 5 bis 8 Minuten nach der ersten Dosis erforderlich sein. <a href=\"https:\/\/ketaminkaufenn.com\/\" target=\"_blank\" rel=\"noopener\">Ketamin<\/a> zum Verkauf<\/p>\n<p>Le Ronflement de la K\u00e9tamine conduit \u00e0 obtenir des R\u00e9sultats plus rapidement que la D\u00e9glutition. Plusieurs Absorptionsmethoden ont des Prix diff\u00e9rents, pour lesquels, dans l&#039;Esprit de p\u00e9n\u00e9tration, afin d&#039;apporter des Avantages, et le Ronflement est ce que la Rapidit\u00e9 de la R\u00e9ception de l&#039;Utilit\u00e9 de quant \u00e0, loin le Tabagisme ou l&#039;Injection comparables. la Substance psychoactive Patients pour lesquels aucune \u00c9tude toxicologique ou de la Documentation d&#039;une Substanzvergiftung existait ou \u00e0 la suite d&#039;une S\u00e9dation dans le service des Urgences ont \u00e9t\u00e9 test\u00e9es positives ont \u00e9t\u00e9 des Analyses, exclu. La k\u00e9tamine pour la Vente<\/p>\n<h4>KETAMINPULVER \u00c0 LA VENTE:<\/h4>\n<p>Das KETAMIN 500 MG wichtigste vordefinierte Ergebnis war die Intubation auf der Krisenstation. Die Eigenschaften von Ketamin werden durch seinen Einsatz in der An\u00e4sthesie belegt. Es ist eine brauchbare Option f\u00fcr kurzfristige Verfahren, bei denen keine Muskelentspannung erforderlich ist. Ketamin hat eine andere Wirkung auf das Atmungs- und Kreislaufsystem als andere An\u00e4sthetika. Es hat eine wesentlich geringere Wirkung auf die Atmung als die meisten anderen Narkosemittel. Ketamin zum Verkauf<\/p>\n<p>Machen Sie sich jedoch bewusst, dass es keinen best\u00e4tigten Mechanismus f\u00fcr das &#8222;Erreichen der \u00d6ffnung&#8220; gibt und dass dieser nicht anwendbar sein wird. Entwickeln Sie Ihr Verst\u00e4ndnis f\u00fcr die Droge, bevor Sie beispielsweise gro\u00dfe Dosen erhalten. Diese Menschen mussten den &#8222;Graben&#8220; erreichen. Finden Sie eine Dosis, die f\u00fcr Sie gut funktioniert. KETAMIN 500 MG Bei kleinen Kindern kann Ketamin als alleiniges Narkosemittel f\u00fcr kleinere Behandlungen oder als Einleitungsmedikament in Verbindung mit einem neuromuskul\u00e4ren Blocker und einer trachealen Intubation verwendet werden. Ketamin zum Verkauf<\/p>\n<p>Kleine KETAMIN 500 MG\u00a0 Kinder mit zyanotischen Herzproblemen und neuromuskul\u00e4ren St\u00f6rungen sind besonders geeignete Kandidaten f\u00fcr eine Ketaminan\u00e4sthesie. Obwohl die H\u00e4ufigkeit der Ketaminabh\u00e4ngigkeit nicht bekannt ist, entwickeln viele Menschen, die regelm\u00e4\u00dfig Ketamin konsumieren, eine Ketaminabh\u00e4ngigkeit. Anhand von Tierversuchen l\u00e4sst sich auch das Risiko eines Missbrauchs \u00fcberpr\u00fcfen. Ketamin zu verkaufen<\/p>\n<h5>En OUTRE :<\/h5>\n<p>Der KETAMIN 500 MG\u00a0 unmittelbare Eintritt der Folgen der Insufflationsadh\u00e4renz kann au\u00dferdem das Potenzial f\u00fcr den Freizeitdrogenkonsum erh\u00f6hen. Die kurze Dauer der Folgen beg\u00fcnstigt Essanf\u00e4lle. F\u00fcr das Fr\u00fchjahr 1999 sind auf dem Orange Exhibit Fairgrounds in San Bernardino Rave-Konzerte geplant. Ketamin zum Verkauf<\/p>\n<p>Am ersten Wochenende der Demonstrationen erschoss die Polizei einen <a href=\"https:\/\/kokaindrogekaufen.com\/fr\/product\/lsd-kaufen\/\">LSD-abh\u00e4ngigen<\/a> US-Marine. Einige Wochen sp\u00e4ter, Mitte April, unterst\u00fctzte er die Polizei von San Bernardino, indem er die 20 mit der Leitung der Rave-Party betrauten Beamten kurz schulte. Wenn die Ketamin-Fl\u00e4schchendosis mit Diazepam erh\u00f6ht wird, sollten die beiden Medikamente getrennt verabreicht werden. In der Spritze oder Infusionsflasche d\u00fcrfen Ketaminhydrochlorid und Diazepam nicht kombiniert werden. Ketamin zu verkaufen<\/p>","protected":false},"excerpt":{"rendered":"<p style=\"text-align: center;\">LA K\u00c9TAMINE 500 MG<\/p>\n<p>Entdecken Sie die Vorteile von KETAMIN 500 MG. Erfahren Sie mehr \u00fcber Anwendung, Dosierung und m\u00f6gliche Nebenwirkungen. Ihre Gesundheit ist wichtig!<\/p>","protected":false},"featured_media":1748,"comment_status":"open","ping_status":"closed","template":"","meta":{"content-type":""},"product_brand":[],"product_cat":[188],"product_tag":[199,198],"class_list":{"0":"post-1735","1":"product","2":"type-product","3":"status-publish","4":"has-post-thumbnail","6":"product_cat-ketamine","7":"product_tag-kaufen-ketamin","8":"product_tag-ketamin-500-mg","10":"first","11":"instock","12":"shipping-taxable","13":"purchasable","14":"product-type-variable"},"_links":{"self":[{"href":"https:\/\/kokaindrogekaufen.com\/fr\/wp-json\/wp\/v2\/product\/1735"}],"collection":[{"href":"https:\/\/kokaindrogekaufen.com\/fr\/wp-json\/wp\/v2\/product"}],"about":[{"href":"https:\/\/kokaindrogekaufen.com\/fr\/wp-json\/wp\/v2\/types\/product"}],"replies":[{"embeddable":true,"href":"https:\/\/kokaindrogekaufen.com\/fr\/wp-json\/wp\/v2\/comments?post=1735"}],"wp:featuredmedia":[{"embeddable":true,"href":"https:\/\/kokaindrogekaufen.com\/fr\/wp-json\/wp\/v2\/media\/1748"}],"wp:attachment":[{"href":"https:\/\/kokaindrogekaufen.com\/fr\/wp-json\/wp\/v2\/media?parent=1735"}],"wp:term":[{"taxonomy":"product_brand","embeddable":true,"href":"https:\/\/kokaindrogekaufen.com\/fr\/wp-json\/wp\/v2\/product_brand?post=1735"},{"taxonomy":"product_cat","embeddable":true,"href":"https:\/\/kokaindrogekaufen.com\/fr\/wp-json\/wp\/v2\/product_cat?post=1735"},{"taxonomy":"product_tag","embeddable":true,"href":"https:\/\/kokaindrogekaufen.com\/fr\/wp-json\/wp\/v2\/product_tag?post=1735"}],"curies":[{"name":"wp","href":"https:\/\/api.w.org\/{rel}","templated":true}]}}