{"id":1741,"date":"2023-06-27T19:20:43","date_gmt":"2023-06-27T18:20:43","guid":{"rendered":"https:\/\/kokaindrogekaufen.com\/?post_type=product&#038;p=1741"},"modified":"2024-07-31T15:38:21","modified_gmt":"2024-07-31T14:38:21","slug":"ketamin-kristall-zu-verkaufen","status":"publish","type":"product","link":"https:\/\/kokaindrogekaufen.com\/fr\/product\/ketamin-kristall-zu-verkaufen\/","title":{"rendered":"LA K\u00c9TAMINE CRISTAL \u00c0 VENDRE"},"content":{"rendered":"<h2><strong>LA K\u00c9TAMINE CRISTAL \u00c0 VENDRE<\/strong><\/h2>\n<p>Enfin, nous avons ici \u00e0 aaronay qualit\u00e9 de la K\u00e9tamine Crystal \u00e0 des Prix tr\u00e8s bon march\u00e9 \u00e0 vendre. Si Vous en n&#039;importe quelle Quantit\u00e9 de la K\u00e9tamine \u00eatre affect\u00e9e, n&#039;h\u00e9sitez pas \u00e0 K\u00e9tamine Crystal \u00e0 utiliser. Jusqu&#039;\u00e0 pr\u00e9sent, j&#039;ai fait environ douze Commandes, et quand j&#039;ai eu un Probl\u00e8me, j&#039;ai entendu dans un d\u00e9lai de quelques Heures d&#039;eux, et ils s&#039;occupaient en R\u00e8gle g\u00e9n\u00e9rale, pour tous les Probl\u00e8mes que j&#039;ai eu, et presque sans PIp.<\/p>\n<p>C&#039;est une Maladie, \u00e0 une Augmentation significative de la Kreislaufbelastung peut \u00eatre bless\u00e9, Vous pouvez toujours droxidopa d&#039;entrer en Contact avec Votre M\u00e9decin ou la Prosp\u00e9rit\u00e9 de Soins Sp\u00e9cialiste de la Co-op rapidement, si l&#039;une de ces modalit\u00e9s de mise en \u0152uvre pour Vous. La k\u00e9tamine Crystal est sans aucun doute un Antagoniste des R\u00e9cepteurs NMDA, la Majorit\u00e9 des Activit\u00e9s, \u00e0 l&#039;Exception de la partie sup\u00e9rieure de l&#039;Impact, la Disposition, qui est encore sous Enqu\u00eate et D\u00e9bat. La k\u00e9tamine Crystal en Vente<\/p>\n<p>Cela est d\u00fb au fait que Ketaminkristall grave peut avoir des effets Secondaires, m\u00eame si c&#039;est sous l&#039;\u00e9troite Surveillance et le Contr\u00f4le d&#039;un M\u00e9decin ou d&#039;un V\u00e9t\u00e9rinaire, utilis\u00e9 et manipul\u00e9, et quand il est hors de clinique Cercle de Personnes sans Guide m\u00e9dical utilis\u00e9 et g\u00e9r\u00e9. Ketaminkristall peut provoquer des Effets hallucinog\u00e8nes, qui conduit les Gens \u00e0 voir les Choses, d&#039;entendre, de sentir, de sentir ou ressentir de la R\u00e9alit\u00e9, n&#039;existe pas ou qui ne sont pas \u00e0 la R\u00e9alit\u00e9. La k\u00e9tamine Cristal \u00e0 Vendre<\/p>\n<p>La k\u00e9tamine Cristal, en revanche, est un bon S\u00e9datif rest\u00e9 dans les Cliniques de m\u00e9decine dentaire de l&#039;environnement de travail et clinique Facharbeitsumgebungen avec un solide Fondement essentiel de la S\u00e9curit\u00e9 est utilis\u00e9e. Inattendu Krisendrogen contiennent souvent de courte dur\u00e9e dissoziatives S\u00e9datif et Stimulant. Il est le prototype des Dissoziationsmittel et est souvent sous-propri\u00e9t\u00e9s s\u00e9datives Actions utilis\u00e9. Avant que je le Pentane-\u00c9ther-Recristallisation a travaill\u00e9, j&#039;ai constat\u00e9 que je fais de la K\u00e9tamine en Cristal de pierre Gemme de nouveau dans une Freebase convertir d\u00fb. La k\u00e9tamine Cristal \u00e0 vendre<\/p>\n<h4>LA K\u00c9TAMINE CRISTAL D&#039;ACHETER EN LIGNE:<\/h4>\n<p>Toutefois, du fait de moi la Artikulationssuche &#034;Recristallisation avec Pentane-\u00c9ther de suspect. Ketaminkristall est fr\u00e9quent chez les Bless\u00e9s graves utilis\u00e9 pour l&#039;Impression de S\u00e9curit\u00e9. Une logique Ausbildungsregel parle de l&#039;Utilisation de Ketaminkristall comme dissoziatives Stup\u00e9fiant dans la m\u00e9decine d&#039;Urgence. C&#039;est le Moyen de Choix pour les Personnes qui se trouvent dans un \u00e9tat de Choc s\u00e9v\u00e8re et de l&#039;Hypotension ne sont pas ma\u00eetrisables. Ketaminkristall \u00e0 la Vente<\/p>\n<p>Les gens avec de simples Blessures \u00e0 la t\u00eate souffrent d&#039;une faible Kreislaufbelastung, et la K\u00e9tamine est le moins adapt\u00e9, un Pouls faible, de d\u00e9clencher, et peut \u00e9viter en G\u00e9n\u00e9ral. Ketaminkristall voit sur la Route la plupart du temps comme une Poudre blanche. La Couleur blanche est en Contraste avec le Fait que les blancs Pulververordnungen souvent avec quelques autres Poudres sont m\u00e9lang\u00e9es, pour le v\u00e9ritable M\u00e9decine de distribuer et de son Action. La k\u00e9tamine Cristal \u00e0 Vendre<\/p>\n<p>La k\u00e9tamine Cristal est, certes, sans aucun doute, un S\u00e9datif, mais il s&#039;agit d&#039;un Type particulier de S\u00e9datif, comme dissoziatives S\u00e9datif, qui est d\u00e9sign\u00e9. Les dissociatifs S\u00e9dation entra\u00eene dans une certaine Mesure, de la Stabilit\u00e9 et un Sentiment de S\u00e9paration de sa propre Personne et de l&#039;Environnement. Ketaminkristall vient chez les Enfants de primaire v\u00e9ritable S\u00e9datif pour les petites Interventions ou Einstiegsspezialist en Question, suivi de Bloqueurs neuromusculaires et Trachealintubation, en particulier les Jeunes zyanotischer la maladie coronarienne. La k\u00e9tamine Cristal \u00e0 vendre<\/p>\n<h4>LA K\u00c9TAMINE CRISTAL POUR LA VENTE EN LIGNE:<\/h4>\n<p>En outre, fournir les Maladies neuromusculaires, une formidable Opportunit\u00e9 pour la S\u00e9dation avec Ketaminkristall. Ketaminkristall peut \u00eatre \u00e0 la fois dans l&#039;homme, comme en m\u00e9decine V\u00e9t\u00e9rinaire comme un S\u00e9datif \u00eatre utilis\u00e9. Dissociatifs M\u00e9dicaments sont des Stimulants qui est une Personne \u00e0 une d\u00e9connexion de la R\u00e9alit\u00e9 remarquer. En premier Lieu, nos voisins les echteste, la plus fiable et la plus fiable Source pour l&#039;Achat de Ketaminkristall. Nous avons en Stock une grande quantit\u00e9 de la K\u00e9tamine en Cristal Pierres pr\u00e9cieuses disponible \u00e0 l&#039;Achat. La k\u00e9tamine Cristal \u00e0 Vendre<\/p>\n<p>La k\u00e9tamine Cristal est G\u00e9n\u00e9ralement \u00e0 grande \u00c9chelle et des liquides et des Structures stables (de Produits). La k\u00e9tamine Liquide pourrait enfin dans le Cristal et la Poudre de carbone. La k\u00e9tamine Cristal M\u00e9dicament est G\u00e9n\u00e9ralement des Professionnels de la sant\u00e9 en premi\u00e8re Ligne, comme la S\u00e9dation dans la gauche \/ grand. Ketaminkristall est potentiellement Substance ill\u00e9gale, et nous ne sommes pas convaincus que l&#039;Utilisation de cette Substance est contraire \u00e0 la Loi, et ne voient pas au-del\u00e0. La k\u00e9tamine Cristal \u00e0 Vendre<\/p>\n<p>N\u00e9anmoins, nous acceptons que illicites Medikamentengebrauch arrive et vous reconnaissez que la mise en place d&#039;un gouvernement responsable des Dommages de la r\u00e9duction des donn\u00e9es est essentiel pour les Gens \u00e0 l&#039;abri. De grandes Quantit\u00e9s peuvent incontestablement des R\u00e9sultats encore plus de produire, par lequel l&#039;Acheteur d&#039;une totale et absolue de la S\u00e9paration de votre Corps \u00e0 expliquer. Les R\u00e9sultats sont tr\u00e8s semblables \u00e0 ceux de l&#039;Homme d\u00e9crit les exp\u00e9riences de mort imminente, et il est maintenant connu que le &#034;K-Trou&#034; se trouvent. La k\u00e9tamine Cristal \u00e0 vendre<\/p>\n<h4>LA K\u00c9TAMINE \u00c0 VENDRE:<\/h4>\n<p>Pour Eux, la Voie l\u00e9gale de la K\u00e9tamine en Cristal de Perfusion aider, nous avons l\u00e9gale K\u00e9tamine-Cristal-Organismes dans notre Catalogue pour Hallucinog\u00e8ne Sp\u00e9cialistes organis\u00e9e, contr\u00f4l\u00e9e et confirm\u00e9e dans l&#039;espoir de trouver la bonne pour Vous. Ces derni\u00e8res Ann\u00e9es, le Pays tout entier a la K\u00e9tamine-Cristal-Infusionseinrichtungen ouvert, des Millions d&#039;Am\u00e9ricains \u00e0 la D\u00e9pression majeure, le trouble bipolaire, l&#039;Anxi\u00e9t\u00e9, les Maladies, le stress post traumatique (TSPT) et d&#039;autres troubles de l&#039;humeur de la souffrance, de donner un nouvel Espoir. La k\u00e9tamine Cristal \u00e0 Vendre<\/p>\n<p>La k\u00e9tamine Kristallinfusionen ont un taux de R\u00e9ussite de 91% pour l&#039;Am\u00e9lioration des Signes ou des Sympt\u00f4mes de la D\u00e9pression, si vous correctement et dans de bonnes Conditions, \u00eatre administr\u00e9. Il est vrai que les Efforts pour la K\u00e9tamine-Kristalltherapie aux plus D\u00e9munis, plus abordable, mais le Co\u00fbt est non seulement un Obstacle de taille pour Entrer, mais \u00e9galement d&#039;augmenter l&#039;Utilisation pour ceux qui y participent, de fa\u00e7on spectaculaire. Ketaminkristall \u00e0 la Vente<\/p>\n<p>Ketaminkristall agit aussi sur le Opioidsystem. Car la Naltrexone, les Effets des Opiac\u00e9s est bloqu\u00e9, m\u00eame les antid\u00e9presseurs Effets de la K\u00e9tamine bloque peut-\u00eatre les personnes \u00e0 opioidbedingten arriver \u00e0 des R\u00e9sultats. La k\u00e9tamine Cliniques o\u00f9 les Patients, le M\u00e9dicament est administr\u00e9 par voie intraveineuse, il existe depuis des D\u00e9cennies pour le Traitement de la Douleur chronique et la D\u00e9pression. Maintenant, \u00e9tant un spray nasal est disponible, il est beaucoup plus facile \u00e0 administrer. La k\u00e9tamine Cristal \u00e0 vendre<\/p>\n<h4>KETAMINPULVER \u00c0 VENDRE:<\/h4>\n<p>La naloxone, un autre Opioidantagonist, les douloureux Effets de Ketaminkristall chez les Rongeurs bloqu\u00e9, a depuis longtemps montr\u00e9 qu&#039;il avait le m\u00eame effet. Ketaminkristall est le plus souvent dans le domaine de l&#039;Anesth\u00e9sie et pour le Soulagement de la Douleur s\u00e9v\u00e8re utilis\u00e9. Une fois dans la Litt\u00e9rature m\u00e9dicale, de nombreux Rapports positifs sur l&#039;Effet de Ketaminkristall sur le D\u00e9sespoir sont apparus, est Ketaminkristall aujourd&#039;hui dans Schmerzkliniken \u00e0 plus grande \u00e9chelle, et de nouvelles Cliniques pour Ketaminkristall. La k\u00e9tamine Cristal \u00e0 Vendre<\/p>\n<p>Le Fait que chaque Personne a un Probl\u00e8me psychique ne signifie pas qu&#039;il est de son Autonomie, a perdu. Nous nous adressons pas \u00e0 des Clients qui pourraient \u00eatre d&#039;une grave Maladie mentale, la souffrance et ne sont pas en Mesure de prendre une D\u00e9cision. M\u00e9lange rac\u00e9mique Ketaminkristall est g\u00e9n\u00e9rique et peu co\u00fbteux, mais du Temps, du Travail et de la Formation dans le domaine de la Sant\u00e9 sont pr\u00e9cieux. Les personnes Concern\u00e9es ne pas payer pour Ketaminkristalle. Ketaminkristall \u00e0 vendre<\/p>\n<p>Vous achetez plus d&#039;une D\u00e9cennie professionnel les Comp\u00e9tences d&#039;un professionnel de sant\u00e9, dans le Traitement de tous les Probl\u00e8mes cliniques qui peuvent se produire, qui est exp\u00e9riment\u00e9. Dans de nombreuses Cultures, Ketaminkristall comme une drogue d&#039;abus. En Chine, ont \u00e9t\u00e9 des Milliers de K\u00e9tamine-Cristal-Addict identifi\u00e9. En Australie, il est ill\u00e9gal. En Belgique, il y a un Probl\u00e8me avec l&#039;Abus de K\u00e9tamine Cristal. La k\u00e9tamine Cristal \u00e0 vendre<\/p>\n<h5>En OUTRE:<\/h5>\n<p>Le Fait que la K\u00e9tamine et non pas un pur Euphoriemittel est, limite son Utilisation continue. Il y a de nombreux Effets n\u00e9gatifs; les Gens se sentent \u00e9trange au d\u00e9but, \u2013 excit\u00e9 et confus. En cas d&#039;Ingestion, si l&#039;on d\u00e9veloppe toutefois, une Tol\u00e9rance \u00e0 l&#039;\u00e9gard de la Substance. Certains Ketaminkristall-Experts mettent en garde contre les Cliniques, plusieurs Ketaminkristall les Infusions \u00e0 la fois exiger, et soutiennent que des Cliniques, une seule Ketaminkristall Perfusion devez demander. La k\u00e9tamine Cristal \u00e0 vendre<\/p>\n<p>Vous pouvez fermer les Yeux et \u00e9coute de la Musique douce, l&#039;Immersion dans une dissociatifs Voyage favorise. Pendant la S\u00e9ance, le Patient reste conscient, mais peut \u00eatre agr\u00e9able Schwebegef\u00fchl ressentir. Si une Personne de la Douleur, comme par Exemple, des crises d&#039;angoisse ou de Naus\u00e9es, de ressenti, d&#039;un M\u00e9decin, d&#039;\u00eatre pr\u00e9sent pour vous aussi vite que possible \u00e0 traiter. La k\u00e9tamine Cristal \u00e0 vendre<\/p>","protected":false},"excerpt":{"rendered":"<p>KETAMIN-KRISTALL ZU VERKAUFEN Schlie\u00dflich haben wir hier bei aaronay hochwertiges Ketamin Crystal zu sehr g\u00fcnstigen Preisen zu verkaufen. Wenn Sie durch irgendeine Menge von Ketamin beeintr\u00e4chtigt werden, z\u00f6gern Sie nicht, Ketamine Crystal zu verwenden. Bisher habe ich etwa zw\u00f6lf Bestellungen aufgegeben, und wann immer ich ein Problem hatte, h\u00f6rte ich innerhalb weniger Stunden von ihnen, und sie k\u00fcmmerten sich in der Regel um alle Probleme, die ich hatte, und das fast ohne PIp. Es ist eine Krankheit, bei der eine signifikante Erh\u00f6hung der Kreislaufbelastung kann verletzt werden Sie k\u00f6nnen immer droxidopa, um Kontakt mit Ihrem Arzt oder Wohlstand Pflege Spezialist\u2026<\/p>","protected":false},"featured_media":1749,"comment_status":"open","ping_status":"closed","template":"","meta":{"content-type":""},"product_brand":[],"product_cat":[188],"product_tag":[197,196],"class_list":{"0":"post-1741","1":"product","2":"type-product","3":"status-publish","4":"has-post-thumbnail","6":"product_cat-ketamine","7":"product_tag-kaufen-ketamin-kristall","8":"product_tag-ketamin-kristall","10":"first","11":"instock","12":"shipping-taxable","13":"purchasable","14":"product-type-variable"},"_links":{"self":[{"href":"https:\/\/kokaindrogekaufen.com\/fr\/wp-json\/wp\/v2\/product\/1741"}],"collection":[{"href":"https:\/\/kokaindrogekaufen.com\/fr\/wp-json\/wp\/v2\/product"}],"about":[{"href":"https:\/\/kokaindrogekaufen.com\/fr\/wp-json\/wp\/v2\/types\/product"}],"replies":[{"embeddable":true,"href":"https:\/\/kokaindrogekaufen.com\/fr\/wp-json\/wp\/v2\/comments?post=1741"}],"wp:featuredmedia":[{"embeddable":true,"href":"https:\/\/kokaindrogekaufen.com\/fr\/wp-json\/wp\/v2\/media\/1749"}],"wp:attachment":[{"href":"https:\/\/kokaindrogekaufen.com\/fr\/wp-json\/wp\/v2\/media?parent=1741"}],"wp:term":[{"taxonomy":"product_brand","embeddable":true,"href":"https:\/\/kokaindrogekaufen.com\/fr\/wp-json\/wp\/v2\/product_brand?post=1741"},{"taxonomy":"product_cat","embeddable":true,"href":"https:\/\/kokaindrogekaufen.com\/fr\/wp-json\/wp\/v2\/product_cat?post=1741"},{"taxonomy":"product_tag","embeddable":true,"href":"https:\/\/kokaindrogekaufen.com\/fr\/wp-json\/wp\/v2\/product_tag?post=1741"}],"curies":[{"name":"wp","href":"https:\/\/api.w.org\/{rel}","templated":true}]}}