{"id":1752,"date":"2023-06-27T19:20:52","date_gmt":"2023-06-27T18:20:52","guid":{"rendered":"https:\/\/kokaindrogekaufen.com\/?post_type=product&#038;p=1752"},"modified":"2024-07-31T09:02:31","modified_gmt":"2024-07-31T08:02:31","slug":"kaufen_ketamin-flussig-50-mg-10-ml-zu-verkaufen","status":"publish","type":"product","link":"https:\/\/kokaindrogekaufen.com\/fr\/product\/kaufen_ketamin-flussig-50-mg-10-ml-zu-verkaufen\/","title":{"rendered":"ACHETER K\u00c9TAMINE LIQUIDE 50 MG\/10 ML \u00c0 VENDRE"},"content":{"rendered":"<h2>LA K\u00c9TAMINE LIQUIDE 50 MG\/10 ML \u00c0 VENDRE<\/h2>\n<p>Im Allgemeinen verkaufen wir reines Ketamin in fl\u00fcssiger Form zu sehr g\u00fcnstigen Preisen, d. h. Ketamin in fl\u00fcssiger Form zum Verkauf. Wir wurden schnell der weltweit gr\u00f6\u00dfte Lieferant von Ketamin f\u00fcr Forschung und medizinische Zwecke. Infolgedessen haben wir Ketamin fl\u00fcssig zu verkaufen. Ketamin Fl\u00fcssigkeit 50mg\/10 ml schnell erm\u00f6glicht eine anst\u00e4ndige Art und Weise f\u00fcr die Menschen, um ihre Umst\u00e4nde zu beheben, w\u00e4hrend die Aufhebung ihrer Verzweiflung und die Arbeit an ihrer Disposition. Ketamin fl\u00fcssig 50mg\/10 ml Hydrochlorid-Infusion ist mit Sedierung Einsatz nicht lange vor der Organisation von anderen typischen Sedativa Vermittler gezeigt. <a href=\"https:\/\/kokaindrogekaufen.com\/fr\/product\/ketamin-kristall-zu-verkaufen\/\">Ketamin<\/a> fl\u00fcssig 50mg\/10 ml Hydrochlorid-Infusion verbessert nachweislich die Wirkung von schwach wirksamen Spezialisten wie Lachgas.<\/p>\n<p>Je pourrais Travailler dans deux Heures pour terminer. Si possible, Vous devriez les Traitements \u00e9viter ou par d&#039;autres M\u00e9dicaments remplacer. Si aucune Am\u00e9lioration n&#039;appara\u00eet, si le M\u00e9dicament n&#039;est pas mitverabreicht \u00eatre. Modifiez si besoin la Posologie selon les recommandations de l&#039;Impact. Dans cette M\u00e9thode, la quantit\u00e9 de Liquide de tri et \u00e0 la fois par voie intramusculaire comme administr\u00e9 par voie intraveineuse (ce qui est essentiel est incertain).<\/p>\n<p>L&#039;Effet de cette Interaction est de plus en plus forte, puisque tout le M\u00e9dicament est finalement dans le Sang, Contrairement \u00e0 l&#039;Administration, de la D\u00e9glutition, une Partie du M\u00e9dicament pendant la Verdauungsvorgangs perdu. Comme l&#039;Utilisation th\u00e9rapeutique de la K\u00e9tamine dans les Ann\u00e9es 1970, a gagn\u00e9 en Popularit\u00e9, il a \u00e9t\u00e9 \u00e9galement utilis\u00e9 comme drogue r\u00e9cr\u00e9ative. En Argentine, il a \u00e9t\u00e9 \u00e0 la fois l\u00e9gale et ill\u00e9gale dans la R\u00fcckfallbehandlung, dans le New-Age, de la Mystique et de cas d&#039;\u00c9tudes.<\/p>\n<p>Dans les ann\u00e9es 1970 et les Ann\u00e9es 1980 ont \u00e9t\u00e9 de plus en plus de Tests de la K\u00e9tamine liquid 50mg\/10 ml), sous diff\u00e9rents noms de Marque effectu\u00e9 et avanc\u00e9. Il a \u00e9t\u00e9 sous Forme de R\u00e9cipients, de Poudre, de Pierres pr\u00e9cieuses, de Comprim\u00e9s et Liquides, ainsi que diff\u00e9rentes Options pour la Perfusion dans les Rues r\u00e9aliste. Un Sp\u00e9cialiste peut spray nasal sur IV de la K\u00e9tamine en raison de l&#039;Organisation de l&#039;Appui \u00e0 choisir. La k\u00e9tamine liquide \u00e0 vendre<\/p>\n<h4>L\u00c9GALE, LA K\u00c9TAMINE ACHETER EN LIGNE:<\/h4>\n<p>Vous devez garder \u00e0 l&#039;esprit que, ind\u00e9pendamment de la fa\u00e7on dont la K\u00e9tamine liquid 50mg\/10 ml dans le transport Routier g\u00e9r\u00e9, pas de limites de s\u00e9curit\u00e9 pour la d\u00e9tente, la K\u00e9tamine liquid 50mg\/10 ml d&#039;Utilisation. L&#039;Utilisation de ce M\u00e9dicament sans la Surveillance d&#039;un m\u00e9decin peut \u00eatre extra corporelles entra\u00eener des Probl\u00e8mes et doit absolument \u00eatre \u00e9vit\u00e9e. &#034;La douche nasale n&#039;est ni plus rapide, ni de longue dur\u00e9e&#034;, affirme-t-il. La k\u00e9tamine liquide \u00e0 la Vente<\/p>\n<p>&#034;IV-la K\u00e9tamine, en raison de sa Biodisponibilit\u00e9 mieux adapt\u00e9 que intranasales K\u00e9tamine.&#034; La k\u00e9tamine liquide 50 mg\/10 ml de Confiance et de R\u00e9sistance, apr\u00e8s un traitement de longue dur\u00e9e possible. Apr\u00e8s la Fin d&#039;une tr\u00e8s longue Prise de K\u00e9tamine liquid 50mg\/10 ml est une Entzugsst\u00f6rung fou Alternatives respectif. Par cons\u00e9quent, la K\u00e9tamine liquid 50mg\/10 ml avec un Avertissement erreur et de le r\u00e9guler. La k\u00e9tamine liquide \u00e0 la Vente<\/p>\n<p>Die Behandlung kann die sympathomimetische Wirkung deutlich verbessern; Vorsicht bei Personen mit Porphyrie oder m\u00f6glicherweise einer Schilddr\u00fcsenerkrankung; Porphyrie und Schilddr\u00fcsenerkrankung oder Schilddr\u00fcsenbehandlung k\u00f6nnen als allgemeine Kontraindikation gelten. Neuere Forschungen zur Ketamin-induzierten Neurotoxizit\u00e4t haben sich auf Primaten konzentriert, um ein geeigneteres Modell als Nagetiere zu verwenden. Bei einer dieser Pr\u00fcfungen wurden jungen erwachsenen Cynomolgus-Affen \u00fcber verschiedene Zeitr\u00e4ume t\u00e4gliche Ketamin-Dosen von 50 mg\/10 ml verabreicht, die mit den \u00fcblichen Sportportionen (1 mg\/kg IV) \u00fcbereinstimmten.<a href=\"http:\/\/ketaminkaufenn.com\" target=\"_blank\" rel=\"noopener\"> Ketamin fl\u00fcssig<\/a> zum Verkauf<\/p>\n<p>Le M\u00e9dicament a \u00e9t\u00e9 en quelques Secondes les diff\u00e9rentes Substances ajout\u00e9es, ce qui d&#039;\u00e9tranges Effets a conduit. De petites Doses de K\u00e9tamine liquid 50mg\/10 ml de provoquer une D\u00e9sinhibition, comme pour les Boissons alcoolis\u00e9es se produit. Par cons\u00e9quent, il est souvent lors des F\u00eates et des Raves utilis\u00e9. Des Doses plus \u00e9lev\u00e9es ont un Effet contraire: le Retrait social et large Kommunikationsunf\u00e4higkeit. La k\u00e9tamine liquide pour acheter<\/p>\n<h4>LA K\u00c9TAMINE LIQUIDE \u00c0 VENDRE EN LIGNE:<\/h4>\n<p>La MDMA (delight), un c\u00e9l\u00e8bre Clubdroge, pour la premi\u00e8re fois au Milieu des Ann\u00e9es 1980 est apparue, en est un bon Exemple. M\u00eame si les Effets ne sont pas comparables, est la K\u00e9tamine liquid 50mg\/10 ml souvent que le Bonheur est repr\u00e9sent\u00e9. Les Propri\u00e9t\u00e9s s\u00e9datives de la K\u00e9tamine conduire \u00e0 une impr\u00e9cis Langue et d&#039;une Immobilit\u00e9, il est presque impossible de se d\u00e9placer. Pour cette Raison, la K\u00e9tamine liquid 50mg\/10 ml, souvent, comme des Rendez-vous de Drogue d\u00e9signe. La k\u00e9tamine liquide \u00e0 la Vente<\/p>\n<p>Le dr Levine, affirme que la Possibilit\u00e9 de la K\u00e9tamine liquid 50mg\/10 ml de la d\u00e9pendance, si elle est comme &#034;drogue du viol&#034; est utilis\u00e9, simplement c&#039;est pas donn\u00e9. &#034;Des \u00e9tudes montrent que vraiment r\u00e9duit Portions, nous utilisons, dans un tr\u00e8s \u00e0 orientation m\u00e9dicale Environnement, avec une Ouverture d&#039;esprit \u00e0 la Maison et incoh\u00e9rentes Dosage, aucune Chance de Coercition ou d&#039;Abus&#034;, dit-il en ajoute une R\u00e9serve d&#039;ajouter: &#034;les Benzodiaz\u00e9pines, les sup\u00e9rieur de l&#039;Effet de la K\u00e9tamine tout \u00e0 fait vapeurs.&#034; La k\u00e9tamine liquide \u00e0 la Vente<\/p>\n<p>Elle est r\u00e9guli\u00e8rement un des Experts cliniques dans un Environnement r\u00e9glement\u00e9 critiques Sicherheitsabkl\u00e4rungen raffin\u00e9. Cette Strat\u00e9gie n\u00e9cessite une Planification minutieuse, car hallucinog\u00e8nes Tentatives de choquant, si le Membre n&#039;est pas correctement coordination de l&#039;aide. Certains Professionnels de la Sant\u00e9 mentale, incitent \u00e0 la Prudence lors de l&#039;Utilisation de la K\u00e9tamine liquid 50mg\/10 ml. La k\u00e9tamine liquide \u00e0 la Vente<\/p>\n<p>&#034;Bien qu&#039;il s&#039;agit d&#039;un Traitement efficace afin de R\u00e9duire rapidement la Depressionssymptome agir, nous ne le savons pas assez sur les effets n\u00e9gatifs potentiels d&#039;effets Secondaires, en particulier en cas d&#039;utilisation Prolong\u00e9e, pour la plupart des Patients, \u00e0 recommander.&#034; D&#039;importantes Bonheur \u2013 la K\u00e9tamine liquid 50mg\/10 ml, pour certains Consommateurs des \u00c9tats v\u00e9ritable Enl\u00e8vement de provoquer des. La k\u00e9tamine liquide \u00e0 vendre<\/p>\n<h4>LA K\u00c9TAMINE LIQUIDE DE VENDRE AVEC\/SANS RECETTE:<\/h4>\n<p>Dans tous les Cas, cet Effet est beaucoup moins fort et r\u00e9sistant que les Stup\u00e9fiants ou de la MDMA. La k\u00e9tamine liquid 50mg\/10 ml est un M\u00e9dicament qui peut Vous aider \u00e0 neuropathique Souffrez de maladies nerveuses) pendant et apr\u00e8s Sa Maladie \u00e0 traiter. La k\u00e9tamine liquide 50 mg\/10 ml, pour beaucoup de Gens, un fantastique Moyen d&#039;\u00eatre. La k\u00e9tamine liquide \u00e0 la Vente<\/p>\n<p>Pour d&#039;autres, c&#039;est tout autre chose qu&#039;un brillant Costume. Si Vous \u00eates sous Traitement avec la K\u00e9tamine \u00e0 50 mg\/10 ml d&#039;Envisager, il est important que les Fournisseurs de Votre \u00c9tablissement m\u00e9dical faire confiance. La Prise de K\u00e9tamine 50 mg\/10 ml apaise Votre agit\u00e9e, les Nerfs, les messages d&#039;alerte de Vous transmettre. La k\u00e9tamine liquide \u00e0 vendre<\/p>\n<p>La k\u00e9tamine liquide 50 mg\/10 ml M\u00e9langes pour le Traitement de la D\u00e9pression et d&#039;autres Probl\u00e8mes de sant\u00e9 mentale sont d&#039;une dur\u00e9e de 40 Minutes \u00e0 2 Heures, selon la Personne concern\u00e9e. On estime que Dissoziativa d&#039;autres Substances r\u00e9fl\u00e9chir parce qu&#039;ils sont de longue ou de tr\u00e8s longue dur\u00e9e \u00e0 l&#039;Art de la R\u00e9sistance \u00e0 provoquer progressivement, et ind\u00e9pendamment de la typique de la R\u00e9sistance se d\u00e9veloppe. La k\u00e9tamine liquide \u00e0 vendre<\/p>\n<p>La k\u00e9tamine liquide 50 mg\/10 ml, ill\u00e9galement M\u00e9dicament doit \u00eatre administr\u00e9. Certains Centres de demander que, lors de Leur Licenciement, quelqu&#039;un est pr\u00e9sent pour Vous aider \u00e0 la Maison sans danger d&#039;\u00eatre accompagn\u00e9s. Certains Patients pr\u00e9f\u00e8rent la Pr\u00e9sence de la Personne aim\u00e9e, pendant toute la dur\u00e9e du Traitement, afin de se sentir plus \u00e0 l&#039;aise, mais ce n&#039;est pas dans toutes les Installations n\u00e9cessaires. La k\u00e9tamine liquide \u00e0 vendre<\/p>\n<h4>LA K\u00c9TAMINE \u00c0 VENDRE:<\/h4>\n<p>Le Wahrheitssandwich autorise pas, ces Recettes sur le Lieu de l&#039;utiliser. Nous pensons que c&#039;est pour la S\u00e9curit\u00e9 de ceux qui, pour ces Substances d\u00e9cider, il est important de Nuances d&#039;indiquer. De nombreuses ultra \u00e0 long terme ou de la gravit\u00e9 de la K\u00e9tamine Liquid 50mg\/10 ml de Clients signalent que plus de devoir prendre une S\u00e9paration ou un K-Ouverture par Rapport \u00e0 votre premi\u00e8re Utilisation, pour obtenir, dans tous les Cas, une fois de plus longues Pauses avaient. La k\u00e9tamine liquide \u00e0 la Vente<\/p>\n<p>Si Vous n&#039;avez pas Personne, il Vous suffit de contacter l&#039;une des Organisations ci-dessous, pour organiser le Transport. Avec le Soutien d&#039;un Expert psychologique Bien-\u00eatre, Vous pouvez utiliser un plan de Traitement sur les Aspects de Leur Vie quotidienne, qui se concentre mieux \u00e0 ma\u00eetriser lors de Vos K\u00e9tamine liquid 50mg\/10 ml M\u00e9dicaments acheter inhabituelle Plaisir \u00e0 Votre Rencontre. La k\u00e9tamine liquide \u00e0 la Vente<\/p>\n<p>Il est une personne \u00e0 Leur Domicile, pour les ramasser. Dans l&#039;ensemble, l&#039;Int\u00e9r\u00eat de cette grande Organisation, et Vous devez fournir le Transport. Car la K\u00e9tamine liquid 50mg\/10 ml, sous la Marque Spravato est approuv\u00e9 par la FDA, il ya des Demandes pour leur Utilisation pour le Traitement de la D\u00e9pression. La k\u00e9tamine liquide \u00e0 vendre<\/p>\n<p>Un K\u00e9tamine liquid 50mg\/10 ml, prise en charge de la Psychoth\u00e9rapie est une Option. Cette Proc\u00e9dure vise les Causes du D\u00e9sespoir du Patient \u00e0 combattre. Cette Cat\u00e9gorie comprend tous les \u00c9tablissements d&#039;mentale, de Traitement, en Liaison avec la k\u00e9tamine liquide 50 mg\/10 ml d&#039;Organisations offrir. La k\u00e9tamine liquide \u00e0 la Vente<\/p>\n<h4>M\u00e9dicaments contre la douleur:<\/h4>\n<p>Spravato est de la Pulv\u00e9risation dans le Nez prescrit et c&#039;est seulement dans quelques agr\u00e9\u00e9 k\u00e9tamine liquid 50mg\/10 ml Centres de Drogueries et disponible. Dans l&#039;\u00c9tude clinique ont re\u00e7u douze Personnes n\u00e9cessitant des graves, la D\u00e9pression et les pens\u00e9es Suicidaires trois fois par semaine par voie intraveineuse M\u00e9langes de K\u00e9tamine liquid 50mg\/10 ml. La k\u00e9tamine liquide \u00e0 la Vente<\/p>\n<p>Cinq des douze transmises et ont re\u00e7u une longue P\u00e9riode de temps hebdomadaire Ketaminfl\u00fcssigkeit de 50 mg\/10 ml, suivie d&#039;une Ketaminfl\u00fcssigkeit de 50 mg\/10 ml, Traitement et environ un mois Nachbeobachtungsphase, dans le pas de Ketaminfl\u00fcssigkeit de 50 mg\/10 ml a \u00e9t\u00e9 administr\u00e9. Chacun des cinq pr\u00e9par\u00e9 pour la Dur\u00e9e de la deuxi\u00e8me passage difficult\u00e9s \u00e0 Manifestationsverlauf avant. La k\u00e9tamine liquide \u00e0 la Vente<\/p>","protected":false},"excerpt":{"rendered":"<h3 style=\"text-align: center;\">KAUFEN KETAMIN FL\u00dcSSIG<\/h3>\n<hr \/>\n<p>Finden Sie das beste fl\u00fcssige Ketamin zum Kauf auf unserer Website. Bestellen Sie jetzt und erhalten Sie es bequem nach Hause geliefert!<\/p>","protected":false},"featured_media":1761,"comment_status":"open","ping_status":"closed","template":"","meta":{"content-type":""},"product_brand":[],"product_cat":[188],"product_tag":[194,195],"class_list":{"0":"post-1752","1":"product","2":"type-product","3":"status-publish","4":"has-post-thumbnail","6":"product_cat-ketamine","7":"product_tag-ketamin-flussig-50-mg","8":"product_tag-ketamin-flussig-kaufen","10":"first","11":"instock","12":"shipping-taxable","13":"purchasable","14":"product-type-variable"},"_links":{"self":[{"href":"https:\/\/kokaindrogekaufen.com\/fr\/wp-json\/wp\/v2\/product\/1752"}],"collection":[{"href":"https:\/\/kokaindrogekaufen.com\/fr\/wp-json\/wp\/v2\/product"}],"about":[{"href":"https:\/\/kokaindrogekaufen.com\/fr\/wp-json\/wp\/v2\/types\/product"}],"replies":[{"embeddable":true,"href":"https:\/\/kokaindrogekaufen.com\/fr\/wp-json\/wp\/v2\/comments?post=1752"}],"wp:featuredmedia":[{"embeddable":true,"href":"https:\/\/kokaindrogekaufen.com\/fr\/wp-json\/wp\/v2\/media\/1761"}],"wp:attachment":[{"href":"https:\/\/kokaindrogekaufen.com\/fr\/wp-json\/wp\/v2\/media?parent=1752"}],"wp:term":[{"taxonomy":"product_brand","embeddable":true,"href":"https:\/\/kokaindrogekaufen.com\/fr\/wp-json\/wp\/v2\/product_brand?post=1752"},{"taxonomy":"product_cat","embeddable":true,"href":"https:\/\/kokaindrogekaufen.com\/fr\/wp-json\/wp\/v2\/product_cat?post=1752"},{"taxonomy":"product_tag","embeddable":true,"href":"https:\/\/kokaindrogekaufen.com\/fr\/wp-json\/wp\/v2\/product_tag?post=1752"}],"curies":[{"name":"wp","href":"https:\/\/api.w.org\/{rel}","templated":true}]}}