{"id":1805,"date":"2023-08-07T09:51:02","date_gmt":"2023-08-07T08:51:02","guid":{"rendered":"https:\/\/kokaindrogekaufen.com\/?post_type=product&#038;p=1805"},"modified":"2025-01-13T06:50:24","modified_gmt":"2025-01-13T06:50:24","slug":"lsd-kaufen","status":"publish","type":"product","link":"https:\/\/kokaindrogekaufen.com\/fr\/product\/lsd-kaufen\/","title":{"rendered":"Acheter LSD"},"content":{"rendered":"<div class=\"visible-content\">\n<h1>LSD en ligne acheter<\/h1>\n<p class=\"gt-block\">S&#039;il Vous pla\u00eet prendre un Moment pour nos derniers Articles sur les codes-barres 1D LSD, 1V-LSD et les r\u00e9centes modifications l\u00e9gislatives en Allemagne \u00e0 lire.<\/p>\n<h2>Qu&#039;est-ce que les codes-barres 1D LSD?<\/h2>\n<p>1D-LSD ((1-(<a href=\"https:\/\/en.wikipedia.org\/wiki\/1D-LSD#:~:text=1D%2DLSD%20(1%2D(1,German%20NpSG%20law%20in%202022.\" target=\"_blank\" rel=\"noopener\">1,2-Dimethylcyclobutan-1-carbonyl<\/a>)-Acide lysergique-Hemi-L-Tartrate de)) est introduit.<\/p>\n<p>1D-LSD est un Lysergamid D\u00e9riv\u00e9 avec Ergolin \u00e9pine Dorsale et un LSD Prom\u00e9dicament, pendant 1V-LSD et 1D-LSD sont analogiques. Comme il s&#039;agit d&#039;un Prom\u00e9dicament de LSD est informe, il est probable que de nombreuses Propri\u00e9t\u00e9s psych\u00e9d\u00e9liques avec le LSD-25, ainsi que d&#039;autres LSD Prodrugs comme 1cP-LSD et 1P-LSD et a probablement un M\u00e9canisme d&#039;action similaire. Un Prom\u00e9dicament est, en Substance, une Substance inactive par le M\u00e9tabolisme m\u00e9di\u00e9 par des R\u00e9actions chimiques s&#039;active lorsque vous est pris.<\/p>\n<h3><strong>Quels sont les Effets de 0D-LSD?<\/strong><\/h3>\n<\/div>\n<div class=\"hidden-content\">\n<p class=\"gt-block\">Les premiers Rapports indiquent que les codes-barres 1D LSD des Effets similaires \u00e0 ceux 1V-LSD et le LSD-25, m\u00eame si il est encore t\u00f4t dans le cycle de Vie des 1D le LSD. 1D-LSD semble cependant, d&#039;importantes Diff\u00e9rences d&#039;Lysergamiden avoir.<\/p>\n<p class=\"gt-block\">Les\u00a0<strong>Principales diff\u00e9rences<\/strong>\u00a0Nous avons indiqu\u00e9 pr\u00e9c\u00e9demment, sont:<\/p>\n<ul>\n<li><strong>Moins\/plus rapide au D\u00e9but de<\/strong>\u00a0\u2013 1D-LSD semble environ 30 \u00e0 60 Minutes en avez besoin, jusqu&#039;\u00e0 ce que le plein Effet de l&#039;entr\u00e9e. Par Rapport \u00e0 1-2 Heures pour 1cP-LSD et le LSD-25.<\/li>\n<li><strong>La coh\u00e9rence<\/strong>\u00a0\u2013 Viele Forscher haben berichtet, dass 1D-LSD konsistentere und reproduzierbarere Ergebnisse liefert, wodurch es sich besonders f\u00fcr Mikrodosierungen oder Therapeutika eignet. Die Momente auf dem Sportplatz sind voller Leidenschaft und Vitalit\u00e4t.<\/li>\n<li><strong>Raccourcissement De La Dur\u00e9e<\/strong>\u00a0Les rapports montrent que les codes-barres 1D LSD, m\u00eame pour une courte Dur\u00e9e a 1V-LSD, d\u00e9j\u00e0 d&#039;une courte Dur\u00e9e d&#039;environ 6-8 Heures a eu, par Rapport \u00e0 la longue dur\u00e9e des 1cP-LSD et le LSD-25, qui est plus proche de 10 \u00e0 12 longues Heures<\/li>\n<li><strong>Puissance<\/strong>\u00a0\u2013 La Puissance des codes \u00e0 barres 1D LSD appara\u00eet comparable \u00e0 1V-LSD. LSD acheter en ligne.<\/li>\n<\/ul>\n<h3 class=\"gt-block\">Pourquoi la plus rapide au D\u00e9but?<\/h3>\n<p>Il est sp\u00e9cul\u00e9 que la rapide au D\u00e9but, qui ont fortement pes\u00e9 de 1,2-Dimethylcyclobutan Groupe pourrait \u00eatre expliqu\u00e9, d&#039;acc\u00e9l\u00e9rer le M\u00e9tabolisme et acc\u00e9l\u00e9rer l&#039;Hydrolyse du LSD, in vivo, permet.<\/p>\n<p class=\"gt-block\"><strong>L\u00e9galit\u00e9<\/strong><\/p>\n<p>1D-LSD est actuellement en Allemagne, la France, le Japon et presque tous les Pays du Monde juridique, qui n&#039;ont pas de forfaitaire, Interdiction de psychoactives existe d&#039;autres Liaisons.<\/p>\n<p class=\"gt-block\">Nous n&#039;avons pas encore de Surnom 1D-LSD, car nous ne savons pas encore ce que leurs Propri\u00e9t\u00e9s seront. Si Vous avez des Suggestions, n&#039;h\u00e9sitez pas \u00e0 par E-Mail ou chat en direct de partager avec nous. Pour plus d&#039;Informations, veuillez contacter\u00a0<a href=\"https:\/\/kokaindrogekaufen.com\/fr\/\">Contact<\/a>\u00a0nous.<\/p>\n<\/div>","protected":false},"excerpt":{"rendered":"<p>\u2713Entier Exp\u00e9dition \u00e0 partir de Allemagne<br \/>\n\u2713Patte et vakuumierter Stealth-Exp\u00e9dition<br \/>\n\u2713Anonyme payer avec Bitcoin\/Crypto<br \/>\n\u2713Protection compl\u00e8te par encryption<\/p>","protected":false},"featured_media":1810,"comment_status":"open","ping_status":"closed","template":"","meta":{"content-type":""},"product_brand":[],"product_cat":[193],"product_tag":[205,202,203,204],"class_list":{"0":"post-1805","1":"product","2":"type-product","3":"status-publish","4":"has-post-thumbnail","6":"product_cat-lsd-kaufen","7":"product_tag-kaufen-lsd","8":"product_tag-lsd-kaufen","9":"product_tag-lsd-kaufen-lieferung","10":"product_tag-lsd-online-kaufen","12":"first","13":"instock","14":"shipping-taxable","15":"purchasable","16":"product-type-variable"},"_links":{"self":[{"href":"https:\/\/kokaindrogekaufen.com\/fr\/wp-json\/wp\/v2\/product\/1805"}],"collection":[{"href":"https:\/\/kokaindrogekaufen.com\/fr\/wp-json\/wp\/v2\/product"}],"about":[{"href":"https:\/\/kokaindrogekaufen.com\/fr\/wp-json\/wp\/v2\/types\/product"}],"replies":[{"embeddable":true,"href":"https:\/\/kokaindrogekaufen.com\/fr\/wp-json\/wp\/v2\/comments?post=1805"}],"wp:featuredmedia":[{"embeddable":true,"href":"https:\/\/kokaindrogekaufen.com\/fr\/wp-json\/wp\/v2\/media\/1810"}],"wp:attachment":[{"href":"https:\/\/kokaindrogekaufen.com\/fr\/wp-json\/wp\/v2\/media?parent=1805"}],"wp:term":[{"taxonomy":"product_brand","embeddable":true,"href":"https:\/\/kokaindrogekaufen.com\/fr\/wp-json\/wp\/v2\/product_brand?post=1805"},{"taxonomy":"product_cat","embeddable":true,"href":"https:\/\/kokaindrogekaufen.com\/fr\/wp-json\/wp\/v2\/product_cat?post=1805"},{"taxonomy":"product_tag","embeddable":true,"href":"https:\/\/kokaindrogekaufen.com\/fr\/wp-json\/wp\/v2\/product_tag?post=1805"}],"curies":[{"name":"wp","href":"https:\/\/api.w.org\/{rel}","templated":true}]}}