{"id":1785,"date":"2023-08-07T08:57:00","date_gmt":"2023-08-07T07:57:00","guid":{"rendered":"https:\/\/kokaindrogekaufen.com\/?page_id=1785"},"modified":"2023-08-07T09:27:53","modified_gmt":"2023-08-07T08:27:53","slug":"drogen-bestellen-im-internet","status":"publish","type":"page","link":"https:\/\/kokaindrogekaufen.com\/it\/drogen-bestellen-im-internet\/","title":{"rendered":"Consegna"},"content":{"rendered":"<style>\/*! elementor - v3.14.0 - 18-06-2023 *\/\n.elementor-image-gallery .gallery-item{display:inline-block;text-align:center;vertical-align:top;width:100%;max-width:100%;margin:0 auto}.elementor-image-gallery .gallery-item img{margin:0 auto}.elementor-image-gallery .gallery-item .gallery-caption{margin:0}.elementor-image-gallery figure img{display:block}.elementor-image-gallery figure figcaption{width:100%}.gallery-spacing-custom .elementor-image-gallery .gallery-icon{padding:0}@media (min-width:768px){.elementor-image-gallery .gallery-columns-2 .gallery-item{max-width:50%}.elementor-image-gallery .gallery-columns-3 .gallery-item{max-width:33.33%}.elementor-image-gallery .gallery-columns-4 .gallery-item{max-width:25%}.elementor-image-gallery .gallery-columns-5 .gallery-item{max-width:20%}.elementor-image-gallery .gallery-columns-6 .gallery-item{max-width:16.666%}.elementor-image-gallery .gallery-columns-7 .gallery-item{max-width:14.28%}.elementor-image-gallery .gallery-columns-8 .gallery-item{max-width:12.5%}.elementor-image-gallery .gallery-columns-9 .gallery-item{max-width:11.11%}.elementor-image-gallery .gallery-columns-10 .gallery-item{max-width:10%}}@media (min-width:480px) and (max-width:767px){.elementor-image-gallery .gallery.gallery-columns-2 .gallery-item,.elementor-image-gallery .gallery.gallery-columns-3 .gallery-item,.elementor-image-gallery .gallery.gallery-columns-4 .gallery-item,.elementor-image-gallery .gallery.gallery-columns-5 .gallery-item,.elementor-image-gallery .gallery.gallery-columns-6 .gallery-item,.elementor-image-gallery .gallery.gallery-columns-7 .gallery-item,.elementor-image-gallery .gallery.gallery-columns-8 .gallery-item,.elementor-image-gallery .gallery.gallery-columns-9 .gallery-item,.elementor-image-gallery .gallery.gallery-columns-10 .gallery-item{max-width:50%}}@media (max-width:479px){.elementor-image-gallery .gallery.gallery-columns-2 .gallery-item,.elementor-image-gallery .gallery.gallery-columns-3 .gallery-item,.elementor-image-gallery .gallery.gallery-columns-4 .gallery-item,.elementor-image-gallery .gallery.gallery-columns-5 .gallery-item,.elementor-image-gallery .gallery.gallery-columns-6 .gallery-item,.elementor-image-gallery .gallery.gallery-columns-7 .gallery-item,.elementor-image-gallery .gallery.gallery-columns-8 .gallery-item,.elementor-image-gallery .gallery.gallery-columns-9 .gallery-item,.elementor-image-gallery .gallery.gallery-columns-10 .gallery-item{max-width:100%}}<\/style>\n<figure class='gallery-item'>\n\t\t\t\t<a data-elementor-open-lightbox=\"yes\" data-elementor-lightbox-slideshow=\"cdf8b80\" data-elementor-lightbox-title=\"Ecstasy kAUFEN\" data-e-action-hash=\"#elementor-action%3Aaction%3Dlightbox%26settings%3DeyJpZCI6MTc5MywidXJsIjoiaHR0cDpcL1wva29rYWluZHJvZ2VrYXVmZW4uY29tXC93cC1jb250ZW50XC91cGxvYWRzXC8yMDIzXC8wOFwvRWNzdGFzeS1rQVVGRU4uanBnIiwic2xpZGVzaG93IjoiY2RmOGI4MCJ9\" href='http:\/\/kokaindrogekaufen.com\/wp-content\/uploads\/2023\/08\/Ecstasy-kAUFEN.jpg'><img width=\"225\" height=\"300\" src=\"http:\/\/kokaindrogekaufen.com\/wp-content\/uploads\/2023\/08\/Ecstasy-kAUFEN-225x300.jpg\" alt=\"\" decoding=\"async\" loading=\"lazy\" srcset=\"https:\/\/kokaindrogekaufen.com\/wp-content\/uploads\/2023\/08\/Ecstasy-kAUFEN-225x300.jpg 225w, https:\/\/kokaindrogekaufen.com\/wp-content\/uploads\/2023\/08\/Ecstasy-kAUFEN-300x400.jpg 300w, https:\/\/kokaindrogekaufen.com\/wp-content\/uploads\/2023\/08\/Ecstasy-kAUFEN-600x800.jpg 600w, https:\/\/kokaindrogekaufen.com\/wp-content\/uploads\/2023\/08\/Ecstasy-kAUFEN.jpg 720w\" sizes=\"(max-width: 225px) 100vw, 225px\" \/><\/a><br \/>\n\t\t\t<\/figure>\n<figure class='gallery-item'>\n\t\t\t\t<a data-elementor-open-lightbox=\"yes\" data-elementor-lightbox-slideshow=\"cdf8b80\" data-elementor-lightbox-title=\"cali weed online\" data-e-action-hash=\"#elementor-action%3Aaction%3Dlightbox%26settings%3DeyJpZCI6MTc5NSwidXJsIjoiaHR0cDpcL1wva29rYWluZHJvZ2VrYXVmZW4uY29tXC93cC1jb250ZW50XC91cGxvYWRzXC8yMDIzXC8wOFwvY2FsaS13ZWVkLW9ubGluZS5qcGciLCJzbGlkZXNob3ciOiJjZGY4YjgwIn0%3D\" href='http:\/\/kokaindrogekaufen.com\/wp-content\/uploads\/2023\/08\/cali-weed-online.jpg'><img width=\"169\" height=\"300\" src=\"http:\/\/kokaindrogekaufen.com\/wp-content\/uploads\/2023\/08\/cali-weed-online-169x300.jpg\" alt=\"\" decoding=\"async\" loading=\"lazy\" srcset=\"https:\/\/kokaindrogekaufen.com\/wp-content\/uploads\/2023\/08\/cali-weed-online-169x300.jpg 169w, https:\/\/kokaindrogekaufen.com\/wp-content\/uploads\/2023\/08\/cali-weed-online-576x1024.jpg 576w, https:\/\/kokaindrogekaufen.com\/wp-content\/uploads\/2023\/08\/cali-weed-online-300x533.jpg 300w, https:\/\/kokaindrogekaufen.com\/wp-content\/uploads\/2023\/08\/cali-weed-online-600x1067.jpg 600w, https:\/\/kokaindrogekaufen.com\/wp-content\/uploads\/2023\/08\/cali-weed-online.jpg 720w\" sizes=\"(max-width: 169px) 100vw, 169px\" \/><\/a><br \/>\n\t\t\t<\/figure>\n<figure class='gallery-item'>\n\t\t\t\t<a data-elementor-open-lightbox=\"yes\" data-elementor-lightbox-slideshow=\"cdf8b80\" data-elementor-lightbox-title=\"Cali weed delivery\" data-e-action-hash=\"#elementor-action%3Aaction%3Dlightbox%26settings%3DeyJpZCI6MTc5NiwidXJsIjoiaHR0cDpcL1wva29rYWluZHJvZ2VrYXVmZW4uY29tXC93cC1jb250ZW50XC91cGxvYWRzXC8yMDIzXC8wOFwvQ2FsaS13ZWVkLWRlbGl2ZXJ5LmpwZyIsInNsaWRlc2hvdyI6ImNkZjhiODAifQ%3D%3D\" href='http:\/\/kokaindrogekaufen.com\/wp-content\/uploads\/2023\/08\/Cali-weed-delivery.jpg'><img width=\"225\" height=\"300\" src=\"http:\/\/kokaindrogekaufen.com\/wp-content\/uploads\/2023\/08\/Cali-weed-delivery-225x300.jpg\" alt=\"\" decoding=\"async\" loading=\"lazy\" srcset=\"https:\/\/kokaindrogekaufen.com\/wp-content\/uploads\/2023\/08\/Cali-weed-delivery-225x300.jpg 225w, https:\/\/kokaindrogekaufen.com\/wp-content\/uploads\/2023\/08\/Cali-weed-delivery-768x1024.jpg 768w, https:\/\/kokaindrogekaufen.com\/wp-content\/uploads\/2023\/08\/Cali-weed-delivery-300x400.jpg 300w, https:\/\/kokaindrogekaufen.com\/wp-content\/uploads\/2023\/08\/Cali-weed-delivery-600x800.jpg 600w, https:\/\/kokaindrogekaufen.com\/wp-content\/uploads\/2023\/08\/Cali-weed-delivery.jpg 960w\" sizes=\"(max-width: 225px) 100vw, 225px\" \/><\/a><br \/>\n\t\t\t<\/figure>\n<figure class='gallery-item'>\n\t\t\t\t<a data-elementor-open-lightbox=\"yes\" data-elementor-lightbox-slideshow=\"cdf8b80\" data-elementor-lightbox-title=\"cali weed UK\" data-e-action-hash=\"#elementor-action%3Aaction%3Dlightbox%26settings%3DeyJpZCI6MTc5NywidXJsIjoiaHR0cDpcL1wva29rYWluZHJvZ2VrYXVmZW4uY29tXC93cC1jb250ZW50XC91cGxvYWRzXC8yMDIzXC8wOFwvY2FsaS13ZWVkLVVLLmpwZyIsInNsaWRlc2hvdyI6ImNkZjhiODAifQ%3D%3D\" href='http:\/\/kokaindrogekaufen.com\/wp-content\/uploads\/2023\/08\/cali-weed-UK.jpg'><img width=\"184\" height=\"300\" src=\"http:\/\/kokaindrogekaufen.com\/wp-content\/uploads\/2023\/08\/cali-weed-UK-184x300.jpg\" alt=\"\" decoding=\"async\" loading=\"lazy\" srcset=\"https:\/\/kokaindrogekaufen.com\/wp-content\/uploads\/2023\/08\/cali-weed-UK-184x300.jpg 184w, https:\/\/kokaindrogekaufen.com\/wp-content\/uploads\/2023\/08\/cali-weed-UK-627x1024.jpg 627w, https:\/\/kokaindrogekaufen.com\/wp-content\/uploads\/2023\/08\/cali-weed-UK-768x1254.jpg 768w, https:\/\/kokaindrogekaufen.com\/wp-content\/uploads\/2023\/08\/cali-weed-UK-300x490.jpg 300w, https:\/\/kokaindrogekaufen.com\/wp-content\/uploads\/2023\/08\/cali-weed-UK-600x980.jpg 600w, https:\/\/kokaindrogekaufen.com\/wp-content\/uploads\/2023\/08\/cali-weed-UK.jpg 784w\" sizes=\"(max-width: 184px) 100vw, 184px\" \/><\/a><br \/>\n\t\t\t<\/figure>\n<figure class='gallery-item'>\n\t\t\t\t<a data-elementor-open-lightbox=\"yes\" data-elementor-lightbox-slideshow=\"cdf8b80\" data-elementor-lightbox-title=\"buy weed online reivews\" data-e-action-hash=\"#elementor-action%3Aaction%3Dlightbox%26settings%3DeyJpZCI6MTc5OCwidXJsIjoiaHR0cDpcL1wva29rYWluZHJvZ2VrYXVmZW4uY29tXC93cC1jb250ZW50XC91cGxvYWRzXC8yMDIzXC8wOFwvYnV5LXdlZWQtb25saW5lLXJlaXZld3MuanBnIiwic2xpZGVzaG93IjoiY2RmOGI4MCJ9\" href='http:\/\/kokaindrogekaufen.com\/wp-content\/uploads\/2023\/08\/buy-weed-online-reivews.jpg'><img width=\"225\" height=\"300\" src=\"http:\/\/kokaindrogekaufen.com\/wp-content\/uploads\/2023\/08\/buy-weed-online-reivews-225x300.jpg\" alt=\"\" decoding=\"async\" loading=\"lazy\" srcset=\"https:\/\/kokaindrogekaufen.com\/wp-content\/uploads\/2023\/08\/buy-weed-online-reivews-225x300.jpg 225w, https:\/\/kokaindrogekaufen.com\/wp-content\/uploads\/2023\/08\/buy-weed-online-reivews-768x1024.jpg 768w, https:\/\/kokaindrogekaufen.com\/wp-content\/uploads\/2023\/08\/buy-weed-online-reivews-300x400.jpg 300w, https:\/\/kokaindrogekaufen.com\/wp-content\/uploads\/2023\/08\/buy-weed-online-reivews-600x800.jpg 600w, https:\/\/kokaindrogekaufen.com\/wp-content\/uploads\/2023\/08\/buy-weed-online-reivews.jpg 960w\" sizes=\"(max-width: 225px) 100vw, 225px\" \/><\/a><br \/>\n\t\t\t<\/figure>\n<figure class='gallery-item'>\n\t\t\t\t<a data-elementor-open-lightbox=\"yes\" data-elementor-lightbox-slideshow=\"cdf8b80\" data-elementor-lightbox-title=\"Kokain bestellen\" data-e-action-hash=\"#elementor-action%3Aaction%3Dlightbox%26settings%3DeyJpZCI6MTgwMCwidXJsIjoiaHR0cDpcL1wva29rYWluZHJvZ2VrYXVmZW4uY29tXC93cC1jb250ZW50XC91cGxvYWRzXC8yMDIzXC8wOFwvS29rYWluLWJlc3RlbGxlbi5qcGciLCJzbGlkZXNob3ciOiJjZGY4YjgwIn0%3D\" href='http:\/\/kokaindrogekaufen.com\/wp-content\/uploads\/2023\/08\/Kokain-bestellen.jpg'><img width=\"225\" height=\"300\" src=\"http:\/\/kokaindrogekaufen.com\/wp-content\/uploads\/2023\/08\/Kokain-bestellen-225x300.jpg\" alt=\"\" decoding=\"async\" loading=\"lazy\" srcset=\"https:\/\/kokaindrogekaufen.com\/wp-content\/uploads\/2023\/08\/Kokain-bestellen-225x300.jpg 225w, https:\/\/kokaindrogekaufen.com\/wp-content\/uploads\/2023\/08\/Kokain-bestellen-768x1024.jpg 768w, https:\/\/kokaindrogekaufen.com\/wp-content\/uploads\/2023\/08\/Kokain-bestellen-300x400.jpg 300w, https:\/\/kokaindrogekaufen.com\/wp-content\/uploads\/2023\/08\/Kokain-bestellen-600x800.jpg 600w, https:\/\/kokaindrogekaufen.com\/wp-content\/uploads\/2023\/08\/Kokain-bestellen.jpg 960w\" sizes=\"(max-width: 225px) 100vw, 225px\" \/><\/a><br \/>\n\t\t\t<\/figure>\n<h1>N \u00b0 1 di negozio online, farmaco ordine in internet<\/h1>\n<p>Farmaci comprare online. Il posto migliore per ordinare, semplice e sicuro, Erba, cannabis, cocaina, MDMA e l&#039;anfetamina. Senza costi di spedizione all&#039;interno della Germania. In tutta europa, spedizioni di Farmaci senza alcun costo aggiuntivo per la spedizione. Il pi\u00f9 alto tasso di consegna, grazie a un discreto e imballaggio a tenuta d&#039;aria dalla scatola e sacchetto di alluminio laminato film all&#039;interno. Con DHL tracking number per tracciare il carico di droga.<\/p>\n<h2>Bitcoin \u2013 pagamenti Sicuri quando lo shopping<\/h2>\n<p>Per motivi di sicurezza, accettiamo nel nostro Negozio, solo il crypto-valuta Bitcoin. Perch\u00e9? Abbastanza semplicemente. Tutti noi vogliamo rimanere nell&#039;Ordine di sostanze illecite \u00e8 anonimo e non \u00e8 un saluto rischi. Inoltre, un pagamento tramite Bitcoin ha anche altri effetti benefici. Il pagamento avviene in una manciata di secondi. Appena hai fatto il tuo farmaco ordine nel nostro Negozio, e noi, l&#039;importo dovuto per il nostro Portafoglio \u00e8 stato inviato, si \u00e8 accettato il tuo ordine automaticamente dal nostro Sistema e trattati. Il pagamento resta completamente trasparente. Entrambe le parti saranno in grado di vedere attraverso il Blockchain Explorer, lo Stato del BTC show. Utilizzando l&#039;ID di transazione, chiunque pu\u00f2 vedere, in cui la quantit\u00e0 \u00e8. Cos\u00ec non si pu\u00f2 andare male. Un pagamento con Bitcoin \u00e8 anche mantenere un hard-to-back.\u00a0<\/p>\n<h2>Download VPN Maggiore sicurezza durante la Navigazione<\/h2>\n<p>Anche se prestiamo molta attenzione per la sicurezza e il cliente per cancellare i dati automaticamente dopo un breve periodo di tempo al di fuori del nostro Sistema, consigliamo vivamente i nostri clienti di utilizzare tuttavia, una VPN, prima di dare un farmaco ordine. Ci sono molte soluzioni di VPN. Personalmente ho una buona esperienza con il Nord VPG e il Tor Browser. I servizi di VPN che cambiare il tuo indirizzo IP e nascondere la tua identit\u00e0 su Internet. Non ci sono informazioni riguardanti il vostro acquisto nel nostro Sistema, e rimangono cos\u00ec. Il Torbrowser \u00e8 possibile per gratis per Windows o per Mac per scaricare e installare. Se si desidera per il vostro Smartphone, allora si pu\u00f2 ottenere\u00a0<a href=\"https:\/\/nordvpn.com\/de\/download\/windows\/\" target=\"_blank\" rel=\"noopener\">Nord VPN installare App<\/a>. Il Servizio avr\u00e0 un costo di circa 35 \u20ac l&#039;anno. Si dovrebbe essere il valore di sicurezza.<\/p>\n<h2>Informazioni Di Consegna \u2013 La Consegna Della Droga<\/h2>\n<p>Naturalmente, abbiamo anche prestare attenzione alla spedizione di acquisto farmaci strettamente per la sicurezza. Spediremo il farmaci molto discreto e inodore. La droga, il pacchetto e la busta di essere toccato solo con un guanto. Primo, il farmaco pu\u00f2 essere aspirato con una speciale macchina da noi, se prendiamo l&#039;aria del pacchetto. Dopo di che si trattano i vostri farmaci ancora una volta, la saldatura, e con una speciale Anti Cane Spray, in modo che la polizia cani da fiuto l&#039;odore di nulla. La busta \u00e8 mimetizzato, ed \u00e8 costantemente cambiato strategia.<\/p>\n<p>Quindi non sono sorpreso, per esempio, se un Nome di una societ\u00e0 per la cosmetica \u00e8 sulla busta. Per ulteriori informazioni sul trattamento e il confezionamento della droga, non si pu\u00f2 fare che per motivi di sicurezza, ma si pu\u00f2 essere certi che faremo tutto il possibile per non farsi beccare. Grazie ad anni di esperienza nel commercio Online di farmaci e sostanze stupefacenti \u00e8 il nostro tasso di consegna oltre il 96 %. Non dovrebbe, tuttavia, arriva in un pacchetto, \u00e8 possibile tramite il nostro Sistema di Ticket, lettera di copertura, e vedremo nel tuo caso. Se la colpa \u00e8 di noi, si otterr\u00e0 il 100% dei vostri soldi. Cos\u00ec si pu\u00f2 preoccupare-libera la tua\u00a0<a href=\"https:\/\/kokaindrogekaufen.com\/it\/\">COMPRARE LA DROGA<\/a>\u00a0o\u00a0<a href=\"https:\/\/kokaindrogekaufen.com\/it\/product-category\/kokain\/\">La cocaina ordine<\/a>.<\/p>","protected":false},"excerpt":{"rendered":"<p>Der Nr. 1 Onlineshop \u2013 Drogen bestellen im internet Drogen online kaufen. Die beste Adresse, um sicher und einfach Weed, Hasch, Kokain, MDMA und Amphetamin zu bestellen. Ohne Versandkosten innerhalb Deutschlands. Europaweite\u00a0Drogenlieferungen\u00a0ohne Aufpreis beim Versand. H\u00f6chste Zustellquote dank diskreter und luftdichter Verpackung aus Karton und Beutel aus Aluminiumverbundfolie innen. Mit DHL Trackingnummer zur Verfolgung der Drogen-Sendung. Bitcoin \u2013 Sichere Zahlung beim Einkaufen Aus Sicherheitsgr\u00fcnden akzeptieren wir in unserem Shop nur die Kryptow\u00e4hrung Bitcoin. Warum? Ganz einfach. Wir m\u00f6chten alle beim Bestellen von illegalen Substanzen anonym bleiben und keine gr\u00fc\u00dfen Risiken eingehen. Zudem hat eine Zahlung per Bitcoin auch andere gute\u2026<\/p>","protected":false},"author":1,"featured_media":0,"parent":0,"menu_order":0,"comment_status":"closed","ping_status":"closed","template":"","meta":{"content-type":"","footnotes":""},"class_list":["post-1785","page","type-page","status-publish","hentry"],"blocksy_meta":"","_links":{"self":[{"href":"https:\/\/kokaindrogekaufen.com\/it\/wp-json\/wp\/v2\/pages\/1785"}],"collection":[{"href":"https:\/\/kokaindrogekaufen.com\/it\/wp-json\/wp\/v2\/pages"}],"about":[{"href":"https:\/\/kokaindrogekaufen.com\/it\/wp-json\/wp\/v2\/types\/page"}],"author":[{"embeddable":true,"href":"https:\/\/kokaindrogekaufen.com\/it\/wp-json\/wp\/v2\/users\/1"}],"replies":[{"embeddable":true,"href":"https:\/\/kokaindrogekaufen.com\/it\/wp-json\/wp\/v2\/comments?post=1785"}],"version-history":[{"count":9,"href":"https:\/\/kokaindrogekaufen.com\/it\/wp-json\/wp\/v2\/pages\/1785\/revisions"}],"predecessor-version":[{"id":1803,"href":"https:\/\/kokaindrogekaufen.com\/it\/wp-json\/wp\/v2\/pages\/1785\/revisions\/1803"}],"wp:attachment":[{"href":"https:\/\/kokaindrogekaufen.com\/it\/wp-json\/wp\/v2\/media?parent=1785"}],"curies":[{"name":"wp","href":"https:\/\/api.w.org\/{rel}","templated":true}]}}