{"id":1443,"date":"2023-06-27T19:19:16","date_gmt":"2023-06-27T18:19:16","guid":{"rendered":"https:\/\/kokaindrogekaufen.com\/?post_type=product&#038;p=1443"},"modified":"2026-01-27T00:55:36","modified_gmt":"2026-01-27T00:55:36","slug":"2c-pink-kokain-zu-verkaufen","status":"publish","type":"product","link":"https:\/\/kokaindrogekaufen.com\/it\/product\/2c-pink-kokain-zu-verkaufen\/","title":{"rendered":"2C-VENDITA ROSA COCAINA"},"content":{"rendered":"<p>In sintesi, possiamo dire che offriamo 2C-rosa polvere di Cocaina nel mondo per la vendita. 2C-Rosa-consumatori di Cocaina in polvere \u00e8 di solito una rosa busta o una polvere assunto per via orale o intranasale, \u00e8 un grugnito. Esso non deve essere usato con 2C-rosa polvere di Cocaina cloridrato confuso, a base di erbe Energizer che appare come il grande polvere bianca. 2K-Rosa-polvere di Cocaina \u00e8 un tipo di 2K-farmaci che sono professionalmente prescritto e come fenil etil ammina piano di medicina sono noti. 2C-rosa polvere di cocaina per la vendita<\/p>\n<p>Gli effetti di 2K-rosa polvere di Cocaina sono generalmente determinato dal tipo di prescrizioni o altre sostanze che sono gi\u00e0 in atto per comprare la droga in un gruppo particolare. Fenetilamine sono una classe di farmaci stimolanti e effetti psicoattivi. Questi includono il medico consiglia di sedativi e Anfetamina, Metanfetamina e MDMA. Negli ultimi dieci anni, fenil etil ammina 2C-Rosa-polvere di Cocaina ha vissuto un boom come uno sport di droga, ha iniziato nella scena dei club nel Sud e in mezzo gli Stati Uniti, dove era conosciuto come il Rosa Cocaina o Bromo noto. 2C-Rosa-cocaina in polvere per la vendita<\/p>\n<p>2C-Rosa-polvere di Cocaina \u00e8 una droga del sistema nervoso Centrale, i recettori della dopamina sono alterati nel cervello. Anche se rosa cocaina pu\u00f2 influenzare i recettori della dopamina, ha provocato il pi\u00f9 grande studio che influenza i recettori della serotonina. 2C-Rosa-polvere di Cocaina \u00e8 uno stimolante del sistema nervoso Centrale, i recettori della dopamina sono interessati nel cervello. Mentre 2K pu\u00f2 anche essere influenzato dalla Rosa-polvere di Cocaina recettori della dopamina, suggeriscono che la maggior parte delle indagini per il fatto che colpisce i recettori della serotonina. Overdose con 2C-Rosa-consumatori di Cocaina in polvere. Per vendere 2C-rosa polvere di Cocaina<\/p>\n<h3>2C-ROSA COCAINA ONLINE ACQUISTARE:<\/h3>\n<p>Entrambi i tipi di Sale dovrebbe essere bianco nel loro stato naturale, ma la tonalit\u00e0 pu\u00f2 variare dal bianco al marrone. Bianco 2K-Rosa-polvere di Cocaina non mostra immediatamente che si tratta di un prodotto puro, mentre non \u00e8 distinto dal marrone 2K-Rosa-polvere di Cocaina, e di grande effetto, pu\u00f2 essere. Seleziona la polvere quasi mai per il suo colore. In caso di &#034;Slam Pack&#034; o &#034;Banana Separato&#034; \u00e8 2C-rosa polvere di Cocaina combinato con Bliss o LSD, al fine di rafforzare l&#039;effetto. 2C-vendere una rosa di polvere di Cocaina<\/p>\n<p>\u201c La combinazione di questi farmaci aumenta il rischio di effetti antagonisti, e un Sovradosaggio. 2C-Rosa-polvere di Cocaina \u00e8 il comune termine Slang per tecnico prodotto dal feniletilammina 2C-b \u00e8 un famoso architetto di droga a causa della sua stimolante e psicoattive \u00e8 utilizzato-propriet\u00e0 attive di frequente nei Club ed eventi. 2C-rosa polvere di cocaina per la vendita<\/p>\n<p>I risultati sono combinati con l&#039;aiuto di una tecnologia che consente di specificare la quantit\u00e0 di una Porzione. In piccole dosi, il farmaco pu\u00f2 anche causare un aumento della frequenza cardiaca, un aumento della eccitatorio nitidezza e un&#039;esperienza sensuale di intossicazione. Gli effetti di 2C-Rosa-polvere di Cocaina, pi\u00f9 che nel caso di altri farmaci, tra cui l&#039;euforia. 2C-vendere-Rosa-polvere di Cocaina<\/p>\n<h4>2C-VENDITA ROSA COCAINA:<\/h4>\n<p>Di solito richiede da una a due ore, fino a che la droga dopo l&#039;assunzione raggiunge il cervello. Il suo effetto dura tra le quattro e le otto ore. Rosa polvere di Cocaina 2C aria fredda idrolizzato di HCl e la divide dal suo Tropanskelett per formare il sopra composto, metil benzoato. Inoltre, i ricercatori hanno combinato della NATO hanno sostenuto la procedura legislativa, al fine di spiegare il momento di maggior incoraggiare farmaceutici e mescolarli al Massimo, per esplorare il romanzo e la lavorabilit\u00e0 delle miscele, al fine di migliorare l&#039;uso di contrasto specifici per determinati motivi. 2C-rosa polvere di cocaina per la vendita<\/p>\n<p>Questo \u00e8 un divieto di polvere, che viene utilizzato in tutto il mondo per il benessere. \u00c8 solo un singolo farmaco, che viene fornito in un paio di forme come la pillola, Contenitore, o sotto Forma di polvere. Vi forniamo con i tablet, che rappresentano il consueto e collaudato metodo di somministrazione di questo farmaco. 2C-Rosa-polvere di Cocaina, non \u00e8 la stessa 2C-B e 2C-Rosa-polvere di Cocaina cloridrato di. 2C-Rosa-cocaina in polvere per la vendita<br \/>\nTen artyku\u0142 oferuje bezp\u0142atn\u0105 wysy\u0142k\u0119 w przypadku kwalifikuj\u0105cych si\u0119 produkt\u00f3w <a href=\"https:\/\/www.high-endrolex.com\/\" target=\"_blank\" rel=\"noopener\">Face mask<\/a> produkty lub kup online i odbierz dzisiaj w sklepie w dziale medycznym<br \/>\nIn Sud America, 2C-Rosa-polvere di Cocaina e altre droghe prodotte-to-date in modo professionale i farmaci prescritti sono stati pianificati. L&#039;effetto stimolante \u00e8 insignificante, mentre psichedelico verificarsi effetti dopo il consumo di grandi quantit\u00e0 di sostanza. Il tempo fino alla comparsa di questi effetti \u00e8 tra le 4 e le 8 ore. In vista di questo, \u00e8 interessante il fatto che esso assume il carattere di 2C-Rosa Polvere di Cocaina, perch\u00e9 le conseguenze dell&#039;assunzione di questo farmaco sono confrontati con 2C-Rosa Polvere di Cocaina cloridrato \u00e8 trascurabile. 2C-Rosa-cocaina in polvere per la vendita<\/p>\n<h4>2C-ROSA COCAINA<\/h4>\n<p>2C-rosa polvere di Cocaina pu\u00f2 essere acquistato su Internet a prezzi ragionevoli. Sappiamo che molti devono capire, come pratica per vendere 2C-rosa polvere di Cocaina nel Libero come la ricerca. Vogliamo farvi capire che abbiamo preso tutte le misure di sicurezza in relazione ai dati e la realt\u00e0, cos\u00ec come la sicurezza dei nostri clienti. 2C-rosa polvere di cocaina per la vendita<\/p>\n<p>2C-rosa polvere di Cocaina \u00e8 un tipo di 2C-pillola, che \u00e8 conosciuta come la feniletilamina-come cutter pillole. Fenetilamine sono una classe di farmaci, stimolante e psico-effetti attivi. Anfetamina, Metanfetamina e MDMA sono anche parte di questi stimolanti. In relazione agli effetti sedativi di Dimethicone \u00e8 la cocaina equivalente. Le Formulazioni-&#034;il soccorso&#034; continuer\u00e0 a bloccanti per invertire gli effetti cardiotossici dei canali del sodio e, ovviamente, questi risultati sono utilizzati. 2C-rosa polvere di cocaina per la vendita<\/p>\n<p>Hallucinogenics Items ist ein weltweiter Pionier auf dem Web-Lieferant von komplettem Wohlbefinden und Wellness und Standard Heilung halluzinogenen und Cannabis Arrangements. Wir haben diesen Artikel geschrieben, um Ihnen die besten Qualit\u00e4tsprodukte anzubieten. 2C-Pnk C\u043e\u0441\u0430n\u0435 P\u043ewd\u0435r ist ein rosafarbener Beh\u00e4lter mit mehr Informationen oder Pulver, das absolut oral oder intranasal verwendet wird. Es sollte nicht mit 2C-Pink Cocaine Powder <a href=\"https:\/\/ketaminkaufenn.com\/\" target=\"_blank\" rel=\"noopener\">Hydrochloride<\/a> kombiniert werden, einem Medikament auf pflanzlicher Basis, das das Aussehen eines modischen, wei\u00dfen Pulvers hat. 2C-Pink-Kokainpulver zum Verkauf<\/p>\n<h4>A VENDERE COCAINA:<\/h4>\n<p>L&#039;aumento di farmaci contraffatti in Argentina e Uruguay \u00e8 un esempio di come le organizzazioni criminali, per regolare la crescente domanda di questi farmaci. 2C-Rosa-polvere di Cocaina \u00e8 una droga che solo di recente ha guadagnato la popolarit\u00e0. Il farmaco, tuttavia, non \u00e8 un fenomeno nuovo, ma \u00e8 una lunga storia. Le trib\u00f9 indigene, consumato in questo momento, le foglie di Coca, o il Peyote come parte dei loro costumi. 2C-rosa polvere di cocaina per la vendita<\/p>\n<p>Obwohl Argentinien kein Hotspot f\u00fcr den Konsum von Kokain ist, liegt das kommerzielle Zentrum f\u00fcr Medikamente in der Provinz in der N\u00e4he des lokalen bewegenden Elements. Wenn es in extrem niedrigen Dosen eingenommen wird, kann es zerbrechliche belebende Resultate produzieren; jedoch, wenn es in den gro\u00dfen Quantit\u00e4ten genommen wird, kann es sehr gro\u00dfe Antworten sowie verbl\u00fcffende Fantasien produzieren. 2C-Pink-Kokainpulver zum Verkauf<\/p>\n<p>Die Wirkung von 2C-Pink-Kokainpulver erreicht ihren H\u00f6hepunkt in der Regel innerhalb von zwei Stunden, kann aber bis zu acht Stunden anhalten. 2C-pink Kokainpulver ist eine prim\u00e4re Interaktionsdroge, die die Dopaminrezeptoren als Teil Ihrer Wahrnehmung ver\u00e4ndert. Obwohl pinkes <a href=\"https:\/\/kokaindrogekaufen.com\/it\/kokain-preis\/\">La cocaina<\/a> Dopaminrezeptoren beeinflussen kann, hat die Mehrheit der Forschung herausgefunden, dass es Serotoninrezeptoren beeinflusst. 2C-rosa Kokainpulver zum Verkauf<\/p>\n<h4>INOLTRE:<\/h4>\n<p>Dies ist eine Warnung an die gro\u00dfe Zahl von Menschen, die dieses Zeug konsumieren. Behalten Sie die Dinge im Auge und kontrollieren Sie Ihre Medikamente! Lassen Sie zu Ihrer eigenen Sicherheit Ihre Substanzen von einer Pr\u00fcfstelle testen oder testen Sie zumindest Ihr 2C-pink Kokainpulver mit den wichtigen Reagenzien, die das Marquis-Reagenz und das Mecke-Reagenz sein k\u00f6nnten. 2C-rosa Kokainpulver zum Verkauf<\/p>\n<p>Die einzige \u00c4hnlichkeit zwischen den beiden Medikamenten ist ihr physisches Erscheinungsbild, insbesondere die Darstellung in Pulverform. Unabh\u00e4ngig davon enth\u00e4lt das 2C-Pink-Kokainpulver eine h\u00f6here gewohnheitsbildende elektrische Kraft, die der anderer psychoaktiver Substanzen wie Methamphetamin \u00e4hnlich ist. Dennoch gibt es keine ausreichenden Untersuchungen zu den Sp\u00e4tfolgen. Langfristiger Konsum hingegen wurde mit echten Angstgef\u00fchlen, Verzweiflung und Schlafst\u00f6rungen in Verbindung gebracht. Es ist schwer zu sagen, inwieweit dieses Medikament gewohnheitsbildend ist. 2C-rosa Kokainpulver zu verkaufen<\/p>","protected":false},"excerpt":{"rendered":"<h3 style=\"text-align: center;\">PINK KOKAIN ZU VERKAUFEN<\/h3>","protected":false},"featured_media":1473,"comment_status":"open","ping_status":"closed","template":"","meta":{"content-type":""},"product_brand":[],"product_cat":[26],"product_tag":[],"class_list":{"0":"post-1443","1":"product","2":"type-product","3":"status-publish","4":"has-post-thumbnail","6":"product_cat-kokain","8":"first","9":"instock","10":"shipping-taxable","11":"purchasable","12":"product-type-variable"},"_links":{"self":[{"href":"https:\/\/kokaindrogekaufen.com\/it\/wp-json\/wp\/v2\/product\/1443"}],"collection":[{"href":"https:\/\/kokaindrogekaufen.com\/it\/wp-json\/wp\/v2\/product"}],"about":[{"href":"https:\/\/kokaindrogekaufen.com\/it\/wp-json\/wp\/v2\/types\/product"}],"replies":[{"embeddable":true,"href":"https:\/\/kokaindrogekaufen.com\/it\/wp-json\/wp\/v2\/comments?post=1443"}],"wp:featuredmedia":[{"embeddable":true,"href":"https:\/\/kokaindrogekaufen.com\/it\/wp-json\/wp\/v2\/media\/1473"}],"wp:attachment":[{"href":"https:\/\/kokaindrogekaufen.com\/it\/wp-json\/wp\/v2\/media?parent=1443"}],"wp:term":[{"taxonomy":"product_brand","embeddable":true,"href":"https:\/\/kokaindrogekaufen.com\/it\/wp-json\/wp\/v2\/product_brand?post=1443"},{"taxonomy":"product_cat","embeddable":true,"href":"https:\/\/kokaindrogekaufen.com\/it\/wp-json\/wp\/v2\/product_cat?post=1443"},{"taxonomy":"product_tag","embeddable":true,"href":"https:\/\/kokaindrogekaufen.com\/it\/wp-json\/wp\/v2\/product_tag?post=1443"}],"curies":[{"name":"wp","href":"https:\/\/api.w.org\/{rel}","templated":true}]}}