{"id":1452,"date":"2023-06-27T19:19:16","date_gmt":"2023-06-27T18:19:16","guid":{"rendered":"https:\/\/kokaindrogekaufen.com\/?post_type=product&#038;p=1452"},"modified":"2026-01-27T00:59:24","modified_gmt":"2026-01-27T00:59:24","slug":"bolivianisches-kokain-zu-verkaufen","status":"publish","type":"product","link":"https:\/\/kokaindrogekaufen.com\/it\/product\/bolivianisches-kokain-zu-verkaufen\/","title":{"rendered":"PER VENDERE COCAINA BOLIVIANA"},"content":{"rendered":"<h2>COCAINA PER LA VENDITA ONLINE:<\/h2>\n<p>Senza indugio, abbiamo cocaina per la vendita online. Una critica Boliviano Partner nell&#039;assunzione di farmaci, ha annunciato che l&#039;ultimo dei possibili Cambiamenti che possono aumentare il livello di legittimo di Coca nel nuovo decreto, appena uscito dalla scatola, significa che la coalizione sarebbe in linea con le vostre attivit\u00e0, la &#034;nuova&#034;, mentre lei continuer\u00e0 a lavorare con la Bolivia insieme. Nel caso di un cliente che sta cercando di Top-of-the-line di prodotti ideale per scoprire, proprio in prima assoluta di una soluzione sicuramente non ricordare, alcune delle Boliviano cocaina sul aaronay essere.<\/p>\n<p>Hai un sacco di qualit\u00e0 di base. Aiuto. Boliviano cocaina sarebbe pi\u00f9 perfetto Boliviana di cocaina che potete scoprire sul pianeta. La gente lo usa per una Energizer a lavorare sulla creazione di un esplicito prodotti chimici del cervello, in aggiunta, per ottenere l&#039;aiuto di stato richiesto. Con l&#039;apertura che offriamo, non c&#039;\u00e8 bisogno di sedersi intorno pigramente e su cui sono Boliviano cocaina pu\u00f2 acquistare. Cocaina per la vendita online<\/p>\n<p>Questo \u00e8, in via eccezionale, persone, legate a una lunga strada da effettivo farmacie di vita. Il Boliviano cocaina-la distribuzione dei dati Informandote stampare anche le foto dell&#039;ex Signore della droga, che lavora con il Locale, \u00e8 stato invitato per il pranzo di domenica. Boliviano cocaina ha numerosi elementi dal mondo delle cure mediche. Per questo motivo, \u00e8 utilizzato da molti dei farmaci in aggiunta alle raccomandazioni di specialisti, per la gestione di varie malattie. Cocaina per la vendita online<\/p>\n<p>Ho avuto Boliviano cocaina roba, se \u00e8 stato assegnato un colore, e una bella lucida in modo significativo, in contrasto con ci\u00f2 che ho, nel Complesso, ho il sospetto, \u00e8 Colombiano. Boliviano cocaina contiene un certo numero di qualit\u00e0 nell&#039;ambiente clinico. Venendo davvero di vari farmaci, e alla luce di medici specialisti raccomandato, con problemi diversi. Cocaina per la vendita online<\/p>\n<h3>A VENDERE COCAINA:<\/h3>\n<p>Clinici specialisti sono l&#039;utilizzo di questo farmaco o farmaci, se si trattano le persone alle prese con la disperazione, e altri inconvenienti. Non \u00e8 utilizzato in Minima di esperti di salute, ma anche di persone celebrano in discoteche e Bar. Gli Indiani della Bolivia nibble per et\u00e0 foglie di Coca miscelato con calce sfere di pietra o Pflanzenru\u00df per sopravvivere, per piacere o per malattie, il desiderio e la sete. Cocaina per la vendita online<\/p>\n<p>Nelle varie societ\u00e0 unica Alcaloide foglie artificialmente dalla Coca di distanza, e in aggiunta, in il sale della cocaina \u00e8 convertito. Professionisti medici utilizzano questo farmaco o farmaco, se si prende cura delle vittime, che devono combattere con la miseria, e diversi tipi di Paure. Esso non \u00e8 utilizzato solo da professionisti ma anche da gente comune, discoteche e Bar. A vendere cocaina online<\/p>\n<p>Una connessione con il commercio di droga pu\u00f2 anche avere un impatto fondamentale sulla sostanza. Boliviano cocaina \u00e8 una forte focale paura strategia-risorse energetiche, il livello delle Sinapsi, la dopamina nella mente circuiti, la gioia e il movimento maniglie. Solo un club pioneer mostrato, come la Coca-coltivatore-regolato amministrazione comunale di organizzazione la sospensione delle capacit\u00e0 a livello locale, gli obblighi finanziari connessi a qualsiasi interesse locale, sempre con la cocaina colla reddito dei dipendenti. Cocaina per la vendita online<\/p>\n<h4>COCAINA PER VENDITA USA:<\/h4>\n<p>Boliviano cocaina affinit\u00e0 formando, ed \u00e8 anche essere schiacciante. Boliviano cocaina \u00e8 impiantata anche in Piano o affumicato in una artificialmente mantenuta miglioramento chiamato freebase; i due simili, quali strategie per organizzare un notevole numero crescente di uso di Routine della medicina. Si mettere le risorse in Boliviano Cocaina Online con noi, eccezionalmente, a costi moderati. Cocaina per la vendita online<\/p>\n<p>Boliviano cocaina \u00e8 tra i migliori tipi di cocaina che pu\u00f2 indubbiamente essere visto in tutto il mondo. Esso \u00e8 utilizzato da individui oggi, per la maggior parte, una carica energetica, al fine di agevolare lo sviluppo di incredibile sostanze sintetiche all&#039;interno i pensieri, e a trovare supporto all&#039;interno della turbolenta stress. Boliviano cocaina \u00e8 vario titolo nel mondo del benessere. Boliviano cocaina pezzo, risultante da casa sua, a portare il Resto del corpo umano, viene utilizzato dai giovani di un gigantesco campo di applicazione per il recupero. Cocaina per la vendita online<\/p>\n<p>Come risultato, il Boliviano cocaina \u00e8 utilizzato in un paio di farmaci per gestire insieme raccomandato da medici esperti a determinate malattie. Professionisti medici hanno usato questo farmaco o farmaco, o se si lavora con i pazienti, la disperazione, e vari tipi di sensibilit\u00e0 lotta. Cocaina per la vendita online<\/p>\n<p>Boliviano e la cocaina non \u00e8 consumato solo da medici esperti, ma anche da un numero di persone in discoteche e Bar. Boliviano cocaina \u00e8 uno dei pi\u00f9 perfetti tipi di cocaina nel mondo. Esso \u00e8 utilizzato da persone come Energizer per espandere la creazione di particolari sostanze chimiche nella vostra testa e per ottenere aiuto in condizioni di stress. Cocaina per la vendita online<\/p>\n<h4>LA COCAINA ONLINE ACQUISTARE:<\/h4>\n<p>Questo favoloso bianco in polvere \u00e8 l&#039;annus\u00f2 con una camera vuota, che \u00e8 visto nel corso del ciclo di tutti attraverso la mucosa nasale film. Boliviano cocaina \u00e8 una riacutizzazione, a prescindere, e la capacit\u00e0 di risolvere le vene, che buca un costante naso che cola o, in situazioni reali, ulcerazione, mentre nel Naso. L&#039;effetto euforico di sniffing del Boliviano cocaina \u00e8 spesso di breve durata, e dopo circa mezz&#039;ora. Cocaina per la vendita online<\/p>\n<p>L&#039;assunzione di cariche energetiche \u00e8 rischioso perch\u00e9 gli effetti sedativi di liquido cerebrospinale pu\u00f2 essere ridotto. Essi sono ci\u00f2 che il corpo umano pu\u00f2 essere utilizzato per misurare il &#034;rumore&#034;. Questo di solito porta ad un elevato consumo con possibilit\u00e0 molto limitate, \u00e8 un grande rischio di danni al fegato e ulteriormente sviluppato Parchedi\u00e4t. Questo significa che, nel caso di visualizzazione delle misure, Boliviano di cocaina, si trasforma per la cpu o aiuto \u00e8 molto difficile, comunque, come la mascella di tenere, automaticamente notevole agitazione, e le vibrazioni al termine della corrente, che si scrolla di forte Agitazione di tutto il corpo umano, con le armi, e regolare un totale di insufficiente incredibile motore. Cocaina per la vendita online<\/p>\n<p>Diese Auswirkung wird mit m\u00e4\u00dfiger Schl\u00e4frigkeit und durchschnittlicher M\u00fcdigkeit durch den Versatz Ihrer Einsicht verdr\u00e4ngt. Bolivianisches Kokain hat eine nicht zu vernachl\u00e4ssigende Neigung, eine nicht anhaltende Psychose auszul\u00f6sen, wobei viel mehr als 50% der bolivianischen Kokainopfer im Wesentlichen einige verr\u00fcckte Anzeichen zeigen. \u00dcbliche Anzeichen von Opfern beinhalten Dinge wie sprunghafte Tr\u00e4ume, die sie bekommen, gefolgt von ihrem Medikamentenkonsum, der derzeit beobachtet wird, verbunden mit Gedankenfl\u00fcgen, die den halluzinierenden \u00dcberzeugungen helfen. Kokain zum Verkauf online<\/p>\n<p>Skurrile Parasitose mit Ameisenlaufen (\u201ebolivianische Kokainwanzen\u201c) ist zus\u00e4tzlich eine wirklich vorherrschende Nebenwirkung. Bolivianisches Kokain zerf\u00e4llt, wenn es eindeutig erw\u00e4rmt wird. Daher werden die Freebase- und Hydrogencarbonat-Salze des bolivianischen Kokains, die im Gegensatz zum Hydrochlorid-Salz deutlich geringere Grenzwerte haben, gew\u00f6hnlich verwendet, sobald das Material zerf\u00e4llt, und sind daher als bolivianisches Kokain bekannt, das einzeln entsteht und zerf\u00e4llt. Kokain online zu verkaufen<\/p>\n<h5>KOKAIN ZUM VERKAUF IN AUSTRALIEN:<\/h5>\n<p>Versuche, die Kokafelder durch den Einsatz von Entlaubungsmitteln zu vernichten, haben in bestimmten Kokaanbaugebieten Kolumbiens Komponenten des monet\u00e4ren Anbaus zerst\u00f6rt, und es scheinen St\u00e4mme hergestellt worden zu sein, die sicherer oder unempfindlicher gegen ihre Verwendung sind. Ob es sich bei diesen Sorten um regul\u00e4re Ver\u00e4nderungen oder um das Ergebnis menschlicher Eingriffe handelt, ist unklar. Abgesehen von den zerst\u00f6rerischen Auswirkungen des bolivianischen Kokains. Kokain zum Verkauf online<\/p>\n<p>Bei den unl\u00f6slichen Substanzen, die zur Minimierung des Medikaments verwendet werden k\u00f6nnen, besteht zus\u00e4tzlich das Risiko von Kreislaufembolien. Wie bei allen illegalen Substanzen, die infundiert werden, ist es m\u00f6glich, dass der Kunde durch Blut \u00fcbertragene Kontaminationen bekommt, wenn sterile Infusionsger\u00e4te nicht realistisch sind oder verwendet werden. Kokain zum Verkauf online<\/p>\n<p>Da bolivianisches Kokain im Allgemeinen ein Vasokonstriktor ist und die Kunden normalerweise zahlreiche Infusionen innerhalb einiger weniger Stunden oder weniger erhalten, sind die daraus resultierenden Infusionen immer schwieriger zu \u00fcberwachen, was zu zus\u00e4tzlichen Infusionsversuchen und erheblich mehr Folgeerscheinungen durch unsachgem\u00e4\u00df durchgef\u00fchrte Infusionen f\u00fchren kann. Kokain zum Verkauf online<\/p>\n<p>Die nasale Insufflation (informell als \u201eGrunzen\u201c, \u201eSchn\u00fcffeln\u201c oder \u201eBlasen\u201c bezeichnet) ist die bekannteste Methode der Einnahme von bolivianischem Kokain in Pulverform in der westlichen Welt. Das Medikament bedeckt, die mit den Schleimschichten, die die Nebenh\u00f6hlen beschichten, gefangen ist. Bei der Insufflationierung von Kokain liegt die Aufnahme \u00fcber die Nasenschleimh\u00e4ute bei etwa drei\u00dfig bis sechzig Prozent, wobei gr\u00f6\u00dfere Dosierungen die erh\u00f6hte Assimilationsleistung bewirken. Kokain zum Verkauf online<\/p>\n<h5>INOLTRE:<\/h5>\n<p>Jede Substanz, die willk\u00fcrlich durch die Schleimh\u00e4ute aufgenommen wird, wird in K\u00f6rperfl\u00fcssigkeit gesammelt und geschluckt (dieses \u201eTr\u00f6pfeln\u201c wird von einigen als angenehm und von anderen als unangenehm empfunden). Das bedeutet, dass es bei bestimmten Dosen m\u00fchsam oder unm\u00f6glich wird, sich auf jeden Fall zu halten, da der Kiefer gehalten wird, automatisch echte Ersch\u00fctterungen und Vibrationen auftreten, die ein \u00fcberm\u00e4\u00dfiges Zittern des gesamten K\u00f6rpers und eine Unsicherheit der Handfl\u00e4chen verursachen, zus\u00e4tzlich zu einer typischen Unzul\u00e4nglichkeit der ph\u00e4nomenalen Motorsteuerung. Dieses Ergebnis wird durch leichte Erm\u00fcdung und normale M\u00fcdigkeit w\u00e4hrend des gesamten Zeitraums, in dem du deine Erfahrungen mit dem Konsum machst, ersetzt. Kokain online zu verkaufen<\/p>\n<p>&nbsp;<\/p>","protected":false},"excerpt":{"rendered":"<p>KOKAIN ZUM ONLINE-VERKAUF: Ohne Verz\u00f6gerung haben wir Kokain zum Verkauf online. Ein kritischer bolivianischer Partner bei der Einnahme von Medikamenten verk\u00fcndete, dass die letzten m\u00f6glichen \u00c4nderungen, die das Ma\u00df an erlaubtem Koka in dem neuen Erlass frisch aus der Kiste erh\u00f6hen, bedeuten, dass die Koalition ihre Unternehmungen &#8222;neu ausrichten&#8220; w\u00fcrde, w\u00e4hrend sie weiterhin mit Bolivien zusammenarbeiten wird. F\u00fcr den Fall, dass Sie ein Kunde, der versucht, Top-of-the-line gro\u00dfe Produkte zu entdecken, Ihre absolute erste Anordnung sollte definitiv nicht zu erinnern, einige bolivianische Kokain auf der aaronay sein. Haben Sie eine Tonne von grundlegenden Qualit\u00e4ten. Hilfe. Bolivianisches Kokain w\u00e4re die perfekteste\u2026<\/p>","protected":false},"featured_media":1474,"comment_status":"open","ping_status":"closed","template":"","meta":{"content-type":""},"product_brand":[],"product_cat":[26],"product_tag":[27,28,29,30,31,32,33,34,35,36,37,38,39,40,41,42,43,44,45,46,47,48,49,50,51,52,53,54,55,56,57,58,59,60,61,62,63,64,65,66,67,68,69,70,71,72,73,74,75,76,77,78,79,80,81,82,83],"class_list":{"0":"post-1452","1":"product","2":"type-product","3":"status-publish","4":"has-post-thumbnail","6":"product_cat-kokain","7":"product_tag-besitz-von-kokain-zum-verkauf-hs","8":"product_tag-cocaine-hydrochloride-sale","9":"product_tag-cocaine-leaves-for-sale","10":"product_tag-cocaine-lockup-sale","11":"product_tag-cocaine-mirror-for-sale","12":"product_tag-cocaine-origins","13":"product_tag-cocaine-pipes-for-sale","14":"product_tag-cocaine-plant-for-sale","15":"product_tag-cocaine-purity-test-for-sale","16":"product_tag-cocaine-sale-gta","17":"product_tag-cocaine-sale-reddit","18":"product_tag-cocaine-seed-sale","19":"product_tag-cocaine-seeds-for-sale","20":"product_tag-cocaine-seeds-for-sale-online","21":"product_tag-cocaine-spoons-for-sale","22":"product_tag-cocaine-tea-for-sale","23":"product_tag-cocaine-tooters-for-sale","24":"product_tag-cocaine-vials-for-sale","25":"product_tag-colombian-cocaine-for-sale","26":"product_tag-crack-cocaine-for-sale-online","27":"product_tag-fake-cocaine-for-sale","28":"product_tag-groshandel-kokain-zum-verkauf","29":"product_tag-gta-online-cocaine-lockup-buying-supplies","30":"product_tag-kilo-of-cocaine-for-sale","31":"product_tag-kokain","32":"product_tag-kokain-bullet-for-sale","33":"product_tag-kokain-cowboys","34":"product_tag-kokain-for-sale","35":"product_tag-kokain-for-sale-australia","36":"product_tag-kokain-for-sale-craigslist","37":"product_tag-kokain-for-sale-near-me","38":"product_tag-kokain-for-sale-online-usa","39":"product_tag-kokain-for-sale-usa","40":"product_tag-kokain-for-sale-websites","41":"product_tag-kokain-for-sales","42":"product_tag-kokain-for-sell","43":"product_tag-kokain-grinders-for-sale","44":"product_tag-kokain-history","45":"product_tag-kokain-hydrochloride-for-sale","46":"product_tag-kokain-online-kaufen","47":"product_tag-legal-cocaine-for-sale","48":"product_tag-legal-synthetic-cocaine-for-sale","49":"product_tag-online-cocaine-anonymous-meetings","50":"product_tag-online-cocaine-for-sale","51":"product_tag-online-cocaine-meetings","52":"product_tag-online-cocaine-purchase","53":"product_tag-online-kokain-verkauf","54":"product_tag-peruanisches-kokain-zum-verkauf","55":"product_tag-pharmazeutisches-kokain-zum-verkauf","56":"product_tag-reines-kokain-zum-verkauf","57":"product_tag-reines-kokain-zum-verkauf-online","58":"product_tag-synthetisches-crack-kokain-zum-verkauf","59":"product_tag-synthetisches-kokain-zum-verkauf","60":"product_tag-synthetisches-kokain-zum-verkauf-online","61":"product_tag-verkauf-von-kokain","62":"product_tag-verkauf-von-kokain-florida","63":"product_tag-verkauf-von-kokain-georgia","65":"first","66":"instock","67":"shipping-taxable","68":"purchasable","69":"product-type-variable"},"_links":{"self":[{"href":"https:\/\/kokaindrogekaufen.com\/it\/wp-json\/wp\/v2\/product\/1452"}],"collection":[{"href":"https:\/\/kokaindrogekaufen.com\/it\/wp-json\/wp\/v2\/product"}],"about":[{"href":"https:\/\/kokaindrogekaufen.com\/it\/wp-json\/wp\/v2\/types\/product"}],"replies":[{"embeddable":true,"href":"https:\/\/kokaindrogekaufen.com\/it\/wp-json\/wp\/v2\/comments?post=1452"}],"wp:featuredmedia":[{"embeddable":true,"href":"https:\/\/kokaindrogekaufen.com\/it\/wp-json\/wp\/v2\/media\/1474"}],"wp:attachment":[{"href":"https:\/\/kokaindrogekaufen.com\/it\/wp-json\/wp\/v2\/media?parent=1452"}],"wp:term":[{"taxonomy":"product_brand","embeddable":true,"href":"https:\/\/kokaindrogekaufen.com\/it\/wp-json\/wp\/v2\/product_brand?post=1452"},{"taxonomy":"product_cat","embeddable":true,"href":"https:\/\/kokaindrogekaufen.com\/it\/wp-json\/wp\/v2\/product_cat?post=1452"},{"taxonomy":"product_tag","embeddable":true,"href":"https:\/\/kokaindrogekaufen.com\/it\/wp-json\/wp\/v2\/product_tag?post=1452"}],"curies":[{"name":"wp","href":"https:\/\/api.w.org\/{rel}","templated":true}]}}