{"id":1460,"date":"2023-06-27T19:19:17","date_gmt":"2023-06-27T18:19:17","guid":{"rendered":"https:\/\/kokaindrogekaufen.com\/?post_type=product&#038;p=1460"},"modified":"2026-01-27T00:57:42","modified_gmt":"2026-01-27T00:57:42","slug":"kaufen-peruanischen-kokain-online","status":"publish","type":"product","link":"https:\/\/kokaindrogekaufen.com\/it\/product\/kaufen-peruanischen-kokain-online\/","title":{"rendered":"PERUVIANA COCAINA ONLINE ACQUISTARE"},"content":{"rendered":"<p>PERUVIANA COCAINA ONLINE ACQUISTARE<\/p>\n<p>A prescindere di comprare cocaina Online in Germania, con un 5% di sconto politiche. Peruviana la cocaina blocca anche la Serotonina e la noradrenalina, vettore e impedisce la re-uptake della Serotonina e della noradrenalina nella fessura sinaptica nell&#039;Assone Terminale presinaptico, e aumenta l&#039;attivazione della Serotonina e della noradrenalina recettori del Neurone postsinaptico, che contribuisce al cambiamento di coscienza, i sentimenti e la cocaina-attivit\u00e0 connesse.<\/p>\n<p>Peruviani e cocaina \u00e8 una polvere bianca che viene estratta dalle foglie di Coca, una Pianta di Coca), che cresce principalmente in Sud America. &#034;Split&#034; non \u00e8 solo un altro farmaco, ma piuttosto un&#039;abitudine agente di formazione, che pu\u00f2 anche essere bagnato e mangiato. Il Nome di &#034;Pausa&#034; sembra essere il farmaco che viene prodotto quando viene riscaldato per produrre il fumo. Comprare cocaina Germania<\/p>\n<p>Peruviana cocaina, tuttavia, \u00e8 la Forma di una grande quantit\u00e0 di bianco, magnifico in polvere, e in contrasto Peruviana cocaina, la Pausa non \u00e8 davvero in un acqua potabile-solubile. Dove posso trovare Peruviana Fiocco di cocaina ad un prezzo ragionevole? Il possesso di cocaina e l&#039;assenza di un trattamento clinico \u00e8 vietata. Piccole quantit\u00e0 per uso privato, pu\u00f2 rimanere in caso di Iniziale o recidivi impuniti; tuttavia, questo \u00e8 diverso da paese a paese. Comprare cocaina in Germania<\/p>\n<p>La rosa di cocaina \u00e8 stato il primo estratto dalla foglia di Erythroxylon Coca, che \u00e8 stato utilizzato principalmente in per\u00f9 cocaina online, la cocaina. Attualmente, il gruppo ha tutto, ma sul Maoista Trasformazione attrezzata visualizzati, e come Alternativa tasse di sicurezza per il quartiere spacciatore di droga, nonostante l&#039;inizio di imboscate, guardie militari piede e, in ogni caso, prendere un intermittente aiuto di un elicottero. La Cocaina Comprare Online Europa<\/p>\n<h3>A VENDERE COCAINA:<\/h3>\n<p>Acquisto Uncut Peruviana Cocaina Pura \u00e8 la gamma pi\u00f9 completa di supporto prodotti Peruviana, cocaina elenco \u00e8 probabile che sia. 1g tutto il Peruviano 89% puro squame di pesce-la cocaina \u00e8 un molto coinvolgente Opiatmaterial, che \u00e8 fatto con le foglie della Coca, albero, ha le sue origini in Sud America, ed \u00e8 in genere un grugnito nel naso o mescolato con acqua, e con un ago infuso. Comprare cocaina Germania<\/p>\n<p>Peruviana la cocaina pu\u00f2 anche essere trattati per una polvere bianca. \u00c8 un molto coinvolgente, stimolante della droga che si ottiene dalle foglie della Sud Americana, a base di piante di Coca. Durante la prosperit\u00e0, il gestore pu\u00f2 utilizzare per legittimi scopi clinici, come per la sedazione locale in alcune operazioni, \u00e8 Peruviano, la cocaina \u00e8 una sostanza illegale. Comprare cocaina Germania<\/p>\n<p>La Pausa \u00e8 fumato attraverso un tubo di vetro. Peruviana la cocaina \u00e8 disponibile per l&#039;acquisto e ha una variet\u00e0 di applicazioni nel mondo medico. Per questo motivo, \u00e8 stato utilizzato in molti farmaci e \u00e8 stato raccomandato dagli esperti per il trattamento di varie malattie. Quando dico tutti, intendo la Fondazione. Il Pubblico lo capisce. Questo \u00e8 senza dubbio un paese in cui molte persone, possibilmente fino a 2.000.000 di persone che sono coinvolti in qualche modo nel commercio di cocaina. Comprare cocaina Germania<\/p>\n<p>Peruviana la cocaina \u00e8 un potente, focale, inquieto, Energizer, che aumenta i livelli di dopamina nei circuiti della mente, il controllo delle prestazioni e di sviluppo. Peruviana cocaina attraversa il sangue-Cervello-barriera tramite un protone accoppiato naturale cazione Antiporter, e (in misura minore) da inattivo diffusione. Comprare cocaina in Europa<\/p>\n<h4>LA COCAINA ONLINE IN CANADA ACQUISTARE:<\/h4>\n<p>Peruviana la cocaina agisce come un agente simpaticomimetico bloccando il trasportatore della dopamina e quindi il re-uptake della dopamina dalla fessura sinaptica in presinaptico assone terminale \u00e8 impedito; l&#039;aumento dei livelli di dopamina all&#039;interno del sinaptica, l&#039;attivazione del recettore della dopamina da synaptic Neurone, che provoca l&#039;effetto del rumore e l&#039;eccitazione aumenta. Comprare cocaina Germania<\/p>\n<p>Posso comprare da qualche parte nel Regno Unito, Peruviano di Fiocco di cocaina? In un ulteriore vittima di registrazione che pretendono di essere da un telefono cellulare, che fece per uscire di prigione, \u00e8 Oropeza intendere, come egli afferma, che &#034;zio Alan&#034; appare nel suo recupero. Il Peruviano cocaina nel mondo medico, un diverso profilo. Per questo motivo, \u00e8 utilizzato in molte ricette, e anche esperti nel trattamento di varie malattie \u00e8 raccomandato. Comprare cocaina Germania<\/p>\n<p>Peruviana la cocaina \u00e8 un potente coinvolgente, stimolante, che viene estratto dalle foglie del Sud Americano a base di piante di Coca. Mentre pu\u00f2 essere utilizzato per legittimi scopi clinici, come per la sedazione in alcune operazioni, \u00e8 Peruviano, la cocaina \u00e8 una droga illegale. Molti di strada farmacista, in caso di miscelazione Peruviana cocaina varie sostanze per aumentare il profitto o per garantire che il Peruviano cocaina significativamente migliore per il touch rispetto ad altri cocaina specie. Comprare cocaina Germania<\/p>\n<p>In ogni caso, \u00e8 possibile acquistare Peruviano cocaina online con maggiore attenzione e precisione. Spesso \u00e8 gestito insieme con una variet\u00e0 di altre sostanze sbagliato, quali sono i rischi per la salute aumentano. La combinazione di farmaci da prescrizione, come la cocaina e l&#039;alcol \u00e8 spesso estremamente pericoloso. Una Persona che \u00e8 Peruviano dipendenti dalla cocaina, in particolare, quando iniettato Peruviana di cocaina, \u00e8 probabile che per ottenere esperienza di lavoro al fine di prevenire l&#039;abuso di cocaina Peruviana. Comprare cocaina Germania<\/p>\n<h4>COMPRARE COCAINA ONLINE IN USA A PREZZI MOLTO CONVENIENTI:<\/h4>\n<p>Questi sintomi sono estremamente sgradevole, e il senso di appartenenza. Rispetto per il naso che cola, e per somministrazione orale, l&#039;iniezione di cocaina permette 100% l&#039;assorbimento nel flusso sanguigno, ed \u00e8 il modo pi\u00f9 veloce per ottenere un &#034;Piano&#034;. Peruviana la cocaina agisce sfruttando questo processo ricompensa e il rilascio di dopamina provoca. La cocaina non \u00e8, quindi, solo psicologicamente, ma anche neuro-chimico estremamente coinvolgente.<br \/>\nIctus, una storia, o rischio di ictus: Se si hanno subito un ictus o un alto rischio di ictus, non si deve bere Cola. La Coca contenute cocaina aumenta il rischio di morte a causa di una rottura di un vaso sanguigno, mentre lo spirito. Negli ultimi anni, vari prodotti di sintesi in Australia con la cocaina-come gli effetti di ampiamente disponibili. L&#039;ingrediente Vivace in queste soluzioni potrebbe essere un certo numero di sostanze chimiche, tra cui metilendiossi pyrovalerone (MDPV), ma non \u00e8 chiaro esattamente ci\u00f2 che \u00e8 contenuto in essi.<\/p>\n<p>Come risultato, si pu\u00f2 avere unvorhersehbarere effetti e pericoloso che in per\u00f9, la cocaina. Fumatori o Vaporizzando la cocaina e l&#039;Inalazione nei polmoni porta ad un quasi immediato &#034;Superiore&#034;, che pu\u00f2 essere estremamente efficace e coinvolgente. Questa stimolazione iniziale di spinta viene definito come &#034;rumore&#034;. Mentre la stimoli pu\u00f2 interrompere la fine dell&#039;effetto per diverse ore, l&#039;euforia \u00e8 molto volatile, che provoca il consumo di fumo pi\u00f9 veloce.<\/p>\n<p>Tra gli altri rischi associati con il consumo di cocaina Peruviana, un aumentato rischio di danno cardiaco, pressione sanguigna alta e un attacco di cuore. Gli utenti finali con una lunga storia di cocaina Peruviana soggiorno pu\u00f2 indossare l&#039;uso improprio dei danni. I clienti che fumano Crack, possono soffrire di danni a lungo termine ai polmoni o della laringe, del polmone e cancro alle vie respiratorie. La gente, il freddo Peruviana di cocaina\u201c da inalare regolarmente attraverso il naso, corre il rischio della mucosa nasale per danni faringe o della laringe.<\/p>\n<h4>A VENDERE COCAINA ONLINE:<\/h4>\n<p>L&#039;obiettivo \u00e8 quello di eliminare l&#039;intero tessuto, che si occupa di questi organi. La cocaina, in Per\u00f9, un disturbo che si verifica a met\u00e0 la ricompensa di spirito sta cercando. Nel caso della Cocaina Peruviana di tolleranza e, successivamente, di una dipendenza si sviluppa rapidamente. La tolleranza \u00e8 un&#039;indicazione di ci\u00f2 che il corpo dei desideri. Pi\u00f9 prove contro l&#039;azione del farmaco, pi\u00f9 persone sono interessate a te. Indipendentemente dal fatto che il farmaco \u00e8 utilizzato solo per un breve periodo o per un periodo pi\u00f9 lungo, ogni consumatore effetti collaterali.<\/p>\n<p>Anche nei giovani e nelle persone sane, il consumo pu\u00f2 portare a un grave attacco di cuore. Il consumo eccessivo \u00e8 associato con imprevedibile e potenzialmente violento comportamento. Stimolanti per aumentare la traspirazione, in modo che il Opiatdosis pu\u00f2 essere aumentata. Una volta che l&#039;stimolante svanisce, si pu\u00f2 sopraffare il Oppiacei per il paziente e un arresto respiratorio causa.<\/p>\n<p>L&#039;inalazione o sniffare cocaina pu\u00f2 mucosa nasale e la parte che separa le narici da ogni altro danno. In caso di iniezione di cocaina Peruviana, il rischio di avvelenamento del sangue, virus a trasmissione ematica (come l&#039;HIV o l&#039;Epatite) a causa di strumenti condivisi, i vasi sanguigni danneggiati e pori e la pelle ascessi.<\/p>\n<p>L&#039;effetto di cocaina, dipende dalla forza del farmaco, la combinazione di sostanze chimiche, la fisiologia della Persona e del loro stato d&#039;animo al momento dell&#039;assunzione. Il Peruviano cocaina rush \u00e8 solo temporaneo e dura per circa 15 a 30 minuti dopo l&#039;Inalazione. Tenete a mente che i prodotti naturali sono sempre al sicuro, e che il dosaggio \u00e8 spesso fondamentale.<\/p>\n<h5>FARMACI:<\/h5>\n<p>Seguire le istruzioni riportate sull&#039;etichetta della soluzione e di consultare il vostro farmacista, medico o altro professionista medico immediatamente prima dell&#039;applicazione. Significativa la pressione alta (ipertensione): Koka o Koka contenute Peruviana la cocaina pu\u00f2 causare alcune persone a un aumento della pressione sanguigna. Le persone che soffrono di pressione alta dovrebbe evitare l&#039;uso di Coca-Cola. Peruviana la cocaina \u00e8 spesso un molto coinvolgente, stimoli che inducono il farmaco, che agisce direttamente sul sistema nervoso, compreso il cervello. A breve euforia e l&#039;amido e per gli effetti di cocaina Peruviana. La cocaina buy Canada<\/p>","protected":false},"excerpt":{"rendered":"<p>KAUFEN PERUANISCHEN KOKAIN ONLINE Unabh\u00e4ngig davon, kaufen Kokain Online Deutschland mit einem 5% Rabatt Politik. Peruanisches Kokain blockiert auch die Serotonin- und Noradrenalin-Tr\u00e4ger und verhindert so die Wiederaufnahme von Serotonin und Noradrenalin durch den synaptischen Spalt im pr\u00e4synaptischen Axon-Terminal und erh\u00f6ht die Aktivierung der Serotonin- und Noradrenalin-Rezeptoren im postsynaptischen Neuron, was zur Ver\u00e4nderung des Bewusstseins, der Gef\u00fchle und der mit Kokain verbundenen Aktivit\u00e4ten beitr\u00e4gt. Unser peruanisches Kokain ist ein wei\u00dfes Pulver, das aus dem Kokablatt gewonnen wird, einer Pflanze (Coca), die haupts\u00e4chlich in S\u00fcdamerika w\u00e4chst. &#8222;Split&#8220; ist nicht nur ein weiteres Medikament, sondern ein eher gewohnheitsbildendes Mittel, das auch durchtr\u00e4nkt\u2026<\/p>","protected":false},"featured_media":1475,"comment_status":"open","ping_status":"closed","template":"","meta":{"content-type":""},"product_brand":[],"product_cat":[26],"product_tag":[27,28,29,30,31,32,33,34,35,36,37,38,39,40,41,42,43,44,45,46,47,48,49,50,51,52,53,54,55,56,57,58,59,60,61,62,63,64,65,66,67,68,69,70,71,72,73,74,75,76,77,78,79,80,81,82,83],"class_list":{"0":"post-1460","1":"product","2":"type-product","3":"status-publish","4":"has-post-thumbnail","6":"product_cat-kokain","7":"product_tag-besitz-von-kokain-zum-verkauf-hs","8":"product_tag-cocaine-hydrochloride-sale","9":"product_tag-cocaine-leaves-for-sale","10":"product_tag-cocaine-lockup-sale","11":"product_tag-cocaine-mirror-for-sale","12":"product_tag-cocaine-origins","13":"product_tag-cocaine-pipes-for-sale","14":"product_tag-cocaine-plant-for-sale","15":"product_tag-cocaine-purity-test-for-sale","16":"product_tag-cocaine-sale-gta","17":"product_tag-cocaine-sale-reddit","18":"product_tag-cocaine-seed-sale","19":"product_tag-cocaine-seeds-for-sale","20":"product_tag-cocaine-seeds-for-sale-online","21":"product_tag-cocaine-spoons-for-sale","22":"product_tag-cocaine-tea-for-sale","23":"product_tag-cocaine-tooters-for-sale","24":"product_tag-cocaine-vials-for-sale","25":"product_tag-colombian-cocaine-for-sale","26":"product_tag-crack-cocaine-for-sale-online","27":"product_tag-fake-cocaine-for-sale","28":"product_tag-groshandel-kokain-zum-verkauf","29":"product_tag-gta-online-cocaine-lockup-buying-supplies","30":"product_tag-kilo-of-cocaine-for-sale","31":"product_tag-kokain","32":"product_tag-kokain-bullet-for-sale","33":"product_tag-kokain-cowboys","34":"product_tag-kokain-for-sale","35":"product_tag-kokain-for-sale-australia","36":"product_tag-kokain-for-sale-craigslist","37":"product_tag-kokain-for-sale-near-me","38":"product_tag-kokain-for-sale-online-usa","39":"product_tag-kokain-for-sale-usa","40":"product_tag-kokain-for-sale-websites","41":"product_tag-kokain-for-sales","42":"product_tag-kokain-for-sell","43":"product_tag-kokain-grinders-for-sale","44":"product_tag-kokain-history","45":"product_tag-kokain-hydrochloride-for-sale","46":"product_tag-kokain-online-kaufen","47":"product_tag-legal-cocaine-for-sale","48":"product_tag-legal-synthetic-cocaine-for-sale","49":"product_tag-online-cocaine-anonymous-meetings","50":"product_tag-online-cocaine-for-sale","51":"product_tag-online-cocaine-meetings","52":"product_tag-online-cocaine-purchase","53":"product_tag-online-kokain-verkauf","54":"product_tag-peruanisches-kokain-zum-verkauf","55":"product_tag-pharmazeutisches-kokain-zum-verkauf","56":"product_tag-reines-kokain-zum-verkauf","57":"product_tag-reines-kokain-zum-verkauf-online","58":"product_tag-synthetisches-crack-kokain-zum-verkauf","59":"product_tag-synthetisches-kokain-zum-verkauf","60":"product_tag-synthetisches-kokain-zum-verkauf-online","61":"product_tag-verkauf-von-kokain","62":"product_tag-verkauf-von-kokain-florida","63":"product_tag-verkauf-von-kokain-georgia","65":"first","66":"instock","67":"shipping-taxable","68":"purchasable","69":"product-type-variable"},"_links":{"self":[{"href":"https:\/\/kokaindrogekaufen.com\/it\/wp-json\/wp\/v2\/product\/1460"}],"collection":[{"href":"https:\/\/kokaindrogekaufen.com\/it\/wp-json\/wp\/v2\/product"}],"about":[{"href":"https:\/\/kokaindrogekaufen.com\/it\/wp-json\/wp\/v2\/types\/product"}],"replies":[{"embeddable":true,"href":"https:\/\/kokaindrogekaufen.com\/it\/wp-json\/wp\/v2\/comments?post=1460"}],"wp:featuredmedia":[{"embeddable":true,"href":"https:\/\/kokaindrogekaufen.com\/it\/wp-json\/wp\/v2\/media\/1475"}],"wp:attachment":[{"href":"https:\/\/kokaindrogekaufen.com\/it\/wp-json\/wp\/v2\/media?parent=1460"}],"wp:term":[{"taxonomy":"product_brand","embeddable":true,"href":"https:\/\/kokaindrogekaufen.com\/it\/wp-json\/wp\/v2\/product_brand?post=1460"},{"taxonomy":"product_cat","embeddable":true,"href":"https:\/\/kokaindrogekaufen.com\/it\/wp-json\/wp\/v2\/product_cat?post=1460"},{"taxonomy":"product_tag","embeddable":true,"href":"https:\/\/kokaindrogekaufen.com\/it\/wp-json\/wp\/v2\/product_tag?post=1460"}],"curies":[{"name":"wp","href":"https:\/\/api.w.org\/{rel}","templated":true}]}}